{"id":3449,"date":"2020-12-31T14:42:32","date_gmt":"2020-12-31T14:42:32","guid":{"rendered":"https:\/\/beldify.shop\/?post_type=product&#038;p=3449"},"modified":"2026-01-13T22:47:01","modified_gmt":"2026-01-13T22:47:01","slug":"30ml-huile-de-gingembre-%d8%b2%d9%8a%d8%aa-%d8%a7%d9%84%d8%b2%d9%86%d8%ac%d8%a8%d9%8a%d9%84","status":"publish","type":"product","link":"https:\/\/beldify.shop\/zh\/product\/30ml-huile-de-gingembre-%d8%b2%d9%8a%d8%aa-%d8%a7%d9%84%d8%b2%d9%86%d8%ac%d8%a8%d9%8a%d9%84\/","title":{"rendered":"30ml \u59dc\u6cb9 \u59dc\u6cb9"},"content":{"rendered":"<div class=\"wpb-content-wrapper\"><div class=\"vc_row wpb_row vc_row-fluid\"><div class=\"wpb_column vc_column_container vc_col-sm-6\"><div class=\"vc_column-inner\"><div class=\"wpb_wrapper\">\t\t<div id=\"gallery_131\" class=\"wd-images-gallery wd-wpb photoswipe-images\" style=\"--wd-justify-content:center;--wd-align-items:center;\">\n\t\t\t\n\t\t\t<div class=\"wd-grid-g\" style=\"--wd-col-lg:1;--wd-col-md:1;--wd-col-sm:1;--wd-gap-lg:0px;\">\n\t\t\t\t\n\t\t\t\t\t\t\t\t\t\t\t\t\t\t\t<div class=\"wd-gallery-item wd-col\">\n\t\t\t\t\t\t\t\t\t\t\t\t\t\t<a href=\"https:\/\/beldify.shop\/wp-content\/uploads\/2020\/12\/huile-de-gingembre-macerat-60ml.jpg\" data-elementor-open-lightbox=\"no\" data-index=\"1\" data-width=\"240\" data-height=\"300\" \n\t\t\t\t\t\t\t\t\t\t\t\t >\n\t\t\t\t\t\t\t\t\n\t\t\t\t\t\t\t\t<img loading=\"lazy\" decoding=\"async\" width=\"240\" height=\"300\" src=\"https:\/\/beldify.shop\/wp-content\/uploads\/2020\/12\/huile-de-gingembre-macerat-60ml.jpg\" class=\"wd-gallery-image image-1\" alt=\"\" srcset=\"https:\/\/beldify.shop\/wp-content\/uploads\/2020\/12\/huile-de-gingembre-macerat-60ml.jpg 240w, https:\/\/beldify.shop\/wp-content\/uploads\/2020\/12\/huile-de-gingembre-macerat-60ml-150x188.jpg 150w\" sizes=\"auto, (max-width: 240px) 100vw, 240px\" \/>\n\t\t\t\t\t\t\t\t\t\t\t\t\t\t\t<\/a>\n\t\t\t\t\t\t\t\t\t\t\t\t<\/div>\n\t\t\t\t\t\t\t\t\t\n\t\t\t\t\t\t\t<\/div>\n\n\t\t\t\t\t<\/div>\n\t\t<\/div><\/div><\/div><div class=\"wpb_column vc_column_container vc_col-sm-6\"><div class=\"vc_column-inner\"><div class=\"wpb_wrapper\">\n\t\t<div id=\"wd-5fede3987ee79\" class=\"title-wrapper wd-wpb wd-set-mb reset-last-child  wd-rs-5fede3987ee79 wd-title-color-primary wd-title-style-underlined text-left  wd-underline-colored\">\n\t\t\t\n\t\t\t<div class=\"liner-continer\">\n\t\t\t\t<h4 class=\"woodmart-title-container title  wd-font-weight-600 wd-fontsize-l\" >\u751f\u59dc\u6cb9 30\u6beb\u5347 <\/h4>\n\t\t\t\t\t\t\t<\/div>\n\t\t\t\n\t\t\t\n\t\t\t\n\t\t<\/div>\n\t\t\n\t\t\n\t<div class=\"wpb_text_column wpb_content_element\" >\n\t\t<div class=\"wpb_wrapper\">\n\t\t\t<p>\u5177\u6709\u518d\u751f\u3001\u6e29\u70ed\u548c\u6297\u83cc\u529f\u6548\u7684\u7cbe\u6cb9\u3002<\/p>\n<p>\u975e\u5e38\u63d0\u795e\u9192\u8111\u3002<\/p>\n<p>\u4e3a\u53d7\u635f\u5934\u53d1\u63d0\u4f9b\u67d4\u97e7\u6027\u3001\u6d3b\u529b\u548c\u5149\u6cfd\u3002<\/p>\n\n\t\t<\/div>\n\t<\/div>\n<\/div><\/div><\/div><\/div>\n<\/div>","protected":false},"excerpt":{"rendered":"Huile de Gingembre 30ml Huile r\u00e9g\u00e9n\u00e9rant, r\u00e9chauffant et antiseptique. Tr\u00e8s tonifiante et revigorante. Procure souplesse, vitalit\u00e9 et brillance aux cheveux","protected":false},"featured_media":3840,"comment_status":"open","ping_status":"closed","template":"","meta":{"_angie_page":false,"inline_featured_image":false,"jetpack_publicize_message":"","jetpack_publicize_feature_enabled":true,"jetpack_social_post_already_shared":false,"jetpack_social_options":{"image_generator_settings":{"template":"highway","default_image_id":0,"font":"","enabled":false},"version":2}},"product_brand":[],"product_cat":[93],"product_tag":[144,146,145],"class_list":{"0":"post-3449","1":"product","2":"type-product","3":"status-publish","4":"has-post-thumbnail","6":"product_cat-huiles-essentielles","7":"product_tag-cooperative-timar-zoyout","8":"product_tag-les-huiles","9":"product_tag-145","11":"first","12":"instock","13":"shipping-taxable","14":"purchasable","15":"product-type-simple"},"yoast_head":"<!-- This site is optimized with the Yoast SEO plugin v27.5 - https:\/\/yoast.com\/product\/yoast-seo-wordpress\/ -->\n<title>30ml Huile de Gingembre \u0632\u064a\u062a \u0627\u0644\u0632\u0646\u062c\u0628\u064a\u0644 - Beldify.shop - Organic Life Style<\/title>\n<meta name=\"robots\" content=\"index, follow, max-snippet:-1, max-image-preview:large, max-video-preview:-1\" \/>\n<link rel=\"canonical\" href=\"https:\/\/beldify.shop\/zh\/product\/30ml-huile-de-gingembre-\u0632\u064a\u062a-\u0627\u0644\u0632\u0646\u062c\u0628\u064a\u0644\/\" \/>\n<meta property=\"og:locale\" content=\"zh_CN\" \/>\n<meta property=\"og:type\" content=\"article\" \/>\n<meta property=\"og:title\" content=\"30ml Huile de Gingembre \u0632\u064a\u062a \u0627\u0644\u0632\u0646\u062c\u0628\u064a\u0644 - Beldify.shop - Organic Life Style\" \/>\n<meta property=\"og:url\" content=\"https:\/\/beldify.shop\/zh\/product\/30ml-huile-de-gingembre-\u0632\u064a\u062a-\u0627\u0644\u0632\u0646\u062c\u0628\u064a\u0644\/\" \/>\n<meta property=\"og:site_name\" content=\"Beldify.shop - Organic Life Style\" \/>\n<meta property=\"article:publisher\" content=\"https:\/\/www.facebook.com\/beldify.shop\" \/>\n<meta property=\"article:modified_time\" content=\"2026-01-13T22:47:01+00:00\" \/>\n<meta property=\"og:image\" content=\"https:\/\/beldify.shop\/wp-content\/uploads\/2020\/12\/Huile-de-Gingembre.jpg\" \/>\n\t<meta property=\"og:image:width\" content=\"2175\" \/>\n\t<meta property=\"og:image:height\" content=\"2238\" \/>\n\t<meta property=\"og:image:type\" content=\"image\/jpeg\" \/>\n<meta name=\"twitter:card\" content=\"summary_large_image\" \/>\n<script type=\"application\/ld+json\" class=\"yoast-schema-graph\">{\"@context\":\"https:\\\/\\\/schema.org\",\"@graph\":[{\"@type\":\"WebPage\",\"@id\":\"https:\\\/\\\/beldify.shop\\\/produit\\\/30ml-huile-de-gingembre-%d8%b2%d9%8a%d8%aa-%d8%a7%d9%84%d8%b2%d9%86%d8%ac%d8%a8%d9%8a%d9%84\\\/\",\"url\":\"https:\\\/\\\/beldify.shop\\\/produit\\\/30ml-huile-de-gingembre-%d8%b2%d9%8a%d8%aa-%d8%a7%d9%84%d8%b2%d9%86%d8%ac%d8%a8%d9%8a%d9%84\\\/\",\"name\":\"30ml Huile de Gingembre \u0632\u064a\u062a \u0627\u0644\u0632\u0646\u062c\u0628\u064a\u0644 - Beldify.shop - Organic Life Style\",\"isPartOf\":{\"@id\":\"https:\\\/\\\/beldify.shop\\\/#website\"},\"primaryImageOfPage\":{\"@id\":\"https:\\\/\\\/beldify.shop\\\/produit\\\/30ml-huile-de-gingembre-%d8%b2%d9%8a%d8%aa-%d8%a7%d9%84%d8%b2%d9%86%d8%ac%d8%a8%d9%8a%d9%84\\\/#primaryimage\"},\"image\":{\"@id\":\"https:\\\/\\\/beldify.shop\\\/produit\\\/30ml-huile-de-gingembre-%d8%b2%d9%8a%d8%aa-%d8%a7%d9%84%d8%b2%d9%86%d8%ac%d8%a8%d9%8a%d9%84\\\/#primaryimage\"},\"thumbnailUrl\":\"https:\\\/\\\/beldify.shop\\\/wp-content\\\/uploads\\\/2020\\\/12\\\/Huile-de-Gingembre.jpg\",\"datePublished\":\"2020-12-31T14:42:32+00:00\",\"dateModified\":\"2026-01-13T22:47:01+00:00\",\"breadcrumb\":{\"@id\":\"https:\\\/\\\/beldify.shop\\\/produit\\\/30ml-huile-de-gingembre-%d8%b2%d9%8a%d8%aa-%d8%a7%d9%84%d8%b2%d9%86%d8%ac%d8%a8%d9%8a%d9%84\\\/#breadcrumb\"},\"inLanguage\":\"zh-Hans\",\"potentialAction\":[{\"@type\":\"ReadAction\",\"target\":[\"https:\\\/\\\/beldify.shop\\\/produit\\\/30ml-huile-de-gingembre-%d8%b2%d9%8a%d8%aa-%d8%a7%d9%84%d8%b2%d9%86%d8%ac%d8%a8%d9%8a%d9%84\\\/\"]}]},{\"@type\":\"ImageObject\",\"inLanguage\":\"zh-Hans\",\"@id\":\"https:\\\/\\\/beldify.shop\\\/produit\\\/30ml-huile-de-gingembre-%d8%b2%d9%8a%d8%aa-%d8%a7%d9%84%d8%b2%d9%86%d8%ac%d8%a8%d9%8a%d9%84\\\/#primaryimage\",\"url\":\"https:\\\/\\\/beldify.shop\\\/wp-content\\\/uploads\\\/2020\\\/12\\\/Huile-de-Gingembre.jpg\",\"contentUrl\":\"https:\\\/\\\/beldify.shop\\\/wp-content\\\/uploads\\\/2020\\\/12\\\/Huile-de-Gingembre.jpg\",\"width\":2175,\"height\":2238},{\"@type\":\"BreadcrumbList\",\"@id\":\"https:\\\/\\\/beldify.shop\\\/produit\\\/30ml-huile-de-gingembre-%d8%b2%d9%8a%d8%aa-%d8%a7%d9%84%d8%b2%d9%86%d8%ac%d8%a8%d9%8a%d9%84\\\/#breadcrumb\",\"itemListElement\":[{\"@type\":\"ListItem\",\"position\":1,\"name\":\"Accueil\",\"item\":\"https:\\\/\\\/beldify.shop\\\/\"},{\"@type\":\"ListItem\",\"position\":2,\"name\":\"Boutique\",\"item\":\"https:\\\/\\\/beldify.shop\\\/boutique\\\/\"},{\"@type\":\"ListItem\",\"position\":3,\"name\":\"30ml Huile de Gingembre \u0632\u064a\u062a \u0627\u0644\u0632\u0646\u062c\u0628\u064a\u0644\"}]},{\"@type\":\"WebSite\",\"@id\":\"https:\\\/\\\/beldify.shop\\\/#website\",\"url\":\"https:\\\/\\\/beldify.shop\\\/\",\"name\":\"Beldify.shop - Organic Life Style\",\"description\":\"Moroccan Natural Products\",\"potentialAction\":[{\"@type\":\"SearchAction\",\"target\":{\"@type\":\"EntryPoint\",\"urlTemplate\":\"https:\\\/\\\/beldify.shop\\\/?s={search_term_string}\"},\"query-input\":{\"@type\":\"PropertyValueSpecification\",\"valueRequired\":true,\"valueName\":\"search_term_string\"}}],\"inLanguage\":\"zh-Hans\"}]}<\/script>\n<!-- \/ Yoast SEO plugin. -->","yoast_head_json":{"title":"30ml Huile de Gingembre \u0632\u064a\u062a \u0627\u0644\u0632\u0646\u062c\u0628\u064a\u0644 - Beldify.shop - Organic Life Style","robots":{"index":"index","follow":"follow","max-snippet":"max-snippet:-1","max-image-preview":"max-image-preview:large","max-video-preview":"max-video-preview:-1"},"canonical":"https:\/\/beldify.shop\/zh\/product\/30ml-huile-de-gingembre-\u0632\u064a\u062a-\u0627\u0644\u0632\u0646\u062c\u0628\u064a\u0644\/","og_locale":"zh_CN","og_type":"article","og_title":"30ml Huile de Gingembre \u0632\u064a\u062a \u0627\u0644\u0632\u0646\u062c\u0628\u064a\u0644 - Beldify.shop - Organic Life Style","og_url":"https:\/\/beldify.shop\/zh\/product\/30ml-huile-de-gingembre-\u0632\u064a\u062a-\u0627\u0644\u0632\u0646\u062c\u0628\u064a\u0644\/","og_site_name":"Beldify.shop - Organic Life Style","article_publisher":"https:\/\/www.facebook.com\/beldify.shop","article_modified_time":"2026-01-13T22:47:01+00:00","og_image":[{"width":2175,"height":2238,"url":"https:\/\/beldify.shop\/wp-content\/uploads\/2020\/12\/Huile-de-Gingembre.jpg","type":"image\/jpeg"}],"twitter_card":"summary_large_image","schema":{"@context":"https:\/\/schema.org","@graph":[{"@type":"WebPage","@id":"https:\/\/beldify.shop\/produit\/30ml-huile-de-gingembre-%d8%b2%d9%8a%d8%aa-%d8%a7%d9%84%d8%b2%d9%86%d8%ac%d8%a8%d9%8a%d9%84\/","url":"https:\/\/beldify.shop\/produit\/30ml-huile-de-gingembre-%d8%b2%d9%8a%d8%aa-%d8%a7%d9%84%d8%b2%d9%86%d8%ac%d8%a8%d9%8a%d9%84\/","name":"30ml Huile de Gingembre \u0632\u064a\u062a \u0627\u0644\u0632\u0646\u062c\u0628\u064a\u0644 - Beldify.shop - Organic Life Style","isPartOf":{"@id":"https:\/\/beldify.shop\/#website"},"primaryImageOfPage":{"@id":"https:\/\/beldify.shop\/produit\/30ml-huile-de-gingembre-%d8%b2%d9%8a%d8%aa-%d8%a7%d9%84%d8%b2%d9%86%d8%ac%d8%a8%d9%8a%d9%84\/#primaryimage"},"image":{"@id":"https:\/\/beldify.shop\/produit\/30ml-huile-de-gingembre-%d8%b2%d9%8a%d8%aa-%d8%a7%d9%84%d8%b2%d9%86%d8%ac%d8%a8%d9%8a%d9%84\/#primaryimage"},"thumbnailUrl":"https:\/\/beldify.shop\/wp-content\/uploads\/2020\/12\/Huile-de-Gingembre.jpg","datePublished":"2020-12-31T14:42:32+00:00","dateModified":"2026-01-13T22:47:01+00:00","breadcrumb":{"@id":"https:\/\/beldify.shop\/produit\/30ml-huile-de-gingembre-%d8%b2%d9%8a%d8%aa-%d8%a7%d9%84%d8%b2%d9%86%d8%ac%d8%a8%d9%8a%d9%84\/#breadcrumb"},"inLanguage":"zh-Hans","potentialAction":[{"@type":"ReadAction","target":["https:\/\/beldify.shop\/produit\/30ml-huile-de-gingembre-%d8%b2%d9%8a%d8%aa-%d8%a7%d9%84%d8%b2%d9%86%d8%ac%d8%a8%d9%8a%d9%84\/"]}]},{"@type":"ImageObject","inLanguage":"zh-Hans","@id":"https:\/\/beldify.shop\/produit\/30ml-huile-de-gingembre-%d8%b2%d9%8a%d8%aa-%d8%a7%d9%84%d8%b2%d9%86%d8%ac%d8%a8%d9%8a%d9%84\/#primaryimage","url":"https:\/\/beldify.shop\/wp-content\/uploads\/2020\/12\/Huile-de-Gingembre.jpg","contentUrl":"https:\/\/beldify.shop\/wp-content\/uploads\/2020\/12\/Huile-de-Gingembre.jpg","width":2175,"height":2238},{"@type":"BreadcrumbList","@id":"https:\/\/beldify.shop\/produit\/30ml-huile-de-gingembre-%d8%b2%d9%8a%d8%aa-%d8%a7%d9%84%d8%b2%d9%86%d8%ac%d8%a8%d9%8a%d9%84\/#breadcrumb","itemListElement":[{"@type":"ListItem","position":1,"name":"Accueil","item":"https:\/\/beldify.shop\/"},{"@type":"ListItem","position":2,"name":"Boutique","item":"https:\/\/beldify.shop\/boutique\/"},{"@type":"ListItem","position":3,"name":"30ml Huile de Gingembre \u0632\u064a\u062a \u0627\u0644\u0632\u0646\u062c\u0628\u064a\u0644"}]},{"@type":"WebSite","@id":"https:\/\/beldify.shop\/#website","url":"https:\/\/beldify.shop\/","name":"Beldify.shop - Organic Life Style","description":"\u6469\u6d1b\u54e5\u5929\u7136\u4ea7\u54c1","potentialAction":[{"@type":"SearchAction","target":{"@type":"EntryPoint","urlTemplate":"https:\/\/beldify.shop\/?s={search_term_string}"},"query-input":{"@type":"PropertyValueSpecification","valueRequired":true,"valueName":"search_term_string"}}],"inLanguage":"zh-Hans"}]}},"jetpack_publicize_connections":[],"jetpack_likes_enabled":true,"jetpack_sharing_enabled":true,"jetpack-related-posts":[],"_links":{"self":[{"href":"https:\/\/beldify.shop\/zh\/wp-json\/wp\/v2\/product\/3449","targetHints":{"allow":["GET"]}}],"collection":[{"href":"https:\/\/beldify.shop\/zh\/wp-json\/wp\/v2\/product"}],"about":[{"href":"https:\/\/beldify.shop\/zh\/wp-json\/wp\/v2\/types\/product"}],"replies":[{"embeddable":true,"href":"https:\/\/beldify.shop\/zh\/wp-json\/wp\/v2\/comments?post=3449"}],"wp:featuredmedia":[{"embeddable":true,"href":"https:\/\/beldify.shop\/zh\/wp-json\/wp\/v2\/media\/3840"}],"wp:attachment":[{"href":"https:\/\/beldify.shop\/zh\/wp-json\/wp\/v2\/media?parent=3449"}],"wp:term":[{"taxonomy":"product_brand","embeddable":true,"href":"https:\/\/beldify.shop\/zh\/wp-json\/wp\/v2\/product_brand?post=3449"},{"taxonomy":"product_cat","embeddable":true,"href":"https:\/\/beldify.shop\/zh\/wp-json\/wp\/v2\/product_cat?post=3449"},{"taxonomy":"product_tag","embeddable":true,"href":"https:\/\/beldify.shop\/zh\/wp-json\/wp\/v2\/product_tag?post=3449"}],"curies":[{"name":"wp","href":"https:\/\/api.w.org\/{rel}","templated":true}]}}