{"id":3443,"date":"2020-12-31T14:26:09","date_gmt":"2020-12-31T14:26:09","guid":{"rendered":"https:\/\/beldify.shop\/?post_type=product&#038;p=3443"},"modified":"2026-01-13T22:47:01","modified_gmt":"2026-01-13T22:47:01","slug":"huile-essentielle-de-romarin-15ml","status":"publish","type":"product","link":"https:\/\/beldify.shop\/zh\/product\/huile-essentielle-de-romarin-15ml\/","title":{"rendered":"15\u6beb\u5347\u8ff7\u8fed\u9999\u7cbe\u6cb9"},"content":{"rendered":"<div class=\"wpb-content-wrapper\"><div class=\"vc_row wpb_row vc_row-fluid\"><div class=\"wpb_column vc_column_container vc_col-sm-6\"><div class=\"vc_column-inner\"><div class=\"wpb_wrapper\">\t\t<div id=\"gallery_358\" class=\"wd-images-gallery wd-wpb photoswipe-images\" style=\"--wd-justify-content:center;--wd-align-items:center;\">\n\t\t\t\n\t\t\t<div class=\"wd-grid-g\" style=\"--wd-col-lg:1;--wd-col-md:1;--wd-col-sm:1;--wd-gap-lg:0px;\">\n\t\t\t\t\n\t\t\t\t\t\t\t\t\t\t\t\t\t\t\t<div class=\"wd-gallery-item wd-col\">\n\t\t\t\t\t\t\t\t\t\t\t\t\t\t<a href=\"https:\/\/beldify.shop\/wp-content\/uploads\/2020\/12\/romarin.jpg\" data-elementor-open-lightbox=\"no\" data-index=\"1\" data-width=\"650\" data-height=\"488\" \n\t\t\t\t\t\t\t\t\t\t\t\t >\n\t\t\t\t\t\t\t\t\n\t\t\t\t\t\t\t\t<img loading=\"lazy\" decoding=\"async\" width=\"650\" height=\"488\" src=\"https:\/\/beldify.shop\/wp-content\/uploads\/2020\/12\/romarin.jpg\" class=\"wd-gallery-image image-1\" alt=\"\" srcset=\"https:\/\/beldify.shop\/wp-content\/uploads\/2020\/12\/romarin.jpg 650w, https:\/\/beldify.shop\/wp-content\/uploads\/2020\/12\/romarin-150x113.jpg 150w, https:\/\/beldify.shop\/wp-content\/uploads\/2020\/12\/romarin-600x450.jpg 600w, https:\/\/beldify.shop\/wp-content\/uploads\/2020\/12\/romarin-300x225.jpg 300w\" sizes=\"auto, (max-width: 650px) 100vw, 650px\" \/>\n\t\t\t\t\t\t\t\t\t\t\t\t\t\t\t<\/a>\n\t\t\t\t\t\t\t\t\t\t\t\t<\/div>\n\t\t\t\t\t\t\t\t\t\n\t\t\t\t\t\t\t<\/div>\n\n\t\t\t\t\t<\/div>\n\t\t<\/div><\/div><\/div><div class=\"wpb_column vc_column_container vc_col-sm-6\"><div class=\"vc_column-inner\"><div class=\"wpb_wrapper\">\n\t\t<div id=\"wd-5fede063623dd\" class=\"title-wrapper wd-wpb wd-set-mb reset-last-child  wd-rs-5fede063623dd wd-title-color-primary wd-title-style-underlined text-left  wd-underline-colored\">\n\t\t\t\n\t\t\t<div class=\"liner-continer\">\n\t\t\t\t<h4 class=\"woodmart-title-container title  wd-font-weight-600 wd-fontsize-l\" >\u8ff7\u8fed\u9999\u7cbe\u6cb9<\/h4>\n\t\t\t\t\t\t\t<\/div>\n\t\t\t\n\t\t\t\n\t\t\t\n\t\t<\/div>\n\t\t\n\t\t\n\t<div class=\"wpb_text_column wpb_content_element\" >\n\t\t<div class=\"wpb_wrapper\">\n\t\t\t<p>\u9664\u81ed\u6d88\u6bd2\u6cb9\u3002<\/p>\n<p>\u8f6f\u5316\u5e76\u7115\u6d3b\u75b2\u60eb\u5e72\u762a\u7684\u808c\u80a4\u3002<\/p>\n<p>\u8212\u7f13\u5934\u76ae\u7619\u75d2\u3002<\/p>\n<p>\u5bf9\u6297\u5934\u76ae\u5c51\u548c\u8131\u53d1\u3002<\/p>\n<p>\u6309\u6469\u6cb9\uff0c\u7528\u4e8e\u808c\u80a4\u6392\u6bd2\u3002<\/p>\n\n\t\t<\/div>\n\t<\/div>\n<\/div><\/div><\/div><\/div>\n<\/div>","protected":false},"excerpt":{"rendered":"Huile Essentielle De Romarin Huile d\u00e9sodorisante et d\u00e9sinfectante. Assouplit et revitalise les peaux fatigu\u00e9es et fl\u00e9tries. Calme les d\u00e9mangeaisons du","protected":false},"featured_media":3836,"comment_status":"open","ping_status":"closed","template":"","meta":{"_angie_page":false,"inline_featured_image":false,"jetpack_publicize_message":"","jetpack_publicize_feature_enabled":true,"jetpack_social_post_already_shared":false,"jetpack_social_options":{"image_generator_settings":{"template":"highway","default_image_id":0,"font":"","enabled":false},"version":2}},"product_brand":[],"product_cat":[93],"product_tag":[144,146,145],"class_list":{"0":"post-3443","1":"product","2":"type-product","3":"status-publish","4":"has-post-thumbnail","6":"product_cat-huiles-essentielles","7":"product_tag-cooperative-timar-zoyout","8":"product_tag-les-huiles","9":"product_tag-145","11":"first","12":"instock","13":"shipping-taxable","14":"purchasable","15":"product-type-simple"},"yoast_head":"<!-- This site is optimized with the Yoast SEO plugin v27.5 - https:\/\/yoast.com\/product\/yoast-seo-wordpress\/ -->\n<title>15ml Huile Essentielle De Romarin (\u0632\u064a\u062a \u0625\u0643\u0644\u064a\u0644 \u0627\u0644\u062c\u0628\u0644 \u0627\u0644\u0627\u0633\u0627\u0633\u064a (\u0627\u0644\u0623\u0632\u064a\u0631 - Beldify.shop - Organic Life Style<\/title>\n<meta name=\"robots\" content=\"index, follow, max-snippet:-1, max-image-preview:large, max-video-preview:-1\" \/>\n<link rel=\"canonical\" href=\"https:\/\/beldify.shop\/zh\/product\/huile-essentielle-de-romarin-15ml\/\" \/>\n<meta property=\"og:locale\" content=\"zh_CN\" \/>\n<meta property=\"og:type\" content=\"article\" \/>\n<meta property=\"og:title\" content=\"15ml Huile Essentielle De Romarin (\u0632\u064a\u062a \u0625\u0643\u0644\u064a\u0644 \u0627\u0644\u062c\u0628\u0644 \u0627\u0644\u0627\u0633\u0627\u0633\u064a (\u0627\u0644\u0623\u0632\u064a\u0631 - Beldify.shop - Organic Life Style\" \/>\n<meta property=\"og:url\" content=\"https:\/\/beldify.shop\/zh\/product\/huile-essentielle-de-romarin-15ml\/\" \/>\n<meta property=\"og:site_name\" content=\"Beldify.shop - Organic Life Style\" \/>\n<meta property=\"article:publisher\" content=\"https:\/\/www.facebook.com\/beldify.shop\" \/>\n<meta property=\"article:modified_time\" content=\"2026-01-13T22:47:01+00:00\" \/>\n<meta property=\"og:image\" content=\"https:\/\/beldify.shop\/wp-content\/uploads\/2020\/12\/IMG_6895.jpg\" \/>\n\t<meta property=\"og:image:width\" content=\"1943\" \/>\n\t<meta property=\"og:image:height\" content=\"1636\" \/>\n\t<meta property=\"og:image:type\" content=\"image\/jpeg\" \/>\n<meta name=\"twitter:card\" content=\"summary_large_image\" \/>\n<meta name=\"twitter:label1\" content=\"\u9884\u8ba1\u9605\u8bfb\u65f6\u95f4\" \/>\n\t<meta name=\"twitter:data1\" content=\"1 \u5206\" \/>\n<script type=\"application\/ld+json\" class=\"yoast-schema-graph\">{\"@context\":\"https:\\\/\\\/schema.org\",\"@graph\":[{\"@type\":\"WebPage\",\"@id\":\"https:\\\/\\\/beldify.shop\\\/produit\\\/huile-essentielle-de-romarin-15ml\\\/\",\"url\":\"https:\\\/\\\/beldify.shop\\\/produit\\\/huile-essentielle-de-romarin-15ml\\\/\",\"name\":\"15ml Huile Essentielle De Romarin (\u0632\u064a\u062a \u0625\u0643\u0644\u064a\u0644 \u0627\u0644\u062c\u0628\u0644 \u0627\u0644\u0627\u0633\u0627\u0633\u064a (\u0627\u0644\u0623\u0632\u064a\u0631 - Beldify.shop - Organic Life Style\",\"isPartOf\":{\"@id\":\"https:\\\/\\\/beldify.shop\\\/#website\"},\"primaryImageOfPage\":{\"@id\":\"https:\\\/\\\/beldify.shop\\\/produit\\\/huile-essentielle-de-romarin-15ml\\\/#primaryimage\"},\"image\":{\"@id\":\"https:\\\/\\\/beldify.shop\\\/produit\\\/huile-essentielle-de-romarin-15ml\\\/#primaryimage\"},\"thumbnailUrl\":\"https:\\\/\\\/beldify.shop\\\/wp-content\\\/uploads\\\/2020\\\/12\\\/IMG_6895.jpg\",\"datePublished\":\"2020-12-31T14:26:09+00:00\",\"dateModified\":\"2026-01-13T22:47:01+00:00\",\"breadcrumb\":{\"@id\":\"https:\\\/\\\/beldify.shop\\\/produit\\\/huile-essentielle-de-romarin-15ml\\\/#breadcrumb\"},\"inLanguage\":\"zh-Hans\",\"potentialAction\":[{\"@type\":\"ReadAction\",\"target\":[\"https:\\\/\\\/beldify.shop\\\/produit\\\/huile-essentielle-de-romarin-15ml\\\/\"]}]},{\"@type\":\"ImageObject\",\"inLanguage\":\"zh-Hans\",\"@id\":\"https:\\\/\\\/beldify.shop\\\/produit\\\/huile-essentielle-de-romarin-15ml\\\/#primaryimage\",\"url\":\"https:\\\/\\\/beldify.shop\\\/wp-content\\\/uploads\\\/2020\\\/12\\\/IMG_6895.jpg\",\"contentUrl\":\"https:\\\/\\\/beldify.shop\\\/wp-content\\\/uploads\\\/2020\\\/12\\\/IMG_6895.jpg\",\"width\":1943,\"height\":1636},{\"@type\":\"BreadcrumbList\",\"@id\":\"https:\\\/\\\/beldify.shop\\\/produit\\\/huile-essentielle-de-romarin-15ml\\\/#breadcrumb\",\"itemListElement\":[{\"@type\":\"ListItem\",\"position\":1,\"name\":\"Accueil\",\"item\":\"https:\\\/\\\/beldify.shop\\\/\"},{\"@type\":\"ListItem\",\"position\":2,\"name\":\"Boutique\",\"item\":\"https:\\\/\\\/beldify.shop\\\/boutique\\\/\"},{\"@type\":\"ListItem\",\"position\":3,\"name\":\"15ml Huile Essentielle De Romarin (\u0632\u064a\u062a \u0625\u0643\u0644\u064a\u0644 \u0627\u0644\u062c\u0628\u0644 \u0627\u0644\u0627\u0633\u0627\u0633\u064a (\u0627\u0644\u0623\u0632\u064a\u0631\"}]},{\"@type\":\"WebSite\",\"@id\":\"https:\\\/\\\/beldify.shop\\\/#website\",\"url\":\"https:\\\/\\\/beldify.shop\\\/\",\"name\":\"Beldify.shop - Organic Life Style\",\"description\":\"Moroccan Natural Products\",\"potentialAction\":[{\"@type\":\"SearchAction\",\"target\":{\"@type\":\"EntryPoint\",\"urlTemplate\":\"https:\\\/\\\/beldify.shop\\\/?s={search_term_string}\"},\"query-input\":{\"@type\":\"PropertyValueSpecification\",\"valueRequired\":true,\"valueName\":\"search_term_string\"}}],\"inLanguage\":\"zh-Hans\"}]}<\/script>\n<!-- \/ Yoast SEO plugin. -->","yoast_head_json":{"title":"15ml Huile Essentielle De Romarin (\u0632\u064a\u062a \u0625\u0643\u0644\u064a\u0644 \u0627\u0644\u062c\u0628\u0644 \u0627\u0644\u0627\u0633\u0627\u0633\u064a (\u0627\u0644\u0623\u0632\u064a\u0631 - Beldify.shop - Organic Life Style","robots":{"index":"index","follow":"follow","max-snippet":"max-snippet:-1","max-image-preview":"max-image-preview:large","max-video-preview":"max-video-preview:-1"},"canonical":"https:\/\/beldify.shop\/zh\/product\/huile-essentielle-de-romarin-15ml\/","og_locale":"zh_CN","og_type":"article","og_title":"15ml Huile Essentielle De Romarin (\u0632\u064a\u062a \u0625\u0643\u0644\u064a\u0644 \u0627\u0644\u062c\u0628\u0644 \u0627\u0644\u0627\u0633\u0627\u0633\u064a (\u0627\u0644\u0623\u0632\u064a\u0631 - Beldify.shop - Organic Life Style","og_url":"https:\/\/beldify.shop\/zh\/product\/huile-essentielle-de-romarin-15ml\/","og_site_name":"Beldify.shop - Organic Life Style","article_publisher":"https:\/\/www.facebook.com\/beldify.shop","article_modified_time":"2026-01-13T22:47:01+00:00","og_image":[{"width":1943,"height":1636,"url":"https:\/\/beldify.shop\/wp-content\/uploads\/2020\/12\/IMG_6895.jpg","type":"image\/jpeg"}],"twitter_card":"summary_large_image","twitter_misc":{"\u9884\u8ba1\u9605\u8bfb\u65f6\u95f4":"1 \u5206"},"schema":{"@context":"https:\/\/schema.org","@graph":[{"@type":"WebPage","@id":"https:\/\/beldify.shop\/produit\/huile-essentielle-de-romarin-15ml\/","url":"https:\/\/beldify.shop\/produit\/huile-essentielle-de-romarin-15ml\/","name":"15ml Huile Essentielle De Romarin (\u0632\u064a\u062a \u0625\u0643\u0644\u064a\u0644 \u0627\u0644\u062c\u0628\u0644 \u0627\u0644\u0627\u0633\u0627\u0633\u064a (\u0627\u0644\u0623\u0632\u064a\u0631 - Beldify.shop - Organic Life Style","isPartOf":{"@id":"https:\/\/beldify.shop\/#website"},"primaryImageOfPage":{"@id":"https:\/\/beldify.shop\/produit\/huile-essentielle-de-romarin-15ml\/#primaryimage"},"image":{"@id":"https:\/\/beldify.shop\/produit\/huile-essentielle-de-romarin-15ml\/#primaryimage"},"thumbnailUrl":"https:\/\/beldify.shop\/wp-content\/uploads\/2020\/12\/IMG_6895.jpg","datePublished":"2020-12-31T14:26:09+00:00","dateModified":"2026-01-13T22:47:01+00:00","breadcrumb":{"@id":"https:\/\/beldify.shop\/produit\/huile-essentielle-de-romarin-15ml\/#breadcrumb"},"inLanguage":"zh-Hans","potentialAction":[{"@type":"ReadAction","target":["https:\/\/beldify.shop\/produit\/huile-essentielle-de-romarin-15ml\/"]}]},{"@type":"ImageObject","inLanguage":"zh-Hans","@id":"https:\/\/beldify.shop\/produit\/huile-essentielle-de-romarin-15ml\/#primaryimage","url":"https:\/\/beldify.shop\/wp-content\/uploads\/2020\/12\/IMG_6895.jpg","contentUrl":"https:\/\/beldify.shop\/wp-content\/uploads\/2020\/12\/IMG_6895.jpg","width":1943,"height":1636},{"@type":"BreadcrumbList","@id":"https:\/\/beldify.shop\/produit\/huile-essentielle-de-romarin-15ml\/#breadcrumb","itemListElement":[{"@type":"ListItem","position":1,"name":"Accueil","item":"https:\/\/beldify.shop\/"},{"@type":"ListItem","position":2,"name":"Boutique","item":"https:\/\/beldify.shop\/boutique\/"},{"@type":"ListItem","position":3,"name":"15ml Huile Essentielle De Romarin (\u0632\u064a\u062a \u0625\u0643\u0644\u064a\u0644 \u0627\u0644\u062c\u0628\u0644 \u0627\u0644\u0627\u0633\u0627\u0633\u064a (\u0627\u0644\u0623\u0632\u064a\u0631"}]},{"@type":"WebSite","@id":"https:\/\/beldify.shop\/#website","url":"https:\/\/beldify.shop\/","name":"Beldify.shop - Organic Life Style","description":"\u6469\u6d1b\u54e5\u5929\u7136\u4ea7\u54c1","potentialAction":[{"@type":"SearchAction","target":{"@type":"EntryPoint","urlTemplate":"https:\/\/beldify.shop\/?s={search_term_string}"},"query-input":{"@type":"PropertyValueSpecification","valueRequired":true,"valueName":"search_term_string"}}],"inLanguage":"zh-Hans"}]}},"jetpack_publicize_connections":[],"jetpack_likes_enabled":true,"jetpack_sharing_enabled":true,"jetpack-related-posts":[],"_links":{"self":[{"href":"https:\/\/beldify.shop\/zh\/wp-json\/wp\/v2\/product\/3443","targetHints":{"allow":["GET"]}}],"collection":[{"href":"https:\/\/beldify.shop\/zh\/wp-json\/wp\/v2\/product"}],"about":[{"href":"https:\/\/beldify.shop\/zh\/wp-json\/wp\/v2\/types\/product"}],"replies":[{"embeddable":true,"href":"https:\/\/beldify.shop\/zh\/wp-json\/wp\/v2\/comments?post=3443"}],"wp:featuredmedia":[{"embeddable":true,"href":"https:\/\/beldify.shop\/zh\/wp-json\/wp\/v2\/media\/3836"}],"wp:attachment":[{"href":"https:\/\/beldify.shop\/zh\/wp-json\/wp\/v2\/media?parent=3443"}],"wp:term":[{"taxonomy":"product_brand","embeddable":true,"href":"https:\/\/beldify.shop\/zh\/wp-json\/wp\/v2\/product_brand?post=3443"},{"taxonomy":"product_cat","embeddable":true,"href":"https:\/\/beldify.shop\/zh\/wp-json\/wp\/v2\/product_cat?post=3443"},{"taxonomy":"product_tag","embeddable":true,"href":"https:\/\/beldify.shop\/zh\/wp-json\/wp\/v2\/product_tag?post=3443"}],"curies":[{"name":"wp","href":"https:\/\/api.w.org\/{rel}","templated":true}]}}