{"id":3174,"date":"2020-11-30T16:12:21","date_gmt":"2020-11-30T16:12:21","guid":{"rendered":"https:\/\/beldify.shop?post_type=product&#038;p=3174"},"modified":"2026-01-13T22:47:03","modified_gmt":"2026-01-13T22:47:03","slug":"1g-safran-%d8%b2%d8%b9%d9%81%d8%b1%d8%a7%d9%86","status":"publish","type":"product","link":"https:\/\/beldify.shop\/zh\/product\/1g-safran-%d8%b2%d8%b9%d9%81%d8%b1%d8%a7%d9%86\/","title":{"rendered":"\u201c1g\u201d\u85cf\u7ea2\u82b1\u7c89"},"content":{"rendered":"<div class=\"wpb-content-wrapper\"><div data-vc-full-width=\"true\" data-vc-full-width-temp=\"true\" data-vc-full-width-init=\"false\" class=\"vc_row wpb_row vc_row-fluid vc_custom_1490278559844 vc_row-has-fill vc_row-o-content-top vc_row-flex\"><div class=\"wpb_column vc_column_container vc_col-sm-4\"><div class=\"vc_column-inner vc_custom_1490276860346\"><div class=\"wpb_wrapper\">\t\t<div id=\"gallery_125\" class=\"wd-images-gallery wd-wpb photoswipe-images\" style=\"--wd-justify-content:center;--wd-align-items:center;\">\n\t\t\t\n\t\t\t<div class=\"wd-grid-g\" style=\"--wd-col-lg:1;--wd-col-md:1;--wd-col-sm:1;--wd-gap-lg:0px;\">\n\t\t\t\t\n\t\t\t\t\t\t\t\t\t\t\t\t\t\t\t<div class=\"wd-gallery-item wd-col\">\n\t\t\t\t\t\t\t\t\t\t\t\t\t\t<a href=\"https:\/\/beldify.shop\/wp-content\/uploads\/2020\/11\/IMG-20201105-WA0011.jpg\" data-elementor-open-lightbox=\"no\" data-index=\"1\" data-width=\"864\" data-height=\"1152\" \n\t\t\t\t\t\t\t\t\t\t\t\t >\n\t\t\t\t\t\t\t\t\n\t\t\t\t\t\t\t\t<img loading=\"lazy\" decoding=\"async\" width=\"413\" height=\"550\" src=\"https:\/\/beldify.shop\/wp-content\/uploads\/2020\/11\/IMG-20201105-WA0011.jpg\" class=\"wd-gallery-image image-1\" alt=\"\" srcset=\"https:\/\/beldify.shop\/wp-content\/uploads\/2020\/11\/IMG-20201105-WA0011.jpg 864w, https:\/\/beldify.shop\/wp-content\/uploads\/2020\/11\/IMG-20201105-WA0011-150x200.jpg 150w, https:\/\/beldify.shop\/wp-content\/uploads\/2020\/11\/IMG-20201105-WA0011-600x800.jpg 600w, https:\/\/beldify.shop\/wp-content\/uploads\/2020\/11\/IMG-20201105-WA0011-225x300.jpg 225w, https:\/\/beldify.shop\/wp-content\/uploads\/2020\/11\/IMG-20201105-WA0011-768x1024.jpg 768w\" sizes=\"auto, (max-width: 413px) 100vw, 413px\" \/>\n\t\t\t\t\t\t\t\t\t\t\t\t\t\t\t<\/a>\n\t\t\t\t\t\t\t\t\t\t\t\t<\/div>\n\t\t\t\t\t\t\t\t\t\n\t\t\t\t\t\t\t<\/div>\n\n\t\t\t\t\t<\/div>\n\t\t<\/div><\/div><\/div><div class=\"wpb_column vc_column_container vc_col-sm-4\"><div class=\"vc_column-inner vc_custom_1490276808780\"><div class=\"wpb_wrapper\">\n\t\t<div id=\"wd-5fc7a7e67a19e\" class=\"title-wrapper wd-wpb wd-set-mb reset-last-child  wd-rs-5fc7a7e67a19e wd-title-color-primary wd-title-style-underlined text-left vc_custom_1606923761411 wd-underline-colored\">\n\t\t\t\n\t\t\t<div class=\"liner-continer\">\n\t\t\t\t<h4 class=\"woodmart-title-container title  wd-font-weight-600 wd-fontsize-l\" >\u85cf\u7ea2\u82b1<\/h4>\n\t\t\t\t\t\t\t<\/div>\n\t\t\t\n\t\t\t\n\t\t\t\n\t\t<\/div>\n\t\t\n\t\t<\/div><\/div><\/div><div class=\"wpb_column vc_column_container vc_col-sm-4\"><div class=\"vc_column-inner vc_custom_1490276804851\"><div class=\"wpb_wrapper\">\n\t\t<div id=\"wd-5fc796d83707e\" class=\"title-wrapper wd-wpb wd-set-mb reset-last-child  wd-rs-5fc796d83707e wd-title-color-primary wd-title-style-underlined text-left  wd-underline-colored\">\n\t\t\t\n\t\t\t<div class=\"liner-continer\">\n\t\t\t\t<h4 class=\"woodmart-title-container title  wd-font-weight-600 wd-fontsize-l\" >\u4f18\u52bf<\/h4>\n\t\t\t\t\t\t\t<\/div>\n\t\t\t\n\t\t\t\n\t\t\t\n\t\t<\/div>\n\t\t\n\t\t\n\t<div class=\"wpb_text_column wpb_content_element\" >\n\t\t<div class=\"wpb_wrapper\">\n\t\t\t<ul>\n<li>\u85cf\u7ea2\u82b1\u6709\u52a9\u4e8e\u5bf9\u6297\u8fc7\u91cf\u80c6\u56fa\u9187\uff0c\u5e76\u6709\u52a9\u4e8e\u9884\u9632\u5fc3\u8840\u7ba1\u75be\u75c5\u3002<\/li>\n<li>\u80fd\u523a\u6fc0\u809d\u810f\uff0c\u5c24\u5176\u80fd\u51cf\u8f7b\u9152\u7cbe\u7684\u5f71\u54cd\u3002<\/li>\n<li>\u85cf\u7ea2\u82b1\u80fd\u7f13\u89e3\u865a\u5f31\u3001\u75b2\u52b3\u548c\u8fc7\u5ea6\u52b3\u7d2f\uff0c\u8fd8\u6709\u52a9\u4e8e\u8fd0\u52a8\u540e\u7684\u6062\u590d\u3002<\/li>\n<li>\u5b83\u80fd\u6cbb\u7597\u5931\u7720\uff0c\u56e0\u4e3a\u5b83\u5177\u6709\u8f7b\u5fae\u7684\u9547\u9759\u4f5c\u7528\uff0c\u5bf9\u8f7b\u5ea6\u6291\u90c1\u3001\u538b\u529b\u548c\u7126\u8651\u4e5f\u6709\u7597\u6548\u3002<\/li>\n<\/ul>\n\n\t\t<\/div>\n\t<\/div>\n<\/div><\/div><\/div><\/div><div class=\"vc_row-full-width vc_clearfix\"><\/div><div class=\"vc_row wpb_row vc_row-fluid vc_row-o-equal-height vc_row-o-content-top vc_row-flex\"><div class=\"wpb_column vc_column_container vc_col-sm-12 vc_col-md-8 vc_col-xs-12\"><div class=\"vc_column-inner\"><div class=\"wpb_wrapper\"><div class=\"vc_empty_space\"   style=\"height: 25px\"><span class=\"vc_empty_space_inner\"><\/span><\/div><div class=\"vc_empty_space\"   style=\"height: 25px\"><span class=\"vc_empty_space_inner\"><\/span><\/div><\/div><\/div><\/div><div class=\"wpb_column vc_column_container vc_col-sm-4 vc_hidden-sm vc_hidden-xs woodmart-sticky-column wd_sticky_offset_150\"><div class=\"vc_column-inner vc_custom_1490276686221\"><div class=\"wpb_wrapper\"><\/div><\/div><\/div><\/div><div data-vc-full-width=\"true\" data-vc-full-width-temp=\"true\" data-vc-full-width-init=\"false\" data-vc-stretch-content=\"true\" class=\"vc_row wpb_row vc_row-fluid vc_custom_1490619327616 vc_row-no-padding\"><div class=\"wpb_column vc_column_container vc_col-sm-12\"><div class=\"vc_column-inner\"><div class=\"wpb_wrapper\"><div class=\"vc_empty_space vc_hidden-lg\"   style=\"height: 70px\"><span class=\"vc_empty_space_inner\"><\/span><\/div><\/div><\/div><\/div><\/div><div class=\"vc_row-full-width vc_clearfix\"><\/div>\n<\/div>","protected":false},"excerpt":{"rendered":"<p>\u8fd9\u79cd\u9999\u6599\u4e0d\u4ec5\u5473\u9053\u9c9c\u7f8e\uff0c\u800c\u4e14\u5bf9\u5065\u5eb7\u6709\u76ca\uff0c\u53ef\u4ee5\u7528\u4f5c\u201c\u836f\u7528\u690d\u7269\u201d\u548c\u201c\u5929\u7136\u8272\u7d20\u201d\uff1b\u5b83\u4e5f\u662f\u4e16\u754c\u4e0a\u6700\u6602\u8d35\u7684\u9999\u6599\u3002<\/p>\n<p style=\"text-align: right;\"><span style=\"text-align: right;\">.\u00a0 <\/span><span style=\"text-align: right;\">\u09b8\u09c7\u09b0\u09c7\u09b0\u09c7\u09b0\u09c7\u09b0\u09c7\u09b0\u09c7\u09b0\u09c7\u09b0\u09c7\u09b0\u09be \u00ab \u09b8\u09c7\u09b0\u09c7\u09b0\u09be \u00bb \u09a8\u09c7\u09b0\u09c7\u09b0\u09c7\u09b0\u09c7\u09b0\u09c7\u099f\u09be\u09a8\u09c7\u09b0\u09c7\u09b0\u09c7\u099f\u09be\u09bc\u09bc\u09be\u09a8  \u0643m\u0101 \u0647\u0647\u0647\u0649 \u0649\u0649 \u0641\u0641 \u0641\u0641 \u0641\u0641 \u0641\u0641<\/span><\/p>\n<p style=\"text-align: left;\">\u5929\u7136\u4ea7\u7269 100%<\/p>","protected":false},"featured_media":3181,"comment_status":"open","ping_status":"closed","template":"","meta":{"_angie_page":false,"inline_featured_image":false,"jetpack_publicize_message":"","jetpack_publicize_feature_enabled":true,"jetpack_social_post_already_shared":false,"jetpack_social_options":{"image_generator_settings":{"template":"highway","default_image_id":0,"font":"","enabled":false},"version":2}},"product_brand":[],"product_cat":[94],"product_tag":[128],"class_list":{"0":"post-3174","1":"product","2":"type-product","3":"status-publish","4":"has-post-thumbnail","6":"product_cat-safran","7":"product_tag-safran","9":"first","10":"instock","11":"featured","12":"shipping-taxable","13":"purchasable","14":"product-type-simple"},"yoast_head":"<!-- This site is optimized with the Yoast SEO plugin v27.5 - https:\/\/yoast.com\/product\/yoast-seo-wordpress\/ -->\n<title>&quot;1g&quot; Safran \u0632\u0639\u0641\u0631\u0627\u0646 - Beldify.shop - Organic Life Style<\/title>\n<meta name=\"robots\" content=\"index, follow, max-snippet:-1, max-image-preview:large, max-video-preview:-1\" \/>\n<link rel=\"canonical\" href=\"https:\/\/beldify.shop\/zh\/product\/1g-safran-\u0632\u0639\u0641\u0631\u0627\u0646\/\" \/>\n<meta property=\"og:locale\" content=\"zh_CN\" \/>\n<meta property=\"og:type\" content=\"article\" \/>\n<meta property=\"og:title\" content=\"&quot;1g&quot; Safran \u0632\u0639\u0641\u0631\u0627\u0646 - Beldify.shop - Organic Life Style\" \/>\n<meta property=\"og:description\" content=\"Un \u00e9pice bonne au go\u00fbt que pour la sant\u00e9, vous pouvez l&#039;utiliser en tant que &quot;plante m\u00e9dicinal&quot; et &quot; colorant naturel&quot;; c&#039;est aussi l&#039;\u00e9pice la plus ch\u00e8re au monde. .\u00a0 \u0645\u0646 \u0627\u0644\u062a\u0648\u0627\u0628\u0644 \u0627\u0644\u0644\u0630\u064a\u0630\u0629 \u0648\u0627\u0644\u0635\u062d\u064a\u0629 \u060c \u064a\u0645\u0643\u0646\u0643 \u0627\u0633\u062a\u062e\u062f\u0627\u0645\u0647\u0627 \u0643\u0640 &quot;\u0646\u0628\u0627\u062a \u0637\u0628\u064a&quot; \u0648 &quot; \u0645\u0644\u0648\u0646 \u0637\u0628\u064a\u0639\u064a&quot; \u061b \u00a0\u0643\u0645\u0627 \u0623\u0646\u0647\u0627 \u0623\u063a\u0644\u0649 \u0623\u0646\u0648\u0627\u0639 \u0627\u0644\u062a\u0648\u0627\u0628\u0644 \u0641\u064a \u0627 PRODUIT NATUREL\u00a0 100%\" \/>\n<meta property=\"og:url\" content=\"https:\/\/beldify.shop\/zh\/product\/1g-safran-\u0632\u0639\u0641\u0631\u0627\u0646\/\" \/>\n<meta property=\"og:site_name\" content=\"Beldify.shop - Organic Life Style\" \/>\n<meta property=\"article:publisher\" content=\"https:\/\/www.facebook.com\/beldify.shop\" \/>\n<meta property=\"article:modified_time\" content=\"2026-01-13T22:47:03+00:00\" \/>\n<meta property=\"og:image\" content=\"https:\/\/beldify.shop\/wp-content\/uploads\/2020\/11\/safran.jpg\" \/>\n\t<meta property=\"og:image:width\" content=\"800\" \/>\n\t<meta property=\"og:image:height\" content=\"800\" \/>\n\t<meta property=\"og:image:type\" content=\"image\/jpeg\" \/>\n<meta name=\"twitter:card\" content=\"summary_large_image\" \/>\n<meta name=\"twitter:label1\" content=\"\u9884\u8ba1\u9605\u8bfb\u65f6\u95f4\" \/>\n\t<meta name=\"twitter:data1\" content=\"1 \u5206\" \/>\n<script type=\"application\/ld+json\" class=\"yoast-schema-graph\">{\"@context\":\"https:\\\/\\\/schema.org\",\"@graph\":[{\"@type\":\"WebPage\",\"@id\":\"https:\\\/\\\/beldify.shop\\\/produit\\\/1g-safran-%d8%b2%d8%b9%d9%81%d8%b1%d8%a7%d9%86\\\/\",\"url\":\"https:\\\/\\\/beldify.shop\\\/produit\\\/1g-safran-%d8%b2%d8%b9%d9%81%d8%b1%d8%a7%d9%86\\\/\",\"name\":\"\\\"1g\\\" Safran \u0632\u0639\u0641\u0631\u0627\u0646 - Beldify.shop - Organic Life Style\",\"isPartOf\":{\"@id\":\"https:\\\/\\\/beldify.shop\\\/#website\"},\"primaryImageOfPage\":{\"@id\":\"https:\\\/\\\/beldify.shop\\\/produit\\\/1g-safran-%d8%b2%d8%b9%d9%81%d8%b1%d8%a7%d9%86\\\/#primaryimage\"},\"image\":{\"@id\":\"https:\\\/\\\/beldify.shop\\\/produit\\\/1g-safran-%d8%b2%d8%b9%d9%81%d8%b1%d8%a7%d9%86\\\/#primaryimage\"},\"thumbnailUrl\":\"https:\\\/\\\/beldify.shop\\\/wp-content\\\/uploads\\\/2020\\\/11\\\/safran.jpg\",\"datePublished\":\"2020-11-30T16:12:21+00:00\",\"dateModified\":\"2026-01-13T22:47:03+00:00\",\"breadcrumb\":{\"@id\":\"https:\\\/\\\/beldify.shop\\\/produit\\\/1g-safran-%d8%b2%d8%b9%d9%81%d8%b1%d8%a7%d9%86\\\/#breadcrumb\"},\"inLanguage\":\"zh-Hans\",\"potentialAction\":[{\"@type\":\"ReadAction\",\"target\":[\"https:\\\/\\\/beldify.shop\\\/produit\\\/1g-safran-%d8%b2%d8%b9%d9%81%d8%b1%d8%a7%d9%86\\\/\"]}]},{\"@type\":\"ImageObject\",\"inLanguage\":\"zh-Hans\",\"@id\":\"https:\\\/\\\/beldify.shop\\\/produit\\\/1g-safran-%d8%b2%d8%b9%d9%81%d8%b1%d8%a7%d9%86\\\/#primaryimage\",\"url\":\"https:\\\/\\\/beldify.shop\\\/wp-content\\\/uploads\\\/2020\\\/11\\\/safran.jpg\",\"contentUrl\":\"https:\\\/\\\/beldify.shop\\\/wp-content\\\/uploads\\\/2020\\\/11\\\/safran.jpg\",\"width\":800,\"height\":800},{\"@type\":\"BreadcrumbList\",\"@id\":\"https:\\\/\\\/beldify.shop\\\/produit\\\/1g-safran-%d8%b2%d8%b9%d9%81%d8%b1%d8%a7%d9%86\\\/#breadcrumb\",\"itemListElement\":[{\"@type\":\"ListItem\",\"position\":1,\"name\":\"Accueil\",\"item\":\"https:\\\/\\\/beldify.shop\\\/\"},{\"@type\":\"ListItem\",\"position\":2,\"name\":\"Boutique\",\"item\":\"https:\\\/\\\/beldify.shop\\\/boutique\\\/\"},{\"@type\":\"ListItem\",\"position\":3,\"name\":\"\u00ab\u00a01g\u00a0\u00bb Safran \u0632\u0639\u0641\u0631\u0627\u0646\"}]},{\"@type\":\"WebSite\",\"@id\":\"https:\\\/\\\/beldify.shop\\\/#website\",\"url\":\"https:\\\/\\\/beldify.shop\\\/\",\"name\":\"Beldify.shop - Organic Life Style\",\"description\":\"Moroccan Natural Products\",\"potentialAction\":[{\"@type\":\"SearchAction\",\"target\":{\"@type\":\"EntryPoint\",\"urlTemplate\":\"https:\\\/\\\/beldify.shop\\\/?s={search_term_string}\"},\"query-input\":{\"@type\":\"PropertyValueSpecification\",\"valueRequired\":true,\"valueName\":\"search_term_string\"}}],\"inLanguage\":\"zh-Hans\"}]}<\/script>\n<!-- \/ Yoast SEO plugin. -->","yoast_head_json":{"title":"\"1g\" Safran \u0632\u0639\u0641\u0631\u0627\u0646 - Beldify.shop - Organic Life Style","robots":{"index":"index","follow":"follow","max-snippet":"max-snippet:-1","max-image-preview":"max-image-preview:large","max-video-preview":"max-video-preview:-1"},"canonical":"https:\/\/beldify.shop\/zh\/product\/1g-safran-\u0632\u0639\u0641\u0631\u0627\u0646\/","og_locale":"zh_CN","og_type":"article","og_title":"\"1g\" Safran \u0632\u0639\u0641\u0631\u0627\u0646 - Beldify.shop - Organic Life Style","og_description":"Un \u00e9pice bonne au go\u00fbt que pour la sant\u00e9, vous pouvez l'utiliser en tant que \"plante m\u00e9dicinal\" et \" colorant naturel\"; c'est aussi l'\u00e9pice la plus ch\u00e8re au monde. .\u00a0 \u0645\u0646 \u0627\u0644\u062a\u0648\u0627\u0628\u0644 \u0627\u0644\u0644\u0630\u064a\u0630\u0629 \u0648\u0627\u0644\u0635\u062d\u064a\u0629 \u060c \u064a\u0645\u0643\u0646\u0643 \u0627\u0633\u062a\u062e\u062f\u0627\u0645\u0647\u0627 \u0643\u0640 \"\u0646\u0628\u0627\u062a \u0637\u0628\u064a\" \u0648 \" \u0645\u0644\u0648\u0646 \u0637\u0628\u064a\u0639\u064a\" \u061b \u00a0\u0643\u0645\u0627 \u0623\u0646\u0647\u0627 \u0623\u063a\u0644\u0649 \u0623\u0646\u0648\u0627\u0639 \u0627\u0644\u062a\u0648\u0627\u0628\u0644 \u0641\u064a \u0627 PRODUIT NATUREL\u00a0 100%","og_url":"https:\/\/beldify.shop\/zh\/product\/1g-safran-\u0632\u0639\u0641\u0631\u0627\u0646\/","og_site_name":"Beldify.shop - Organic Life Style","article_publisher":"https:\/\/www.facebook.com\/beldify.shop","article_modified_time":"2026-01-13T22:47:03+00:00","og_image":[{"width":800,"height":800,"url":"https:\/\/beldify.shop\/wp-content\/uploads\/2020\/11\/safran.jpg","type":"image\/jpeg"}],"twitter_card":"summary_large_image","twitter_misc":{"\u9884\u8ba1\u9605\u8bfb\u65f6\u95f4":"1 \u5206"},"schema":{"@context":"https:\/\/schema.org","@graph":[{"@type":"WebPage","@id":"https:\/\/beldify.shop\/produit\/1g-safran-%d8%b2%d8%b9%d9%81%d8%b1%d8%a7%d9%86\/","url":"https:\/\/beldify.shop\/produit\/1g-safran-%d8%b2%d8%b9%d9%81%d8%b1%d8%a7%d9%86\/","name":"\"1g\" Safran \u0632\u0639\u0641\u0631\u0627\u0646 - Beldify.shop - Organic Life Style","isPartOf":{"@id":"https:\/\/beldify.shop\/#website"},"primaryImageOfPage":{"@id":"https:\/\/beldify.shop\/produit\/1g-safran-%d8%b2%d8%b9%d9%81%d8%b1%d8%a7%d9%86\/#primaryimage"},"image":{"@id":"https:\/\/beldify.shop\/produit\/1g-safran-%d8%b2%d8%b9%d9%81%d8%b1%d8%a7%d9%86\/#primaryimage"},"thumbnailUrl":"https:\/\/beldify.shop\/wp-content\/uploads\/2020\/11\/safran.jpg","datePublished":"2020-11-30T16:12:21+00:00","dateModified":"2026-01-13T22:47:03+00:00","breadcrumb":{"@id":"https:\/\/beldify.shop\/produit\/1g-safran-%d8%b2%d8%b9%d9%81%d8%b1%d8%a7%d9%86\/#breadcrumb"},"inLanguage":"zh-Hans","potentialAction":[{"@type":"ReadAction","target":["https:\/\/beldify.shop\/produit\/1g-safran-%d8%b2%d8%b9%d9%81%d8%b1%d8%a7%d9%86\/"]}]},{"@type":"ImageObject","inLanguage":"zh-Hans","@id":"https:\/\/beldify.shop\/produit\/1g-safran-%d8%b2%d8%b9%d9%81%d8%b1%d8%a7%d9%86\/#primaryimage","url":"https:\/\/beldify.shop\/wp-content\/uploads\/2020\/11\/safran.jpg","contentUrl":"https:\/\/beldify.shop\/wp-content\/uploads\/2020\/11\/safran.jpg","width":800,"height":800},{"@type":"BreadcrumbList","@id":"https:\/\/beldify.shop\/produit\/1g-safran-%d8%b2%d8%b9%d9%81%d8%b1%d8%a7%d9%86\/#breadcrumb","itemListElement":[{"@type":"ListItem","position":1,"name":"Accueil","item":"https:\/\/beldify.shop\/"},{"@type":"ListItem","position":2,"name":"Boutique","item":"https:\/\/beldify.shop\/boutique\/"},{"@type":"ListItem","position":3,"name":"\u00ab\u00a01g\u00a0\u00bb Safran \u0632\u0639\u0641\u0631\u0627\u0646"}]},{"@type":"WebSite","@id":"https:\/\/beldify.shop\/#website","url":"https:\/\/beldify.shop\/","name":"Beldify.shop - Organic Life Style","description":"\u6469\u6d1b\u54e5\u5929\u7136\u4ea7\u54c1","potentialAction":[{"@type":"SearchAction","target":{"@type":"EntryPoint","urlTemplate":"https:\/\/beldify.shop\/?s={search_term_string}"},"query-input":{"@type":"PropertyValueSpecification","valueRequired":true,"valueName":"search_term_string"}}],"inLanguage":"zh-Hans"}]}},"jetpack_publicize_connections":[],"jetpack_likes_enabled":true,"jetpack_sharing_enabled":true,"jetpack-related-posts":[],"_links":{"self":[{"href":"https:\/\/beldify.shop\/zh\/wp-json\/wp\/v2\/product\/3174","targetHints":{"allow":["GET"]}}],"collection":[{"href":"https:\/\/beldify.shop\/zh\/wp-json\/wp\/v2\/product"}],"about":[{"href":"https:\/\/beldify.shop\/zh\/wp-json\/wp\/v2\/types\/product"}],"replies":[{"embeddable":true,"href":"https:\/\/beldify.shop\/zh\/wp-json\/wp\/v2\/comments?post=3174"}],"wp:featuredmedia":[{"embeddable":true,"href":"https:\/\/beldify.shop\/zh\/wp-json\/wp\/v2\/media\/3181"}],"wp:attachment":[{"href":"https:\/\/beldify.shop\/zh\/wp-json\/wp\/v2\/media?parent=3174"}],"wp:term":[{"taxonomy":"product_brand","embeddable":true,"href":"https:\/\/beldify.shop\/zh\/wp-json\/wp\/v2\/product_brand?post=3174"},{"taxonomy":"product_cat","embeddable":true,"href":"https:\/\/beldify.shop\/zh\/wp-json\/wp\/v2\/product_cat?post=3174"},{"taxonomy":"product_tag","embeddable":true,"href":"https:\/\/beldify.shop\/zh\/wp-json\/wp\/v2\/product_tag?post=3174"}],"curies":[{"name":"wp","href":"https:\/\/api.w.org\/{rel}","templated":true}]}}