{"id":3172,"date":"2020-11-30T13:36:20","date_gmt":"2020-11-30T13:36:20","guid":{"rendered":"https:\/\/beldify.shop?post_type=product&#038;p=3172"},"modified":"2026-01-13T22:47:03","modified_gmt":"2026-01-13T22:47:03","slug":"henna-%d8%a7%d9%84%d8%ad%d9%86%d8%a9","status":"publish","type":"product","link":"https:\/\/beldify.shop\/zh\/product\/henna-%d8%a7%d9%84%d8%ad%d9%86%d8%a9\/","title":{"rendered":"\u6307\u7532\u82b1"},"content":{"rendered":"<div class=\"wpb-content-wrapper\"><div class=\"vc_row wpb_row vc_row-fluid vc_row-o-content-top vc_row-flex\"><div class=\"wpb_column vc_column_container vc_col-sm-6\"><div class=\"vc_column-inner\"><div class=\"wpb_wrapper\">\n\t<div class=\"wpb_text_column wpb_content_element\" >\n\t\t<div class=\"wpb_wrapper\">\n\t\t\t<p>10 \u79cd\u60a8\u559c\u7231\u7684\u8c37\u7269\u5236\u6210\u7684\u84b8\u7c97\u9ea6\u7c89\uff0c\u4e3a\u60a8\u7684\u9910\u70b9\u589e\u6dfb\u7f8e\u5473\uff0c\u800c\u4e14\u4ef7\u683c\u5408\u7406\u2014\u2014\u5343\u4e07\u4e0d\u8981\u9519\u8fc7\uff01 <span class=\"_47e3 _5mfr\" title=\"\u5fc3\u5f62\u8868\u60c5\u7b26\u53f7\"><img loading=\"lazy\" decoding=\"async\" class=\"img\" role=\"presentation\" src=\"https:\/\/static.xx.fbcdn.net\/images\/emoji.php\/v9\/t6c\/1\/16\/2764.png?_nc_eui2=AeHMEdDpZvC8Nt2-2p9Om9jGtje5zGZIwt62N7nMZkjC3nVNg58aAbokwyTRLlDhyks05jZCtm-v09melvvlk88H\" alt=\"\" width=\"16\" height=\"16\" \/><\/span><\/p>\n\n\t\t<\/div>\n\t<\/div>\n<\/div><\/div><\/div><div class=\"wpb_column vc_column_container vc_col-sm-6\"><div class=\"vc_column-inner vc_custom_1490694541710\"><div class=\"wpb_wrapper\"><div class=\"vc_row wpb_row vc_inner vc_row-fluid vc_row-o-content-top vc_row-flex\"><div class=\"wpb_column vc_column_container vc_col-sm-6\"><div class=\"vc_column-inner vc_custom_1490695008312\"><div class=\"wpb_wrapper\">\t\t\t<div class=\"info-box-wrapper\">\n\t\t\t\t<div id=\"wd-5ef8a9641ba70\" class=\"wd-rs-5ef8a9641ba70 wd-info-box wd-wpb text-center box-icon-align-top box-style- color-scheme- wd-bg-none vc_custom_1593354602890\">\n\t\t\t\t\t\t\t\t\t\t\t<div class=\"box-icon-wrapper  box-with-icon box-icon-simple\">\n\t\t\t\t\t\t\t<div class=\"info-box-icon\">\n\n\t\t\t\t\t\t\t\n\t\t\t\t\t\t\t\t\t\t\t\t\t\t\t\t\t<div class=\"info-svg-wrapper\" style=\"width: 50px;height: 50px;\"><img decoding=\"async\" class=\"wd-lazy-fade\"  src=\"https:\/\/beldify.shop\/wp-content\/themes\/woodmart\/images\/lazy.svg\" data-src=\"https:\/\/beldify.shop\/wp-content\/uploads\/2017\/06\/wood-time-icon.svg\" title=\"\u6728\u6750\u65f6\u95f4\u56fe\u6807\" loading=\"lazy\" width=\"50\" height=\"50\"><\/div>\t\t\t\t\t\t\t\t\t\t\t\t\t\t\t\n\t\t\t\t\t\t\t<\/div>\n\t\t\t\t\t\t<\/div>\n\t\t\t\t\t\t\t\t\t\t<div class=\"info-box-content\">\n\t\t\t\t\t\t<h4 class=\"info-box-title title box-title-style-default wd-fontsize-s\">\u54c8\u5fb7\u52a0\u5e93\u65af\u5e93\u65af<\/h4>\t\t\t\t\t\t<div class=\"info-box-inner reset-last-child\"><\/p>\n<p style=\"text-align: center;\">\u201cCouscous El Hadga\u201d\u662f\u4e00\u4e2a\u6469\u6d1b\u54e5\u9879\u76ee\uff0c\u7531\u5973\u6027\u7ecf\u8425\uff0c\u5979\u4eec\u751f\u4ea7\u5927\u7ea610\u79cd\u4e0d\u540c\u53e3\u5473\u7684\u5e93\u65af\u5e93\u65af\uff0c\u4ee5\u6ee1\u8db3\u60a8\u7684\u5473\u857e\u3002<\/p>\n<p>\n<\/div>\n\n\t\t\t\t\t\t\t\t\t\t\t<\/div>\n\n\t\t\t\t\t\n\t\t\t\t\t\t\t\t\t<\/div>\n\t\t\t<\/div>\n\t\t<\/div><\/div><\/div><div class=\"wpb_column vc_column_container vc_col-sm-6\"><div class=\"vc_column-inner vc_custom_1490695011353\"><div class=\"wpb_wrapper\">\t\t\t<div class=\"info-box-wrapper\">\n\t\t\t\t<div id=\"wd-5ef8a96fd6ebc\" class=\"wd-rs-5ef8a96fd6ebc wd-info-box wd-wpb text-center box-icon-align-top box-style- color-scheme- wd-bg-none vc_custom_1593354616162\">\n\t\t\t\t\t\t\t\t\t\t\t<div class=\"box-icon-wrapper  box-with-icon box-icon-simple\">\n\t\t\t\t\t\t\t<div class=\"info-box-icon\">\n\n\t\t\t\t\t\t\t\n\t\t\t\t\t\t\t\t\t\t\t\t\t\t\t\t\t<div class=\"info-svg-wrapper\" style=\"width: 50px;height: 50px;\"><img decoding=\"async\" class=\"wd-lazy-fade\"  src=\"https:\/\/beldify.shop\/wp-content\/themes\/woodmart\/images\/lazy.svg\" data-src=\"https:\/\/beldify.shop\/wp-content\/uploads\/2017\/06\/wood-time-icon.svg\" title=\"\u6728\u6750\u65f6\u95f4\u56fe\u6807\" loading=\"lazy\" width=\"50\" height=\"50\"><\/div>\t\t\t\t\t\t\t\t\t\t\t\t\t\t\t\n\t\t\t\t\t\t\t<\/div>\n\t\t\t\t\t\t<\/div>\n\t\t\t\t\t\t\t\t\t\t<div class=\"info-box-content\">\n\t\t\t\t\t\t<h4 class=\"info-box-title title box-title-style-default wd-fontsize-s\">\u54c8\u5fb7\u52a0\u5e93\u65af\u5e93\u65af<\/h4>\t\t\t\t\t\t<div class=\"info-box-inner reset-last-child\"><\/p>\n<p style=\"text-align: center;\">Couscous El Hadga \u662f\u4e00\u4e2a\u6469\u6d1b\u54e5\u9879\u76ee\uff0c\u7531\u5973\u6027\u7ecf\u8425\uff0c\u751f\u4ea7\u5927\u7ea6 10 \u79cd\u4e0d\u540c\u53e3\u5473\u7684\u5e93\u65af\u5e93\u65af\uff0c\u4ee5\u6ee1\u8db3\u60a8\u7684\u5473\u857e\u3002<\/p>\n<p>\n<\/div>\n\n\t\t\t\t\t\t\t\t\t\t\t<\/div>\n\n\t\t\t\t\t\n\t\t\t\t\t\t\t\t\t<\/div>\n\t\t\t<\/div>\n\t\t<\/div><\/div><\/div><div class=\"wpb_column vc_column_container vc_col-sm-6\"><div class=\"vc_column-inner vc_custom_1490694847874\"><div class=\"wpb_wrapper\">\t\t\t<div class=\"info-box-wrapper\">\n\t\t\t\t<div id=\"wd-5ef8a94bc578f\" class=\"wd-rs-5ef8a94bc578f wd-info-box wd-wpb text-center box-icon-align-top box-style- color-scheme- wd-bg-none vc_custom_1593354578207\">\n\t\t\t\t\t\t\t\t\t\t\t<div class=\"box-icon-wrapper  box-with-icon box-icon-simple\">\n\t\t\t\t\t\t\t<div class=\"info-box-icon\">\n\n\t\t\t\t\t\t\t\n\t\t\t\t\t\t\t\t\t\t\t\t\t\t\t\t\t<div class=\"info-svg-wrapper\" style=\"width: 50px;height: 50px;\"><img decoding=\"async\" class=\"wd-lazy-fade\"  src=\"https:\/\/beldify.shop\/wp-content\/themes\/woodmart\/images\/lazy.svg\" data-src=\"https:\/\/beldify.shop\/wp-content\/uploads\/2017\/06\/wood-time-icon.svg\" title=\"\u6728\u6750\u65f6\u95f4\u56fe\u6807\" loading=\"lazy\" width=\"50\" height=\"50\"><\/div>\t\t\t\t\t\t\t\t\t\t\t\t\t\t\t\n\t\t\t\t\t\t\t<\/div>\n\t\t\t\t\t\t<\/div>\n\t\t\t\t\t\t\t\t\t\t<div class=\"info-box-content\">\n\t\t\t\t\t\t<h4 class=\"info-box-title title box-title-style-default wd-fontsize-s\">\u54c8\u5fb7\u52a0\u5e93\u65af\u5e93\u65af<\/h4>\t\t\t\t\t\t<div class=\"info-box-inner reset-last-child\"><\/p>\n<p style=\"text-align: center;\">\u201cCouscous El Hadga\u201d\u662f\u4e00\u4e2a\u6469\u6d1b\u54e5\u9879\u76ee\uff0c\u7531\u5973\u6027\u7ecf\u8425\uff0c\u5979\u4eec\u751f\u4ea7\u5927\u7ea610\u79cd\u4e0d\u540c\u53e3\u5473\u7684\u5e93\u65af\u5e93\u65af\uff0c\u4ee5\u6ee1\u8db3\u60a8\u7684\u5473\u857e\u3002<\/p>\n<p>\n<\/div>\n\n\t\t\t\t\t\t\t\t\t\t\t<\/div>\n\n\t\t\t\t\t\n\t\t\t\t\t\t\t\t\t<\/div>\n\t\t\t<\/div>\n\t\t<\/div><\/div><\/div><div class=\"wpb_column vc_column_container vc_col-sm-6\"><div class=\"vc_column-inner vc_custom_1490694856753\"><div class=\"wpb_wrapper\">\t\t\t<div class=\"info-box-wrapper\">\n\t\t\t\t<div id=\"wd-5ef8a95691053\" class=\"wd-rs-5ef8a95691053 wd-info-box wd-wpb text-center box-icon-align-top box-style- color-scheme- wd-bg-none vc_custom_1593354590056\">\n\t\t\t\t\t\t\t\t\t\t\t<div class=\"box-icon-wrapper  box-with-icon box-icon-simple\">\n\t\t\t\t\t\t\t<div class=\"info-box-icon\">\n\n\t\t\t\t\t\t\t\n\t\t\t\t\t\t\t\t\t\t\t\t\t\t\t\t\t<div class=\"info-svg-wrapper\" style=\"width: 50px;height: 50px;\"><img decoding=\"async\" class=\"wd-lazy-fade\"  src=\"https:\/\/beldify.shop\/wp-content\/themes\/woodmart\/images\/lazy.svg\" data-src=\"https:\/\/beldify.shop\/wp-content\/uploads\/2017\/06\/wood-time-icon.svg\" title=\"\u6728\u6750\u65f6\u95f4\u56fe\u6807\" loading=\"lazy\" width=\"50\" height=\"50\"><\/div>\t\t\t\t\t\t\t\t\t\t\t\t\t\t\t\n\t\t\t\t\t\t\t<\/div>\n\t\t\t\t\t\t<\/div>\n\t\t\t\t\t\t\t\t\t\t<div class=\"info-box-content\">\n\t\t\t\t\t\t<h4 class=\"info-box-title title box-title-style-default wd-fontsize-s\">\u54c8\u5fb7\u52a0\u5e93\u65af\u5e93\u65af<\/h4>\t\t\t\t\t\t<div class=\"info-box-inner reset-last-child\"><\/p>\n<p style=\"text-align: center;\">\u201cCouscous El Hadga\u201d\u662f\u4e00\u4e2a\u6469\u6d1b\u54e5\u9879\u76ee\uff0c\u7531\u5973\u6027\u7ecf\u8425\uff0c\u5979\u4eec\u751f\u4ea7\u5927\u7ea610\u79cd\u4e0d\u540c\u53e3\u5473\u7684\u5e93\u65af\u5e93\u65af\uff0c\u4ee5\u6ee1\u8db3\u60a8\u7684\u5473\u857e\u3002<\/p>\n<p>\n<\/div>\n\n\t\t\t\t\t\t\t\t\t\t\t<\/div>\n\n\t\t\t\t\t\n\t\t\t\t\t\t\t\t\t<\/div>\n\t\t\t<\/div>\n\t\t<\/div><\/div><\/div><\/div><\/div><\/div><\/div><\/div>\n<\/div>","protected":false},"excerpt":{"rendered":"<p style=\"text-align: left;\">\u6307\u7532\u82b1\uff08\u4e00\u79cd\u539f\u4ea7\u4e8e\u5370\u5ea6\u548c\u963f\u62c9\u4f2f\u7684\u690d\u7269\uff0c\u7ecf\u5e72\u71e5\u7814\u78e8\u6210\u7c89\u672b\uff09\u6709\u4e24\u79cd\u7c7b\u578b\uff1a\u4e2d\u6027\u548c\u5929\u7136\u7684\uff1b\u7528\u4e8e\u7ed9\u5934\u53d1\u67d3\u8272\uff0c\u540c\u65f6\u63d0\u4f9b\u6df1\u5c42\u62a4\u7406\u3002<\/p>\n<p>\u751f\u4ea7100% \u624b\u5de5\u5236\u4f5c<\/p>","protected":false},"featured_media":3173,"comment_status":"open","ping_status":"closed","template":"","meta":{"_angie_page":false,"inline_featured_image":false,"jetpack_publicize_message":"","jetpack_publicize_feature_enabled":true,"jetpack_social_post_already_shared":false,"jetpack_social_options":{"image_generator_settings":{"template":"highway","default_image_id":0,"font":"","enabled":false},"version":2}},"product_brand":[],"product_cat":[52],"product_tag":[119,118,120],"class_list":{"0":"post-3172","1":"product","2":"type-product","3":"status-publish","4":"has-post-thumbnail","6":"product_cat-plantes-aromatiques","7":"product_tag-cooperative-jawharat-imane-alhirafia","8":"product_tag-les-herbes","9":"product_tag-120","11":"first","12":"instock","13":"taxable","14":"shipping-taxable","15":"purchasable","16":"product-type-simple"},"yoast_head":"<!-- This site is optimized with the Yoast SEO plugin v27.5 - https:\/\/yoast.com\/product\/yoast-seo-wordpress\/ -->\n<title>Henna \u0627\u0644\u062d\u0646\u0629 - Beldify.shop - Organic Life Style<\/title>\n<meta name=\"robots\" content=\"index, follow, max-snippet:-1, max-image-preview:large, max-video-preview:-1\" \/>\n<link rel=\"canonical\" href=\"https:\/\/beldify.shop\/zh\/prodotto\/henna-\u0627\u0644\u062d\u0646\u0629\/\" \/>\n<meta property=\"og:locale\" content=\"zh_CN\" \/>\n<meta property=\"og:type\" content=\"article\" \/>\n<meta property=\"og:title\" content=\"Henna \u0627\u0644\u062d\u0646\u0629 - Beldify.shop - Organic Life Style\" \/>\n<meta property=\"og:description\" content=\"Il existe deux types de henna plante originaire d&#039;Inde et d&#039;Arabie que l&#039;on a s\u00e9ch\u00e9e puis broy\u00e9e pour en faire une poudre, le neutre et le naturel ; utilis\u00e9 pour colorer les cheveux tout en apportant un soin profond. Production 100% Handmade\" \/>\n<meta property=\"og:url\" content=\"https:\/\/beldify.shop\/zh\/prodotto\/henna-\u0627\u0644\u062d\u0646\u0629\/\" \/>\n<meta property=\"og:site_name\" content=\"Beldify.shop - Organic Life Style\" \/>\n<meta property=\"article:publisher\" content=\"https:\/\/www.facebook.com\/beldify.shop\" \/>\n<meta property=\"article:modified_time\" content=\"2026-01-13T22:47:03+00:00\" \/>\n<meta property=\"og:image\" content=\"https:\/\/beldify.shop\/wp-content\/uploads\/2020\/11\/20201123_142604-scaled.jpg\" \/>\n\t<meta property=\"og:image:width\" content=\"2560\" \/>\n\t<meta property=\"og:image:height\" content=\"1920\" \/>\n\t<meta property=\"og:image:type\" content=\"image\/jpeg\" \/>\n<meta name=\"twitter:card\" content=\"summary_large_image\" \/>\n<meta name=\"twitter:label1\" content=\"\u9884\u8ba1\u9605\u8bfb\u65f6\u95f4\" \/>\n\t<meta name=\"twitter:data1\" content=\"2 \u5206\" \/>\n<script type=\"application\/ld+json\" class=\"yoast-schema-graph\">{\"@context\":\"https:\\\/\\\/schema.org\",\"@graph\":[{\"@type\":\"WebPage\",\"@id\":\"https:\\\/\\\/beldify.shop\\\/it\\\/prodotto\\\/henna-%d8%a7%d9%84%d8%ad%d9%86%d8%a9\\\/\",\"url\":\"https:\\\/\\\/beldify.shop\\\/it\\\/prodotto\\\/henna-%d8%a7%d9%84%d8%ad%d9%86%d8%a9\\\/\",\"name\":\"Henna \u0627\u0644\u062d\u0646\u0629 - Beldify.shop - Organic Life Style\",\"isPartOf\":{\"@id\":\"https:\\\/\\\/beldify.shop\\\/#website\"},\"primaryImageOfPage\":{\"@id\":\"https:\\\/\\\/beldify.shop\\\/it\\\/prodotto\\\/henna-%d8%a7%d9%84%d8%ad%d9%86%d8%a9\\\/#primaryimage\"},\"image\":{\"@id\":\"https:\\\/\\\/beldify.shop\\\/it\\\/prodotto\\\/henna-%d8%a7%d9%84%d8%ad%d9%86%d8%a9\\\/#primaryimage\"},\"thumbnailUrl\":\"https:\\\/\\\/beldify.shop\\\/wp-content\\\/uploads\\\/2020\\\/11\\\/20201123_142604-scaled.jpg\",\"datePublished\":\"2020-11-30T13:36:20+00:00\",\"dateModified\":\"2026-01-13T22:47:03+00:00\",\"breadcrumb\":{\"@id\":\"https:\\\/\\\/beldify.shop\\\/it\\\/prodotto\\\/henna-%d8%a7%d9%84%d8%ad%d9%86%d8%a9\\\/#breadcrumb\"},\"inLanguage\":\"zh-Hans\",\"potentialAction\":[{\"@type\":\"ReadAction\",\"target\":[\"https:\\\/\\\/beldify.shop\\\/it\\\/prodotto\\\/henna-%d8%a7%d9%84%d8%ad%d9%86%d8%a9\\\/\"]}]},{\"@type\":\"ImageObject\",\"inLanguage\":\"zh-Hans\",\"@id\":\"https:\\\/\\\/beldify.shop\\\/it\\\/prodotto\\\/henna-%d8%a7%d9%84%d8%ad%d9%86%d8%a9\\\/#primaryimage\",\"url\":\"https:\\\/\\\/beldify.shop\\\/wp-content\\\/uploads\\\/2020\\\/11\\\/20201123_142604-scaled.jpg\",\"contentUrl\":\"https:\\\/\\\/beldify.shop\\\/wp-content\\\/uploads\\\/2020\\\/11\\\/20201123_142604-scaled.jpg\",\"width\":2560,\"height\":1920},{\"@type\":\"BreadcrumbList\",\"@id\":\"https:\\\/\\\/beldify.shop\\\/it\\\/prodotto\\\/henna-%d8%a7%d9%84%d8%ad%d9%86%d8%a9\\\/#breadcrumb\",\"itemListElement\":[{\"@type\":\"ListItem\",\"position\":1,\"name\":\"Accueil\",\"item\":\"https:\\\/\\\/beldify.shop\\\/\"},{\"@type\":\"ListItem\",\"position\":2,\"name\":\"Boutique\",\"item\":\"https:\\\/\\\/beldify.shop\\\/boutique\\\/\"},{\"@type\":\"ListItem\",\"position\":3,\"name\":\"Henna \u0627\u0644\u062d\u0646\u0629\"}]},{\"@type\":\"WebSite\",\"@id\":\"https:\\\/\\\/beldify.shop\\\/#website\",\"url\":\"https:\\\/\\\/beldify.shop\\\/\",\"name\":\"Beldify.shop - Organic Life Style\",\"description\":\"Moroccan Natural Products\",\"potentialAction\":[{\"@type\":\"SearchAction\",\"target\":{\"@type\":\"EntryPoint\",\"urlTemplate\":\"https:\\\/\\\/beldify.shop\\\/?s={search_term_string}\"},\"query-input\":{\"@type\":\"PropertyValueSpecification\",\"valueRequired\":true,\"valueName\":\"search_term_string\"}}],\"inLanguage\":\"zh-Hans\"}]}<\/script>\n<!-- \/ Yoast SEO plugin. -->","yoast_head_json":{"title":"Henna \u0627\u0644\u062d\u0646\u0629 - Beldify.shop - Organic Life Style","robots":{"index":"index","follow":"follow","max-snippet":"max-snippet:-1","max-image-preview":"max-image-preview:large","max-video-preview":"max-video-preview:-1"},"canonical":"https:\/\/beldify.shop\/zh\/prodotto\/henna-\u0627\u0644\u062d\u0646\u0629\/","og_locale":"zh_CN","og_type":"article","og_title":"Henna \u0627\u0644\u062d\u0646\u0629 - Beldify.shop - Organic Life Style","og_description":"Il existe deux types de henna plante originaire d'Inde et d'Arabie que l'on a s\u00e9ch\u00e9e puis broy\u00e9e pour en faire une poudre, le neutre et le naturel ; utilis\u00e9 pour colorer les cheveux tout en apportant un soin profond. Production 100% Handmade","og_url":"https:\/\/beldify.shop\/zh\/prodotto\/henna-\u0627\u0644\u062d\u0646\u0629\/","og_site_name":"Beldify.shop - Organic Life Style","article_publisher":"https:\/\/www.facebook.com\/beldify.shop","article_modified_time":"2026-01-13T22:47:03+00:00","og_image":[{"width":2560,"height":1920,"url":"https:\/\/beldify.shop\/wp-content\/uploads\/2020\/11\/20201123_142604-scaled.jpg","type":"image\/jpeg"}],"twitter_card":"summary_large_image","twitter_misc":{"\u9884\u8ba1\u9605\u8bfb\u65f6\u95f4":"2 \u5206"},"schema":{"@context":"https:\/\/schema.org","@graph":[{"@type":"WebPage","@id":"https:\/\/beldify.shop\/it\/prodotto\/henna-%d8%a7%d9%84%d8%ad%d9%86%d8%a9\/","url":"https:\/\/beldify.shop\/it\/prodotto\/henna-%d8%a7%d9%84%d8%ad%d9%86%d8%a9\/","name":"Henna \u0627\u0644\u062d\u0646\u0629 - Beldify.shop - Organic Life Style","isPartOf":{"@id":"https:\/\/beldify.shop\/#website"},"primaryImageOfPage":{"@id":"https:\/\/beldify.shop\/it\/prodotto\/henna-%d8%a7%d9%84%d8%ad%d9%86%d8%a9\/#primaryimage"},"image":{"@id":"https:\/\/beldify.shop\/it\/prodotto\/henna-%d8%a7%d9%84%d8%ad%d9%86%d8%a9\/#primaryimage"},"thumbnailUrl":"https:\/\/beldify.shop\/wp-content\/uploads\/2020\/11\/20201123_142604-scaled.jpg","datePublished":"2020-11-30T13:36:20+00:00","dateModified":"2026-01-13T22:47:03+00:00","breadcrumb":{"@id":"https:\/\/beldify.shop\/it\/prodotto\/henna-%d8%a7%d9%84%d8%ad%d9%86%d8%a9\/#breadcrumb"},"inLanguage":"zh-Hans","potentialAction":[{"@type":"ReadAction","target":["https:\/\/beldify.shop\/it\/prodotto\/henna-%d8%a7%d9%84%d8%ad%d9%86%d8%a9\/"]}]},{"@type":"ImageObject","inLanguage":"zh-Hans","@id":"https:\/\/beldify.shop\/it\/prodotto\/henna-%d8%a7%d9%84%d8%ad%d9%86%d8%a9\/#primaryimage","url":"https:\/\/beldify.shop\/wp-content\/uploads\/2020\/11\/20201123_142604-scaled.jpg","contentUrl":"https:\/\/beldify.shop\/wp-content\/uploads\/2020\/11\/20201123_142604-scaled.jpg","width":2560,"height":1920},{"@type":"BreadcrumbList","@id":"https:\/\/beldify.shop\/it\/prodotto\/henna-%d8%a7%d9%84%d8%ad%d9%86%d8%a9\/#breadcrumb","itemListElement":[{"@type":"ListItem","position":1,"name":"Accueil","item":"https:\/\/beldify.shop\/"},{"@type":"ListItem","position":2,"name":"Boutique","item":"https:\/\/beldify.shop\/boutique\/"},{"@type":"ListItem","position":3,"name":"Henna \u0627\u0644\u062d\u0646\u0629"}]},{"@type":"WebSite","@id":"https:\/\/beldify.shop\/#website","url":"https:\/\/beldify.shop\/","name":"Beldify.shop - Organic Life Style","description":"\u6469\u6d1b\u54e5\u5929\u7136\u4ea7\u54c1","potentialAction":[{"@type":"SearchAction","target":{"@type":"EntryPoint","urlTemplate":"https:\/\/beldify.shop\/?s={search_term_string}"},"query-input":{"@type":"PropertyValueSpecification","valueRequired":true,"valueName":"search_term_string"}}],"inLanguage":"zh-Hans"}]}},"jetpack_publicize_connections":[],"jetpack_likes_enabled":true,"jetpack_sharing_enabled":true,"jetpack-related-posts":[],"_links":{"self":[{"href":"https:\/\/beldify.shop\/zh\/wp-json\/wp\/v2\/product\/3172","targetHints":{"allow":["GET"]}}],"collection":[{"href":"https:\/\/beldify.shop\/zh\/wp-json\/wp\/v2\/product"}],"about":[{"href":"https:\/\/beldify.shop\/zh\/wp-json\/wp\/v2\/types\/product"}],"replies":[{"embeddable":true,"href":"https:\/\/beldify.shop\/zh\/wp-json\/wp\/v2\/comments?post=3172"}],"wp:featuredmedia":[{"embeddable":true,"href":"https:\/\/beldify.shop\/zh\/wp-json\/wp\/v2\/media\/3173"}],"wp:attachment":[{"href":"https:\/\/beldify.shop\/zh\/wp-json\/wp\/v2\/media?parent=3172"}],"wp:term":[{"taxonomy":"product_brand","embeddable":true,"href":"https:\/\/beldify.shop\/zh\/wp-json\/wp\/v2\/product_brand?post=3172"},{"taxonomy":"product_cat","embeddable":true,"href":"https:\/\/beldify.shop\/zh\/wp-json\/wp\/v2\/product_cat?post=3172"},{"taxonomy":"product_tag","embeddable":true,"href":"https:\/\/beldify.shop\/zh\/wp-json\/wp\/v2\/product_tag?post=3172"}],"curies":[{"name":"wp","href":"https:\/\/api.w.org\/{rel}","templated":true}]}}