{"id":3171,"date":"2020-11-30T12:05:46","date_gmt":"2020-11-30T12:05:46","guid":{"rendered":"https:\/\/beldify.shop?post_type=product&#038;p=3171"},"modified":"2026-01-13T22:47:03","modified_gmt":"2026-01-13T22:47:03","slug":"125g-balboula-el-chaair-%d8%a8%d9%84%d8%a8%d9%88%d9%84%d8%a9-%d8%a7%d9%84%d8%b4%d8%b9%d9%8a%d8%b1","status":"publish","type":"product","link":"https:\/\/beldify.shop\/zh\/product\/125g-balboula-el-chaair-%d8%a8%d9%84%d8%a8%d9%88%d9%84%d8%a9-%d8%a7%d9%84%d8%b4%d8%b9%d9%8a%d8%b1\/","title":{"rendered":"\u201c125\u514b\u201d\u5df4\u5c14\u5e03\u62c9\u00b7\u57c3\u5c14\u00b7\u67e5\u4f0a\u5c14\u00b7\u57fa\u5730\u7ec4\u7ec7"},"content":{"rendered":"<div class=\"wpb-content-wrapper\"><div class=\"vc_row wpb_row vc_row-fluid vc_row-o-content-top vc_row-flex\"><div class=\"wpb_column vc_column_container vc_col-sm-6\"><div class=\"vc_column-inner\"><div class=\"wpb_wrapper\">\n\t<div class=\"wpb_text_column wpb_content_element\" >\n\t\t<div class=\"wpb_wrapper\">\n\t\t\t<p>10 \u79cd\u60a8\u559c\u7231\u7684\u8c37\u7269\u5236\u6210\u7684\u84b8\u7c97\u9ea6\u7c89\uff0c\u4e3a\u60a8\u7684\u9910\u70b9\u589e\u6dfb\u7f8e\u5473\uff0c\u800c\u4e14\u4ef7\u683c\u5408\u7406\u2014\u2014\u5343\u4e07\u4e0d\u8981\u9519\u8fc7\uff01 <span class=\"_47e3 _5mfr\" title=\"\u5fc3\u5f62\u8868\u60c5\u7b26\u53f7\"><img loading=\"lazy\" decoding=\"async\" class=\"img\" role=\"presentation\" src=\"https:\/\/static.xx.fbcdn.net\/images\/emoji.php\/v9\/t6c\/1\/16\/2764.png?_nc_eui2=AeHMEdDpZvC8Nt2-2p9Om9jGtje5zGZIwt62N7nMZkjC3nVNg58aAbokwyTRLlDhyks05jZCtm-v09melvvlk88H\" alt=\"\" width=\"16\" height=\"16\" \/><\/span><\/p>\n\n\t\t<\/div>\n\t<\/div>\n<\/div><\/div><\/div><div class=\"wpb_column vc_column_container vc_col-sm-6\"><div class=\"vc_column-inner vc_custom_1490694541710\"><div class=\"wpb_wrapper\"><div class=\"vc_row wpb_row vc_inner vc_row-fluid vc_row-o-content-top vc_row-flex\"><div class=\"wpb_column vc_column_container vc_col-sm-6\"><div class=\"vc_column-inner vc_custom_1490695008312\"><div class=\"wpb_wrapper\"><\/div><\/div><\/div><div class=\"wpb_column vc_column_container vc_col-sm-6\"><div class=\"vc_column-inner vc_custom_1490695011353\"><div class=\"wpb_wrapper\"><\/div><\/div><\/div><div class=\"wpb_column vc_column_container vc_col-sm-6\"><div class=\"vc_column-inner vc_custom_1490694847874\"><div class=\"wpb_wrapper\"><\/div><\/div><\/div><div class=\"wpb_column vc_column_container vc_col-sm-6\"><div class=\"vc_column-inner vc_custom_1490694856753\"><div class=\"wpb_wrapper\"><\/div><\/div><\/div><\/div><\/div><\/div><\/div><\/div>\n<\/div>","protected":false},"excerpt":{"rendered":"<p>\u5b83\u4e5f\u88ab\u79f0\u4e3a\u201cel balboula\u201d\u3002\u5927\u9ea6\u6536\u5272\u540e\uff0c\u7ecf\u8fc7\u6e05\u6d17\u548c\u63d0\u7eaf\uff0c\u7136\u540e\u78e8\u6210\u7c89\u3002\u78e8\u788e\u540e\uff0c\u518d\u8fc7\u7b5b\uff0c\u63d0\u53d6\u51fa\u5927\u9ea6\u7c89\u3002\u5927\u9ea6\u5bcc\u542b\u5929\u7136\u7ea4\u7ef4\uff0c\u56e0\u6b64\u88ab\u63a8\u8350\u4e3a\u6cbb\u7597\u4fbf\u79d8\u7684\u5929\u7136\u826f\u65b9\u3002\u5b83\u8fd8\u63d0\u4f9b\u591a\u79cd\u77ff\u7269\u8d28\uff0c\u5e76\u80fd\u6709\u6548\u964d\u4f4e\u80c6\u56fa\u9187\u3002<\/p>\n<p style=\"text-align: right;\">\u201d \u201d \u201d \u201d \u201d \u201d \u201d \u201d \u201d \u201d \u201d \u201d \u201d \u201d \u201d \u201d \u201d \u201d \u201d \u201d \u201d \u201d \u201d \u201d \u201d \u201d \u201d \u201d \u201d \u201d \u201d \u201d \u201d \u201d \u201d \u201d \u201d \u201d \u201d \u201d \u201d \u201d \ud83c\udf1f \ud83c\udf1f \ud83c\udf1f \ud83c\udf1f \ud83c\udf1f \ud83c\udf1f \ud83c\udf1f \ud83c\udf1f \ud83c\udf1f \ud83c\udf1f\ud83c\udf1f\ud83c\udf1f\ud83c\udf1f\ud83c\udf1f\ud83c\udf1f\ud83c\udf1f\ud83c\udf1f\ud83c\udf1f\ud83c\udf1f\ud83c\udf1f\ud83c\udf1f\u6c99\u59c6\u6c99\u514b\u548c \u548c \u548c \u548c<\/p>\n<p>\u751f\u4ea7100% \u624b\u5de5\u5236\u4f5c<\/p>","protected":false},"featured_media":3180,"comment_status":"open","ping_status":"closed","template":"","meta":{"_angie_page":false,"inline_featured_image":false,"jetpack_publicize_message":"","jetpack_publicize_feature_enabled":true,"jetpack_social_post_already_shared":false,"jetpack_social_options":{"image_generator_settings":{"template":"highway","default_image_id":0,"font":"","enabled":false},"version":2}},"product_brand":[],"product_cat":[37],"product_tag":[119,109,120],"class_list":{"0":"post-3171","1":"product","2":"type-product","3":"status-publish","4":"has-post-thumbnail","6":"product_cat-couscous-semoules","7":"product_tag-cooperative-jawharat-imane-alhirafia","8":"product_tag-couscous","9":"product_tag-120","11":"first","12":"instock","13":"featured","14":"taxable","15":"shipping-taxable","16":"purchasable","17":"product-type-simple"},"yoast_head":"<!-- This site is optimized with the Yoast SEO plugin v27.5 - https:\/\/yoast.com\/product\/yoast-seo-wordpress\/ -->\n<title>&quot;125g&quot; Balboula El Chaair  \u0628\u0644\u0628\u0648\u0644\u0629 \u0627\u0644\u0634\u0639\u064a\u0631 - Beldify.shop - Organic Life Style<\/title>\n<meta name=\"robots\" content=\"index, follow, max-snippet:-1, max-image-preview:large, max-video-preview:-1\" \/>\n<link rel=\"canonical\" href=\"https:\/\/beldify.shop\/zh\/product\/125g-balboula-el-chaair-\u0628\u0644\u0628\u0648\u0644\u0629-\u0627\u0644\u0634\u0639\u064a\u0631\/\" \/>\n<meta property=\"og:locale\" content=\"zh_CN\" \/>\n<meta property=\"og:type\" content=\"article\" \/>\n<meta property=\"og:title\" content=\"&quot;125g&quot; Balboula El Chaair  \u0628\u0644\u0628\u0648\u0644\u0629 \u0627\u0644\u0634\u0639\u064a\u0631 - Beldify.shop - Organic Life Style\" \/>\n<meta property=\"og:description\" content=\"On l&#039;appelle aussi &quot;el balboula&quot;, apr\u00e8s avoir r\u00e9colt\u00e9 l&#039;orge, elle est lav\u00e9e et purifi\u00e9e, puis elle est moulue, et apr\u00e8s broyage, elle est tamis\u00e9e, puis la farine d&#039;orge est extraite. L&#039;une des propri\u00e9t\u00e9s de l&#039;orge est qu&#039;elle est riche en fibres naturelles, elle est donc recommand\u00e9e comme rem\u00e8de naturel contre la constipation, et elle fournit un certain nombre de min\u00e9raux, Et son efficacit\u00e9 \u00e0 abaisser le cholest\u00e9rol. \u0648 \u064a\u0633\u0645\u0649 \u0623\u064a\u0636\u0627 &quot;\u0627\u0644\u0628\u0644\u0628\u0648\u0644\u0629&quot; \u060c\u0628\u0639\u062f \u062d\u0635\u062f \u0627\u0644\u0634\u0639\u064a\u0631 \u064a\u063a\u0633\u0644 \u0648 \u062a\u062a\u0645 \u062a\u0646\u0642\u064a\u062a\u0647 \u0648 \u0628\u0639\u062f\u0647\u0627 \u064a\u0637\u062d\u0646\u060c\u0648 \u0628\u0639\u062f \u0627\u0644\u0637\u062d\u0646 \u062a\u062a\u0645 \u063a\u0631\u0628\u0644\u062a\u0647 \u062b\u0645 \u0627\u0633\u062a\u062e\u0631\u0627\u062c \u062f\u0642\u064a\u0642 \u0627\u0644\u0634\u0639\u064a\u0631\u060c \u0648 \u0645\u0646 \u062e\u0635\u0627\u0626\u0635 \u0627\u0644\u0634\u0639\u064a\u0631 \u0623\u0646\u0647 \u063a\u0646\u064a \u0628\u0644\u0623 \u0644\u064a\u0627\u0641 \u0627\u0644\u0637\u0628\u064a\u0639\u064a\u0629 \u0644\u0630\u0644\u0643 \u064a\u0646\u0635\u062d \u0628\u0647 \u0643\u0639\u0644\u0627\u062c \u0637\u0628\u064a\u0639\u064a \u0644\u0644\u0627\u0645\u0633\u0627\u0643 \u060c\u0648 \u062a\u0648\u0641\u0631\u0647 \u0639\u0644\u0649 \u0639\u062f\u062f \u0645\u0646 \u0627\u0644\u0645\u0639\u0627\u062f\u0646 \u0648 \u0641\u0639\u0627\u0644\u064a\u062a\u0647 \u0641\u064a \u062a\u062e\u0641\u064a\u0636 \u0627\u0644\u0643\u0648\u0644\u0633\u062a\u0631\u0648\u0644 Production 100% Handmade\" \/>\n<meta property=\"og:url\" content=\"https:\/\/beldify.shop\/zh\/product\/125g-balboula-el-chaair-\u0628\u0644\u0628\u0648\u0644\u0629-\u0627\u0644\u0634\u0639\u064a\u0631\/\" \/>\n<meta property=\"og:site_name\" content=\"Beldify.shop - Organic Life Style\" \/>\n<meta property=\"article:publisher\" content=\"https:\/\/www.facebook.com\/beldify.shop\" \/>\n<meta property=\"article:modified_time\" content=\"2026-01-13T22:47:03+00:00\" \/>\n<meta property=\"og:image\" content=\"https:\/\/beldify.shop\/wp-content\/uploads\/2020\/11\/20201123_142623-scaled.jpg\" \/>\n\t<meta property=\"og:image:width\" content=\"2560\" \/>\n\t<meta property=\"og:image:height\" content=\"1920\" \/>\n\t<meta property=\"og:image:type\" content=\"image\/jpeg\" \/>\n<meta name=\"twitter:card\" content=\"summary_large_image\" \/>\n<meta name=\"twitter:label1\" content=\"\u9884\u8ba1\u9605\u8bfb\u65f6\u95f4\" \/>\n\t<meta name=\"twitter:data1\" content=\"1 \u5206\" \/>\n<script type=\"application\/ld+json\" class=\"yoast-schema-graph\">{\"@context\":\"https:\\\/\\\/schema.org\",\"@graph\":[{\"@type\":\"WebPage\",\"@id\":\"https:\\\/\\\/beldify.shop\\\/produit\\\/125g-balboula-el-chaair-%d8%a8%d9%84%d8%a8%d9%88%d9%84%d8%a9-%d8%a7%d9%84%d8%b4%d8%b9%d9%8a%d8%b1\\\/\",\"url\":\"https:\\\/\\\/beldify.shop\\\/produit\\\/125g-balboula-el-chaair-%d8%a8%d9%84%d8%a8%d9%88%d9%84%d8%a9-%d8%a7%d9%84%d8%b4%d8%b9%d9%8a%d8%b1\\\/\",\"name\":\"\\\"125g\\\" Balboula El Chaair \u0628\u0644\u0628\u0648\u0644\u0629 \u0627\u0644\u0634\u0639\u064a\u0631 - Beldify.shop - Organic Life Style\",\"isPartOf\":{\"@id\":\"https:\\\/\\\/beldify.shop\\\/#website\"},\"primaryImageOfPage\":{\"@id\":\"https:\\\/\\\/beldify.shop\\\/produit\\\/125g-balboula-el-chaair-%d8%a8%d9%84%d8%a8%d9%88%d9%84%d8%a9-%d8%a7%d9%84%d8%b4%d8%b9%d9%8a%d8%b1\\\/#primaryimage\"},\"image\":{\"@id\":\"https:\\\/\\\/beldify.shop\\\/produit\\\/125g-balboula-el-chaair-%d8%a8%d9%84%d8%a8%d9%88%d9%84%d8%a9-%d8%a7%d9%84%d8%b4%d8%b9%d9%8a%d8%b1\\\/#primaryimage\"},\"thumbnailUrl\":\"https:\\\/\\\/beldify.shop\\\/wp-content\\\/uploads\\\/2020\\\/11\\\/20201123_142623-scaled.jpg\",\"datePublished\":\"2020-11-30T12:05:46+00:00\",\"dateModified\":\"2026-01-13T22:47:03+00:00\",\"breadcrumb\":{\"@id\":\"https:\\\/\\\/beldify.shop\\\/produit\\\/125g-balboula-el-chaair-%d8%a8%d9%84%d8%a8%d9%88%d9%84%d8%a9-%d8%a7%d9%84%d8%b4%d8%b9%d9%8a%d8%b1\\\/#breadcrumb\"},\"inLanguage\":\"zh-Hans\",\"potentialAction\":[{\"@type\":\"ReadAction\",\"target\":[\"https:\\\/\\\/beldify.shop\\\/produit\\\/125g-balboula-el-chaair-%d8%a8%d9%84%d8%a8%d9%88%d9%84%d8%a9-%d8%a7%d9%84%d8%b4%d8%b9%d9%8a%d8%b1\\\/\"]}]},{\"@type\":\"ImageObject\",\"inLanguage\":\"zh-Hans\",\"@id\":\"https:\\\/\\\/beldify.shop\\\/produit\\\/125g-balboula-el-chaair-%d8%a8%d9%84%d8%a8%d9%88%d9%84%d8%a9-%d8%a7%d9%84%d8%b4%d8%b9%d9%8a%d8%b1\\\/#primaryimage\",\"url\":\"https:\\\/\\\/beldify.shop\\\/wp-content\\\/uploads\\\/2020\\\/11\\\/20201123_142623-scaled.jpg\",\"contentUrl\":\"https:\\\/\\\/beldify.shop\\\/wp-content\\\/uploads\\\/2020\\\/11\\\/20201123_142623-scaled.jpg\",\"width\":2560,\"height\":1920},{\"@type\":\"BreadcrumbList\",\"@id\":\"https:\\\/\\\/beldify.shop\\\/produit\\\/125g-balboula-el-chaair-%d8%a8%d9%84%d8%a8%d9%88%d9%84%d8%a9-%d8%a7%d9%84%d8%b4%d8%b9%d9%8a%d8%b1\\\/#breadcrumb\",\"itemListElement\":[{\"@type\":\"ListItem\",\"position\":1,\"name\":\"Accueil\",\"item\":\"https:\\\/\\\/beldify.shop\\\/\"},{\"@type\":\"ListItem\",\"position\":2,\"name\":\"Boutique\",\"item\":\"https:\\\/\\\/beldify.shop\\\/boutique\\\/\"},{\"@type\":\"ListItem\",\"position\":3,\"name\":\"\u00ab\u00a0125g\u00a0\u00bb Balboula El Chaair \u0628\u0644\u0628\u0648\u0644\u0629 \u0627\u0644\u0634\u0639\u064a\u0631\"}]},{\"@type\":\"WebSite\",\"@id\":\"https:\\\/\\\/beldify.shop\\\/#website\",\"url\":\"https:\\\/\\\/beldify.shop\\\/\",\"name\":\"Beldify.shop - Organic Life Style\",\"description\":\"Moroccan Natural Products\",\"potentialAction\":[{\"@type\":\"SearchAction\",\"target\":{\"@type\":\"EntryPoint\",\"urlTemplate\":\"https:\\\/\\\/beldify.shop\\\/?s={search_term_string}\"},\"query-input\":{\"@type\":\"PropertyValueSpecification\",\"valueRequired\":true,\"valueName\":\"search_term_string\"}}],\"inLanguage\":\"zh-Hans\"}]}<\/script>\n<!-- \/ Yoast SEO plugin. -->","yoast_head_json":{"title":"\"125g\" Balboula El Chaair  \u0628\u0644\u0628\u0648\u0644\u0629 \u0627\u0644\u0634\u0639\u064a\u0631 - Beldify.shop - Organic Life Style","robots":{"index":"index","follow":"follow","max-snippet":"max-snippet:-1","max-image-preview":"max-image-preview:large","max-video-preview":"max-video-preview:-1"},"canonical":"https:\/\/beldify.shop\/zh\/product\/125g-balboula-el-chaair-\u0628\u0644\u0628\u0648\u0644\u0629-\u0627\u0644\u0634\u0639\u064a\u0631\/","og_locale":"zh_CN","og_type":"article","og_title":"\"125g\" Balboula El Chaair  \u0628\u0644\u0628\u0648\u0644\u0629 \u0627\u0644\u0634\u0639\u064a\u0631 - Beldify.shop - Organic Life Style","og_description":"On l'appelle aussi \"el balboula\", apr\u00e8s avoir r\u00e9colt\u00e9 l'orge, elle est lav\u00e9e et purifi\u00e9e, puis elle est moulue, et apr\u00e8s broyage, elle est tamis\u00e9e, puis la farine d'orge est extraite. L'une des propri\u00e9t\u00e9s de l'orge est qu'elle est riche en fibres naturelles, elle est donc recommand\u00e9e comme rem\u00e8de naturel contre la constipation, et elle fournit un certain nombre de min\u00e9raux, Et son efficacit\u00e9 \u00e0 abaisser le cholest\u00e9rol. \u0648 \u064a\u0633\u0645\u0649 \u0623\u064a\u0636\u0627 \"\u0627\u0644\u0628\u0644\u0628\u0648\u0644\u0629\" \u060c\u0628\u0639\u062f \u062d\u0635\u062f \u0627\u0644\u0634\u0639\u064a\u0631 \u064a\u063a\u0633\u0644 \u0648 \u062a\u062a\u0645 \u062a\u0646\u0642\u064a\u062a\u0647 \u0648 \u0628\u0639\u062f\u0647\u0627 \u064a\u0637\u062d\u0646\u060c\u0648 \u0628\u0639\u062f \u0627\u0644\u0637\u062d\u0646 \u062a\u062a\u0645 \u063a\u0631\u0628\u0644\u062a\u0647 \u062b\u0645 \u0627\u0633\u062a\u062e\u0631\u0627\u062c \u062f\u0642\u064a\u0642 \u0627\u0644\u0634\u0639\u064a\u0631\u060c \u0648 \u0645\u0646 \u062e\u0635\u0627\u0626\u0635 \u0627\u0644\u0634\u0639\u064a\u0631 \u0623\u0646\u0647 \u063a\u0646\u064a \u0628\u0644\u0623 \u0644\u064a\u0627\u0641 \u0627\u0644\u0637\u0628\u064a\u0639\u064a\u0629 \u0644\u0630\u0644\u0643 \u064a\u0646\u0635\u062d \u0628\u0647 \u0643\u0639\u0644\u0627\u062c \u0637\u0628\u064a\u0639\u064a \u0644\u0644\u0627\u0645\u0633\u0627\u0643 \u060c\u0648 \u062a\u0648\u0641\u0631\u0647 \u0639\u0644\u0649 \u0639\u062f\u062f \u0645\u0646 \u0627\u0644\u0645\u0639\u0627\u062f\u0646 \u0648 \u0641\u0639\u0627\u0644\u064a\u062a\u0647 \u0641\u064a \u062a\u062e\u0641\u064a\u0636 \u0627\u0644\u0643\u0648\u0644\u0633\u062a\u0631\u0648\u0644 Production 100% Handmade","og_url":"https:\/\/beldify.shop\/zh\/product\/125g-balboula-el-chaair-\u0628\u0644\u0628\u0648\u0644\u0629-\u0627\u0644\u0634\u0639\u064a\u0631\/","og_site_name":"Beldify.shop - Organic Life Style","article_publisher":"https:\/\/www.facebook.com\/beldify.shop","article_modified_time":"2026-01-13T22:47:03+00:00","og_image":[{"width":2560,"height":1920,"url":"https:\/\/beldify.shop\/wp-content\/uploads\/2020\/11\/20201123_142623-scaled.jpg","type":"image\/jpeg"}],"twitter_card":"summary_large_image","twitter_misc":{"\u9884\u8ba1\u9605\u8bfb\u65f6\u95f4":"1 \u5206"},"schema":{"@context":"https:\/\/schema.org","@graph":[{"@type":"WebPage","@id":"https:\/\/beldify.shop\/produit\/125g-balboula-el-chaair-%d8%a8%d9%84%d8%a8%d9%88%d9%84%d8%a9-%d8%a7%d9%84%d8%b4%d8%b9%d9%8a%d8%b1\/","url":"https:\/\/beldify.shop\/produit\/125g-balboula-el-chaair-%d8%a8%d9%84%d8%a8%d9%88%d9%84%d8%a9-%d8%a7%d9%84%d8%b4%d8%b9%d9%8a%d8%b1\/","name":"\"125g\" Balboula El Chaair \u0628\u0644\u0628\u0648\u0644\u0629 \u0627\u0644\u0634\u0639\u064a\u0631 - Beldify.shop - Organic Life Style","isPartOf":{"@id":"https:\/\/beldify.shop\/#website"},"primaryImageOfPage":{"@id":"https:\/\/beldify.shop\/produit\/125g-balboula-el-chaair-%d8%a8%d9%84%d8%a8%d9%88%d9%84%d8%a9-%d8%a7%d9%84%d8%b4%d8%b9%d9%8a%d8%b1\/#primaryimage"},"image":{"@id":"https:\/\/beldify.shop\/produit\/125g-balboula-el-chaair-%d8%a8%d9%84%d8%a8%d9%88%d9%84%d8%a9-%d8%a7%d9%84%d8%b4%d8%b9%d9%8a%d8%b1\/#primaryimage"},"thumbnailUrl":"https:\/\/beldify.shop\/wp-content\/uploads\/2020\/11\/20201123_142623-scaled.jpg","datePublished":"2020-11-30T12:05:46+00:00","dateModified":"2026-01-13T22:47:03+00:00","breadcrumb":{"@id":"https:\/\/beldify.shop\/produit\/125g-balboula-el-chaair-%d8%a8%d9%84%d8%a8%d9%88%d9%84%d8%a9-%d8%a7%d9%84%d8%b4%d8%b9%d9%8a%d8%b1\/#breadcrumb"},"inLanguage":"zh-Hans","potentialAction":[{"@type":"ReadAction","target":["https:\/\/beldify.shop\/produit\/125g-balboula-el-chaair-%d8%a8%d9%84%d8%a8%d9%88%d9%84%d8%a9-%d8%a7%d9%84%d8%b4%d8%b9%d9%8a%d8%b1\/"]}]},{"@type":"ImageObject","inLanguage":"zh-Hans","@id":"https:\/\/beldify.shop\/produit\/125g-balboula-el-chaair-%d8%a8%d9%84%d8%a8%d9%88%d9%84%d8%a9-%d8%a7%d9%84%d8%b4%d8%b9%d9%8a%d8%b1\/#primaryimage","url":"https:\/\/beldify.shop\/wp-content\/uploads\/2020\/11\/20201123_142623-scaled.jpg","contentUrl":"https:\/\/beldify.shop\/wp-content\/uploads\/2020\/11\/20201123_142623-scaled.jpg","width":2560,"height":1920},{"@type":"BreadcrumbList","@id":"https:\/\/beldify.shop\/produit\/125g-balboula-el-chaair-%d8%a8%d9%84%d8%a8%d9%88%d9%84%d8%a9-%d8%a7%d9%84%d8%b4%d8%b9%d9%8a%d8%b1\/#breadcrumb","itemListElement":[{"@type":"ListItem","position":1,"name":"Accueil","item":"https:\/\/beldify.shop\/"},{"@type":"ListItem","position":2,"name":"Boutique","item":"https:\/\/beldify.shop\/boutique\/"},{"@type":"ListItem","position":3,"name":"\u00ab\u00a0125g\u00a0\u00bb Balboula El Chaair \u0628\u0644\u0628\u0648\u0644\u0629 \u0627\u0644\u0634\u0639\u064a\u0631"}]},{"@type":"WebSite","@id":"https:\/\/beldify.shop\/#website","url":"https:\/\/beldify.shop\/","name":"Beldify.shop - Organic Life Style","description":"\u6469\u6d1b\u54e5\u5929\u7136\u4ea7\u54c1","potentialAction":[{"@type":"SearchAction","target":{"@type":"EntryPoint","urlTemplate":"https:\/\/beldify.shop\/?s={search_term_string}"},"query-input":{"@type":"PropertyValueSpecification","valueRequired":true,"valueName":"search_term_string"}}],"inLanguage":"zh-Hans"}]}},"jetpack_publicize_connections":[],"jetpack_likes_enabled":true,"jetpack_sharing_enabled":true,"jetpack-related-posts":[],"_links":{"self":[{"href":"https:\/\/beldify.shop\/zh\/wp-json\/wp\/v2\/product\/3171","targetHints":{"allow":["GET"]}}],"collection":[{"href":"https:\/\/beldify.shop\/zh\/wp-json\/wp\/v2\/product"}],"about":[{"href":"https:\/\/beldify.shop\/zh\/wp-json\/wp\/v2\/types\/product"}],"replies":[{"embeddable":true,"href":"https:\/\/beldify.shop\/zh\/wp-json\/wp\/v2\/comments?post=3171"}],"wp:featuredmedia":[{"embeddable":true,"href":"https:\/\/beldify.shop\/zh\/wp-json\/wp\/v2\/media\/3180"}],"wp:attachment":[{"href":"https:\/\/beldify.shop\/zh\/wp-json\/wp\/v2\/media?parent=3171"}],"wp:term":[{"taxonomy":"product_brand","embeddable":true,"href":"https:\/\/beldify.shop\/zh\/wp-json\/wp\/v2\/product_brand?post=3171"},{"taxonomy":"product_cat","embeddable":true,"href":"https:\/\/beldify.shop\/zh\/wp-json\/wp\/v2\/product_cat?post=3171"},{"taxonomy":"product_tag","embeddable":true,"href":"https:\/\/beldify.shop\/zh\/wp-json\/wp\/v2\/product_tag?post=3171"}],"curies":[{"name":"wp","href":"https:\/\/api.w.org\/{rel}","templated":true}]}}