{"id":3139,"date":"2020-11-27T09:10:30","date_gmt":"2020-11-27T09:10:30","guid":{"rendered":"https:\/\/beldify.shop?post_type=product&#038;p=3139"},"modified":"2026-01-13T22:47:04","modified_gmt":"2026-01-13T22:47:04","slug":"bidon-huile-dolive-vierge-10l","status":"publish","type":"product","link":"https:\/\/beldify.shop\/zh\/product\/bidon-huile-dolive-vierge-10l\/","title":{"rendered":"10L \u521d\u69a8\u6a44\u6984\u6cb9\u7f50"},"content":{"rendered":"<div class=\"wpb-content-wrapper\"><div class=\"vc_row wpb_row vc_row-fluid vc_row-o-equal-height vc_row-o-content-top vc_row-flex\"><div class=\"wpb_column vc_column_container vc_col-sm-4\"><div class=\"vc_column-inner vc_custom_1492614290511\"><div class=\"wpb_wrapper\">\t\t<div id=\"gallery_241\" class=\"wd-images-gallery wd-wpb photoswipe-images\" style=\"--wd-justify-content:center;--wd-align-items:center;\">\n\t\t\t\n\t\t\t<div class=\"wd-grid-g\" style=\"--wd-col-lg:1;--wd-col-md:1;--wd-col-sm:1;--wd-gap-lg:0px;\">\n\t\t\t\t\n\t\t\t\t\t\t\t\t\t\t\t\t\t\t\t<div class=\"wd-gallery-item wd-col\">\n\t\t\t\t\t\t\t\t\t\t\t\t\t\t<a href=\"https:\/\/beldify.shop\/wp-content\/uploads\/2020\/11\/1.png\" data-elementor-open-lightbox=\"no\" data-index=\"1\" data-width=\"357\" data-height=\"164\" \n\t\t\t\t\t\t\t\t\t\t\t\t >\n\t\t\t\t\t\t\t\t\n\t\t\t\t\t\t\t\t<img loading=\"lazy\" decoding=\"async\" width=\"357\" height=\"164\" src=\"https:\/\/beldify.shop\/wp-content\/uploads\/2020\/11\/1.png\" class=\"wd-gallery-image image-1\" alt=\"\" srcset=\"https:\/\/beldify.shop\/wp-content\/uploads\/2020\/11\/1.png 357w, https:\/\/beldify.shop\/wp-content\/uploads\/2020\/11\/1-150x69.png 150w, https:\/\/beldify.shop\/wp-content\/uploads\/2020\/11\/1-300x138.png 300w, https:\/\/beldify.shop\/wp-content\/uploads\/2020\/11\/1-350x161.png 350w\" sizes=\"auto, (max-width: 357px) 100vw, 357px\" \/>\n\t\t\t\t\t\t\t\t\t\t\t\t\t\t\t<\/a>\n\t\t\t\t\t\t\t\t\t\t\t\t<\/div>\n\t\t\t\t\t\t\t\t\t\n\t\t\t\t\t\t\t<\/div>\n\n\t\t\t\t\t<\/div>\n\t\t<\/div><\/div><\/div><div class=\"wpb_column vc_column_container vc_col-sm-4\"><div class=\"vc_column-inner\"><div class=\"wpb_wrapper\">\n\t\t<div id=\"wd-5fc8b250e4eb0\" class=\"title-wrapper wd-wpb wd-set-mb reset-last-child  wd-rs-5fc8b250e4eb0 wd-title-color-primary wd-title-style-underlined text-left  wd-underline-colored\">\n\t\t\t\n\t\t\t<div class=\"liner-continer\">\n\t\t\t\t<h4 class=\"woodmart-title-container title  wd-font-weight-600 wd-fontsize-l\" >\u521d\u69a8\u6a44\u6984\u6cb9<\/h4>\n\t\t\t\t\t\t\t<\/div>\n\t\t\t\n\t\t\t\n\t\t\t\n\t\t<\/div>\n\t\t\n\t\t\n\t<div class=\"wpb_text_column wpb_content_element\" >\n\t\t<div class=\"wpb_wrapper\">\n\t\t\t<p>\u6765\u81ea\u8d1d\u5c3c\u8fc8\u62c9\u52d2-\u6d77\u5c3c\u592b\u62c9\u5730\u533a\u7684\u6a44\u6984\u6cb9\uff0c\u4ee3\u8868\u4e86\u8be5\u5730\u533a\u98ce\u571f\u7684\u54c1\u8d28\u3002<\/p>\n<ul>\n<li>\u9996\u6b21\u538b\u69a8\u8d1d\u5c3c\u8fc8\u62c9\u52d2\u7684\u5929\u7136\u6a44\u6984\u6cb9\u3002<\/li>\n<\/ul>\n\n\t\t<\/div>\n\t<\/div>\n<\/div><\/div><\/div><div class=\"wpb_column vc_column_container vc_col-sm-4\"><div class=\"vc_column-inner\"><div class=\"wpb_wrapper\">\n\t\t<div id=\"wd-5fc79beda22a4\" class=\"title-wrapper wd-wpb wd-set-mb reset-last-child  wd-rs-5fc79beda22a4 wd-title-color-primary wd-title-style-underlined text-left  wd-underline-colored\">\n\t\t\t\n\t\t\t<div class=\"liner-continer\">\n\t\t\t\t<h4 class=\"woodmart-title-container title  wd-font-weight-600 wd-fontsize-l\" >\u4f18\u52bf<\/h4>\n\t\t\t\t\t\t\t<\/div>\n\t\t\t\n\t\t\t\n\t\t\t\n\t\t<\/div>\n\t\t\n\t\t\n\t<div class=\"wpb_text_column wpb_content_element\" >\n\t\t<div class=\"wpb_wrapper\">\n\t\t\t<ul>\n<li>\u964d\u4f4e\u4e2d\u98ce\u98ce\u9669\u3002<\/li>\n<li>\u9650\u5236\u9910\u540e\u8840\u7cd6\u6c34\u5e73\u7684\u5347\u9ad8\u3002<\/li>\n<li>\u7ebf\u7c92\u4f53\u7684\u5f62\u6210\u589e\u52a0\u3002<\/li>\n<li>\u9884\u9632\u4e73\u817a\u764c\u3001\u6d88\u5316\u9053\u764c\u3002<\/li>\n<li>\u9884\u9632\u52a8\u8109\u786c\u5316\u3001\u8840\u7ba1\u786c\u5316\u3002<\/li>\n<\/ul>\n\n\t\t<\/div>\n\t<\/div>\n<\/div><\/div><\/div><\/div>\n<\/div>","protected":false},"excerpt":{"rendered":"<p>\u6765\u81ea\u8d1d\u5c3c\u8fc8\u62c9\u52d2-\u6d77\u5c3c\u592b\u62c9\u5730\u533a\u7684\u6a44\u6984\u6cb9\uff0c\u4ee3\u8868\u4e86\u8be5\u5730\u533a\u98ce\u571f\u7684\u54c1\u8d28\u3002<\/p>\n<ul>\n<li>\u9996\u6b21\u538b\u69a8\u8d1d\u5c3c\u8fc8\u62c9\u52d2\u7684\u5929\u7136\u6a44\u6984\u6cb9\u3002<\/li>\n<\/ul>","protected":false},"featured_media":3147,"comment_status":"open","ping_status":"closed","template":"","meta":{"_angie_page":false,"inline_featured_image":false,"jetpack_publicize_message":"","jetpack_publicize_feature_enabled":true,"jetpack_social_post_already_shared":false,"jetpack_social_options":{"image_generator_settings":{"template":"highway","default_image_id":0,"font":"","enabled":false},"version":2}},"product_brand":[],"product_cat":[36],"product_tag":[125,100,101],"class_list":{"0":"post-3139","1":"product","2":"type-product","3":"status-publish","4":"has-post-thumbnail","6":"product_cat-huile-olive","7":"product_tag-chaud","8":"product_tag-mbm","9":"product_tag-101","11":"first","12":"instock","13":"sale","14":"featured","15":"purchasable","16":"product-type-simple"},"yoast_head":"<!-- This site is optimized with the Yoast SEO plugin v27.5 - https:\/\/yoast.com\/product\/yoast-seo-wordpress\/ -->\n<title>Bidon Huile d&#039;Olive Vierge 10L - Beldify.shop - Organic Life Style<\/title>\n<meta name=\"robots\" content=\"index, follow, max-snippet:-1, max-image-preview:large, max-video-preview:-1\" \/>\n<link rel=\"canonical\" href=\"https:\/\/beldify.shop\/zh\/product\/bidon-huile-dolive-vierge-10l\/\" \/>\n<meta property=\"og:locale\" content=\"zh_CN\" \/>\n<meta property=\"og:type\" content=\"article\" \/>\n<meta property=\"og:title\" content=\"Bidon Huile d&#039;Olive Vierge 10L - Beldify.shop - Organic Life Style\" \/>\n<meta property=\"og:description\" content=\"Huile d&#039;olive originaire de la r\u00e9gion de Beni mellal-khenifra , repr\u00e9sentante de la qualit\u00e9 du terroir de la r\u00e9gion.   Huile d\u2019olive naturelle premi\u00e8re pression en provenance de B\u00e9ni Mellal.\" \/>\n<meta property=\"og:url\" content=\"https:\/\/beldify.shop\/zh\/product\/bidon-huile-dolive-vierge-10l\/\" \/>\n<meta property=\"og:site_name\" content=\"Beldify.shop - Organic Life Style\" \/>\n<meta property=\"article:publisher\" content=\"https:\/\/www.facebook.com\/beldify.shop\" \/>\n<meta property=\"article:modified_time\" content=\"2026-01-13T22:47:04+00:00\" \/>\n<meta property=\"og:image\" content=\"https:\/\/beldify.shop\/wp-content\/uploads\/2020\/11\/10L.png\" \/>\n\t<meta property=\"og:image:width\" content=\"500\" \/>\n\t<meta property=\"og:image:height\" content=\"500\" \/>\n\t<meta property=\"og:image:type\" content=\"image\/png\" \/>\n<meta name=\"twitter:card\" content=\"summary_large_image\" \/>\n<meta name=\"twitter:label1\" content=\"\u9884\u8ba1\u9605\u8bfb\u65f6\u95f4\" \/>\n\t<meta name=\"twitter:data1\" content=\"1 \u5206\" \/>\n<script type=\"application\/ld+json\" class=\"yoast-schema-graph\">{\"@context\":\"https:\\\/\\\/schema.org\",\"@graph\":[{\"@type\":\"WebPage\",\"@id\":\"https:\\\/\\\/beldify.shop\\\/produit\\\/bidon-huile-dolive-vierge-10l\\\/\",\"url\":\"https:\\\/\\\/beldify.shop\\\/produit\\\/bidon-huile-dolive-vierge-10l\\\/\",\"name\":\"Bidon Huile d'Olive Vierge 10L - Beldify.shop - Organic Life Style\",\"isPartOf\":{\"@id\":\"https:\\\/\\\/beldify.shop\\\/#website\"},\"primaryImageOfPage\":{\"@id\":\"https:\\\/\\\/beldify.shop\\\/produit\\\/bidon-huile-dolive-vierge-10l\\\/#primaryimage\"},\"image\":{\"@id\":\"https:\\\/\\\/beldify.shop\\\/produit\\\/bidon-huile-dolive-vierge-10l\\\/#primaryimage\"},\"thumbnailUrl\":\"https:\\\/\\\/beldify.shop\\\/wp-content\\\/uploads\\\/2020\\\/11\\\/10L.png\",\"datePublished\":\"2020-11-27T09:10:30+00:00\",\"dateModified\":\"2026-01-13T22:47:04+00:00\",\"breadcrumb\":{\"@id\":\"https:\\\/\\\/beldify.shop\\\/produit\\\/bidon-huile-dolive-vierge-10l\\\/#breadcrumb\"},\"inLanguage\":\"zh-Hans\",\"potentialAction\":[{\"@type\":\"ReadAction\",\"target\":[\"https:\\\/\\\/beldify.shop\\\/produit\\\/bidon-huile-dolive-vierge-10l\\\/\"]}]},{\"@type\":\"ImageObject\",\"inLanguage\":\"zh-Hans\",\"@id\":\"https:\\\/\\\/beldify.shop\\\/produit\\\/bidon-huile-dolive-vierge-10l\\\/#primaryimage\",\"url\":\"https:\\\/\\\/beldify.shop\\\/wp-content\\\/uploads\\\/2020\\\/11\\\/10L.png\",\"contentUrl\":\"https:\\\/\\\/beldify.shop\\\/wp-content\\\/uploads\\\/2020\\\/11\\\/10L.png\",\"width\":500,\"height\":500},{\"@type\":\"BreadcrumbList\",\"@id\":\"https:\\\/\\\/beldify.shop\\\/produit\\\/bidon-huile-dolive-vierge-10l\\\/#breadcrumb\",\"itemListElement\":[{\"@type\":\"ListItem\",\"position\":1,\"name\":\"Accueil\",\"item\":\"https:\\\/\\\/beldify.shop\\\/\"},{\"@type\":\"ListItem\",\"position\":2,\"name\":\"Boutique\",\"item\":\"https:\\\/\\\/beldify.shop\\\/boutique\\\/\"},{\"@type\":\"ListItem\",\"position\":3,\"name\":\"Bidon Huile d&rsquo;Olive Vierge 10L\"}]},{\"@type\":\"WebSite\",\"@id\":\"https:\\\/\\\/beldify.shop\\\/#website\",\"url\":\"https:\\\/\\\/beldify.shop\\\/\",\"name\":\"Beldify.shop - Organic Life Style\",\"description\":\"Moroccan Natural Products\",\"potentialAction\":[{\"@type\":\"SearchAction\",\"target\":{\"@type\":\"EntryPoint\",\"urlTemplate\":\"https:\\\/\\\/beldify.shop\\\/?s={search_term_string}\"},\"query-input\":{\"@type\":\"PropertyValueSpecification\",\"valueRequired\":true,\"valueName\":\"search_term_string\"}}],\"inLanguage\":\"zh-Hans\"}]}<\/script>\n<!-- \/ Yoast SEO plugin. -->","yoast_head_json":{"title":"Bidon Huile d'Olive Vierge 10L - Beldify.shop - Organic Life Style","robots":{"index":"index","follow":"follow","max-snippet":"max-snippet:-1","max-image-preview":"max-image-preview:large","max-video-preview":"max-video-preview:-1"},"canonical":"https:\/\/beldify.shop\/zh\/product\/bidon-huile-dolive-vierge-10l\/","og_locale":"zh_CN","og_type":"article","og_title":"Bidon Huile d'Olive Vierge 10L - Beldify.shop - Organic Life Style","og_description":"Huile d'olive originaire de la r\u00e9gion de Beni mellal-khenifra , repr\u00e9sentante de la qualit\u00e9 du terroir de la r\u00e9gion.   Huile d\u2019olive naturelle premi\u00e8re pression en provenance de B\u00e9ni Mellal.","og_url":"https:\/\/beldify.shop\/zh\/product\/bidon-huile-dolive-vierge-10l\/","og_site_name":"Beldify.shop - Organic Life Style","article_publisher":"https:\/\/www.facebook.com\/beldify.shop","article_modified_time":"2026-01-13T22:47:04+00:00","og_image":[{"width":500,"height":500,"url":"https:\/\/beldify.shop\/wp-content\/uploads\/2020\/11\/10L.png","type":"image\/png"}],"twitter_card":"summary_large_image","twitter_misc":{"\u9884\u8ba1\u9605\u8bfb\u65f6\u95f4":"1 \u5206"},"schema":{"@context":"https:\/\/schema.org","@graph":[{"@type":"WebPage","@id":"https:\/\/beldify.shop\/produit\/bidon-huile-dolive-vierge-10l\/","url":"https:\/\/beldify.shop\/produit\/bidon-huile-dolive-vierge-10l\/","name":"Bidon Huile d'Olive Vierge 10L - Beldify.shop - Organic Life Style","isPartOf":{"@id":"https:\/\/beldify.shop\/#website"},"primaryImageOfPage":{"@id":"https:\/\/beldify.shop\/produit\/bidon-huile-dolive-vierge-10l\/#primaryimage"},"image":{"@id":"https:\/\/beldify.shop\/produit\/bidon-huile-dolive-vierge-10l\/#primaryimage"},"thumbnailUrl":"https:\/\/beldify.shop\/wp-content\/uploads\/2020\/11\/10L.png","datePublished":"2020-11-27T09:10:30+00:00","dateModified":"2026-01-13T22:47:04+00:00","breadcrumb":{"@id":"https:\/\/beldify.shop\/produit\/bidon-huile-dolive-vierge-10l\/#breadcrumb"},"inLanguage":"zh-Hans","potentialAction":[{"@type":"ReadAction","target":["https:\/\/beldify.shop\/produit\/bidon-huile-dolive-vierge-10l\/"]}]},{"@type":"ImageObject","inLanguage":"zh-Hans","@id":"https:\/\/beldify.shop\/produit\/bidon-huile-dolive-vierge-10l\/#primaryimage","url":"https:\/\/beldify.shop\/wp-content\/uploads\/2020\/11\/10L.png","contentUrl":"https:\/\/beldify.shop\/wp-content\/uploads\/2020\/11\/10L.png","width":500,"height":500},{"@type":"BreadcrumbList","@id":"https:\/\/beldify.shop\/produit\/bidon-huile-dolive-vierge-10l\/#breadcrumb","itemListElement":[{"@type":"ListItem","position":1,"name":"Accueil","item":"https:\/\/beldify.shop\/"},{"@type":"ListItem","position":2,"name":"Boutique","item":"https:\/\/beldify.shop\/boutique\/"},{"@type":"ListItem","position":3,"name":"Bidon Huile d&rsquo;Olive Vierge 10L"}]},{"@type":"WebSite","@id":"https:\/\/beldify.shop\/#website","url":"https:\/\/beldify.shop\/","name":"Beldify.shop - Organic Life Style","description":"\u6469\u6d1b\u54e5\u5929\u7136\u4ea7\u54c1","potentialAction":[{"@type":"SearchAction","target":{"@type":"EntryPoint","urlTemplate":"https:\/\/beldify.shop\/?s={search_term_string}"},"query-input":{"@type":"PropertyValueSpecification","valueRequired":true,"valueName":"search_term_string"}}],"inLanguage":"zh-Hans"}]}},"jetpack_publicize_connections":[],"jetpack_likes_enabled":true,"jetpack_sharing_enabled":true,"jetpack-related-posts":[],"_links":{"self":[{"href":"https:\/\/beldify.shop\/zh\/wp-json\/wp\/v2\/product\/3139","targetHints":{"allow":["GET"]}}],"collection":[{"href":"https:\/\/beldify.shop\/zh\/wp-json\/wp\/v2\/product"}],"about":[{"href":"https:\/\/beldify.shop\/zh\/wp-json\/wp\/v2\/types\/product"}],"replies":[{"embeddable":true,"href":"https:\/\/beldify.shop\/zh\/wp-json\/wp\/v2\/comments?post=3139"}],"wp:featuredmedia":[{"embeddable":true,"href":"https:\/\/beldify.shop\/zh\/wp-json\/wp\/v2\/media\/3147"}],"wp:attachment":[{"href":"https:\/\/beldify.shop\/zh\/wp-json\/wp\/v2\/media?parent=3139"}],"wp:term":[{"taxonomy":"product_brand","embeddable":true,"href":"https:\/\/beldify.shop\/zh\/wp-json\/wp\/v2\/product_brand?post=3139"},{"taxonomy":"product_cat","embeddable":true,"href":"https:\/\/beldify.shop\/zh\/wp-json\/wp\/v2\/product_cat?post=3139"},{"taxonomy":"product_tag","embeddable":true,"href":"https:\/\/beldify.shop\/zh\/wp-json\/wp\/v2\/product_tag?post=3139"}],"curies":[{"name":"wp","href":"https:\/\/api.w.org\/{rel}","templated":true}]}}