{"id":2513,"date":"2020-07-08T05:52:31","date_gmt":"2020-07-08T05:52:31","guid":{"rendered":"https:\/\/beldify.shop?page_id=2513"},"modified":"2021-01-04T03:14:51","modified_gmt":"2021-01-04T03:14:51","slug":"charte-solidaire","status":"publish","type":"page","link":"https:\/\/beldify.shop\/zh\/charte-solidaire\/","title":{"rendered":"\u6211\u4eec\u7684\u56e2\u7ed3\u5baa\u7ae0"},"content":{"rendered":"<div class=\"wpb-content-wrapper\"><div data-vc-full-width=\"true\" data-vc-full-width-temp=\"true\" data-vc-full-width-init=\"false\" data-vc-parallax=\"1.5\" data-vc-parallax-image=\"https:\/\/beldify.shop\/wp-content\/uploads\/2020\/06\/menu.jpg\" class=\"vc_row wpb_row vc_row-fluid vc_custom_1593353024385 vc_row-has-fill vc_row-o-content-middle vc_row-flex vc_general vc_parallax vc_parallax-content-moving\"><div class=\"wpb_column vc_column_container vc_col-sm-12\"><div class=\"vc_column-inner vc_custom_1514281992991\"><div class=\"wpb_wrapper\">\n\t<div class=\"wpb_video_widget wpb_content_element vc_clearfix vc_video-aspect-ratio-169 vc_video-el-width-100 vc_video-align-center\" >\n\t\t<div class=\"wpb_wrapper\">\n\t\t\t\n\t\t\t<div class=\"wpb_video_wrapper\"><iframe loading=\"lazy\" title=\"\u4ec0\u4e48\u662f\u793e\u4f1a\u7ecf\u6d4e\u5b66\uff1f\" width=\"500\" height=\"281\" src=\"https:\/\/www.youtube.com\/embed\/k5nEI0bMMdc?feature=oembed\" frameborder=\"0\" allow=\"accelerometer; autoplay; clipboard-write; encrypted-media; gyroscope; picture-in-picture; web-share\" referrerpolicy=\"strict-origin-when-cross-origin\" allowfullscreen><\/iframe><\/div>\n\t\t<\/div>\n\t<\/div>\n\n\t\t<div id=\"wd-5f05515ad44f6\" class=\"title-wrapper wd-wpb wd-set-mb reset-last-child  wd-rs-5f05515ad44f6 wd-title-color-default wd-title-style-image text-center  wd-underline-colored\">\n\t\t\t\n\t\t\t<div class=\"liner-continer\">\n\t\t\t\t<h3 class=\"woodmart-title-container title  wd-font-weight-700 wd-fontsize-l\" >\u56e2\u7ed3\u5baa\u7ae0<\/h3>\n\t\t\t\t\t\t\t\t\t<span class=\"img-wrapper\"><img decoding=\"async\" class=\"wd-lazy-fade\"  src=\"https:\/\/beldify.shop\/wp-content\/themes\/woodmart\/images\/lazy.svg\" data-src=\"https:\/\/beldify.shop\/wp-content\/uploads\/2017\/12\/organic-svg-title-img.svg\" title=\"\u6709\u673a-svg-\u6807\u9898-\u56fe\u7247\" loading=\"lazy\" width=\"160\" height=\"36\"><\/span>\t\t\t\t\t\t\t<\/div>\n\t\t\t\n\t\t\t\t\t\t\t<div class=\"title-after_title reset-last-child  wd-fontsize-xs\">Eco market Coop \u662f\u4e00\u4e2a\u7531\u793e\u4f1a\u548c\u56e2\u7ed3\u7ecf\u6d4e\u53c2\u4e0e\u8005\u7ec4\u6210\u7684\u56e2\u4f53\uff0c\u4e0e\u8d1d\u5c3c\u6885\u62c9\u52d2\u5730\u533a\u5177\u6709\u793e\u4f1a\u8d23\u4efb\u611f\u7684\u4e2d\u5c0f\u4f01\u4e1a\u76f8\u5173\u8054\uff0c\u8be5\u56e2\u4f53\u5b9e\u65bd\u5171\u540c\u7684\u3001\u6301\u7eed\u7684\u5408\u4f5c\u4e0e\u8d44\u6e90\u5171\u4eab\u6218\u7565\uff0c\u4ee5\u670d\u52a1\u4e8e\u521b\u65b0\u548c\u53ef\u6301\u7eed\u7684\u5408\u4f5c\u9879\u76ee\u3002<\/div>\n\t\t\t\n\t\t\t\n\t\t<\/div>\n\t\t\n\t\t<\/div><\/div><\/div><div class=\"wpb_column vc_column_container vc_col-sm-12 vc_col-md-4\"><div class=\"vc_column-inner vc_custom_1514464518181\"><div class=\"wpb_wrapper\">\n\t\t<div id=\"wd-5f055a084e8ce\" class=\"title-wrapper wd-wpb wd-set-mb reset-last-child  wd-rs-5f055a084e8ce wd-title-color-default wd-title-style-default text-left  wd-underline-colored\">\n\t\t\t\n\t\t\t<div class=\"liner-continer\">\n\t\t\t\t<h4 class=\"woodmart-title-container title  wd-font-weight- wd-fontsize-l\" >\u5c0a\u91cd\u793e\u4f1a\u548c\u56e2\u7ed3\u7ecf\u6d4e\u7684\u4ef7\u503c\u89c2<\/h4>\n\t\t\t\t\t\t\t<\/div>\n\t\t\t\n\t\t\t\n\t\t\t\n\t\t<\/div>\n\t\t\n\t\t\t\t\t<div class=\"info-box-wrapper\">\n\t\t\t\t<div id=\"wd-5f05586d45a54\" class=\"wd-rs-5f05586d45a54 wd-info-box wd-wpb text-left box-icon-align-right box-style- color-scheme- wd-bg-none wd-items-top vc_custom_1594185843109\">\n\t\t\t\t\t\t\t\t\t\t<div class=\"info-box-content\">\n\t\t\t\t\t\t\t\t\t\t\t\t<div class=\"info-box-inner reset-last-child\"><p>\u4e0d\u5206\u6027\u522b\u3001\u793e\u4f1a\u548c\u6587\u5316\u80cc\u666f\uff0c\u4eba\u4eba\u5e73\u7b49\uff0c\u901a\u8fc7\u516c\u6c11\u53c2\u4e0e\u5b9e\u73b0\u89e3\u653e\uff0c\u9886\u571f\u951a\u5b9a\uff0c\u7814\u7a76\u4e0e\u53d1\u5c55\uff0c\u6c47\u96c6\u4e0e\u5408\u4f5c\uff0c\u751f\u6001\u8b66\u60d5\u3002<\/p>\n<\/div>\n\n\t\t\t\t\t\t\t\t\t\t\t<\/div>\n\n\t\t\t\t\t\n\t\t\t\t\t\t\t\t\t<\/div>\n\t\t\t<\/div>\n\t\t\n\t\t<div id=\"wd-5f0558825be82\" class=\"title-wrapper wd-wpb wd-set-mb reset-last-child  wd-rs-5f0558825be82 wd-title-color-default wd-title-style-default text-left  wd-underline-colored\">\n\t\t\t\n\t\t\t<div class=\"liner-continer\">\n\t\t\t\t<h4 class=\"woodmart-title-container title  wd-font-weight- wd-fontsize-l\" >\u6c11\u4e3b\u7ba1\u7406<\/h4>\n\t\t\t\t\t\t\t<\/div>\n\t\t\t\n\t\t\t\n\t\t\t\n\t\t<\/div>\n\t\t\n\t\t\t\t\t<div class=\"info-box-wrapper\">\n\t\t\t\t<div id=\"wd-5f0558884c8b1\" class=\"wd-rs-5f0558884c8b1 wd-info-box wd-wpb text-left box-icon-align-right box-style- color-scheme- wd-bg-none wd-items-top vc_custom_1594185871080\">\n\t\t\t\t\t\t\t\t\t\t<div class=\"info-box-content\">\n\t\t\t\t\t\t\t\t\t\t\t\t<div class=\"info-box-inner reset-last-child\"><p>\u5404\u7ec4\u6210\u90e8\u5206\u4e4b\u95f4\u5f00\u5c55\u5408\u4f5c\uff0c\u4ee5\u4fc3\u8fdb\u534f\u540c\u8fd0\u4f5c\u548c\u5171\u4eab\u8d1f\u8d23\u4efb\u7684\u6cbb\u7406\uff0c\u9075\u5faa\u4e00\u4eba\u4e00\u7968\u7684\u539f\u5219\uff0c\u5e76\u4ee5\u5171\u8bc6\u51b3\u7b56\u65b9\u5f0f\u4e3a\u652f\u6301\u3002<\/p>\n<\/div>\n\n\t\t\t\t\t\t\t\t\t\t\t<\/div>\n\n\t\t\t\t\t\n\t\t\t\t\t\t\t\t\t<\/div>\n\t\t\t<\/div>\n\t\t\n\t\t<div id=\"wd-5f0558923b351\" class=\"title-wrapper wd-wpb wd-set-mb reset-last-child  wd-rs-5f0558923b351 wd-title-color-default wd-title-style-default text-left  wd-underline-colored\">\n\t\t\t\n\t\t\t<div class=\"liner-continer\">\n\t\t\t\t<h4 class=\"woodmart-title-container title  wd-font-weight- wd-fontsize-l\" >\u4f1a\u5458\u81ea\u7531\u3002<\/h4>\n\t\t\t\t\t\t\t<\/div>\n\t\t\t\n\t\t\t\n\t\t\t\n\t\t<\/div>\n\t\t\n\t\t\t\t\t<div class=\"info-box-wrapper\">\n\t\t\t\t<div id=\"wd-5f055898c281e\" class=\"wd-rs-5f055898c281e wd-info-box wd-wpb text-left box-icon-align-right box-style- color-scheme- wd-bg-none wd-items-top vc_custom_1594185887628\">\n\t\t\t\t\t\t\t\t\t\t<div class=\"info-box-content\">\n\t\t\t\t\t\t\t\t\t\t\t\t<div class=\"info-box-inner reset-last-child\"><p>\u5408\u4f5c\u793e\u8fd0\u52a8\u7684\u5148\u9a71\u4eec\u7279\u522b\u91cd\u89c6\u6210\u5458\u81ea\u7531\uff0c\u6839\u636e\u8fd9\u4e00\u53e4\u8001\u539f\u5219\uff0c\u5408\u4f5c\u793e\u5fc5\u987b\u59cb\u7ec8\u5411\u65b0\u6210\u5458\u5f00\u653e\uff0c<\/p>\n<\/div>\n\n\t\t\t\t\t\t\t\t\t\t\t<\/div>\n\n\t\t\t\t\t\n\t\t\t\t\t\t\t\t\t<\/div>\n\t\t\t<\/div>\n\t\t<\/div><\/div><\/div><div class=\"wpb_column vc_column_container vc_col-sm-12 vc_col-md-4\"><div class=\"vc_column-inner vc_custom_1514464524130\"><div class=\"wpb_wrapper\"><\/div><\/div><\/div><div class=\"wpb_column vc_column_container vc_col-sm-12 vc_col-md-4\"><div class=\"vc_column-inner vc_custom_1514464530477\"><div class=\"wpb_wrapper\">\n\t\t<div id=\"wd-5f0558a4d6d06\" class=\"title-wrapper wd-wpb wd-set-mb reset-last-child  wd-rs-5f0558a4d6d06 wd-title-color-default wd-title-style-default text-left  wd-underline-colored\">\n\t\t\t\n\t\t\t<div class=\"liner-continer\">\n\t\t\t\t<h4 class=\"woodmart-title-container title  wd-font-weight- wd-fontsize-l\" >\u76c8\u5229\u80fd\u529b\u6709\u9650<\/h4>\n\t\t\t\t\t\t\t<\/div>\n\t\t\t\n\t\t\t\n\t\t\t\n\t\t<\/div>\n\t\t\n\t\t\t\t\t<div class=\"info-box-wrapper\">\n\t\t\t\t<div id=\"wd-5f0558aae8a26\" class=\"wd-rs-5f0558aae8a26 wd-info-box wd-wpb text-left box-icon-align-left box-style- color-scheme- wd-bg-none wd-items-top vc_custom_1594185904768\">\n\t\t\t\t\t\t\t\t\t\t<div class=\"info-box-content\">\n\t\t\t\t\t\t\t\t\t\t\t\t<div class=\"info-box-inner reset-last-child\"><\/p>\n<div class=\"field field-name-field-summary field-type-text-long field-label-hidden\">\n<div class=\"field-items\">\n<div class=\"field-item even\">\n<p>\u793e\u4f1a\u56e2\u7ed3\u7ecf\u6d4e\uff08SSE\uff09\u65e8\u5728\u53d1\u5c55\u4e00\u79cd\u5c0a\u91cd\u4eba\u6c11\u548c\u73af\u5883\u7684\u53ef\u6301\u7eed\u7ecf\u6d4e\u3002\u5b9e\u73b0\u8fd9\u4e00\u76ee\u6807\u7684\u57fa\u672c\u539f\u5219\u4e4b\u4e00\u662f\u9650\u5236\u76c8\u5229\u80fd\u529b\u3002<\/p>\n<\/div>\n<\/div>\n<\/div>\n<p>\n<\/div>\n\n\t\t\t\t\t\t\t\t\t\t\t<\/div>\n\n\t\t\t\t\t\n\t\t\t\t\t\t\t\t\t<\/div>\n\t\t\t<\/div>\n\t\t\n\t\t<div id=\"wd-5f0558bb71642\" class=\"title-wrapper wd-wpb wd-set-mb reset-last-child  wd-rs-5f0558bb71642 wd-title-color-default wd-title-style-default text-left  wd-underline-colored\">\n\t\t\t\n\t\t\t<div class=\"liner-continer\">\n\t\t\t\t<h4 class=\"woodmart-title-container title  wd-font-weight- wd-fontsize-l\" >\u8d44\u6e90\u7684\u8854\u63a5\u548c\u4e92\u8865<\/h4>\n\t\t\t\t\t\t\t<\/div>\n\t\t\t\n\t\t\t\n\t\t\t\n\t\t<\/div>\n\t\t\n\t\t\t\t\t<div class=\"info-box-wrapper\">\n\t\t\t\t<div id=\"wd-5f0558c19b87e\" class=\"wd-rs-5f0558c19b87e wd-info-box wd-wpb text-left box-icon-align-left box-style- color-scheme- wd-bg-none wd-items-top vc_custom_1594185928156\">\n\t\t\t\t\t\t\t\t\t\t<div class=\"info-box-content\">\n\t\t\t\t\t\t\t\t\t\t\t\t<div class=\"info-box-inner reset-last-child\"><p>\u8d44\u6e90\u7684\u8854\u63a5\u4e0e\u4e92\u8865\uff08\u5e02\u573a\u7ecf\u6d4e\u3001\u4e92\u60e0\u7ecf\u6d4e\u3001\u518d\u5206\u914d\u7ecf\u6d4e\uff09\uff0c<\/p>\n<\/div>\n\n\t\t\t\t\t\t\t\t\t\t\t<\/div>\n\n\t\t\t\t\t\n\t\t\t\t\t\t\t\t\t<\/div>\n\t\t\t<\/div>\n\t\t\n\t\t<div id=\"wd-5f05596a184ee\" class=\"title-wrapper wd-wpb wd-set-mb reset-last-child  wd-rs-5f05596a184ee wd-title-color-default wd-title-style-default text-left  wd-underline-colored\">\n\t\t\t\n\t\t\t<div class=\"liner-continer\">\n\t\t\t\t<h4 class=\"woodmart-title-container title  wd-font-weight- wd-fontsize-l\" >\u5f00\u653e\u4e0e\u652f\u6301<\/h4>\n\t\t\t\t\t\t\t<\/div>\n\t\t\t\n\t\t\t\n\t\t\t\n\t\t<\/div>\n\t\t\n\t\t\t\t\t<div class=\"info-box-wrapper\">\n\t\t\t\t<div id=\"wd-5f0558d2950f6\" class=\"wd-rs-5f0558d2950f6 wd-info-box wd-wpb text-left box-icon-align-left box-style- color-scheme- wd-bg-none wd-items-top vc_custom_1594185944209\">\n\t\t\t\t\t\t\t\t\t\t<div class=\"info-box-content\">\n\t\t\t\t\t\t\t\t\t\t\t\t<div class=\"info-box-inner reset-last-child\"><p>\u5411\u5728\u793e\u4f1a\u548c\u56e2\u7ed3\u7ecf\u6d4e\u65b9\u9762\u6709\u65b0\u4e3e\u63aa\u7684\u4eba<\/p>\n<\/div>\n\n\t\t\t\t\t\t\t\t\t\t\t<\/div>\n\n\t\t\t\t\t\n\t\t\t\t\t\t\t\t\t<\/div>\n\t\t\t<\/div>\n\t\t<\/div><\/div><\/div><\/div><div class=\"vc_row-full-width vc_clearfix\"><\/div><div class=\"vc_row wpb_row vc_row-fluid vc_custom_1609733762947 vc_row-has-fill vc_row-o-equal-height vc_row-flex\"><div class=\"wpb_column vc_column_container vc_col-sm-6 vc_col-md-3 vc_col-has-fill color-scheme-dark\"><div class=\"vc_column-inner vc_custom_1593274447748\"><div class=\"wpb_wrapper\">\t\t\t<div id=\"wd-5f0538c318e6a\" class=\"wd-text-block-wrapper wd-wpb wd-rs-5f0538c318e6a color-scheme-custom text-left inline-element vc_custom_1594177751952\">\n\t\t\t\t<div class=\"woodmart-title-container woodmart-text-block reset-last-child font-primary wd-font-weight-600\">\n\t\t\t\t\t1.\t\t\t\t<\/div>\n\n\t\t\t\t\t\t\t<\/div>\n\t\t\t\t\t<div id=\"wd-5ef0d9a5a2525\" class=\"wd-text-block-wrapper wd-wpb wd-rs-5ef0d9a5a2525 color-scheme-custom text-left vc_custom_1592842722414\">\n\t\t\t\t<div class=\"woodmart-title-container woodmart-text-block reset-last-child font-primary wd-font-weight-600\">\n\t\t\t\t\t\u7cbe\u5fc3\u6253\u9020\u7684\u4ea7\u54c1\t\t\t\t<\/div>\n\n\t\t\t\t\t\t\t<\/div>\n\t\t\t\t\t<div id=\"wd-5ef8b6fb561c5\" class=\"wd-text-block-wrapper wd-wpb wd-rs-5ef8b6fb561c5 color-scheme-custom text-left vc_custom_1593358080640\">\n\t\t\t\t<div class=\"woodmart-title-container woodmart-text-block reset-last-child font-text wd-font-weight-\">\n\t\t\t\t\t\u7cbe\u5fc3\u6253\u9020\u7684\u4ea7\u54c1\t\t\t\t<\/div>\n\n\t\t\t\t\t\t\t<\/div>\n\t\t<\/div><\/div><\/div><div class=\"wpb_column vc_column_container vc_col-sm-6 vc_col-md-3 vc_col-has-fill color-scheme-light\"><div class=\"vc_column-inner vc_custom_1593274584882\"><div class=\"wpb_wrapper\">\t\t\t<div id=\"wd-69fbf6b3b8b29\" class=\"wd-text-block-wrapper wd-wpb color-scheme-custom text-left vc_custom_1514292756665\">\n\t\t\t\t<div class=\"woodmart-title-container woodmart-text-block reset-last-child font-primary wd-font-weight-600\">\n\t\t\t\t\t2.\t\t\t\t<\/div>\n\n\t\t\t\t\t\t\t<\/div>\n\t\t\t\t\t<div id=\"wd-5ef8b7073a0d4\" class=\"wd-text-block-wrapper wd-wpb wd-rs-5ef8b7073a0d4 color-scheme-custom text-left vc_custom_1593358092304\">\n\t\t\t\t<div class=\"woodmart-title-container woodmart-text-block reset-last-child font-primary wd-font-weight-600\">\n\t\t\t\t\t\u65b0\u9c9c\u70f9\u5236\t\t\t\t<\/div>\n\n\t\t\t\t\t\t\t<\/div>\n\t\t\t\t\t<div id=\"wd-5ef8b71146a47\" class=\"wd-text-block-wrapper wd-wpb wd-rs-5ef8b71146a47 color-scheme-custom text-left vc_custom_1593358101712\">\n\t\t\t\t<div class=\"woodmart-title-container woodmart-text-block reset-last-child font-text wd-font-weight-\">\n\t\t\t\t\t\u65b0\u9c9c\u70f9\u5236\t\t\t\t<\/div>\n\n\t\t\t\t\t\t\t<\/div>\n\t\t<\/div><\/div><\/div><div class=\"wpb_column vc_column_container vc_col-sm-6 vc_col-md-3 vc_col-has-fill color-scheme-light\"><div class=\"vc_column-inner vc_custom_1593274611700\"><div class=\"wpb_wrapper\">\t\t\t<div id=\"wd-69fbf6b3b8d0f\" class=\"wd-text-block-wrapper wd-wpb color-scheme-custom text-left vc_custom_1514292762585\">\n\t\t\t\t<div class=\"woodmart-title-container woodmart-text-block reset-last-child font-primary wd-font-weight-600\">\n\t\t\t\t\t3.\t\t\t\t<\/div>\n\n\t\t\t\t\t\t\t<\/div>\n\t\t\t\t\t<div id=\"wd-5ef8b69624af9\" class=\"wd-text-block-wrapper wd-wpb wd-rs-5ef8b69624af9 color-scheme-custom text-left vc_custom_1593357996712\">\n\t\t\t\t<div class=\"woodmart-title-container woodmart-text-block reset-last-child font-primary wd-font-weight-600\">\n\t\t\t\t\t\u5305\u88c5\u7cbe\u7f8e\t\t\t\t<\/div>\n\n\t\t\t\t\t\t\t<\/div>\n\t\t\t\t\t<div id=\"wd-5ef8b7347a3f5\" class=\"wd-text-block-wrapper wd-wpb wd-rs-5ef8b7347a3f5 color-scheme-custom text-left vc_custom_1593358137919\">\n\t\t\t\t<div class=\"woodmart-title-container woodmart-text-block reset-last-child font-text wd-font-weight-\">\n\t\t\t\t\t\u5305\u88c5\u7cbe\u7f8e\t\t\t\t<\/div>\n\n\t\t\t\t\t\t\t<\/div>\n\t\t<\/div><\/div><\/div><div class=\"wpb_column vc_column_container vc_col-sm-6 vc_col-md-3 vc_col-has-fill color-scheme-light\"><div class=\"vc_column-inner vc_custom_1593274638128\"><div class=\"wpb_wrapper\">\t\t\t<div id=\"wd-69fbf6b3b8ee1\" class=\"wd-text-block-wrapper wd-wpb color-scheme-custom text-left vc_custom_1514292766976\">\n\t\t\t\t<div class=\"woodmart-title-container woodmart-text-block reset-last-child font-primary wd-font-weight-600\">\n\t\t\t\t\t4.\t\t\t\t<\/div>\n\n\t\t\t\t\t\t\t<\/div>\n\t\t\t\t\t<div id=\"wd-5ef8b6b29e4ec\" class=\"wd-text-block-wrapper wd-wpb wd-rs-5ef8b6b29e4ec color-scheme-custom text-left vc_custom_1593358028584\">\n\t\t\t\t<div class=\"woodmart-title-container woodmart-text-block reset-last-child font-primary wd-font-weight-600\">\n\t\t\t\t\t\u9ad8\u6548\u4ea4\u4ed8\t\t\t\t<\/div>\n\n\t\t\t\t\t\t\t<\/div>\n\t\t\t\t\t<div id=\"wd-5ef8b749b1564\" class=\"wd-text-block-wrapper wd-wpb wd-rs-5ef8b749b1564 color-scheme-custom text-left vc_custom_1593358158891\">\n\t\t\t\t<div class=\"woodmart-title-container woodmart-text-block reset-last-child font-text wd-font-weight-\">\n\t\t\t\t\t\u9ad8\u6548\u4ea4\u4ed8\t\t\t\t<\/div>\n\n\t\t\t\t\t\t\t<\/div>\n\t\t<\/div><\/div><\/div><\/div><div class=\"vc_row wpb_row vc_row-fluid vc_custom_1593906503849 vc_row-o-equal-height vc_row-flex\"><div class=\"wpb_column vc_column_container vc_col-sm-12\"><div class=\"vc_column-inner\"><div class=\"wpb_wrapper\"><div class=\"vc_empty_space\"   style=\"height: 32px\"><span class=\"vc_empty_space_inner\"><\/span><\/div><\/div><\/div><\/div><\/div>\n<\/div>","protected":false},"excerpt":{"rendered":"La charte solidaire Eco market Coop est un regroupement d'acteurs d'\u00e9conomie sociale et solidaire associ\u00e9 \u00e0 des PME socialement responsables","protected":false},"author":1,"featured_media":0,"parent":0,"menu_order":0,"comment_status":"closed","ping_status":"closed","template":"","meta":{"_angie_page":false,"inline_featured_image":false,"footnotes":""},"class_list":["post-2513","page","type-page","status-publish","hentry"],"yoast_head":"<!-- This site is optimized with the Yoast SEO plugin v27.5 - https:\/\/yoast.com\/product\/yoast-seo-wordpress\/ -->\n<title>Notre charte solidaire - Beldify.shop - Organic Life Style<\/title>\n<meta name=\"robots\" content=\"index, follow, max-snippet:-1, max-image-preview:large, max-video-preview:-1\" \/>\n<link rel=\"canonical\" href=\"https:\/\/beldify.shop\/zh\/charte-solidaire\/\" \/>\n<meta property=\"og:locale\" content=\"zh_CN\" \/>\n<meta property=\"og:type\" content=\"article\" \/>\n<meta property=\"og:title\" content=\"Notre charte solidaire - Beldify.shop - Organic Life Style\" \/>\n<meta property=\"og:url\" content=\"https:\/\/beldify.shop\/zh\/charte-solidaire\/\" \/>\n<meta property=\"og:site_name\" content=\"Beldify.shop - Organic Life Style\" \/>\n<meta property=\"article:publisher\" content=\"https:\/\/www.facebook.com\/beldify.shop\" \/>\n<meta property=\"article:modified_time\" content=\"2021-01-04T03:14:51+00:00\" \/>\n<meta name=\"twitter:card\" content=\"summary_large_image\" \/>\n<meta name=\"twitter:label1\" content=\"\u9884\u8ba1\u9605\u8bfb\u65f6\u95f4\" \/>\n\t<meta name=\"twitter:data1\" content=\"10 \u5206\" \/>\n<script type=\"application\/ld+json\" class=\"yoast-schema-graph\">{\"@context\":\"https:\\\/\\\/schema.org\",\"@graph\":[{\"@type\":\"WebPage\",\"@id\":\"https:\\\/\\\/beldify.shop\\\/ar\\\/charte-solidaire\\\/\",\"url\":\"https:\\\/\\\/beldify.shop\\\/ar\\\/charte-solidaire\\\/\",\"name\":\"Notre charte solidaire - Beldify.shop - Organic Life Style\",\"isPartOf\":{\"@id\":\"https:\\\/\\\/beldify.shop\\\/#website\"},\"datePublished\":\"2020-07-08T05:52:31+00:00\",\"dateModified\":\"2021-01-04T03:14:51+00:00\",\"breadcrumb\":{\"@id\":\"https:\\\/\\\/beldify.shop\\\/ar\\\/charte-solidaire\\\/#breadcrumb\"},\"inLanguage\":\"zh-Hans\",\"potentialAction\":[{\"@type\":\"ReadAction\",\"target\":[\"https:\\\/\\\/beldify.shop\\\/ar\\\/charte-solidaire\\\/\"]}]},{\"@type\":\"BreadcrumbList\",\"@id\":\"https:\\\/\\\/beldify.shop\\\/ar\\\/charte-solidaire\\\/#breadcrumb\",\"itemListElement\":[{\"@type\":\"ListItem\",\"position\":1,\"name\":\"Accueil\",\"item\":\"https:\\\/\\\/beldify.shop\\\/\"},{\"@type\":\"ListItem\",\"position\":2,\"name\":\"Notre charte solidaire\"}]},{\"@type\":\"WebSite\",\"@id\":\"https:\\\/\\\/beldify.shop\\\/#website\",\"url\":\"https:\\\/\\\/beldify.shop\\\/\",\"name\":\"Beldify.shop - Organic Life Style\",\"description\":\"Moroccan Natural Products\",\"potentialAction\":[{\"@type\":\"SearchAction\",\"target\":{\"@type\":\"EntryPoint\",\"urlTemplate\":\"https:\\\/\\\/beldify.shop\\\/?s={search_term_string}\"},\"query-input\":{\"@type\":\"PropertyValueSpecification\",\"valueRequired\":true,\"valueName\":\"search_term_string\"}}],\"inLanguage\":\"zh-Hans\"}]}<\/script>\n<!-- \/ Yoast SEO plugin. -->","yoast_head_json":{"title":"Notre charte solidaire - Beldify.shop - Organic Life Style","robots":{"index":"index","follow":"follow","max-snippet":"max-snippet:-1","max-image-preview":"max-image-preview:large","max-video-preview":"max-video-preview:-1"},"canonical":"https:\/\/beldify.shop\/zh\/charte-solidaire\/","og_locale":"zh_CN","og_type":"article","og_title":"Notre charte solidaire - Beldify.shop - Organic Life Style","og_url":"https:\/\/beldify.shop\/zh\/charte-solidaire\/","og_site_name":"Beldify.shop - Organic Life Style","article_publisher":"https:\/\/www.facebook.com\/beldify.shop","article_modified_time":"2021-01-04T03:14:51+00:00","twitter_card":"summary_large_image","twitter_misc":{"\u9884\u8ba1\u9605\u8bfb\u65f6\u95f4":"10 \u5206"},"schema":{"@context":"https:\/\/schema.org","@graph":[{"@type":"WebPage","@id":"https:\/\/beldify.shop\/ar\/charte-solidaire\/","url":"https:\/\/beldify.shop\/ar\/charte-solidaire\/","name":"Notre charte solidaire - Beldify.shop - Organic Life Style","isPartOf":{"@id":"https:\/\/beldify.shop\/#website"},"datePublished":"2020-07-08T05:52:31+00:00","dateModified":"2021-01-04T03:14:51+00:00","breadcrumb":{"@id":"https:\/\/beldify.shop\/ar\/charte-solidaire\/#breadcrumb"},"inLanguage":"zh-Hans","potentialAction":[{"@type":"ReadAction","target":["https:\/\/beldify.shop\/ar\/charte-solidaire\/"]}]},{"@type":"BreadcrumbList","@id":"https:\/\/beldify.shop\/ar\/charte-solidaire\/#breadcrumb","itemListElement":[{"@type":"ListItem","position":1,"name":"Accueil","item":"https:\/\/beldify.shop\/"},{"@type":"ListItem","position":2,"name":"Notre charte solidaire"}]},{"@type":"WebSite","@id":"https:\/\/beldify.shop\/#website","url":"https:\/\/beldify.shop\/","name":"Beldify.shop - Organic Life Style","description":"\u6469\u6d1b\u54e5\u5929\u7136\u4ea7\u54c1","potentialAction":[{"@type":"SearchAction","target":{"@type":"EntryPoint","urlTemplate":"https:\/\/beldify.shop\/?s={search_term_string}"},"query-input":{"@type":"PropertyValueSpecification","valueRequired":true,"valueName":"search_term_string"}}],"inLanguage":"zh-Hans"}]}},"jetpack_likes_enabled":true,"jetpack_sharing_enabled":true,"jetpack-related-posts":[],"jetpack_shortlink":"https:\/\/wp.me\/PdEHbW-Ex","_links":{"self":[{"href":"https:\/\/beldify.shop\/zh\/wp-json\/wp\/v2\/pages\/2513","targetHints":{"allow":["GET"]}}],"collection":[{"href":"https:\/\/beldify.shop\/zh\/wp-json\/wp\/v2\/pages"}],"about":[{"href":"https:\/\/beldify.shop\/zh\/wp-json\/wp\/v2\/types\/page"}],"author":[{"embeddable":true,"href":"https:\/\/beldify.shop\/zh\/wp-json\/wp\/v2\/users\/1"}],"replies":[{"embeddable":true,"href":"https:\/\/beldify.shop\/zh\/wp-json\/wp\/v2\/comments?post=2513"}],"version-history":[{"count":0,"href":"https:\/\/beldify.shop\/zh\/wp-json\/wp\/v2\/pages\/2513\/revisions"}],"wp:attachment":[{"href":"https:\/\/beldify.shop\/zh\/wp-json\/wp\/v2\/media?parent=2513"}],"curies":[{"name":"wp","href":"https:\/\/api.w.org\/{rel}","templated":true}]}}