{"id":49,"date":"2017-06-14T08:42:20","date_gmt":"2017-06-14T08:42:20","guid":{"rendered":"http:\/\/dummy.xtemos.com\/woodmart\/?post_type=product&#038;p=49"},"modified":"2026-01-13T22:47:11","modified_gmt":"2026-01-13T22:47:11","slug":"huile-dolive-extra-vierge-750-ml-%d8%b2%d9%8a%d8%aa-%d8%a7%d9%84%d8%b2%d9%8a%d8%aa%d9%88%d9%86-%d8%a7%d9%84%d8%a3%d8%ae%d8%b6%d8%b1","status":"publish","type":"product","link":"https:\/\/beldify.shop\/ru\/product\/huile-dolive-extra-vierge-750-ml-%d8%b2%d9%8a%d8%aa-%d8%a7%d9%84%d8%b2%d9%8a%d8%aa%d9%88%d9%86-%d8%a7%d9%84%d8%a3%d8%ae%d8%b6%d8%b1\/","title":{"rendered":"\u041e\u043b\u0438\u0432\u043a\u043e\u0432\u043e\u0435 \u043c\u0430\u0441\u043b\u043e \u043f\u0435\u0440\u0432\u043e\u0433\u043e \u043e\u0442\u0436\u0438\u043c\u0430 750 \u043c\u043b - 100% \u043d\u0430\u0442\u0443\u0440\u0430\u043b\u044c\u043d\u043e\u0435"},"content":{"rendered":"<div class=\"wpb-content-wrapper\"><div class=\"vc_row wpb_row vc_row-fluid\"><div class=\"wpb_column vc_column_container vc_col-sm-4\"><div class=\"vc_column-inner\"><div class=\"wpb_wrapper\">\n\t\t<div id=\"wd-5fa48d7c9015e\" class=\"title-wrapper wd-wpb wd-set-mb reset-last-child  wd-rs-5fa48d7c9015e wd-title-color-default wd-title-style-default text-left vc_custom_1604619660133 wd-underline-colored\">\n\t\t\t\n\t\t\t<div class=\"liner-continer\">\n\t\t\t\t<h4 class=\"woodmart-title-container title  wd-font-weight- wd-fontsize-m\" ><strong>\u0412\u043b\u0430\u0434\u044b\u043a\u0430 \u041c\u0410\u041d\u0422\u0423\u0416\u0410\u0422\u0415 \u0411\u0415\u041d\u0418 \u041c\u0415\u041b\u041b\u0410\u041b<\/strong><\/h4>\n\t\t\t\t\t\t\t<\/div>\n\t\t\t\n\t\t\t\n\t\t\t\n\t\t<\/div>\n\t\t\n\t\t\n\t<div class=\"wpb_text_column wpb_content_element\" >\n\t\t<div class=\"wpb_wrapper\">\n\t\t\t<p><img loading=\"lazy\" decoding=\"async\" class=\"wd-lazy-fade alignnone wp-image-3737 size-medium\" src=\"https:\/\/beldify.shop\/wp-content\/themes\/woodmart\/images\/lazy.svg\" data-src=\"https:\/\/beldify.shop\/wp-content\/uploads\/2021\/01\/LOGO-MBM2-300x139.png\" alt=\"\" width=\"300\" height=\"139\" srcset=\"\" data-srcset=\"https:\/\/beldify.shop\/wp-content\/uploads\/2021\/01\/LOGO-MBM2-300x139.png 300w, https:\/\/beldify.shop\/wp-content\/uploads\/2021\/01\/LOGO-MBM2-150x69.png 150w, https:\/\/beldify.shop\/wp-content\/uploads\/2021\/01\/LOGO-MBM2-600x278.png 600w, https:\/\/beldify.shop\/wp-content\/uploads\/2021\/01\/LOGO-MBM2-1024x474.png 1024w, https:\/\/beldify.shop\/wp-content\/uploads\/2021\/01\/LOGO-MBM2-768x355.png 768w, https:\/\/beldify.shop\/wp-content\/uploads\/2021\/01\/LOGO-MBM2-1536x711.png 1536w, https:\/\/beldify.shop\/wp-content\/uploads\/2021\/01\/LOGO-MBM2-2048x948.png 2048w\" sizes=\"auto, (max-width: 300px) 100vw, 300px\" \/><\/p>\n<p>\u041e\u043b\u0438\u0432\u043a\u043e\u0432\u043e\u0435 \u043c\u0430\u0441\u043b\u043e \u0438\u0437 \u0440\u0435\u0433\u0438\u043e\u043d\u0430 \u0411\u0435\u043d\u0438-\u041c\u0435\u043b\u043b\u0430\u043b\u044c-\u0425\u0435\u043d\u0438\u0444\u0440\u0430, \u043f\u0440\u0435\u0434\u0441\u0442\u0430\u0432\u043b\u044f\u044e\u0449\u0435\u0435 \u043a\u0430\u0447\u0435\u0441\u0442\u0432\u043e \u0442\u0435\u0440\u0440\u0443\u0430\u0440\u0430 \u0440\u0435\u0433\u0438\u043e\u043d\u0430.<\/p>\n<ul>\n<li>\u041d\u0430\u0442\u0443\u0440\u0430\u043b\u044c\u043d\u043e\u0435 \u043e\u043b\u0438\u0432\u043a\u043e\u0432\u043e\u0435 \u043c\u0430\u0441\u043b\u043e \u043f\u0435\u0440\u0432\u043e\u0433\u043e \u043e\u0442\u0436\u0438\u043c\u0430 \u0438\u0437 \u0411\u0435\u043d\u0438 \u041c\u0435\u043b\u043b\u0430\u043b.<\/li>\n<\/ul>\n\n\t\t<\/div>\n\t<\/div>\n<\/div><\/div><\/div><div class=\"wpb_column vc_column_container vc_col-sm-4\"><div class=\"vc_column-inner\"><div class=\"wpb_wrapper\">\n\t\t<div id=\"wd-5fb6f691a344a\" class=\"title-wrapper wd-wpb wd-set-mb reset-last-child  wd-rs-5fb6f691a344a wd-title-color-default wd-title-style-default text-left vc_custom_1605826220921 wd-underline-colored\">\n\t\t\t\n\t\t\t<div class=\"liner-continer\">\n\t\t\t\t<h4 class=\"woodmart-title-container title  wd-font-weight- wd-fontsize-m\" ><strong>\u041a\u0430\u0447\u0435\u0441\u0442\u0432\u043e \u043f\u0440\u0435\u0432\u044b\u0448\u0435 \u0432\u0441\u0435\u0433\u043e<\/strong><\/h4>\n\t\t\t\t\t\t\t<\/div>\n\t\t\t\n\t\t\t\n\t\t\t\n\t\t<\/div>\n\t\t\n\t\t\n\t<div class=\"wpb_text_column wpb_content_element\" >\n\t\t<div class=\"wpb_wrapper\">\n\t\t\t<div style=\"width: 1080px;\" class=\"wp-video\"><video class=\"wp-video-shortcode\" id=\"video-49-1\" width=\"1080\" height=\"910\" preload=\"metadata\" controls=\"controls\"><source type=\"video\/mp4\" src=\"https:\/\/beldify.shop\/wp-content\/uploads\/2017\/06\/huile.mp4?_=1\" \/><a href=\"https:\/\/beldify.shop\/wp-content\/uploads\/2017\/06\/huile.mp4\">https:\/\/beldify.shop\/wp-content\/uploads\/2017\/06\/huile.mp4<\/a><\/video><\/div>\n\n\t\t<\/div>\n\t<\/div>\n<\/div><\/div><\/div><div class=\"wpb_column vc_column_container vc_col-sm-4\"><div class=\"vc_column-inner\"><div class=\"wpb_wrapper\">\n\t\t<div id=\"wd-5fd73b1c23447\" class=\"title-wrapper wd-wpb wd-set-mb reset-last-child  wd-rs-5fd73b1c23447 wd-title-color-primary wd-title-style-underlined text-left vc_custom_1607944329541 wd-underline-colored\">\n\t\t\t\n\t\t\t<div class=\"liner-continer\">\n\t\t\t\t<h4 class=\"woodmart-title-container title  wd-font-weight-600 wd-fontsize-l\" >\u041f\u0440\u0435\u0438\u043c\u0443\u0449\u0435\u0441\u0442\u0432\u0430<\/h4>\n\t\t\t\t\t\t\t<\/div>\n\t\t\t\n\t\t\t\n\t\t\t\n\t\t<\/div>\n\t\t\n\t\t\n\t<div class=\"wpb_text_column wpb_content_element vc_custom_1607944364786\" >\n\t\t<div class=\"wpb_wrapper\">\n\t\t\t<ul>\n<li>\u0421\u043d\u0438\u0436\u0435\u043d\u0438\u0435 \u0440\u0438\u0441\u043a\u0430 \u0438\u043d\u0441\u0443\u043b\u044c\u0442\u0430.<\/li>\n<li>\u041e\u0433\u0440\u0430\u043d\u0438\u0447\u0438\u0432\u0430\u0435\u0442 \u043f\u043e\u0432\u044b\u0448\u0435\u043d\u0438\u0435 \u0443\u0440\u043e\u0432\u043d\u044f \u0433\u043b\u044e\u043a\u043e\u0437\u044b \u043f\u043e\u0441\u043b\u0435 \u0435\u0434\u044b.<\/li>\n<li>\u0423\u0432\u0435\u043b\u0438\u0447\u0435\u043d\u0438\u0435 \u043e\u0431\u0440\u0430\u0437\u043e\u0432\u0430\u043d\u0438\u044f \u043c\u0438\u0442\u043e\u0445\u043e\u043d\u0434\u0440\u0438\u0439.<\/li>\n<li>\u041f\u0440\u043e\u0444\u0438\u043b\u0430\u043a\u0442\u0438\u043a\u0430 \u0440\u0430\u043a\u0430 \u043c\u043e\u043b\u043e\u0447\u043d\u043e\u0439 \u0436\u0435\u043b\u0435\u0437\u044b \u0438 \u0440\u0430\u043a\u0430 \u043e\u0440\u0433\u0430\u043d\u043e\u0432 \u043f\u0438\u0449\u0435\u0432\u0430\u0440\u0435\u043d\u0438\u044f.<\/li>\n<li>\u041f\u0440\u043e\u0444\u0438\u043b\u0430\u043a\u0442\u0438\u043a\u0430 \u0430\u0442\u0435\u0440\u043e\u0441\u043a\u043b\u0435\u0440\u043e\u0437\u0430 \u0438 \u0437\u0430\u0442\u0432\u0435\u0440\u0434\u0435\u043d\u0438\u044f \u0430\u0440\u0442\u0435\u0440\u0438\u0439.<\/li>\n<\/ul>\n\n\t\t<\/div>\n\t<\/div>\n<\/div><\/div><\/div><\/div>\n<\/div>","protected":false},"excerpt":{"rendered":"<p>\u041d\u0430\u0448\u0438 \u043a\u043e\u043e\u043f\u0435\u0440\u0430\u0442\u0438\u0432\u044b \u043f\u043e \u0432\u044b\u0440\u0430\u0449\u0438\u0432\u0430\u043d\u0438\u044e \u043e\u043b\u0438\u0432\u043e\u043a \u043f\u0440\u043e\u0438\u0437\u0432\u043e\u0434\u044f\u0442<strong> \u043e\u043b\u0438\u0432\u043a\u0438 \u0432\u044b\u0441\u0448\u0435\u0433\u043e \u043a\u0430\u0447\u0435\u0441\u0442\u0432\u0430<\/strong> \u0432 \u0440\u0435\u0433\u0438\u043e\u043d\u0435 <strong>\u0411\u0435\u043d\u0438 \u041c\u0435\u043b\u043b\u0430\u043b \u0425\u0435\u043d\u0438\u0444\u0440\u0430<\/strong> . <strong>\u041e\u043b\u0438\u0432\u043a\u043e\u0432\u043e\u0435 \u043c\u0430\u0441\u043b\u043e \u043f\u0435\u0440\u0432\u043e\u0433\u043e \u043e\u0442\u0436\u0438\u043c\u0430<\/strong> \u043a\u043e\u0442\u043e\u0440\u044b\u0435 \u043c\u044b \u043f\u0440\u043e\u0434\u0430\u0435\u043c, \u043f\u043e\u0441\u0442\u0443\u043f\u0430\u044e\u0442 \u0441\u043e \u0432\u0441\u0435\u0445 \u0443\u0433\u043e\u043b\u043a\u043e\u0432 \u043d\u0430\u0448\u0435\u0433\u043e \u0440\u0435\u0433\u0438\u043e\u043d\u0430. \u041c\u044b \u0432\u044b\u0431\u0440\u0430\u043b\u0438 <strong>\u0441\u0435\u043c\u0435\u0439\u043d\u044b\u0435 \u043c\u0435\u043b\u044c\u043d\u0438\u0446\u044b<\/strong> \u043a\u043e\u0442\u043e\u0440\u044b\u0435 \u043f\u0440\u0435\u0434\u043b\u0430\u0433\u0430\u044e\u0442<strong> \u0447\u0438\u0441\u0442\u043e\u0435 \u043e\u0434\u043d\u043e\u0441\u043e\u0440\u0442\u043e\u0432\u043e\u0435 \u043c\u0430\u0441\u043b\u043e<\/strong> \u0438\u0437 <strong>\u0432\u044b\u0441\u043e\u043a\u043e\u0435 \u043a\u0430\u0447\u0435\u0441\u0442\u0432\u043e<\/strong>, \u043f\u0440\u0438\u0433\u043e\u0442\u043e\u0432\u043b\u0435\u043d\u043d\u044b\u0439 \u0438\u0437 \u0437\u0435\u043b\u0435\u043d\u044b\u0445 \u043e\u043b\u0438\u0432\u043e\u043a.<\/p>\n<p>1 \u041a\u043e\u043e\u043f\u0435\u0440\u0430\u0442\u0438\u0432 \u0411\u0435\u043d\u0438 \u041c\u0435\u043b\u043b\u0430\u043b<br \/>\n2 \u041a\u043e\u043e\u043f\u0435\u0440\u0430\u0442\u0438\u0432 \u0410\u0437\u0438\u043b\u0430\u043b \/ \u0410\u0439\u0442 \u041c\u0445\u0430\u043c\u0435\u0434<br \/>\n3 \u041a\u043e\u043e\u043f\u0435\u0440\u0430\u0442\u0438\u0432 \u0417\u0430\u0443\u044f \u0428\u0435\u0439\u0445 \/ \u0445\u0435\u043d\u0438\u0444\u0440\u0430<br \/>\n4 \u041a\u043e\u043e\u043f\u0435\u0440\u0430\u0442\u0438\u0432 Fkih Ben Saleh \/ \u0425\u0430\u0434 \u041b&#039;\u0411\u0440\u0430\u0434\u0438\u0430<\/p>","protected":false},"featured_media":2647,"comment_status":"open","ping_status":"closed","template":"","meta":{"_angie_page":false,"inline_featured_image":false,"jetpack_publicize_message":"","jetpack_publicize_feature_enabled":true,"jetpack_social_post_already_shared":false,"jetpack_social_options":{"image_generator_settings":{"template":"highway","default_image_id":0,"font":"","enabled":false},"version":2}},"product_brand":[],"product_cat":[36],"product_tag":[125,99,100,101,124],"class_list":{"0":"post-49","1":"product","2":"type-product","3":"status-publish","4":"has-post-thumbnail","6":"product_cat-huile-olive","7":"product_tag-chaud","8":"product_tag-huile-dolive-extra-vierge-1l---","9":"product_tag-mbm","10":"product_tag-101","11":"product_tag-124","13":"first","14":"instock","15":"featured","16":"sold-individually","17":"taxable","18":"shipping-taxable","19":"purchasable","20":"product-type-simple"},"yoast_head":"<!-- This site is optimized with the Yoast SEO plugin v27.5 - https:\/\/yoast.com\/product\/yoast-seo-wordpress\/ -->\n<title>Huile d&#039;Olive Extra Vi\u00e9rge 750 ml-\u0632\u064a\u062a \u0627\u0644\u0632\u064a\u062a\u0648\u0646 \u0627\u0644\u0623\u062e\u0636\u0631 - Beldify.shop - Organic Life Style<\/title>\n<meta name=\"robots\" content=\"index, follow, max-snippet:-1, max-image-preview:large, max-video-preview:-1\" \/>\n<link rel=\"canonical\" href=\"https:\/\/beldify.shop\/ru\/product\/huile-dolive-extra-vierge-750-ml-\u0632\u064a\u062a-\u0627\u0644\u0632\u064a\u062a\u0648\u0646-\u0627\u0644\u0623\u062e\u0636\u0631\/\" \/>\n<meta property=\"og:locale\" content=\"ru_RU\" \/>\n<meta property=\"og:type\" content=\"article\" \/>\n<meta property=\"og:title\" content=\"Huile d&#039;Olive Extra Vi\u00e9rge 750 ml-\u0632\u064a\u062a \u0627\u0644\u0632\u064a\u062a\u0648\u0646 \u0627\u0644\u0623\u062e\u0636\u0631 - Beldify.shop - Organic Life Style\" \/>\n<meta property=\"og:description\" content=\"Nos Coop\u00e9ratives oliveraies produisent des olives de qualit\u00e9 sup\u00e9rieure dans la r\u00e9gion B\u00e9ni mellal kh\u00e9nifra . Les huiles d\u2019olives extra vierge que nous commercialisons proviennent des quatre coins de notre r\u00e9gion . Nous avons s\u00e9lectionn\u00e9 les moulins familiaux qui proposent une huile pure mono vari\u00e9tale de grande qualit\u00e9, issue d\u2019olives verts .  1 Coop\u00e9rative B\u00e9ni mellal 2 Coop\u00e9rative Azilal \/ Ait mhamed 3 Coop\u00e9rative Zaouya Cheikh \/ khenifra 4 Coop\u00e9rative fkih ben saleh \/ had l&#039;bradia\" \/>\n<meta property=\"og:url\" content=\"https:\/\/beldify.shop\/ru\/product\/huile-dolive-extra-vierge-750-ml-\u0632\u064a\u062a-\u0627\u0644\u0632\u064a\u062a\u0648\u0646-\u0627\u0644\u0623\u062e\u0636\u0631\/\" \/>\n<meta property=\"og:site_name\" content=\"Beldify.shop - Organic Life Style\" \/>\n<meta property=\"article:publisher\" content=\"https:\/\/www.facebook.com\/beldify.shop\" \/>\n<meta property=\"article:modified_time\" content=\"2026-01-13T22:47:11+00:00\" \/>\n<meta property=\"og:image\" content=\"https:\/\/beldify.shop\/wp-content\/uploads\/2017\/06\/1litre2.png\" \/>\n\t<meta property=\"og:image:width\" content=\"1500\" \/>\n\t<meta property=\"og:image:height\" content=\"1500\" \/>\n\t<meta property=\"og:image:type\" content=\"image\/png\" \/>\n<meta name=\"twitter:card\" content=\"summary_large_image\" \/>\n<meta name=\"twitter:label1\" content=\"\u041f\u0440\u0438\u043c\u0435\u0440\u043d\u043e\u0435 \u0432\u0440\u0435\u043c\u044f \u0434\u043b\u044f \u0447\u0442\u0435\u043d\u0438\u044f\" \/>\n\t<meta name=\"twitter:data1\" content=\"1 \u043c\u0438\u043d\u0443\u0442\u0430\" \/>\n<script type=\"application\/ld+json\" class=\"yoast-schema-graph\">{\"@context\":\"https:\\\/\\\/schema.org\",\"@graph\":[{\"@type\":\"WebPage\",\"@id\":\"https:\\\/\\\/beldify.shop\\\/produit\\\/huile-dolive-extra-vierge-750-ml-%d8%b2%d9%8a%d8%aa-%d8%a7%d9%84%d8%b2%d9%8a%d8%aa%d9%88%d9%86-%d8%a7%d9%84%d8%a3%d8%ae%d8%b6%d8%b1\\\/\",\"url\":\"https:\\\/\\\/beldify.shop\\\/produit\\\/huile-dolive-extra-vierge-750-ml-%d8%b2%d9%8a%d8%aa-%d8%a7%d9%84%d8%b2%d9%8a%d8%aa%d9%88%d9%86-%d8%a7%d9%84%d8%a3%d8%ae%d8%b6%d8%b1\\\/\",\"name\":\"Huile d'Olive Extra Vi\u00e9rge 750 ml-\u0632\u064a\u062a \u0627\u0644\u0632\u064a\u062a\u0648\u0646 \u0627\u0644\u0623\u062e\u0636\u0631 - Beldify.shop - Organic Life Style\",\"isPartOf\":{\"@id\":\"https:\\\/\\\/beldify.shop\\\/#website\"},\"primaryImageOfPage\":{\"@id\":\"https:\\\/\\\/beldify.shop\\\/produit\\\/huile-dolive-extra-vierge-750-ml-%d8%b2%d9%8a%d8%aa-%d8%a7%d9%84%d8%b2%d9%8a%d8%aa%d9%88%d9%86-%d8%a7%d9%84%d8%a3%d8%ae%d8%b6%d8%b1\\\/#primaryimage\"},\"image\":{\"@id\":\"https:\\\/\\\/beldify.shop\\\/produit\\\/huile-dolive-extra-vierge-750-ml-%d8%b2%d9%8a%d8%aa-%d8%a7%d9%84%d8%b2%d9%8a%d8%aa%d9%88%d9%86-%d8%a7%d9%84%d8%a3%d8%ae%d8%b6%d8%b1\\\/#primaryimage\"},\"thumbnailUrl\":\"https:\\\/\\\/beldify.shop\\\/wp-content\\\/uploads\\\/2017\\\/06\\\/1litre2.png\",\"datePublished\":\"2017-06-14T08:42:20+00:00\",\"dateModified\":\"2026-01-13T22:47:11+00:00\",\"breadcrumb\":{\"@id\":\"https:\\\/\\\/beldify.shop\\\/produit\\\/huile-dolive-extra-vierge-750-ml-%d8%b2%d9%8a%d8%aa-%d8%a7%d9%84%d8%b2%d9%8a%d8%aa%d9%88%d9%86-%d8%a7%d9%84%d8%a3%d8%ae%d8%b6%d8%b1\\\/#breadcrumb\"},\"inLanguage\":\"ru-RU\",\"potentialAction\":[{\"@type\":\"ReadAction\",\"target\":[\"https:\\\/\\\/beldify.shop\\\/produit\\\/huile-dolive-extra-vierge-750-ml-%d8%b2%d9%8a%d8%aa-%d8%a7%d9%84%d8%b2%d9%8a%d8%aa%d9%88%d9%86-%d8%a7%d9%84%d8%a3%d8%ae%d8%b6%d8%b1\\\/\"]}]},{\"@type\":\"ImageObject\",\"inLanguage\":\"ru-RU\",\"@id\":\"https:\\\/\\\/beldify.shop\\\/produit\\\/huile-dolive-extra-vierge-750-ml-%d8%b2%d9%8a%d8%aa-%d8%a7%d9%84%d8%b2%d9%8a%d8%aa%d9%88%d9%86-%d8%a7%d9%84%d8%a3%d8%ae%d8%b6%d8%b1\\\/#primaryimage\",\"url\":\"https:\\\/\\\/beldify.shop\\\/wp-content\\\/uploads\\\/2017\\\/06\\\/1litre2.png\",\"contentUrl\":\"https:\\\/\\\/beldify.shop\\\/wp-content\\\/uploads\\\/2017\\\/06\\\/1litre2.png\",\"width\":1500,\"height\":1500},{\"@type\":\"BreadcrumbList\",\"@id\":\"https:\\\/\\\/beldify.shop\\\/produit\\\/huile-dolive-extra-vierge-750-ml-%d8%b2%d9%8a%d8%aa-%d8%a7%d9%84%d8%b2%d9%8a%d8%aa%d9%88%d9%86-%d8%a7%d9%84%d8%a3%d8%ae%d8%b6%d8%b1\\\/#breadcrumb\",\"itemListElement\":[{\"@type\":\"ListItem\",\"position\":1,\"name\":\"Accueil\",\"item\":\"https:\\\/\\\/beldify.shop\\\/\"},{\"@type\":\"ListItem\",\"position\":2,\"name\":\"Boutique\",\"item\":\"https:\\\/\\\/beldify.shop\\\/boutique\\\/\"},{\"@type\":\"ListItem\",\"position\":3,\"name\":\"Huile d&rsquo;Olive Extra Vi\u00e9rge 750 ml-\u0632\u064a\u062a \u0627\u0644\u0632\u064a\u062a\u0648\u0646 \u0627\u0644\u0623\u062e\u0636\u0631\"}]},{\"@type\":\"WebSite\",\"@id\":\"https:\\\/\\\/beldify.shop\\\/#website\",\"url\":\"https:\\\/\\\/beldify.shop\\\/\",\"name\":\"Beldify.shop - Organic Life Style\",\"description\":\"Moroccan Natural Products\",\"potentialAction\":[{\"@type\":\"SearchAction\",\"target\":{\"@type\":\"EntryPoint\",\"urlTemplate\":\"https:\\\/\\\/beldify.shop\\\/?s={search_term_string}\"},\"query-input\":{\"@type\":\"PropertyValueSpecification\",\"valueRequired\":true,\"valueName\":\"search_term_string\"}}],\"inLanguage\":\"ru-RU\"}]}<\/script>\n<!-- \/ Yoast SEO plugin. -->","yoast_head_json":{"title":"Huile d'Olive Extra Vi\u00e9rge 750 ml-\u0632\u064a\u062a \u0627\u0644\u0632\u064a\u062a\u0648\u0646 \u0627\u0644\u0623\u062e\u0636\u0631 - Beldify.shop - Organic Life Style","robots":{"index":"index","follow":"follow","max-snippet":"max-snippet:-1","max-image-preview":"max-image-preview:large","max-video-preview":"max-video-preview:-1"},"canonical":"https:\/\/beldify.shop\/ru\/product\/huile-dolive-extra-vierge-750-ml-\u0632\u064a\u062a-\u0627\u0644\u0632\u064a\u062a\u0648\u0646-\u0627\u0644\u0623\u062e\u0636\u0631\/","og_locale":"ru_RU","og_type":"article","og_title":"Huile d'Olive Extra Vi\u00e9rge 750 ml-\u0632\u064a\u062a \u0627\u0644\u0632\u064a\u062a\u0648\u0646 \u0627\u0644\u0623\u062e\u0636\u0631 - Beldify.shop - Organic Life Style","og_description":"Nos Coop\u00e9ratives oliveraies produisent des olives de qualit\u00e9 sup\u00e9rieure dans la r\u00e9gion B\u00e9ni mellal kh\u00e9nifra . Les huiles d\u2019olives extra vierge que nous commercialisons proviennent des quatre coins de notre r\u00e9gion . Nous avons s\u00e9lectionn\u00e9 les moulins familiaux qui proposent une huile pure mono vari\u00e9tale de grande qualit\u00e9, issue d\u2019olives verts .  1 Coop\u00e9rative B\u00e9ni mellal 2 Coop\u00e9rative Azilal \/ Ait mhamed 3 Coop\u00e9rative Zaouya Cheikh \/ khenifra 4 Coop\u00e9rative fkih ben saleh \/ had l'bradia","og_url":"https:\/\/beldify.shop\/ru\/product\/huile-dolive-extra-vierge-750-ml-\u0632\u064a\u062a-\u0627\u0644\u0632\u064a\u062a\u0648\u0646-\u0627\u0644\u0623\u062e\u0636\u0631\/","og_site_name":"Beldify.shop - Organic Life Style","article_publisher":"https:\/\/www.facebook.com\/beldify.shop","article_modified_time":"2026-01-13T22:47:11+00:00","og_image":[{"width":1500,"height":1500,"url":"https:\/\/beldify.shop\/wp-content\/uploads\/2017\/06\/1litre2.png","type":"image\/png"}],"twitter_card":"summary_large_image","twitter_misc":{"\u041f\u0440\u0438\u043c\u0435\u0440\u043d\u043e\u0435 \u0432\u0440\u0435\u043c\u044f \u0434\u043b\u044f \u0447\u0442\u0435\u043d\u0438\u044f":"1 \u043c\u0438\u043d\u0443\u0442\u0430"},"schema":{"@context":"https:\/\/schema.org","@graph":[{"@type":"WebPage","@id":"https:\/\/beldify.shop\/produit\/huile-dolive-extra-vierge-750-ml-%d8%b2%d9%8a%d8%aa-%d8%a7%d9%84%d8%b2%d9%8a%d8%aa%d9%88%d9%86-%d8%a7%d9%84%d8%a3%d8%ae%d8%b6%d8%b1\/","url":"https:\/\/beldify.shop\/produit\/huile-dolive-extra-vierge-750-ml-%d8%b2%d9%8a%d8%aa-%d8%a7%d9%84%d8%b2%d9%8a%d8%aa%d9%88%d9%86-%d8%a7%d9%84%d8%a3%d8%ae%d8%b6%d8%b1\/","name":"Huile d'Olive Extra Vi\u00e9rge 750 ml-\u0632\u064a\u062a \u0627\u0644\u0632\u064a\u062a\u0648\u0646 \u0627\u0644\u0623\u062e\u0636\u0631 - Beldify.shop - Organic Life Style","isPartOf":{"@id":"https:\/\/beldify.shop\/#website"},"primaryImageOfPage":{"@id":"https:\/\/beldify.shop\/produit\/huile-dolive-extra-vierge-750-ml-%d8%b2%d9%8a%d8%aa-%d8%a7%d9%84%d8%b2%d9%8a%d8%aa%d9%88%d9%86-%d8%a7%d9%84%d8%a3%d8%ae%d8%b6%d8%b1\/#primaryimage"},"image":{"@id":"https:\/\/beldify.shop\/produit\/huile-dolive-extra-vierge-750-ml-%d8%b2%d9%8a%d8%aa-%d8%a7%d9%84%d8%b2%d9%8a%d8%aa%d9%88%d9%86-%d8%a7%d9%84%d8%a3%d8%ae%d8%b6%d8%b1\/#primaryimage"},"thumbnailUrl":"https:\/\/beldify.shop\/wp-content\/uploads\/2017\/06\/1litre2.png","datePublished":"2017-06-14T08:42:20+00:00","dateModified":"2026-01-13T22:47:11+00:00","breadcrumb":{"@id":"https:\/\/beldify.shop\/produit\/huile-dolive-extra-vierge-750-ml-%d8%b2%d9%8a%d8%aa-%d8%a7%d9%84%d8%b2%d9%8a%d8%aa%d9%88%d9%86-%d8%a7%d9%84%d8%a3%d8%ae%d8%b6%d8%b1\/#breadcrumb"},"inLanguage":"ru-RU","potentialAction":[{"@type":"ReadAction","target":["https:\/\/beldify.shop\/produit\/huile-dolive-extra-vierge-750-ml-%d8%b2%d9%8a%d8%aa-%d8%a7%d9%84%d8%b2%d9%8a%d8%aa%d9%88%d9%86-%d8%a7%d9%84%d8%a3%d8%ae%d8%b6%d8%b1\/"]}]},{"@type":"ImageObject","inLanguage":"ru-RU","@id":"https:\/\/beldify.shop\/produit\/huile-dolive-extra-vierge-750-ml-%d8%b2%d9%8a%d8%aa-%d8%a7%d9%84%d8%b2%d9%8a%d8%aa%d9%88%d9%86-%d8%a7%d9%84%d8%a3%d8%ae%d8%b6%d8%b1\/#primaryimage","url":"https:\/\/beldify.shop\/wp-content\/uploads\/2017\/06\/1litre2.png","contentUrl":"https:\/\/beldify.shop\/wp-content\/uploads\/2017\/06\/1litre2.png","width":1500,"height":1500},{"@type":"BreadcrumbList","@id":"https:\/\/beldify.shop\/produit\/huile-dolive-extra-vierge-750-ml-%d8%b2%d9%8a%d8%aa-%d8%a7%d9%84%d8%b2%d9%8a%d8%aa%d9%88%d9%86-%d8%a7%d9%84%d8%a3%d8%ae%d8%b6%d8%b1\/#breadcrumb","itemListElement":[{"@type":"ListItem","position":1,"name":"Accueil","item":"https:\/\/beldify.shop\/"},{"@type":"ListItem","position":2,"name":"Boutique","item":"https:\/\/beldify.shop\/boutique\/"},{"@type":"ListItem","position":3,"name":"Huile d&rsquo;Olive Extra Vi\u00e9rge 750 ml-\u0632\u064a\u062a \u0627\u0644\u0632\u064a\u062a\u0648\u0646 \u0627\u0644\u0623\u062e\u0636\u0631"}]},{"@type":"WebSite","@id":"https:\/\/beldify.shop\/#website","url":"https:\/\/beldify.shop\/","name":"Beldify.shop - Organic Life Style","description":"\u041c\u0430\u0440\u043e\u043a\u043a\u0430\u043d\u0441\u043a\u0438\u0435 \u043d\u0430\u0442\u0443\u0440\u0430\u043b\u044c\u043d\u044b\u0435 \u043f\u0440\u043e\u0434\u0443\u043a\u0442\u044b","potentialAction":[{"@type":"SearchAction","target":{"@type":"EntryPoint","urlTemplate":"https:\/\/beldify.shop\/?s={search_term_string}"},"query-input":{"@type":"PropertyValueSpecification","valueRequired":true,"valueName":"search_term_string"}}],"inLanguage":"ru-RU"}]}},"jetpack_publicize_connections":[],"jetpack_likes_enabled":true,"jetpack_sharing_enabled":true,"jetpack-related-posts":[],"_links":{"self":[{"href":"https:\/\/beldify.shop\/ru\/wp-json\/wp\/v2\/product\/49","targetHints":{"allow":["GET"]}}],"collection":[{"href":"https:\/\/beldify.shop\/ru\/wp-json\/wp\/v2\/product"}],"about":[{"href":"https:\/\/beldify.shop\/ru\/wp-json\/wp\/v2\/types\/product"}],"replies":[{"embeddable":true,"href":"https:\/\/beldify.shop\/ru\/wp-json\/wp\/v2\/comments?post=49"}],"wp:featuredmedia":[{"embeddable":true,"href":"https:\/\/beldify.shop\/ru\/wp-json\/wp\/v2\/media\/2647"}],"wp:attachment":[{"href":"https:\/\/beldify.shop\/ru\/wp-json\/wp\/v2\/media?parent=49"}],"wp:term":[{"taxonomy":"product_brand","embeddable":true,"href":"https:\/\/beldify.shop\/ru\/wp-json\/wp\/v2\/product_brand?post=49"},{"taxonomy":"product_cat","embeddable":true,"href":"https:\/\/beldify.shop\/ru\/wp-json\/wp\/v2\/product_cat?post=49"},{"taxonomy":"product_tag","embeddable":true,"href":"https:\/\/beldify.shop\/ru\/wp-json\/wp\/v2\/product_tag?post=49"}],"curies":[{"name":"wp","href":"https:\/\/api.w.org\/{rel}","templated":true}]}}