{"id":2773,"date":"2020-11-11T13:28:49","date_gmt":"2020-11-11T13:28:49","guid":{"rendered":"https:\/\/organify.digitencia.comproduit\/couscous-el-chaair-%d9%83%d8%b3%d9%83%d8%b3-%d8%a7%d9%84%d8%b4%d8%b9%d9%8a%d8%b1-copy\/"},"modified":"2026-01-13T22:47:09","modified_gmt":"2026-01-13T22:47:09","slug":"1kg-couscous-de-mais-adoura-%d9%83%d8%b3%d9%83%d8%b3-%d8%a7%d9%84%d8%b0%d8%b1%d8%a9","status":"publish","type":"product","link":"https:\/\/beldify.shop\/ru\/product\/1kg-couscous-de-mais-adoura-%d9%83%d8%b3%d9%83%d8%b3-%d8%a7%d9%84%d8%b0%d8%b1%d8%a9\/","title":{"rendered":"1 \u043a\u0433 \u043a\u0443\u043a\u0443\u0440\u0443\u0437\u043d\u043e\u0433\u043e \u043a\u0443\u0441\u043a\u0443\u0441\u0430 \u00ab\u0410\u0434\u0443\u0440\u0430\u00bb \u041f\u043e\u043b\u043d\u044b\u0439 \u0440\u0430\u0437\u043c\u0435\u0440"},"content":{"rendered":"<div class=\"wpb-content-wrapper\"><div class=\"vc_row wpb_row vc_row-fluid vc_row-o-content-top vc_row-flex\"><div class=\"wpb_column vc_column_container vc_col-sm-6\"><div class=\"vc_column-inner\"><div class=\"wpb_wrapper\">\n\t<div class=\"wpb_text_column wpb_content_element\" >\n\t\t<div class=\"wpb_wrapper\">\n\t\t\t<p>\u041a\u0443\u0441\u043a\u0443\u0441 \u0441 \u0445\u043b\u043e\u043f\u044c\u044f\u043c\u0438, \u043a\u043e\u0442\u043e\u0440\u044b\u0435 \u0432\u044b \u043b\u044e\u0431\u0438\u0442\u0435 \u0438 \u043a\u043e\u0442\u043e\u0440\u044b\u0435 \u043f\u0440\u0438\u0434\u0430\u0434\u0443\u0442 \u0432\u043e\u0441\u0445\u0438\u0442\u0438\u0442\u0435\u043b\u044c\u043d\u044b\u0439 \u0432\u043a\u0443\u0441 \u0432\u0430\u0448\u0435\u043c\u0443 \u0431\u043b\u044e\u0434\u0443, \u0438, \u043f\u0440\u0435\u0436\u0434\u0435 \u0432\u0441\u0435\u0433\u043e, \u043f\u043e \u0440\u0430\u0437\u0443\u043c\u043d\u044b\u043c \u0446\u0435\u043d\u0430\u043c, \u043d\u0435 \u043f\u0440\u043e\u043f\u0443\u0441\u0442\u0438\u0442\u0435 <span class=\"_47e3 _5mfr\" title=\"\u0441\u043c\u0430\u0439\u043b\u0438\u043a \u0432 \u0432\u0438\u0434\u0435 \u0441\u0435\u0440\u0434\u0446\u0430\"><img loading=\"lazy\" decoding=\"async\" class=\"img\" role=\"presentation\" src=\"https:\/\/static.xx.fbcdn.net\/images\/emoji.php\/v9\/t6c\/1\/16\/2764.png?_nc_eui2=AeHMEdDpZvC8Nt2-2p9Om9jGtje5zGZIwt62N7nMZkjC3nVNg58aAbokwyTRLlDhyks05jZCtm-v09melvvlk88H\" alt=\"\" width=\"16\" height=\"16\" \/><\/span><\/p>\n\n\t\t<\/div>\n\t<\/div>\n<\/div><\/div><\/div><\/div>\n<\/div>","protected":false},"excerpt":{"rendered":"<p>\u041a\u0443\u0441\u043a\u0443\u0441 \u0438\u0437 \u043c\u0430\u043d\u043d\u043e\u0439 \u043a\u0440\u0443\u043f\u044b \u0438\u0437\u0433\u043e\u0442\u0430\u0432\u043b\u0438\u0432\u0430\u0435\u0442\u0441\u044f \u0438\u0437 \u043c\u043e\u043b\u043e\u0442\u043e\u0439 \u043a\u0443\u043a\u0443\u0440\u0443\u0437\u044b \u0432 \u0432\u0438\u0434\u0435 \u043c\u0435\u043b\u043a\u0438\u0445 \u0433\u0440\u0430\u043d\u0443\u043b, \u0438 \u0435\u0433\u043e \u043f\u043e\u043b\u0435\u0437\u043d\u044b\u0435 \u0441\u0432\u043e\u0439\u0441\u0442\u0432\u0430 \u0432\u043a\u043b\u044e\u0447\u0430\u044e\u0442 \u0432 \u0441\u0435\u0431\u044f \u0443\u043a\u0440\u0435\u043f\u043b\u0435\u043d\u0438\u0435 \u0437\u0434\u043e\u0440\u043e\u0432\u044c\u044f \u0441\u0435\u0440\u0434\u0446\u0430 \u0438 \u0430\u0440\u0442\u0435\u0440\u0438\u0439, \u0437\u0430\u0449\u0438\u0442\u0443 \u043e\u0442 \u0430\u043d\u0435\u043c\u0438\u0438, \u0443\u043b\u0443\u0447\u0448\u0435\u043d\u0438\u0435 \u043f\u0438\u0449\u0435\u0432\u0430\u0440\u0435\u043d\u0438\u044f \u0438 \u043e\u0431\u0435\u0441\u043f\u0435\u0447\u0435\u043d\u0438\u0435 \u043e\u0440\u0433\u0430\u043d\u0438\u0437\u043c\u0430 \u044d\u043d\u0435\u0440\u0433\u0438\u0435\u0439.<\/p>\n<p style=\"text-align: right;\">\u0412\u044b\u0434\u0430\u044e\u0449\u0438\u0439\u0441\u044f \u043c\u0443\u0441\u0443\u043b\u044c\u043c\u0430\u043d\u0441\u043a\u0438\u0439 \u043b\u0438\u0434\u0435\u0440 \u0438\u0441\u043b\u0430\u043c\u0441\u043a\u043e\u0433\u043e \u043c\u0438\u0440\u0430, \u043a\u043e\u0442\u043e\u0440\u044b\u0439 \u043d\u0430\u0445\u043e\u0434\u0438\u0442\u0441\u044f \u0432 \u0438\u0441\u043b\u0430\u043c\u0441\u043a\u043e\u043c \u043c\u0438\u0440\u0435 \u0443\u0436\u0435 \u0431\u043e\u043b\u0435\u0435 \u0432\u0435\u043a\u0430, \u0434\u043e\u0431\u0438\u043b\u0441\u044f \u0431\u043e\u043b\u044c\u0448\u043e\u0433\u043e \u0443\u0441\u043f\u0435\u0445\u0430, \u0438 \u0434\u043e\u0431\u0438\u043b\u0441\u044f \u0431\u043e\u043b\u044c\u0448\u043e\u0433\u043e \u0443\u0441\u043f\u0435\u0445\u0430, \u043e\u0441\u043e\u0431\u0435\u043d\u043d\u043e \u0432 \u0438\u0441\u043b\u0430\u043c\u0441\u043a\u043e\u043c \u043c\u0438\u0440\u0435. \u0421\u0443\u043b\u0442\u0430\u043d \u2014 \u0446\u0430\u0440\u044c \u0437\u0435\u043c\u043b\u0438.<\/p>\n<p>\u041f\u0440\u043e\u0438\u0437\u0432\u043e\u0434\u0441\u0442\u0432\u043e 100% \u0420\u0443\u0447\u043d\u0430\u044f \u0440\u0430\u0431\u043e\u0442\u0430<\/p>","protected":false},"featured_media":3048,"comment_status":"open","ping_status":"closed","template":"","meta":{"_angie_page":false,"inline_featured_image":false,"jetpack_publicize_message":"","jetpack_publicize_feature_enabled":true,"jetpack_social_post_already_shared":false,"jetpack_social_options":{"image_generator_settings":{"template":"highway","default_image_id":0,"font":"","enabled":false},"version":2}},"product_brand":[],"product_cat":[37],"product_tag":[109,113,114],"class_list":{"0":"post-2773","1":"product","2":"type-product","3":"status-publish","4":"has-post-thumbnail","6":"product_cat-couscous-semoules","7":"product_tag-couscous","8":"product_tag-oum-el-kheir","9":"product_tag-114","11":"first","12":"instock","13":"taxable","14":"shipping-taxable","15":"purchasable","16":"product-type-simple"},"yoast_head":"<!-- This site is optimized with the Yoast SEO plugin v27.5 - https:\/\/yoast.com\/product\/yoast-seo-wordpress\/ -->\n<title>1kg Couscous de ma\u00efs &quot;adoura&quot; \u0643\u0633\u0643\u0633 \u0627\u0644\u0630\u0631\u0629 - Beldify.shop - Organic Life Style<\/title>\n<meta name=\"robots\" content=\"index, follow, max-snippet:-1, max-image-preview:large, max-video-preview:-1\" \/>\n<link rel=\"canonical\" href=\"https:\/\/beldify.shop\/ru\/product\/1kg-couscous-de-mais-adoura-\u0643\u0633\u0643\u0633-\u0627\u0644\u0630\u0631\u0629\/\" \/>\n<meta property=\"og:locale\" content=\"ru_RU\" \/>\n<meta property=\"og:type\" content=\"article\" \/>\n<meta property=\"og:title\" content=\"1kg Couscous de ma\u00efs &quot;adoura&quot; \u0643\u0633\u0643\u0633 \u0627\u0644\u0630\u0631\u0629 - Beldify.shop - Organic Life Style\" \/>\n<meta property=\"og:description\" content=\"La semoule de couscous est pr\u00e9par\u00e9e \u00e0 partir de la mouture de ma\u00efs sous forme de petits granules, et ses avantages comprennent la promotion de la sant\u00e9 cardiaque et art\u00e9rielle, la protection contre l&#039;an\u00e9mie, la promotion de la sant\u00e9 digestive, fournir l\u2019\u00e9nergie au corps. \u064a\u062d\u0636\u0631 \u0633\u0645\u064a\u062f \u0627\u0644\u0643\u0633\u0643\u0633 \u0645\u0646 \u0637\u062d\u0646 \u0627\u0644\u0630\u0631\u0629 \u0639\u0644\u0649 \u0634\u0643\u0644 \u062d\u0628\u064a\u0628\u0627\u062a \u0635\u063a\u064a\u0631\u0629\u060c\u0648 \u0645\u0646 \u0641\u0648\u0627\u0626\u062f\u0647 \u062a\u0639\u0632\u064a\u0632 \u0635\u062d\u0629 \u0627\u0644\u0642\u0644\u0628 \u0648 \u0627\u0644\u0634\u0631\u0627\u064a\u064a\u0646\u060c \u0627\u0644\u062d\u0645\u0627\u064a\u0629 \u0645\u0646 \u0641\u0642\u0631 \u0627\u0644\u062f\u0645\u060c\u062a\u0639\u0632\u064a\u0632 \u0635\u062d\u0629 \u0627\u0644\u062c\u0647\u0627\u0632 \u0627\u0644\u0647\u0636\u0645\u064a \u060c\u0625\u0645\u062f\u0627\u062f \u0627\u0644\u062c\u0633\u0645 \u0628\u0627\u0644\u0637\u0627\u0642\u0629 Production 100% Handmade\" \/>\n<meta property=\"og:url\" content=\"https:\/\/beldify.shop\/ru\/product\/1kg-couscous-de-mais-adoura-\u0643\u0633\u0643\u0633-\u0627\u0644\u0630\u0631\u0629\/\" \/>\n<meta property=\"og:site_name\" content=\"Beldify.shop - Organic Life Style\" \/>\n<meta property=\"article:publisher\" content=\"https:\/\/www.facebook.com\/beldify.shop\" \/>\n<meta property=\"article:modified_time\" content=\"2026-01-13T22:47:09+00:00\" \/>\n<meta property=\"og:image\" content=\"https:\/\/beldify.shop\/wp-content\/uploads\/2020\/11\/couscous-adoura-scaled.jpg\" \/>\n\t<meta property=\"og:image:width\" content=\"1920\" \/>\n\t<meta property=\"og:image:height\" content=\"2560\" \/>\n\t<meta property=\"og:image:type\" content=\"image\/jpeg\" \/>\n<meta name=\"twitter:card\" content=\"summary_large_image\" \/>\n<script type=\"application\/ld+json\" class=\"yoast-schema-graph\">{\"@context\":\"https:\\\/\\\/schema.org\",\"@graph\":[{\"@type\":\"WebPage\",\"@id\":\"https:\\\/\\\/beldify.shop\\\/produit\\\/1kg-couscous-de-mais-adoura-%d9%83%d8%b3%d9%83%d8%b3-%d8%a7%d9%84%d8%b0%d8%b1%d8%a9\\\/\",\"url\":\"https:\\\/\\\/beldify.shop\\\/produit\\\/1kg-couscous-de-mais-adoura-%d9%83%d8%b3%d9%83%d8%b3-%d8%a7%d9%84%d8%b0%d8%b1%d8%a9\\\/\",\"name\":\"1kg Couscous de ma\u00efs \\\"adoura\\\" \u0643\u0633\u0643\u0633 \u0627\u0644\u0630\u0631\u0629 - Beldify.shop - Organic Life Style\",\"isPartOf\":{\"@id\":\"https:\\\/\\\/beldify.shop\\\/#website\"},\"primaryImageOfPage\":{\"@id\":\"https:\\\/\\\/beldify.shop\\\/produit\\\/1kg-couscous-de-mais-adoura-%d9%83%d8%b3%d9%83%d8%b3-%d8%a7%d9%84%d8%b0%d8%b1%d8%a9\\\/#primaryimage\"},\"image\":{\"@id\":\"https:\\\/\\\/beldify.shop\\\/produit\\\/1kg-couscous-de-mais-adoura-%d9%83%d8%b3%d9%83%d8%b3-%d8%a7%d9%84%d8%b0%d8%b1%d8%a9\\\/#primaryimage\"},\"thumbnailUrl\":\"https:\\\/\\\/beldify.shop\\\/wp-content\\\/uploads\\\/2020\\\/11\\\/couscous-adoura-scaled.jpg\",\"datePublished\":\"2020-11-11T13:28:49+00:00\",\"dateModified\":\"2026-01-13T22:47:09+00:00\",\"breadcrumb\":{\"@id\":\"https:\\\/\\\/beldify.shop\\\/produit\\\/1kg-couscous-de-mais-adoura-%d9%83%d8%b3%d9%83%d8%b3-%d8%a7%d9%84%d8%b0%d8%b1%d8%a9\\\/#breadcrumb\"},\"inLanguage\":\"ru-RU\",\"potentialAction\":[{\"@type\":\"ReadAction\",\"target\":[\"https:\\\/\\\/beldify.shop\\\/produit\\\/1kg-couscous-de-mais-adoura-%d9%83%d8%b3%d9%83%d8%b3-%d8%a7%d9%84%d8%b0%d8%b1%d8%a9\\\/\"]}]},{\"@type\":\"ImageObject\",\"inLanguage\":\"ru-RU\",\"@id\":\"https:\\\/\\\/beldify.shop\\\/produit\\\/1kg-couscous-de-mais-adoura-%d9%83%d8%b3%d9%83%d8%b3-%d8%a7%d9%84%d8%b0%d8%b1%d8%a9\\\/#primaryimage\",\"url\":\"https:\\\/\\\/beldify.shop\\\/wp-content\\\/uploads\\\/2020\\\/11\\\/couscous-adoura-scaled.jpg\",\"contentUrl\":\"https:\\\/\\\/beldify.shop\\\/wp-content\\\/uploads\\\/2020\\\/11\\\/couscous-adoura-scaled.jpg\",\"width\":1920,\"height\":2560},{\"@type\":\"BreadcrumbList\",\"@id\":\"https:\\\/\\\/beldify.shop\\\/produit\\\/1kg-couscous-de-mais-adoura-%d9%83%d8%b3%d9%83%d8%b3-%d8%a7%d9%84%d8%b0%d8%b1%d8%a9\\\/#breadcrumb\",\"itemListElement\":[{\"@type\":\"ListItem\",\"position\":1,\"name\":\"Accueil\",\"item\":\"https:\\\/\\\/beldify.shop\\\/\"},{\"@type\":\"ListItem\",\"position\":2,\"name\":\"Boutique\",\"item\":\"https:\\\/\\\/beldify.shop\\\/boutique\\\/\"},{\"@type\":\"ListItem\",\"position\":3,\"name\":\"1kg Couscous de ma\u00efs \u00ab\u00a0adoura\u00a0\u00bb \u0643\u0633\u0643\u0633 \u0627\u0644\u0630\u0631\u0629\"}]},{\"@type\":\"WebSite\",\"@id\":\"https:\\\/\\\/beldify.shop\\\/#website\",\"url\":\"https:\\\/\\\/beldify.shop\\\/\",\"name\":\"Beldify.shop - Organic Life Style\",\"description\":\"Moroccan Natural Products\",\"potentialAction\":[{\"@type\":\"SearchAction\",\"target\":{\"@type\":\"EntryPoint\",\"urlTemplate\":\"https:\\\/\\\/beldify.shop\\\/?s={search_term_string}\"},\"query-input\":{\"@type\":\"PropertyValueSpecification\",\"valueRequired\":true,\"valueName\":\"search_term_string\"}}],\"inLanguage\":\"ru-RU\"}]}<\/script>\n<!-- \/ Yoast SEO plugin. -->","yoast_head_json":{"title":"1kg Couscous de ma\u00efs \"adoura\" \u0643\u0633\u0643\u0633 \u0627\u0644\u0630\u0631\u0629 - Beldify.shop - Organic Life Style","robots":{"index":"index","follow":"follow","max-snippet":"max-snippet:-1","max-image-preview":"max-image-preview:large","max-video-preview":"max-video-preview:-1"},"canonical":"https:\/\/beldify.shop\/ru\/product\/1kg-couscous-de-mais-adoura-\u0643\u0633\u0643\u0633-\u0627\u0644\u0630\u0631\u0629\/","og_locale":"ru_RU","og_type":"article","og_title":"1kg Couscous de ma\u00efs \"adoura\" \u0643\u0633\u0643\u0633 \u0627\u0644\u0630\u0631\u0629 - Beldify.shop - Organic Life Style","og_description":"La semoule de couscous est pr\u00e9par\u00e9e \u00e0 partir de la mouture de ma\u00efs sous forme de petits granules, et ses avantages comprennent la promotion de la sant\u00e9 cardiaque et art\u00e9rielle, la protection contre l'an\u00e9mie, la promotion de la sant\u00e9 digestive, fournir l\u2019\u00e9nergie au corps. \u064a\u062d\u0636\u0631 \u0633\u0645\u064a\u062f \u0627\u0644\u0643\u0633\u0643\u0633 \u0645\u0646 \u0637\u062d\u0646 \u0627\u0644\u0630\u0631\u0629 \u0639\u0644\u0649 \u0634\u0643\u0644 \u062d\u0628\u064a\u0628\u0627\u062a \u0635\u063a\u064a\u0631\u0629\u060c\u0648 \u0645\u0646 \u0641\u0648\u0627\u0626\u062f\u0647 \u062a\u0639\u0632\u064a\u0632 \u0635\u062d\u0629 \u0627\u0644\u0642\u0644\u0628 \u0648 \u0627\u0644\u0634\u0631\u0627\u064a\u064a\u0646\u060c \u0627\u0644\u062d\u0645\u0627\u064a\u0629 \u0645\u0646 \u0641\u0642\u0631 \u0627\u0644\u062f\u0645\u060c\u062a\u0639\u0632\u064a\u0632 \u0635\u062d\u0629 \u0627\u0644\u062c\u0647\u0627\u0632 \u0627\u0644\u0647\u0636\u0645\u064a \u060c\u0625\u0645\u062f\u0627\u062f \u0627\u0644\u062c\u0633\u0645 \u0628\u0627\u0644\u0637\u0627\u0642\u0629 Production 100% Handmade","og_url":"https:\/\/beldify.shop\/ru\/product\/1kg-couscous-de-mais-adoura-\u0643\u0633\u0643\u0633-\u0627\u0644\u0630\u0631\u0629\/","og_site_name":"Beldify.shop - Organic Life Style","article_publisher":"https:\/\/www.facebook.com\/beldify.shop","article_modified_time":"2026-01-13T22:47:09+00:00","og_image":[{"width":1920,"height":2560,"url":"https:\/\/beldify.shop\/wp-content\/uploads\/2020\/11\/couscous-adoura-scaled.jpg","type":"image\/jpeg"}],"twitter_card":"summary_large_image","schema":{"@context":"https:\/\/schema.org","@graph":[{"@type":"WebPage","@id":"https:\/\/beldify.shop\/produit\/1kg-couscous-de-mais-adoura-%d9%83%d8%b3%d9%83%d8%b3-%d8%a7%d9%84%d8%b0%d8%b1%d8%a9\/","url":"https:\/\/beldify.shop\/produit\/1kg-couscous-de-mais-adoura-%d9%83%d8%b3%d9%83%d8%b3-%d8%a7%d9%84%d8%b0%d8%b1%d8%a9\/","name":"1kg Couscous de ma\u00efs \"adoura\" \u0643\u0633\u0643\u0633 \u0627\u0644\u0630\u0631\u0629 - Beldify.shop - Organic Life Style","isPartOf":{"@id":"https:\/\/beldify.shop\/#website"},"primaryImageOfPage":{"@id":"https:\/\/beldify.shop\/produit\/1kg-couscous-de-mais-adoura-%d9%83%d8%b3%d9%83%d8%b3-%d8%a7%d9%84%d8%b0%d8%b1%d8%a9\/#primaryimage"},"image":{"@id":"https:\/\/beldify.shop\/produit\/1kg-couscous-de-mais-adoura-%d9%83%d8%b3%d9%83%d8%b3-%d8%a7%d9%84%d8%b0%d8%b1%d8%a9\/#primaryimage"},"thumbnailUrl":"https:\/\/beldify.shop\/wp-content\/uploads\/2020\/11\/couscous-adoura-scaled.jpg","datePublished":"2020-11-11T13:28:49+00:00","dateModified":"2026-01-13T22:47:09+00:00","breadcrumb":{"@id":"https:\/\/beldify.shop\/produit\/1kg-couscous-de-mais-adoura-%d9%83%d8%b3%d9%83%d8%b3-%d8%a7%d9%84%d8%b0%d8%b1%d8%a9\/#breadcrumb"},"inLanguage":"ru-RU","potentialAction":[{"@type":"ReadAction","target":["https:\/\/beldify.shop\/produit\/1kg-couscous-de-mais-adoura-%d9%83%d8%b3%d9%83%d8%b3-%d8%a7%d9%84%d8%b0%d8%b1%d8%a9\/"]}]},{"@type":"ImageObject","inLanguage":"ru-RU","@id":"https:\/\/beldify.shop\/produit\/1kg-couscous-de-mais-adoura-%d9%83%d8%b3%d9%83%d8%b3-%d8%a7%d9%84%d8%b0%d8%b1%d8%a9\/#primaryimage","url":"https:\/\/beldify.shop\/wp-content\/uploads\/2020\/11\/couscous-adoura-scaled.jpg","contentUrl":"https:\/\/beldify.shop\/wp-content\/uploads\/2020\/11\/couscous-adoura-scaled.jpg","width":1920,"height":2560},{"@type":"BreadcrumbList","@id":"https:\/\/beldify.shop\/produit\/1kg-couscous-de-mais-adoura-%d9%83%d8%b3%d9%83%d8%b3-%d8%a7%d9%84%d8%b0%d8%b1%d8%a9\/#breadcrumb","itemListElement":[{"@type":"ListItem","position":1,"name":"Accueil","item":"https:\/\/beldify.shop\/"},{"@type":"ListItem","position":2,"name":"Boutique","item":"https:\/\/beldify.shop\/boutique\/"},{"@type":"ListItem","position":3,"name":"1kg Couscous de ma\u00efs \u00ab\u00a0adoura\u00a0\u00bb \u0643\u0633\u0643\u0633 \u0627\u0644\u0630\u0631\u0629"}]},{"@type":"WebSite","@id":"https:\/\/beldify.shop\/#website","url":"https:\/\/beldify.shop\/","name":"Beldify.shop - Organic Life Style","description":"\u041c\u0430\u0440\u043e\u043a\u043a\u0430\u043d\u0441\u043a\u0438\u0435 \u043d\u0430\u0442\u0443\u0440\u0430\u043b\u044c\u043d\u044b\u0435 \u043f\u0440\u043e\u0434\u0443\u043a\u0442\u044b","potentialAction":[{"@type":"SearchAction","target":{"@type":"EntryPoint","urlTemplate":"https:\/\/beldify.shop\/?s={search_term_string}"},"query-input":{"@type":"PropertyValueSpecification","valueRequired":true,"valueName":"search_term_string"}}],"inLanguage":"ru-RU"}]}},"jetpack_publicize_connections":[],"jetpack_likes_enabled":true,"jetpack_sharing_enabled":true,"jetpack-related-posts":[],"_links":{"self":[{"href":"https:\/\/beldify.shop\/ru\/wp-json\/wp\/v2\/product\/2773","targetHints":{"allow":["GET"]}}],"collection":[{"href":"https:\/\/beldify.shop\/ru\/wp-json\/wp\/v2\/product"}],"about":[{"href":"https:\/\/beldify.shop\/ru\/wp-json\/wp\/v2\/types\/product"}],"replies":[{"embeddable":true,"href":"https:\/\/beldify.shop\/ru\/wp-json\/wp\/v2\/comments?post=2773"}],"wp:featuredmedia":[{"embeddable":true,"href":"https:\/\/beldify.shop\/ru\/wp-json\/wp\/v2\/media\/3048"}],"wp:attachment":[{"href":"https:\/\/beldify.shop\/ru\/wp-json\/wp\/v2\/media?parent=2773"}],"wp:term":[{"taxonomy":"product_brand","embeddable":true,"href":"https:\/\/beldify.shop\/ru\/wp-json\/wp\/v2\/product_brand?post=2773"},{"taxonomy":"product_cat","embeddable":true,"href":"https:\/\/beldify.shop\/ru\/wp-json\/wp\/v2\/product_cat?post=2773"},{"taxonomy":"product_tag","embeddable":true,"href":"https:\/\/beldify.shop\/ru\/wp-json\/wp\/v2\/product_tag?post=2773"}],"curies":[{"name":"wp","href":"https:\/\/api.w.org\/{rel}","templated":true}]}}