{"id":370,"date":"2017-06-22T09:11:07","date_gmt":"2017-06-22T09:11:07","guid":{"rendered":"http:\/\/dummy.xtemos.com\/woodmart\/?post_type=product&#038;p=370"},"modified":"2026-01-13T22:47:11","modified_gmt":"2026-01-13T22:47:11","slug":"bidon-huile-dolive-vierge-50l","status":"publish","type":"product","link":"https:\/\/beldify.shop\/it\/prodotto\/bidon-huile-dolive-vierge-50l\/","title":{"rendered":"Lattina da 50 litri di olio extravergine di oliva"},"content":{"rendered":"<div class=\"wpb-content-wrapper\"><div class=\"vc_row wpb_row vc_row-fluid\"><div class=\"wpb_column vc_column_container vc_col-sm-4\"><div class=\"vc_column-inner\"><div class=\"wpb_wrapper\">\t\t<div id=\"gallery_975\" class=\"wd-images-gallery wd-wpb photoswipe-images\" style=\"--wd-justify-content:center;--wd-align-items:center;\">\n\t\t\t\n\t\t\t<div class=\"wd-grid-g\" style=\"--wd-col-lg:1;--wd-col-md:1;--wd-col-sm:1;--wd-gap-lg:0px;\">\n\t\t\t\t\n\t\t\t\t\t\t\t\t\t\t\t\t\t\t\t<div class=\"wd-gallery-item wd-col\">\n\t\t\t\t\t\t\t\t\t\t\t\t\t\t<a href=\"https:\/\/beldify.shop\/wp-content\/uploads\/2020\/11\/1.png\" data-elementor-open-lightbox=\"no\" data-index=\"1\" data-width=\"357\" data-height=\"164\" \n\t\t\t\t\t\t\t\t\t\t\t\t >\n\t\t\t\t\t\t\t\t\n\t\t\t\t\t\t\t\t<img loading=\"lazy\" decoding=\"async\" width=\"300\" height=\"138\" src=\"https:\/\/beldify.shop\/wp-content\/uploads\/2020\/11\/1-300x138.png\" class=\"wd-gallery-image image-1\" alt=\"\" srcset=\"https:\/\/beldify.shop\/wp-content\/uploads\/2020\/11\/1-300x138.png 300w, https:\/\/beldify.shop\/wp-content\/uploads\/2020\/11\/1-150x69.png 150w, https:\/\/beldify.shop\/wp-content\/uploads\/2020\/11\/1-350x161.png 350w, https:\/\/beldify.shop\/wp-content\/uploads\/2020\/11\/1.png 357w\" sizes=\"auto, (max-width: 300px) 100vw, 300px\" \/>\n\t\t\t\t\t\t\t\t\t\t\t\t\t\t\t<\/a>\n\t\t\t\t\t\t\t\t\t\t\t\t<\/div>\n\t\t\t\t\t\t\t\t\t\n\t\t\t\t\t\t\t<\/div>\n\n\t\t\t\t\t<\/div>\n\t\t<\/div><\/div><\/div><div class=\"wpb_column vc_column_container vc_col-sm-4\"><div class=\"vc_column-inner\"><div class=\"wpb_wrapper\">\n\t\t<div id=\"wd-5fca152596a49\" class=\"title-wrapper wd-wpb wd-set-mb reset-last-child  wd-rs-5fca152596a49 wd-title-color-primary wd-title-style-underlined text-left  wd-underline-colored\">\n\t\t\t\n\t\t\t<div class=\"liner-continer\">\n\t\t\t\t<h4 class=\"woodmart-title-container title  wd-font-weight-600 wd-fontsize-l\" >Olio di oliva vergine<\/h4>\n\t\t\t\t\t\t\t<\/div>\n\t\t\t\n\t\t\t\n\t\t\t\n\t\t<\/div>\n\t\t\n\t\t\n\t<div class=\"wpb_text_column wpb_content_element\" >\n\t\t<div class=\"wpb_wrapper\">\n\t\t\t<p>Olio d&#039;oliva proveniente dalla regione di Beni Mellal-Khenifra, che rappresenta la qualit\u00e0 del terroir della regione.<\/p>\n<ul>\n<li>Olio d&#039;oliva naturale di prima spremitura di Beni Mellal.<\/li>\n<\/ul>\n\n\t\t<\/div>\n\t<\/div>\n<\/div><\/div><\/div><div class=\"wpb_column vc_column_container vc_col-sm-4\"><div class=\"vc_column-inner\"><div class=\"wpb_wrapper\">\n\t\t<div id=\"wd-5fd738c73dcce\" class=\"title-wrapper wd-wpb wd-set-mb reset-last-child  wd-rs-5fd738c73dcce wd-title-color-primary wd-title-style-underlined text-left  wd-underline-colored\">\n\t\t\t\n\t\t\t<div class=\"liner-continer\">\n\t\t\t\t<h4 class=\"woodmart-title-container title  wd-font-weight-600 wd-fontsize-l\" >I vantaggi<\/h4>\n\t\t\t\t\t\t\t<\/div>\n\t\t\t\n\t\t\t\n\t\t\t\n\t\t<\/div>\n\t\t\n\t\t\n\t<div class=\"wpb_text_column wpb_content_element\" >\n\t\t<div class=\"wpb_wrapper\">\n\t\t\t<ul>\n<li>Riduzione del rischio di ictus.<\/li>\n<li>Limita l&#039;aumento dei livelli di glucosio dopo i pasti.<\/li>\n<li>Aumento della formazione mitocondriale.<\/li>\n<li>Prevenzione del cancro al seno e del cancro all&#039;apparato digerente.<\/li>\n<li>Prevenzione dell&#039;arteriosclerosi e dell&#039;indurimento delle arterie.<\/li>\n<\/ul>\n\n\t\t<\/div>\n\t<\/div>\n<\/div><\/div><\/div><\/div>\n<\/div>","protected":false},"excerpt":{"rendered":"<p>Olio d&#039;oliva proveniente dalla regione di Beni Mellal-Khenifra, che rappresenta la qualit\u00e0 del terroir della regione.<\/p>\n<ul>\n<li>Olio d&#039;oliva naturale di prima spremitura di Beni Mellal.<\/li>\n<\/ul>","protected":false},"featured_media":1538,"comment_status":"open","ping_status":"closed","template":"","meta":{"_angie_page":false,"inline_featured_image":false,"jetpack_publicize_message":"","jetpack_publicize_feature_enabled":true,"jetpack_social_post_already_shared":false,"jetpack_social_options":{"image_generator_settings":{"template":"highway","default_image_id":0,"font":"","enabled":false},"version":2}},"product_brand":[],"product_cat":[36],"product_tag":[125,121,100,124],"class_list":{"0":"post-370","1":"product","2":"type-product","3":"status-publish","4":"has-post-thumbnail","6":"product_cat-huile-olive","7":"product_tag-chaud","8":"product_tag-huile-dolive","9":"product_tag-mbm","10":"product_tag-124","12":"first","13":"instock","14":"featured","15":"taxable","16":"shipping-taxable","17":"purchasable","18":"product-type-simple"},"yoast_head":"<!-- This site is optimized with the Yoast SEO plugin v27.5 - https:\/\/yoast.com\/product\/yoast-seo-wordpress\/ -->\n<title>Bidon Huile d&#039;Olive Vierge 50L - Beldify.shop - Organic Life Style<\/title>\n<meta name=\"robots\" content=\"index, follow, max-snippet:-1, max-image-preview:large, max-video-preview:-1\" \/>\n<link rel=\"canonical\" href=\"https:\/\/beldify.shop\/it\/prodotto\/bidon-huile-dolive-vierge-50l\/\" \/>\n<meta property=\"og:locale\" content=\"it_IT\" \/>\n<meta property=\"og:type\" content=\"article\" \/>\n<meta property=\"og:title\" content=\"Bidon Huile d&#039;Olive Vierge 50L - Beldify.shop - Organic Life Style\" \/>\n<meta property=\"og:description\" content=\"Huile d&#039;olive originaire de la r\u00e9gion de Beni mellal-khenifra , repr\u00e9sentante de la qualit\u00e9 du terroir de la r\u00e9gion.   Huile d\u2019olive naturelle premi\u00e8re pression en provenance de B\u00e9ni Mellal.\" \/>\n<meta property=\"og:url\" content=\"https:\/\/beldify.shop\/it\/prodotto\/bidon-huile-dolive-vierge-50l\/\" \/>\n<meta property=\"og:site_name\" content=\"Beldify.shop - Organic Life Style\" \/>\n<meta property=\"article:publisher\" content=\"https:\/\/www.facebook.com\/beldify.shop\" \/>\n<meta property=\"article:modified_time\" content=\"2026-01-13T22:47:11+00:00\" \/>\n<meta property=\"og:image\" content=\"https:\/\/beldify.shop\/wp-content\/uploads\/2020\/06\/product-diolive-50L-300x300-1.png\" \/>\n\t<meta property=\"og:image:width\" content=\"300\" \/>\n\t<meta property=\"og:image:height\" content=\"300\" \/>\n\t<meta property=\"og:image:type\" content=\"image\/png\" \/>\n<meta name=\"twitter:card\" content=\"summary_large_image\" \/>\n<meta name=\"twitter:label1\" content=\"Tempo di lettura stimato\" \/>\n\t<meta name=\"twitter:data1\" content=\"1 minuto\" \/>\n<script type=\"application\/ld+json\" class=\"yoast-schema-graph\">{\"@context\":\"https:\\\/\\\/schema.org\",\"@graph\":[{\"@type\":\"WebPage\",\"@id\":\"https:\\\/\\\/beldify.shop\\\/produit\\\/bidon-huile-dolive-vierge-50l\\\/\",\"url\":\"https:\\\/\\\/beldify.shop\\\/produit\\\/bidon-huile-dolive-vierge-50l\\\/\",\"name\":\"Bidon Huile d'Olive Vierge 50L - Beldify.shop - Organic Life Style\",\"isPartOf\":{\"@id\":\"https:\\\/\\\/beldify.shop\\\/#website\"},\"primaryImageOfPage\":{\"@id\":\"https:\\\/\\\/beldify.shop\\\/produit\\\/bidon-huile-dolive-vierge-50l\\\/#primaryimage\"},\"image\":{\"@id\":\"https:\\\/\\\/beldify.shop\\\/produit\\\/bidon-huile-dolive-vierge-50l\\\/#primaryimage\"},\"thumbnailUrl\":\"https:\\\/\\\/beldify.shop\\\/wp-content\\\/uploads\\\/2020\\\/06\\\/product-diolive-50L-300x300-1.png\",\"datePublished\":\"2017-06-22T09:11:07+00:00\",\"dateModified\":\"2026-01-13T22:47:11+00:00\",\"breadcrumb\":{\"@id\":\"https:\\\/\\\/beldify.shop\\\/produit\\\/bidon-huile-dolive-vierge-50l\\\/#breadcrumb\"},\"inLanguage\":\"it-IT\",\"potentialAction\":[{\"@type\":\"ReadAction\",\"target\":[\"https:\\\/\\\/beldify.shop\\\/produit\\\/bidon-huile-dolive-vierge-50l\\\/\"]}]},{\"@type\":\"ImageObject\",\"inLanguage\":\"it-IT\",\"@id\":\"https:\\\/\\\/beldify.shop\\\/produit\\\/bidon-huile-dolive-vierge-50l\\\/#primaryimage\",\"url\":\"https:\\\/\\\/beldify.shop\\\/wp-content\\\/uploads\\\/2020\\\/06\\\/product-diolive-50L-300x300-1.png\",\"contentUrl\":\"https:\\\/\\\/beldify.shop\\\/wp-content\\\/uploads\\\/2020\\\/06\\\/product-diolive-50L-300x300-1.png\",\"width\":300,\"height\":300},{\"@type\":\"BreadcrumbList\",\"@id\":\"https:\\\/\\\/beldify.shop\\\/produit\\\/bidon-huile-dolive-vierge-50l\\\/#breadcrumb\",\"itemListElement\":[{\"@type\":\"ListItem\",\"position\":1,\"name\":\"Accueil\",\"item\":\"https:\\\/\\\/beldify.shop\\\/\"},{\"@type\":\"ListItem\",\"position\":2,\"name\":\"Boutique\",\"item\":\"https:\\\/\\\/beldify.shop\\\/boutique\\\/\"},{\"@type\":\"ListItem\",\"position\":3,\"name\":\"Bidon Huile d&rsquo;Olive Vierge 50L\"}]},{\"@type\":\"WebSite\",\"@id\":\"https:\\\/\\\/beldify.shop\\\/#website\",\"url\":\"https:\\\/\\\/beldify.shop\\\/\",\"name\":\"Beldify.shop - Organic Life Style\",\"description\":\"Moroccan Natural Products\",\"potentialAction\":[{\"@type\":\"SearchAction\",\"target\":{\"@type\":\"EntryPoint\",\"urlTemplate\":\"https:\\\/\\\/beldify.shop\\\/?s={search_term_string}\"},\"query-input\":{\"@type\":\"PropertyValueSpecification\",\"valueRequired\":true,\"valueName\":\"search_term_string\"}}],\"inLanguage\":\"it-IT\"}]}<\/script>\n<!-- \/ Yoast SEO plugin. -->","yoast_head_json":{"title":"Bidon Huile d'Olive Vierge 50L - Beldify.shop - Organic Life Style","robots":{"index":"index","follow":"follow","max-snippet":"max-snippet:-1","max-image-preview":"max-image-preview:large","max-video-preview":"max-video-preview:-1"},"canonical":"https:\/\/beldify.shop\/it\/prodotto\/bidon-huile-dolive-vierge-50l\/","og_locale":"it_IT","og_type":"article","og_title":"Bidon Huile d'Olive Vierge 50L - Beldify.shop - Organic Life Style","og_description":"Huile d'olive originaire de la r\u00e9gion de Beni mellal-khenifra , repr\u00e9sentante de la qualit\u00e9 du terroir de la r\u00e9gion.   Huile d\u2019olive naturelle premi\u00e8re pression en provenance de B\u00e9ni Mellal.","og_url":"https:\/\/beldify.shop\/it\/prodotto\/bidon-huile-dolive-vierge-50l\/","og_site_name":"Beldify.shop - Organic Life Style","article_publisher":"https:\/\/www.facebook.com\/beldify.shop","article_modified_time":"2026-01-13T22:47:11+00:00","og_image":[{"width":300,"height":300,"url":"https:\/\/beldify.shop\/wp-content\/uploads\/2020\/06\/product-diolive-50L-300x300-1.png","type":"image\/png"}],"twitter_card":"summary_large_image","twitter_misc":{"Tempo di lettura stimato":"1 minuto"},"schema":{"@context":"https:\/\/schema.org","@graph":[{"@type":"WebPage","@id":"https:\/\/beldify.shop\/produit\/bidon-huile-dolive-vierge-50l\/","url":"https:\/\/beldify.shop\/produit\/bidon-huile-dolive-vierge-50l\/","name":"Bidon Huile d'Olive Vierge 50L - Beldify.shop - Organic Life Style","isPartOf":{"@id":"https:\/\/beldify.shop\/#website"},"primaryImageOfPage":{"@id":"https:\/\/beldify.shop\/produit\/bidon-huile-dolive-vierge-50l\/#primaryimage"},"image":{"@id":"https:\/\/beldify.shop\/produit\/bidon-huile-dolive-vierge-50l\/#primaryimage"},"thumbnailUrl":"https:\/\/beldify.shop\/wp-content\/uploads\/2020\/06\/product-diolive-50L-300x300-1.png","datePublished":"2017-06-22T09:11:07+00:00","dateModified":"2026-01-13T22:47:11+00:00","breadcrumb":{"@id":"https:\/\/beldify.shop\/produit\/bidon-huile-dolive-vierge-50l\/#breadcrumb"},"inLanguage":"it-IT","potentialAction":[{"@type":"ReadAction","target":["https:\/\/beldify.shop\/produit\/bidon-huile-dolive-vierge-50l\/"]}]},{"@type":"ImageObject","inLanguage":"it-IT","@id":"https:\/\/beldify.shop\/produit\/bidon-huile-dolive-vierge-50l\/#primaryimage","url":"https:\/\/beldify.shop\/wp-content\/uploads\/2020\/06\/product-diolive-50L-300x300-1.png","contentUrl":"https:\/\/beldify.shop\/wp-content\/uploads\/2020\/06\/product-diolive-50L-300x300-1.png","width":300,"height":300},{"@type":"BreadcrumbList","@id":"https:\/\/beldify.shop\/produit\/bidon-huile-dolive-vierge-50l\/#breadcrumb","itemListElement":[{"@type":"ListItem","position":1,"name":"Accueil","item":"https:\/\/beldify.shop\/"},{"@type":"ListItem","position":2,"name":"Boutique","item":"https:\/\/beldify.shop\/boutique\/"},{"@type":"ListItem","position":3,"name":"Bidon Huile d&rsquo;Olive Vierge 50L"}]},{"@type":"WebSite","@id":"https:\/\/beldify.shop\/#website","url":"https:\/\/beldify.shop\/","name":"Beldify.shop - Organic Life Style","description":"Prodotti naturali marocchini","potentialAction":[{"@type":"SearchAction","target":{"@type":"EntryPoint","urlTemplate":"https:\/\/beldify.shop\/?s={search_term_string}"},"query-input":{"@type":"PropertyValueSpecification","valueRequired":true,"valueName":"search_term_string"}}],"inLanguage":"it-IT"}]}},"jetpack_publicize_connections":[],"jetpack_likes_enabled":true,"jetpack_sharing_enabled":true,"jetpack-related-posts":[],"_links":{"self":[{"href":"https:\/\/beldify.shop\/it\/wp-json\/wp\/v2\/product\/370","targetHints":{"allow":["GET"]}}],"collection":[{"href":"https:\/\/beldify.shop\/it\/wp-json\/wp\/v2\/product"}],"about":[{"href":"https:\/\/beldify.shop\/it\/wp-json\/wp\/v2\/types\/product"}],"replies":[{"embeddable":true,"href":"https:\/\/beldify.shop\/it\/wp-json\/wp\/v2\/comments?post=370"}],"wp:featuredmedia":[{"embeddable":true,"href":"https:\/\/beldify.shop\/it\/wp-json\/wp\/v2\/media\/1538"}],"wp:attachment":[{"href":"https:\/\/beldify.shop\/it\/wp-json\/wp\/v2\/media?parent=370"}],"wp:term":[{"taxonomy":"product_brand","embeddable":true,"href":"https:\/\/beldify.shop\/it\/wp-json\/wp\/v2\/product_brand?post=370"},{"taxonomy":"product_cat","embeddable":true,"href":"https:\/\/beldify.shop\/it\/wp-json\/wp\/v2\/product_cat?post=370"},{"taxonomy":"product_tag","embeddable":true,"href":"https:\/\/beldify.shop\/it\/wp-json\/wp\/v2\/product_tag?post=370"}],"curies":[{"name":"wp","href":"https:\/\/api.w.org\/{rel}","templated":true}]}}