{"id":3389,"date":"2020-12-29T12:51:24","date_gmt":"2020-12-29T12:51:24","guid":{"rendered":"https:\/\/beldify.shop\/?post_type=product&#038;p=3389"},"modified":"2026-01-13T22:47:02","modified_gmt":"2026-01-13T22:47:02","slug":"250g-miel-pur-deucalyptus-%d8%b9%d8%b3%d9%84-%d8%a7%d9%84%d8%a3%d9%88%d9%83%d8%a7%d9%84%d9%8a%d8%a8%d8%aa%d9%88%d8%b3","status":"publish","type":"product","link":"https:\/\/beldify.shop\/it\/prodotto\/250g-miel-pur-deucalyptus-%d8%b9%d8%b3%d9%84-%d8%a7%d9%84%d8%a3%d9%88%d9%83%d8%a7%d9%84%d9%8a%d8%a8%d8%aa%d9%88%d8%b3\/","title":{"rendered":"250g Miele puro di eucalipto"},"content":{"rendered":"<div class=\"wpb-content-wrapper\"><div class=\"vc_row wpb_row vc_row-fluid\"><div class=\"wpb_column vc_column_container vc_col-sm-6\"><div class=\"vc_column-inner vc_custom_1493038156710\"><div class=\"wpb_wrapper\">\t\t<div id=\"gallery_525\" class=\"wd-images-gallery wd-wpb photoswipe-images\" style=\"--wd-justify-content:center;--wd-align-items:center;\">\n\t\t\t\n\t\t\t<div class=\"wd-grid-g\" style=\"--wd-col-lg:2;--wd-col-md:2;--wd-col-sm:1;--wd-gap-lg:0px;\">\n\t\t\t\t\n\t\t\t\t\t\t\t\t\t\t\t\t\t\t\t<div class=\"wd-gallery-item wd-col\">\n\t\t\t\t\t\t\t\t\t\t\t\t\t\t<a href=\"https:\/\/beldify.shop\/wp-content\/uploads\/2020\/06\/eucalyptus.jpg\" data-elementor-open-lightbox=\"no\" data-index=\"1\" data-width=\"825\" data-height=\"550\" \n\t\t\t\t\t\t\t\t\t\t\t\t >\n\t\t\t\t\t\t\t\t\n\t\t\t\t\t\t\t\t<img loading=\"lazy\" decoding=\"async\" width=\"825\" height=\"550\" src=\"https:\/\/beldify.shop\/wp-content\/uploads\/2020\/06\/eucalyptus.jpg\" class=\"wd-gallery-image image-1\" alt=\"\" srcset=\"https:\/\/beldify.shop\/wp-content\/uploads\/2020\/06\/eucalyptus.jpg 825w, https:\/\/beldify.shop\/wp-content\/uploads\/2020\/06\/eucalyptus-150x100.jpg 150w, https:\/\/beldify.shop\/wp-content\/uploads\/2020\/06\/eucalyptus-600x400.jpg 600w, https:\/\/beldify.shop\/wp-content\/uploads\/2020\/06\/eucalyptus-300x200.jpg 300w, https:\/\/beldify.shop\/wp-content\/uploads\/2020\/06\/eucalyptus-768x512.jpg 768w\" sizes=\"auto, (max-width: 825px) 100vw, 825px\" \/>\n\t\t\t\t\t\t\t\t\t\t\t\t\t\t\t<\/a>\n\t\t\t\t\t\t\t\t\t\t\t\t<\/div>\n\t\t\t\t\t\t\t\t\t\n\t\t\t\t\t\t\t<\/div>\n\n\t\t\t\t\t<\/div>\n\t\t<\/div><\/div><\/div><div class=\"wpb_column vc_column_container vc_col-sm-6\"><div class=\"vc_column-inner\"><div class=\"wpb_wrapper\">\n\t\t<div id=\"wd-5feb211c3282c\" class=\"title-wrapper wd-wpb wd-set-mb reset-last-child  wd-rs-5feb211c3282c wd-title-color-primary wd-title-style-underlined text-right  wd-underline-colored\">\n\t\t\t\n\t\t\t<div class=\"liner-continer\">\n\t\t\t\t<h4 class=\"woodmart-title-container title  wd-font-weight-600 wd-fontsize-l\" >Vedi l&#039;inglese<\/h4>\n\t\t\t\t\t\t\t<\/div>\n\t\t\t\n\t\t\t\n\t\t\t\n\t\t<\/div>\n\t\t\n\t\t\n\t<div class=\"wpb_text_column wpb_content_element\" >\n\t\t<div class=\"wpb_wrapper\">\n\t\t\t<p style=\"text-align: right;\">\u0645\u0641\u064a\u062f \u062c\u062f\u0627 \u0644\u0623\u0645\u0631\u0627\u0636 \u0627\u0644\u062c\u0647\u0627\u0632 \u0627\u0644\u0646\u0641\u0633\u064a \u062a\u0646\u0642\u064a\u0629 \u0627\u0644\u0631\u0626\u0629 \u0628\u0639\u062f \u0627\u0644\u0625\u0642\u0644\u0627\u0639 \u0639\u0646 \u0627\u0644\u062a\u062f\u062e\u064a\u0646 \u0636\u062f \u0627\u0644\u0631\u0628\u0648, \u0627\u0644\u0632\u0643\u0627\u0645 \u0648 \u0627\u0644\u0633\u0639\u0627\u0644 \u0637\u0627\u0631\u062f \u0644\u0644\u062f\u064a\u062f\u0627\u0646<\/p>\n\n\t\t<\/div>\n\t<\/div>\n<\/div><\/div><\/div><\/div>\n<\/div>","protected":false},"excerpt":{"rendered":"<div class=\"product-soustitre\">\n<h2>Miele di eucalipto puro<\/h2>\n<\/div>\n<div class=\"product-qualite clear\"><\/div>\n<div class=\"short-description\">\n<div class=\"std\">Il miele di eucalipto puro \u00e8 molto ricercato per le sue propriet\u00e0 medicinali, come tonico e per curare il mal di gola.<\/div>\n<\/div>","protected":false},"featured_media":3380,"comment_status":"open","ping_status":"closed","template":"","meta":{"_angie_page":false,"inline_featured_image":false,"jetpack_publicize_message":"","jetpack_publicize_feature_enabled":true,"jetpack_social_post_already_shared":false,"jetpack_social_options":{"image_generator_settings":{"template":"highway","default_image_id":0,"font":"","enabled":false},"version":2}},"product_brand":[],"product_cat":[15],"product_tag":[125,100,124],"class_list":{"0":"post-3389","1":"product","2":"type-product","3":"status-publish","4":"has-post-thumbnail","6":"product_cat-miel-pur","7":"product_tag-chaud","8":"product_tag-mbm","9":"product_tag-124","11":"first","12":"instock","13":"featured","14":"purchasable","15":"product-type-simple"},"yoast_head":"<!-- This site is optimized with the Yoast SEO plugin v27.5 - https:\/\/yoast.com\/product\/yoast-seo-wordpress\/ -->\n<title>250g Miel pur d&#039;eucalyptus \u0639\u0633\u0644 \u0627\u0644\u0623\u0648\u0643\u0627\u0644\u064a\u0628\u062a\u0648\u0633 - Beldify.shop - Organic Life Style<\/title>\n<meta name=\"robots\" content=\"index, follow, max-snippet:-1, max-image-preview:large, max-video-preview:-1\" \/>\n<link rel=\"canonical\" href=\"https:\/\/beldify.shop\/it\/prodotto\/250g-miel-pur-deucalyptus-\u0639\u0633\u0644-\u0627\u0644\u0623\u0648\u0643\u0627\u0644\u064a\u0628\u062a\u0648\u0633\/\" \/>\n<meta property=\"og:locale\" content=\"it_IT\" \/>\n<meta property=\"og:type\" content=\"article\" \/>\n<meta property=\"og:title\" content=\"250g Miel pur d&#039;eucalyptus \u0639\u0633\u0644 \u0627\u0644\u0623\u0648\u0643\u0627\u0644\u064a\u0628\u062a\u0648\u0633 - Beldify.shop - Organic Life Style\" \/>\n<meta property=\"og:description\" content=\"Miel pur d&#039;eucalyptus    Le miel Miel pur d&#039;eucalyptus est tr\u00e8s recherch\u00e9 pour son action m\u00e9dicinale comme tonifiant et pour traiter le mal de gorge.\" \/>\n<meta property=\"og:url\" content=\"https:\/\/beldify.shop\/it\/prodotto\/250g-miel-pur-deucalyptus-\u0639\u0633\u0644-\u0627\u0644\u0623\u0648\u0643\u0627\u0644\u064a\u0628\u062a\u0648\u0633\/\" \/>\n<meta property=\"og:site_name\" content=\"Beldify.shop - Organic Life Style\" \/>\n<meta property=\"article:publisher\" content=\"https:\/\/www.facebook.com\/beldify.shop\" \/>\n<meta property=\"article:modified_time\" content=\"2026-01-13T22:47:02+00:00\" \/>\n<meta property=\"og:image\" content=\"https:\/\/beldify.shop\/wp-content\/uploads\/2020\/12\/eth250gl.png\" \/>\n\t<meta property=\"og:image:width\" content=\"343\" \/>\n\t<meta property=\"og:image:height\" content=\"400\" \/>\n\t<meta property=\"og:image:type\" content=\"image\/png\" \/>\n<meta name=\"twitter:card\" content=\"summary_large_image\" \/>\n<script type=\"application\/ld+json\" class=\"yoast-schema-graph\">{\"@context\":\"https:\\\/\\\/schema.org\",\"@graph\":[{\"@type\":\"WebPage\",\"@id\":\"https:\\\/\\\/beldify.shop\\\/produit\\\/250g-miel-pur-deucalyptus-%d8%b9%d8%b3%d9%84-%d8%a7%d9%84%d8%a3%d9%88%d9%83%d8%a7%d9%84%d9%8a%d8%a8%d8%aa%d9%88%d8%b3\\\/\",\"url\":\"https:\\\/\\\/beldify.shop\\\/produit\\\/250g-miel-pur-deucalyptus-%d8%b9%d8%b3%d9%84-%d8%a7%d9%84%d8%a3%d9%88%d9%83%d8%a7%d9%84%d9%8a%d8%a8%d8%aa%d9%88%d8%b3\\\/\",\"name\":\"250g Miel pur d'eucalyptus \u0639\u0633\u0644 \u0627\u0644\u0623\u0648\u0643\u0627\u0644\u064a\u0628\u062a\u0648\u0633 - Beldify.shop - Organic Life Style\",\"isPartOf\":{\"@id\":\"https:\\\/\\\/beldify.shop\\\/#website\"},\"primaryImageOfPage\":{\"@id\":\"https:\\\/\\\/beldify.shop\\\/produit\\\/250g-miel-pur-deucalyptus-%d8%b9%d8%b3%d9%84-%d8%a7%d9%84%d8%a3%d9%88%d9%83%d8%a7%d9%84%d9%8a%d8%a8%d8%aa%d9%88%d8%b3\\\/#primaryimage\"},\"image\":{\"@id\":\"https:\\\/\\\/beldify.shop\\\/produit\\\/250g-miel-pur-deucalyptus-%d8%b9%d8%b3%d9%84-%d8%a7%d9%84%d8%a3%d9%88%d9%83%d8%a7%d9%84%d9%8a%d8%a8%d8%aa%d9%88%d8%b3\\\/#primaryimage\"},\"thumbnailUrl\":\"https:\\\/\\\/beldify.shop\\\/wp-content\\\/uploads\\\/2020\\\/12\\\/eth250gl.png\",\"datePublished\":\"2020-12-29T12:51:24+00:00\",\"dateModified\":\"2026-01-13T22:47:02+00:00\",\"breadcrumb\":{\"@id\":\"https:\\\/\\\/beldify.shop\\\/produit\\\/250g-miel-pur-deucalyptus-%d8%b9%d8%b3%d9%84-%d8%a7%d9%84%d8%a3%d9%88%d9%83%d8%a7%d9%84%d9%8a%d8%a8%d8%aa%d9%88%d8%b3\\\/#breadcrumb\"},\"inLanguage\":\"it-IT\",\"potentialAction\":[{\"@type\":\"ReadAction\",\"target\":[\"https:\\\/\\\/beldify.shop\\\/produit\\\/250g-miel-pur-deucalyptus-%d8%b9%d8%b3%d9%84-%d8%a7%d9%84%d8%a3%d9%88%d9%83%d8%a7%d9%84%d9%8a%d8%a8%d8%aa%d9%88%d8%b3\\\/\"]}]},{\"@type\":\"ImageObject\",\"inLanguage\":\"it-IT\",\"@id\":\"https:\\\/\\\/beldify.shop\\\/produit\\\/250g-miel-pur-deucalyptus-%d8%b9%d8%b3%d9%84-%d8%a7%d9%84%d8%a3%d9%88%d9%83%d8%a7%d9%84%d9%8a%d8%a8%d8%aa%d9%88%d8%b3\\\/#primaryimage\",\"url\":\"https:\\\/\\\/beldify.shop\\\/wp-content\\\/uploads\\\/2020\\\/12\\\/eth250gl.png\",\"contentUrl\":\"https:\\\/\\\/beldify.shop\\\/wp-content\\\/uploads\\\/2020\\\/12\\\/eth250gl.png\",\"width\":343,\"height\":400},{\"@type\":\"BreadcrumbList\",\"@id\":\"https:\\\/\\\/beldify.shop\\\/produit\\\/250g-miel-pur-deucalyptus-%d8%b9%d8%b3%d9%84-%d8%a7%d9%84%d8%a3%d9%88%d9%83%d8%a7%d9%84%d9%8a%d8%a8%d8%aa%d9%88%d8%b3\\\/#breadcrumb\",\"itemListElement\":[{\"@type\":\"ListItem\",\"position\":1,\"name\":\"Accueil\",\"item\":\"https:\\\/\\\/beldify.shop\\\/\"},{\"@type\":\"ListItem\",\"position\":2,\"name\":\"Boutique\",\"item\":\"https:\\\/\\\/beldify.shop\\\/boutique\\\/\"},{\"@type\":\"ListItem\",\"position\":3,\"name\":\"250g Miel pur d&rsquo;eucalyptus \u0639\u0633\u0644 \u0627\u0644\u0623\u0648\u0643\u0627\u0644\u064a\u0628\u062a\u0648\u0633\"}]},{\"@type\":\"WebSite\",\"@id\":\"https:\\\/\\\/beldify.shop\\\/#website\",\"url\":\"https:\\\/\\\/beldify.shop\\\/\",\"name\":\"Beldify.shop - Organic Life Style\",\"description\":\"Moroccan Natural Products\",\"potentialAction\":[{\"@type\":\"SearchAction\",\"target\":{\"@type\":\"EntryPoint\",\"urlTemplate\":\"https:\\\/\\\/beldify.shop\\\/?s={search_term_string}\"},\"query-input\":{\"@type\":\"PropertyValueSpecification\",\"valueRequired\":true,\"valueName\":\"search_term_string\"}}],\"inLanguage\":\"it-IT\"}]}<\/script>\n<!-- \/ Yoast SEO plugin. -->","yoast_head_json":{"title":"250g Miel pur d'eucalyptus \u0639\u0633\u0644 \u0627\u0644\u0623\u0648\u0643\u0627\u0644\u064a\u0628\u062a\u0648\u0633 - Beldify.shop - Organic Life Style","robots":{"index":"index","follow":"follow","max-snippet":"max-snippet:-1","max-image-preview":"max-image-preview:large","max-video-preview":"max-video-preview:-1"},"canonical":"https:\/\/beldify.shop\/it\/prodotto\/250g-miel-pur-deucalyptus-\u0639\u0633\u0644-\u0627\u0644\u0623\u0648\u0643\u0627\u0644\u064a\u0628\u062a\u0648\u0633\/","og_locale":"it_IT","og_type":"article","og_title":"250g Miel pur d'eucalyptus \u0639\u0633\u0644 \u0627\u0644\u0623\u0648\u0643\u0627\u0644\u064a\u0628\u062a\u0648\u0633 - Beldify.shop - Organic Life Style","og_description":"Miel pur d'eucalyptus    Le miel Miel pur d'eucalyptus est tr\u00e8s recherch\u00e9 pour son action m\u00e9dicinale comme tonifiant et pour traiter le mal de gorge.","og_url":"https:\/\/beldify.shop\/it\/prodotto\/250g-miel-pur-deucalyptus-\u0639\u0633\u0644-\u0627\u0644\u0623\u0648\u0643\u0627\u0644\u064a\u0628\u062a\u0648\u0633\/","og_site_name":"Beldify.shop - Organic Life Style","article_publisher":"https:\/\/www.facebook.com\/beldify.shop","article_modified_time":"2026-01-13T22:47:02+00:00","og_image":[{"width":343,"height":400,"url":"https:\/\/beldify.shop\/wp-content\/uploads\/2020\/12\/eth250gl.png","type":"image\/png"}],"twitter_card":"summary_large_image","schema":{"@context":"https:\/\/schema.org","@graph":[{"@type":"WebPage","@id":"https:\/\/beldify.shop\/produit\/250g-miel-pur-deucalyptus-%d8%b9%d8%b3%d9%84-%d8%a7%d9%84%d8%a3%d9%88%d9%83%d8%a7%d9%84%d9%8a%d8%a8%d8%aa%d9%88%d8%b3\/","url":"https:\/\/beldify.shop\/produit\/250g-miel-pur-deucalyptus-%d8%b9%d8%b3%d9%84-%d8%a7%d9%84%d8%a3%d9%88%d9%83%d8%a7%d9%84%d9%8a%d8%a8%d8%aa%d9%88%d8%b3\/","name":"250g Miel pur d'eucalyptus \u0639\u0633\u0644 \u0627\u0644\u0623\u0648\u0643\u0627\u0644\u064a\u0628\u062a\u0648\u0633 - Beldify.shop - Organic Life Style","isPartOf":{"@id":"https:\/\/beldify.shop\/#website"},"primaryImageOfPage":{"@id":"https:\/\/beldify.shop\/produit\/250g-miel-pur-deucalyptus-%d8%b9%d8%b3%d9%84-%d8%a7%d9%84%d8%a3%d9%88%d9%83%d8%a7%d9%84%d9%8a%d8%a8%d8%aa%d9%88%d8%b3\/#primaryimage"},"image":{"@id":"https:\/\/beldify.shop\/produit\/250g-miel-pur-deucalyptus-%d8%b9%d8%b3%d9%84-%d8%a7%d9%84%d8%a3%d9%88%d9%83%d8%a7%d9%84%d9%8a%d8%a8%d8%aa%d9%88%d8%b3\/#primaryimage"},"thumbnailUrl":"https:\/\/beldify.shop\/wp-content\/uploads\/2020\/12\/eth250gl.png","datePublished":"2020-12-29T12:51:24+00:00","dateModified":"2026-01-13T22:47:02+00:00","breadcrumb":{"@id":"https:\/\/beldify.shop\/produit\/250g-miel-pur-deucalyptus-%d8%b9%d8%b3%d9%84-%d8%a7%d9%84%d8%a3%d9%88%d9%83%d8%a7%d9%84%d9%8a%d8%a8%d8%aa%d9%88%d8%b3\/#breadcrumb"},"inLanguage":"it-IT","potentialAction":[{"@type":"ReadAction","target":["https:\/\/beldify.shop\/produit\/250g-miel-pur-deucalyptus-%d8%b9%d8%b3%d9%84-%d8%a7%d9%84%d8%a3%d9%88%d9%83%d8%a7%d9%84%d9%8a%d8%a8%d8%aa%d9%88%d8%b3\/"]}]},{"@type":"ImageObject","inLanguage":"it-IT","@id":"https:\/\/beldify.shop\/produit\/250g-miel-pur-deucalyptus-%d8%b9%d8%b3%d9%84-%d8%a7%d9%84%d8%a3%d9%88%d9%83%d8%a7%d9%84%d9%8a%d8%a8%d8%aa%d9%88%d8%b3\/#primaryimage","url":"https:\/\/beldify.shop\/wp-content\/uploads\/2020\/12\/eth250gl.png","contentUrl":"https:\/\/beldify.shop\/wp-content\/uploads\/2020\/12\/eth250gl.png","width":343,"height":400},{"@type":"BreadcrumbList","@id":"https:\/\/beldify.shop\/produit\/250g-miel-pur-deucalyptus-%d8%b9%d8%b3%d9%84-%d8%a7%d9%84%d8%a3%d9%88%d9%83%d8%a7%d9%84%d9%8a%d8%a8%d8%aa%d9%88%d8%b3\/#breadcrumb","itemListElement":[{"@type":"ListItem","position":1,"name":"Accueil","item":"https:\/\/beldify.shop\/"},{"@type":"ListItem","position":2,"name":"Boutique","item":"https:\/\/beldify.shop\/boutique\/"},{"@type":"ListItem","position":3,"name":"250g Miel pur d&rsquo;eucalyptus \u0639\u0633\u0644 \u0627\u0644\u0623\u0648\u0643\u0627\u0644\u064a\u0628\u062a\u0648\u0633"}]},{"@type":"WebSite","@id":"https:\/\/beldify.shop\/#website","url":"https:\/\/beldify.shop\/","name":"Beldify.shop - Organic Life Style","description":"Prodotti naturali marocchini","potentialAction":[{"@type":"SearchAction","target":{"@type":"EntryPoint","urlTemplate":"https:\/\/beldify.shop\/?s={search_term_string}"},"query-input":{"@type":"PropertyValueSpecification","valueRequired":true,"valueName":"search_term_string"}}],"inLanguage":"it-IT"}]}},"jetpack_publicize_connections":[],"jetpack_likes_enabled":true,"jetpack_sharing_enabled":true,"jetpack-related-posts":[],"_links":{"self":[{"href":"https:\/\/beldify.shop\/it\/wp-json\/wp\/v2\/product\/3389","targetHints":{"allow":["GET"]}}],"collection":[{"href":"https:\/\/beldify.shop\/it\/wp-json\/wp\/v2\/product"}],"about":[{"href":"https:\/\/beldify.shop\/it\/wp-json\/wp\/v2\/types\/product"}],"replies":[{"embeddable":true,"href":"https:\/\/beldify.shop\/it\/wp-json\/wp\/v2\/comments?post=3389"}],"wp:featuredmedia":[{"embeddable":true,"href":"https:\/\/beldify.shop\/it\/wp-json\/wp\/v2\/media\/3380"}],"wp:attachment":[{"href":"https:\/\/beldify.shop\/it\/wp-json\/wp\/v2\/media?parent=3389"}],"wp:term":[{"taxonomy":"product_brand","embeddable":true,"href":"https:\/\/beldify.shop\/it\/wp-json\/wp\/v2\/product_brand?post=3389"},{"taxonomy":"product_cat","embeddable":true,"href":"https:\/\/beldify.shop\/it\/wp-json\/wp\/v2\/product_cat?post=3389"},{"taxonomy":"product_tag","embeddable":true,"href":"https:\/\/beldify.shop\/it\/wp-json\/wp\/v2\/product_tag?post=3389"}],"curies":[{"name":"wp","href":"https:\/\/api.w.org\/{rel}","templated":true}]}}