{"id":2945,"date":"2020-11-17T15:03:41","date_gmt":"2020-11-17T15:03:41","guid":{"rendered":"https:\/\/beldify.shop?post_type=product&#038;p=2945"},"modified":"2026-01-13T22:47:08","modified_gmt":"2026-01-13T22:47:08","slug":"1kg-couscous-el-chaair-%d9%83%d8%b3%d9%83%d8%b3-%d8%a7%d9%84%d8%b4%d8%b9%d9%8a%d8%b1","status":"publish","type":"product","link":"https:\/\/beldify.shop\/it\/prodotto\/1kg-couscous-el-chaair-%d9%83%d8%b3%d9%83%d8%b3-%d8%a7%d9%84%d8%b4%d8%b9%d9%8a%d8%b1\/","title":{"rendered":"1kg Couscous El Chaair Ricetta completa"},"content":{"rendered":"<div class=\"wpb-content-wrapper\"><div class=\"vc_row wpb_row vc_row-fluid vc_row-o-content-top vc_row-flex\"><div class=\"wpb_column vc_column_container vc_col-sm-6\"><div class=\"vc_column-inner\"><div class=\"wpb_wrapper\">\n\t<div class=\"wpb_text_column wpb_content_element\" >\n\t\t<div class=\"wpb_wrapper\">\n\t\t\t<p>10 tipi di couscous con i cereali che ami, che danno un sapore delizioso al tuo pasto e, soprattutto, a prezzi ragionevoli: non lasciarteli sfuggire! <span class=\"_47e3 _5mfr\" title=\"emoticon cuore\"><img loading=\"lazy\" decoding=\"async\" class=\"img\" role=\"presentation\" src=\"https:\/\/static.xx.fbcdn.net\/images\/emoji.php\/v9\/t6c\/1\/16\/2764.png?_nc_eui2=AeHMEdDpZvC8Nt2-2p9Om9jGtje5zGZIwt62N7nMZkjC3nVNg58aAbokwyTRLlDhyks05jZCtm-v09melvvlk88H\" alt=\"\" width=\"16\" height=\"16\" \/><\/span><\/p>\n\n\t\t<\/div>\n\t<\/div>\n<\/div><\/div><\/div><div class=\"wpb_column vc_column_container vc_col-sm-6\"><div class=\"vc_column-inner vc_custom_1490694541710\"><div class=\"wpb_wrapper\"><div class=\"vc_row wpb_row vc_inner vc_row-fluid vc_row-o-content-top vc_row-flex\"><div class=\"wpb_column vc_column_container vc_col-sm-6\"><div class=\"vc_column-inner vc_custom_1490695008312\"><div class=\"wpb_wrapper\"><\/div><\/div><\/div><div class=\"wpb_column vc_column_container vc_col-sm-6\"><div class=\"vc_column-inner vc_custom_1490695011353\"><div class=\"wpb_wrapper\"><\/div><\/div><\/div><div class=\"wpb_column vc_column_container vc_col-sm-6\"><div class=\"vc_column-inner vc_custom_1490694847874\"><div class=\"wpb_wrapper\"><\/div><\/div><\/div><div class=\"wpb_column vc_column_container vc_col-sm-6\"><div class=\"vc_column-inner vc_custom_1490694856753\"><div class=\"wpb_wrapper\"><\/div><\/div><\/div><\/div><\/div><\/div><\/div><\/div>\n<\/div>","protected":false},"excerpt":{"rendered":"<p>Viene anche chiamato &quot;el balboula&quot;, dopo la raccolta dell&#039;orzo, questo viene lavato e purificato, poi viene macinato e, dopo la macinatura, viene setacciato, per poi estrarre la farina d&#039;orzo. Una delle propriet\u00e0 dell&#039;orzo \u00e8 quella di essere ricco di fibre naturali, per cui \u00e8 consigliato come rimedio naturale contro la stitichezza; inoltre, apporta numerosi minerali ed \u00e8 efficace nell&#039;abbassare il colesterolo.<\/p>\n<p style=\"text-align: right;\">E il nome &quot;arabo&quot;, il nome del musulmano, il nome del Profeta, il nome del Profeta, il nome del Profeta e il nome del Profeta Sono certo che il Profeta Muhammad sapr\u00e0 aiutarvi nella vostra ricerca di pace e prosperit\u00e0 e che potrete vivere in pace e prosperit\u00e0 nel vostro Paese.<\/p>\n<p>Produzione 100% Fatto a mano<\/p>","protected":false},"featured_media":2946,"comment_status":"open","ping_status":"closed","template":"","meta":{"_angie_page":false,"inline_featured_image":false,"jetpack_publicize_message":"","jetpack_publicize_feature_enabled":true,"jetpack_social_post_already_shared":false,"jetpack_social_options":{"image_generator_settings":{"template":"highway","default_image_id":0,"font":"","enabled":false},"version":2}},"product_brand":[],"product_cat":[37],"product_tag":[109,113,114],"class_list":{"0":"post-2945","1":"product","2":"type-product","3":"status-publish","4":"has-post-thumbnail","6":"product_cat-couscous-semoules","7":"product_tag-couscous","8":"product_tag-oum-el-kheir","9":"product_tag-114","11":"first","12":"instock","13":"taxable","14":"shipping-taxable","15":"purchasable","16":"product-type-simple"},"yoast_head":"<!-- This site is optimized with the Yoast SEO plugin v27.5 - https:\/\/yoast.com\/product\/yoast-seo-wordpress\/ -->\n<title>1kg Couscous El Chaair \u0643\u0633\u0643\u0633 \u0627\u0644\u0634\u0639\u064a\u0631 - Beldify.shop - Organic Life Style<\/title>\n<meta name=\"robots\" content=\"index, follow, max-snippet:-1, max-image-preview:large, max-video-preview:-1\" \/>\n<link rel=\"canonical\" href=\"https:\/\/beldify.shop\/it\/product\/1kg-couscous-el-chaair-\u0643\u0633\u0643\u0633-\u0627\u0644\u0634\u0639\u064a\u0631\/\" \/>\n<meta property=\"og:locale\" content=\"it_IT\" \/>\n<meta property=\"og:type\" content=\"article\" \/>\n<meta property=\"og:title\" content=\"1kg Couscous El Chaair \u0643\u0633\u0643\u0633 \u0627\u0644\u0634\u0639\u064a\u0631 - Beldify.shop - Organic Life Style\" \/>\n<meta property=\"og:description\" content=\"On l&#039;appelle aussi &quot;el balboula&quot;, apr\u00e8s avoir r\u00e9colt\u00e9 l&#039;orge, elle est lav\u00e9e et purifi\u00e9e, puis elle est moulue, et apr\u00e8s broyage, elle est tamis\u00e9e, puis la farine d&#039;orge est extraite. L&#039;une des propri\u00e9t\u00e9s de l&#039;orge est qu&#039;elle est riche en fibres naturelles, elle est donc recommand\u00e9e comme rem\u00e8de naturel contre la constipation, et elle fournit un certain nombre de min\u00e9raux, Et son efficacit\u00e9 \u00e0 abaisser le cholest\u00e9rol. \u0648 \u064a\u0633\u0645\u0649 \u0623\u064a\u0636\u0627 &quot;\u0627\u0644\u0628\u0644\u0628\u0648\u0644\u0629&quot; \u060c\u0628\u0639\u062f \u062d\u0635\u062f \u0627\u0644\u0634\u0639\u064a\u0631 \u064a\u063a\u0633\u0644 \u0648 \u062a\u062a\u0645 \u062a\u0646\u0642\u064a\u062a\u0647 \u0648 \u0628\u0639\u062f\u0647\u0627 \u064a\u0637\u062d\u0646\u060c\u0648 \u0628\u0639\u062f \u0627\u0644\u0637\u062d\u0646 \u062a\u062a\u0645 \u063a\u0631\u0628\u0644\u062a\u0647 \u062b\u0645 \u0627\u0633\u062a\u062e\u0631\u0627\u062c \u062f\u0642\u064a\u0642 \u0627\u0644\u0634\u0639\u064a\u0631\u060c \u0648 \u0645\u0646 \u062e\u0635\u0627\u0626\u0635 \u0627\u0644\u0634\u0639\u064a\u0631 \u0623\u0646\u0647 \u063a\u0646\u064a \u0628\u0644\u0623 \u0644\u064a\u0627\u0641 \u0627\u0644\u0637\u0628\u064a\u0639\u064a\u0629 \u0644\u0630\u0644\u0643 \u064a\u0646\u0635\u062d \u0628\u0647 \u0643\u0639\u0644\u0627\u062c \u0637\u0628\u064a\u0639\u064a \u0644\u0644\u0627\u0645\u0633\u0627\u0643 \u060c\u0648 \u062a\u0648\u0641\u0631\u0647 \u0639\u0644\u0649 \u0639\u062f\u062f \u0645\u0646 \u0627\u0644\u0645\u0639\u0627\u062f\u0646 \u0648 \u0641\u0639\u0627\u0644\u064a\u062a\u0647 \u0641\u064a \u062a\u062e\u0641\u064a\u0636 \u0627\u0644\u0643\u0648\u0644\u0633\u062a\u0631\u0648\u0644 Production 100% Handmade\" \/>\n<meta property=\"og:url\" content=\"https:\/\/beldify.shop\/it\/product\/1kg-couscous-el-chaair-\u0643\u0633\u0643\u0633-\u0627\u0644\u0634\u0639\u064a\u0631\/\" \/>\n<meta property=\"og:site_name\" content=\"Beldify.shop - Organic Life Style\" \/>\n<meta property=\"article:publisher\" content=\"https:\/\/www.facebook.com\/beldify.shop\" \/>\n<meta property=\"article:modified_time\" content=\"2026-01-13T22:47:08+00:00\" \/>\n<meta property=\"og:image\" content=\"https:\/\/beldify.shop\/wp-content\/uploads\/2020\/11\/20201117_142906-768x1024.jpg\" \/>\n\t<meta property=\"og:image:width\" content=\"768\" \/>\n\t<meta property=\"og:image:height\" content=\"1024\" \/>\n\t<meta property=\"og:image:type\" content=\"image\/jpeg\" \/>\n<meta name=\"twitter:card\" content=\"summary_large_image\" \/>\n<meta name=\"twitter:label1\" content=\"Tempo di lettura stimato\" \/>\n\t<meta name=\"twitter:data1\" content=\"1 minuto\" \/>\n<script type=\"application\/ld+json\" class=\"yoast-schema-graph\">{\"@context\":\"https:\\\/\\\/schema.org\",\"@graph\":[{\"@type\":\"WebPage\",\"@id\":\"https:\\\/\\\/beldify.shop\\\/en\\\/product\\\/1kg-couscous-el-chaair-%d9%83%d8%b3%d9%83%d8%b3-%d8%a7%d9%84%d8%b4%d8%b9%d9%8a%d8%b1\\\/\",\"url\":\"https:\\\/\\\/beldify.shop\\\/en\\\/product\\\/1kg-couscous-el-chaair-%d9%83%d8%b3%d9%83%d8%b3-%d8%a7%d9%84%d8%b4%d8%b9%d9%8a%d8%b1\\\/\",\"name\":\"1kg Couscous El Chaair \u0643\u0633\u0643\u0633 \u0627\u0644\u0634\u0639\u064a\u0631 - Beldify.shop - Organic Life Style\",\"isPartOf\":{\"@id\":\"https:\\\/\\\/beldify.shop\\\/#website\"},\"primaryImageOfPage\":{\"@id\":\"https:\\\/\\\/beldify.shop\\\/en\\\/product\\\/1kg-couscous-el-chaair-%d9%83%d8%b3%d9%83%d8%b3-%d8%a7%d9%84%d8%b4%d8%b9%d9%8a%d8%b1\\\/#primaryimage\"},\"image\":{\"@id\":\"https:\\\/\\\/beldify.shop\\\/en\\\/product\\\/1kg-couscous-el-chaair-%d9%83%d8%b3%d9%83%d8%b3-%d8%a7%d9%84%d8%b4%d8%b9%d9%8a%d8%b1\\\/#primaryimage\"},\"thumbnailUrl\":\"https:\\\/\\\/beldify.shop\\\/wp-content\\\/uploads\\\/2020\\\/11\\\/20201117_142906-scaled.jpg\",\"datePublished\":\"2020-11-17T15:03:41+00:00\",\"dateModified\":\"2026-01-13T22:47:08+00:00\",\"breadcrumb\":{\"@id\":\"https:\\\/\\\/beldify.shop\\\/en\\\/product\\\/1kg-couscous-el-chaair-%d9%83%d8%b3%d9%83%d8%b3-%d8%a7%d9%84%d8%b4%d8%b9%d9%8a%d8%b1\\\/#breadcrumb\"},\"inLanguage\":\"it-IT\",\"potentialAction\":[{\"@type\":\"ReadAction\",\"target\":[\"https:\\\/\\\/beldify.shop\\\/en\\\/product\\\/1kg-couscous-el-chaair-%d9%83%d8%b3%d9%83%d8%b3-%d8%a7%d9%84%d8%b4%d8%b9%d9%8a%d8%b1\\\/\"]}]},{\"@type\":\"ImageObject\",\"inLanguage\":\"it-IT\",\"@id\":\"https:\\\/\\\/beldify.shop\\\/en\\\/product\\\/1kg-couscous-el-chaair-%d9%83%d8%b3%d9%83%d8%b3-%d8%a7%d9%84%d8%b4%d8%b9%d9%8a%d8%b1\\\/#primaryimage\",\"url\":\"https:\\\/\\\/beldify.shop\\\/wp-content\\\/uploads\\\/2020\\\/11\\\/20201117_142906-scaled.jpg\",\"contentUrl\":\"https:\\\/\\\/beldify.shop\\\/wp-content\\\/uploads\\\/2020\\\/11\\\/20201117_142906-scaled.jpg\",\"width\":1920,\"height\":2560},{\"@type\":\"BreadcrumbList\",\"@id\":\"https:\\\/\\\/beldify.shop\\\/en\\\/product\\\/1kg-couscous-el-chaair-%d9%83%d8%b3%d9%83%d8%b3-%d8%a7%d9%84%d8%b4%d8%b9%d9%8a%d8%b1\\\/#breadcrumb\",\"itemListElement\":[{\"@type\":\"ListItem\",\"position\":1,\"name\":\"Accueil\",\"item\":\"https:\\\/\\\/beldify.shop\\\/\"},{\"@type\":\"ListItem\",\"position\":2,\"name\":\"Boutique\",\"item\":\"https:\\\/\\\/beldify.shop\\\/boutique\\\/\"},{\"@type\":\"ListItem\",\"position\":3,\"name\":\"1kg Couscous El Chaair \u0643\u0633\u0643\u0633 \u0627\u0644\u0634\u0639\u064a\u0631\"}]},{\"@type\":\"WebSite\",\"@id\":\"https:\\\/\\\/beldify.shop\\\/#website\",\"url\":\"https:\\\/\\\/beldify.shop\\\/\",\"name\":\"Beldify.shop - Organic Life Style\",\"description\":\"Moroccan Natural Products\",\"potentialAction\":[{\"@type\":\"SearchAction\",\"target\":{\"@type\":\"EntryPoint\",\"urlTemplate\":\"https:\\\/\\\/beldify.shop\\\/?s={search_term_string}\"},\"query-input\":{\"@type\":\"PropertyValueSpecification\",\"valueRequired\":true,\"valueName\":\"search_term_string\"}}],\"inLanguage\":\"it-IT\"}]}<\/script>\n<!-- \/ Yoast SEO plugin. -->","yoast_head_json":{"title":"1kg Couscous El Chaair \u0643\u0633\u0643\u0633 \u0627\u0644\u0634\u0639\u064a\u0631 - Beldify.shop - Organic Life Style","robots":{"index":"index","follow":"follow","max-snippet":"max-snippet:-1","max-image-preview":"max-image-preview:large","max-video-preview":"max-video-preview:-1"},"canonical":"https:\/\/beldify.shop\/it\/product\/1kg-couscous-el-chaair-\u0643\u0633\u0643\u0633-\u0627\u0644\u0634\u0639\u064a\u0631\/","og_locale":"it_IT","og_type":"article","og_title":"1kg Couscous El Chaair \u0643\u0633\u0643\u0633 \u0627\u0644\u0634\u0639\u064a\u0631 - Beldify.shop - Organic Life Style","og_description":"On l'appelle aussi \"el balboula\", apr\u00e8s avoir r\u00e9colt\u00e9 l'orge, elle est lav\u00e9e et purifi\u00e9e, puis elle est moulue, et apr\u00e8s broyage, elle est tamis\u00e9e, puis la farine d'orge est extraite. L'une des propri\u00e9t\u00e9s de l'orge est qu'elle est riche en fibres naturelles, elle est donc recommand\u00e9e comme rem\u00e8de naturel contre la constipation, et elle fournit un certain nombre de min\u00e9raux, Et son efficacit\u00e9 \u00e0 abaisser le cholest\u00e9rol. \u0648 \u064a\u0633\u0645\u0649 \u0623\u064a\u0636\u0627 \"\u0627\u0644\u0628\u0644\u0628\u0648\u0644\u0629\" \u060c\u0628\u0639\u062f \u062d\u0635\u062f \u0627\u0644\u0634\u0639\u064a\u0631 \u064a\u063a\u0633\u0644 \u0648 \u062a\u062a\u0645 \u062a\u0646\u0642\u064a\u062a\u0647 \u0648 \u0628\u0639\u062f\u0647\u0627 \u064a\u0637\u062d\u0646\u060c\u0648 \u0628\u0639\u062f \u0627\u0644\u0637\u062d\u0646 \u062a\u062a\u0645 \u063a\u0631\u0628\u0644\u062a\u0647 \u062b\u0645 \u0627\u0633\u062a\u062e\u0631\u0627\u062c \u062f\u0642\u064a\u0642 \u0627\u0644\u0634\u0639\u064a\u0631\u060c \u0648 \u0645\u0646 \u062e\u0635\u0627\u0626\u0635 \u0627\u0644\u0634\u0639\u064a\u0631 \u0623\u0646\u0647 \u063a\u0646\u064a \u0628\u0644\u0623 \u0644\u064a\u0627\u0641 \u0627\u0644\u0637\u0628\u064a\u0639\u064a\u0629 \u0644\u0630\u0644\u0643 \u064a\u0646\u0635\u062d \u0628\u0647 \u0643\u0639\u0644\u0627\u062c \u0637\u0628\u064a\u0639\u064a \u0644\u0644\u0627\u0645\u0633\u0627\u0643 \u060c\u0648 \u062a\u0648\u0641\u0631\u0647 \u0639\u0644\u0649 \u0639\u062f\u062f \u0645\u0646 \u0627\u0644\u0645\u0639\u0627\u062f\u0646 \u0648 \u0641\u0639\u0627\u0644\u064a\u062a\u0647 \u0641\u064a \u062a\u062e\u0641\u064a\u0636 \u0627\u0644\u0643\u0648\u0644\u0633\u062a\u0631\u0648\u0644 Production 100% Handmade","og_url":"https:\/\/beldify.shop\/it\/product\/1kg-couscous-el-chaair-\u0643\u0633\u0643\u0633-\u0627\u0644\u0634\u0639\u064a\u0631\/","og_site_name":"Beldify.shop - Organic Life Style","article_publisher":"https:\/\/www.facebook.com\/beldify.shop","article_modified_time":"2026-01-13T22:47:08+00:00","og_image":[{"width":768,"height":1024,"url":"https:\/\/beldify.shop\/wp-content\/uploads\/2020\/11\/20201117_142906-768x1024.jpg","type":"image\/jpeg"}],"twitter_card":"summary_large_image","twitter_misc":{"Tempo di lettura stimato":"1 minuto"},"schema":{"@context":"https:\/\/schema.org","@graph":[{"@type":"WebPage","@id":"https:\/\/beldify.shop\/en\/product\/1kg-couscous-el-chaair-%d9%83%d8%b3%d9%83%d8%b3-%d8%a7%d9%84%d8%b4%d8%b9%d9%8a%d8%b1\/","url":"https:\/\/beldify.shop\/en\/product\/1kg-couscous-el-chaair-%d9%83%d8%b3%d9%83%d8%b3-%d8%a7%d9%84%d8%b4%d8%b9%d9%8a%d8%b1\/","name":"1kg Couscous El Chaair \u0643\u0633\u0643\u0633 \u0627\u0644\u0634\u0639\u064a\u0631 - Beldify.shop - Organic Life Style","isPartOf":{"@id":"https:\/\/beldify.shop\/#website"},"primaryImageOfPage":{"@id":"https:\/\/beldify.shop\/en\/product\/1kg-couscous-el-chaair-%d9%83%d8%b3%d9%83%d8%b3-%d8%a7%d9%84%d8%b4%d8%b9%d9%8a%d8%b1\/#primaryimage"},"image":{"@id":"https:\/\/beldify.shop\/en\/product\/1kg-couscous-el-chaair-%d9%83%d8%b3%d9%83%d8%b3-%d8%a7%d9%84%d8%b4%d8%b9%d9%8a%d8%b1\/#primaryimage"},"thumbnailUrl":"https:\/\/beldify.shop\/wp-content\/uploads\/2020\/11\/20201117_142906-scaled.jpg","datePublished":"2020-11-17T15:03:41+00:00","dateModified":"2026-01-13T22:47:08+00:00","breadcrumb":{"@id":"https:\/\/beldify.shop\/en\/product\/1kg-couscous-el-chaair-%d9%83%d8%b3%d9%83%d8%b3-%d8%a7%d9%84%d8%b4%d8%b9%d9%8a%d8%b1\/#breadcrumb"},"inLanguage":"it-IT","potentialAction":[{"@type":"ReadAction","target":["https:\/\/beldify.shop\/en\/product\/1kg-couscous-el-chaair-%d9%83%d8%b3%d9%83%d8%b3-%d8%a7%d9%84%d8%b4%d8%b9%d9%8a%d8%b1\/"]}]},{"@type":"ImageObject","inLanguage":"it-IT","@id":"https:\/\/beldify.shop\/en\/product\/1kg-couscous-el-chaair-%d9%83%d8%b3%d9%83%d8%b3-%d8%a7%d9%84%d8%b4%d8%b9%d9%8a%d8%b1\/#primaryimage","url":"https:\/\/beldify.shop\/wp-content\/uploads\/2020\/11\/20201117_142906-scaled.jpg","contentUrl":"https:\/\/beldify.shop\/wp-content\/uploads\/2020\/11\/20201117_142906-scaled.jpg","width":1920,"height":2560},{"@type":"BreadcrumbList","@id":"https:\/\/beldify.shop\/en\/product\/1kg-couscous-el-chaair-%d9%83%d8%b3%d9%83%d8%b3-%d8%a7%d9%84%d8%b4%d8%b9%d9%8a%d8%b1\/#breadcrumb","itemListElement":[{"@type":"ListItem","position":1,"name":"Accueil","item":"https:\/\/beldify.shop\/"},{"@type":"ListItem","position":2,"name":"Boutique","item":"https:\/\/beldify.shop\/boutique\/"},{"@type":"ListItem","position":3,"name":"1kg Couscous El Chaair \u0643\u0633\u0643\u0633 \u0627\u0644\u0634\u0639\u064a\u0631"}]},{"@type":"WebSite","@id":"https:\/\/beldify.shop\/#website","url":"https:\/\/beldify.shop\/","name":"Beldify.shop - Organic Life Style","description":"Prodotti naturali marocchini","potentialAction":[{"@type":"SearchAction","target":{"@type":"EntryPoint","urlTemplate":"https:\/\/beldify.shop\/?s={search_term_string}"},"query-input":{"@type":"PropertyValueSpecification","valueRequired":true,"valueName":"search_term_string"}}],"inLanguage":"it-IT"}]}},"jetpack_publicize_connections":[],"jetpack_likes_enabled":true,"jetpack_sharing_enabled":true,"jetpack-related-posts":[],"_links":{"self":[{"href":"https:\/\/beldify.shop\/it\/wp-json\/wp\/v2\/product\/2945","targetHints":{"allow":["GET"]}}],"collection":[{"href":"https:\/\/beldify.shop\/it\/wp-json\/wp\/v2\/product"}],"about":[{"href":"https:\/\/beldify.shop\/it\/wp-json\/wp\/v2\/types\/product"}],"replies":[{"embeddable":true,"href":"https:\/\/beldify.shop\/it\/wp-json\/wp\/v2\/comments?post=2945"}],"wp:featuredmedia":[{"embeddable":true,"href":"https:\/\/beldify.shop\/it\/wp-json\/wp\/v2\/media\/2946"}],"wp:attachment":[{"href":"https:\/\/beldify.shop\/it\/wp-json\/wp\/v2\/media?parent=2945"}],"wp:term":[{"taxonomy":"product_brand","embeddable":true,"href":"https:\/\/beldify.shop\/it\/wp-json\/wp\/v2\/product_brand?post=2945"},{"taxonomy":"product_cat","embeddable":true,"href":"https:\/\/beldify.shop\/it\/wp-json\/wp\/v2\/product_cat?post=2945"},{"taxonomy":"product_tag","embeddable":true,"href":"https:\/\/beldify.shop\/it\/wp-json\/wp\/v2\/product_tag?post=2945"}],"curies":[{"name":"wp","href":"https:\/\/api.w.org\/{rel}","templated":true}]}}