{"id":2825,"date":"2020-11-13T12:08:44","date_gmt":"2020-11-13T12:08:44","guid":{"rendered":"https:\/\/beldify.shop?post_type=product&#038;p=2825"},"modified":"2026-01-13T22:47:08","modified_gmt":"2026-01-13T22:47:08","slug":"100gras-el-hanout-%d8%b1%d8%a3%d8%b3-%d8%a7%d9%84%d8%ad%d8%a7%d9%86%d9%88%d8%aa","status":"publish","type":"product","link":"https:\/\/beldify.shop\/it\/prodotto\/100gras-el-hanout-%d8%b1%d8%a3%d8%b3-%d8%a7%d9%84%d8%ad%d8%a7%d9%86%d9%88%d8%aa\/","title":{"rendered":"&quot;100g&quot; Ras el-hanout"},"content":{"rendered":"","protected":false},"excerpt":{"rendered":"<p>Ogni persona custodisce gelosamente il segreto della propria miscela di noce moscata, zenzero, cumino e peperoncino tritati; pu\u00f2 contenere fino a 30 fiori e spezie diverse. Chiamato anche &quot;Curry del Maghreb&quot;, viene utilizzato in alcuni piatti invernali che hanno la propriet\u00e0 di riscaldare.<\/p>\n<p style=\"text-align: right;\">Il tempo di cottura sar\u00e0 di 30 minuti. \u0645\u062e\u062a\u0644\u0641\u0629. \u064a\u064f\u0637\u0644\u0642 \u0639\u0644\u064a\u0647 \u0623\u064a\u0636\u064b\u0627 \u00ab \u0627\u0644\u0643\u0627\u0631\u064a \u0627\u0644\u0645\u063a\u0631\u0628\u064a \u00bb, \u0648\u064a\u0633\u062a\u062e\u062f\u0645 \u0641\u064a \u0628\u0639\u0636 \u0627\u0644\u0623\u0637\u0628\u0627\u0642 \u0627\u0644\u0634\u062a\u0648\u064a\u0629 \u0627\u0644\u062a\u064a \u064a\u0645\u0643\u0646 \u0623\u0646 \u062a\u062c\u0639\u0644\u0647\u0627 \u0633\u0627\u062e\u0646\u0629<\/p>","protected":false},"featured_media":2932,"comment_status":"open","ping_status":"closed","template":"","meta":{"_angie_page":false,"inline_featured_image":false,"jetpack_publicize_message":"","jetpack_publicize_feature_enabled":true,"jetpack_social_post_already_shared":false,"jetpack_social_options":{"image_generator_settings":{"template":"highway","default_image_id":0,"font":"","enabled":false},"version":2}},"product_brand":[],"product_cat":[40],"product_tag":[106,108,107],"class_list":{"0":"post-2825","1":"product","2":"type-product","3":"status-publish","4":"has-post-thumbnail","6":"product_cat-epices","7":"product_tag-cooperative-hajja-fatiha","8":"product_tag-108","9":"product_tag-107","11":"first","12":"instock","13":"shipping-taxable","14":"purchasable","15":"product-type-simple"},"yoast_head":"<!-- This site is optimized with the Yoast SEO plugin v27.5 - https:\/\/yoast.com\/product\/yoast-seo-wordpress\/ -->\n<title>&quot;100g&quot;Ras el hanout \u0631\u0623\u0633 \u0627\u0644\u062d\u0627\u0646\u0648\u062a - Beldify.shop - Organic Life Style<\/title>\n<meta name=\"robots\" content=\"index, follow, max-snippet:-1, max-image-preview:large, max-video-preview:-1\" \/>\n<link rel=\"canonical\" href=\"https:\/\/beldify.shop\/it\/prodotto\/100gras-el-hanout-\u0631\u0623\u0633-\u0627\u0644\u062d\u0627\u0646\u0648\u062a\/\" \/>\n<meta property=\"og:locale\" content=\"it_IT\" \/>\n<meta property=\"og:type\" content=\"article\" \/>\n<meta property=\"og:title\" content=\"&quot;100g&quot;Ras el hanout \u0631\u0623\u0633 \u0627\u0644\u062d\u0627\u0646\u0648\u062a - Beldify.shop - Organic Life Style\" \/>\n<meta property=\"og:description\" content=\"Chacun garde jalousement le secret de son m\u00e9lange \u00e0 base de noix de muscade, gingembre, cumin et piment concass\u00e9es; Il peut contenir jusqu&#039;\u00e0 30 fleurs et \u00e9pices diff\u00e9rentes. Aussi appel\u00e9 \u00abCurry du Maghreb\u00bb, est employ\u00e9 dans certains plats d&#039;hiver qui ont la propri\u00e9t\u00e9 de donner chaud. \u0627\u0644\u062c\u0645\u064a\u0639 \u064a\u062d\u0641\u0638 \u0628\u063a\u064a\u0631\u0629 \u0639\u0644\u0649 \u0633\u0631 \u0645\u0632\u064a\u062c\u0647\u0645 \u0645\u0646 \u0627\u0644\u06ad\u0648\u0632\u0629 \u0627\u0644\u0645\u0637\u062d\u0648\u0646\u0629 \u0648\u0627\u0644\u0632\u0646\u062c\u0628\u064a\u0644 \u0648\u0627\u0644\u0643\u0645\u0648\u0646 \u0648\u0627\u0644\u0641\u0644\u0641\u0644 \u0627\u0644\u0623\u0633\u0648\u062f \u061b\u0648 \u064a\u0645\u0643\u0646 \u0623\u0646 \u062a\u062d\u062a\u0648\u064a \u0639\u0644\u0649 30 \u0632\u0647\u0631\u0629 \u0648\u062a\u0648\u0627\u0628\u0644 \u0645\u062e\u062a\u0644\u0641\u0629. \u064a\u064f\u0637\u0644\u0642 \u0639\u0644\u064a\u0647 \u0623\u064a\u0636\u064b\u0627 &quot;\u0627\u0644\u0643\u0627\u0631\u064a \u0627\u0644\u0645\u063a\u0631\u0628\u064a&quot; \u060c \u0648\u064a\u0633\u062a\u062e\u062f\u0645 \u0641\u064a \u0628\u0639\u0636 \u0627\u0644\u0623\u0637\u0628\u0627\u0642 \u0627\u0644\u0634\u062a\u0648\u064a\u0629 \u0627\u0644\u062a\u064a \u064a\u0645\u0643\u0646 \u0623\u0646 \u062a\u062c\u0639\u0644\u0647\u0627 \u0633\u0627\u062e\u0646\u0629\" \/>\n<meta property=\"og:url\" content=\"https:\/\/beldify.shop\/it\/prodotto\/100gras-el-hanout-\u0631\u0623\u0633-\u0627\u0644\u062d\u0627\u0646\u0648\u062a\/\" \/>\n<meta property=\"og:site_name\" content=\"Beldify.shop - Organic Life Style\" \/>\n<meta property=\"article:publisher\" content=\"https:\/\/www.facebook.com\/beldify.shop\" \/>\n<meta property=\"article:modified_time\" content=\"2026-01-13T22:47:08+00:00\" \/>\n<meta property=\"og:image\" content=\"https:\/\/beldify.shop\/wp-content\/uploads\/2020\/11\/ras-el-hanout-1-768x1024.jpg\" \/>\n\t<meta property=\"og:image:width\" content=\"768\" \/>\n\t<meta property=\"og:image:height\" content=\"1024\" \/>\n\t<meta property=\"og:image:type\" content=\"image\/jpeg\" \/>\n<meta name=\"twitter:card\" content=\"summary_large_image\" \/>\n<script type=\"application\/ld+json\" class=\"yoast-schema-graph\">{\"@context\":\"https:\\\/\\\/schema.org\",\"@graph\":[{\"@type\":\"WebPage\",\"@id\":\"https:\\\/\\\/beldify.shop\\\/produit\\\/100gras-el-hanout-%d8%b1%d8%a3%d8%b3-%d8%a7%d9%84%d8%ad%d8%a7%d9%86%d9%88%d8%aa\\\/\",\"url\":\"https:\\\/\\\/beldify.shop\\\/produit\\\/100gras-el-hanout-%d8%b1%d8%a3%d8%b3-%d8%a7%d9%84%d8%ad%d8%a7%d9%86%d9%88%d8%aa\\\/\",\"name\":\"\\\"100g\\\"Ras el hanout \u0631\u0623\u0633 \u0627\u0644\u062d\u0627\u0646\u0648\u062a - Beldify.shop - Organic Life Style\",\"isPartOf\":{\"@id\":\"https:\\\/\\\/beldify.shop\\\/#website\"},\"primaryImageOfPage\":{\"@id\":\"https:\\\/\\\/beldify.shop\\\/produit\\\/100gras-el-hanout-%d8%b1%d8%a3%d8%b3-%d8%a7%d9%84%d8%ad%d8%a7%d9%86%d9%88%d8%aa\\\/#primaryimage\"},\"image\":{\"@id\":\"https:\\\/\\\/beldify.shop\\\/produit\\\/100gras-el-hanout-%d8%b1%d8%a3%d8%b3-%d8%a7%d9%84%d8%ad%d8%a7%d9%86%d9%88%d8%aa\\\/#primaryimage\"},\"thumbnailUrl\":\"https:\\\/\\\/beldify.shop\\\/wp-content\\\/uploads\\\/2020\\\/11\\\/ras-el-hanout-1-scaled.jpg\",\"datePublished\":\"2020-11-13T12:08:44+00:00\",\"dateModified\":\"2026-01-13T22:47:08+00:00\",\"breadcrumb\":{\"@id\":\"https:\\\/\\\/beldify.shop\\\/produit\\\/100gras-el-hanout-%d8%b1%d8%a3%d8%b3-%d8%a7%d9%84%d8%ad%d8%a7%d9%86%d9%88%d8%aa\\\/#breadcrumb\"},\"inLanguage\":\"it-IT\",\"potentialAction\":[{\"@type\":\"ReadAction\",\"target\":[\"https:\\\/\\\/beldify.shop\\\/produit\\\/100gras-el-hanout-%d8%b1%d8%a3%d8%b3-%d8%a7%d9%84%d8%ad%d8%a7%d9%86%d9%88%d8%aa\\\/\"]}]},{\"@type\":\"ImageObject\",\"inLanguage\":\"it-IT\",\"@id\":\"https:\\\/\\\/beldify.shop\\\/produit\\\/100gras-el-hanout-%d8%b1%d8%a3%d8%b3-%d8%a7%d9%84%d8%ad%d8%a7%d9%86%d9%88%d8%aa\\\/#primaryimage\",\"url\":\"https:\\\/\\\/beldify.shop\\\/wp-content\\\/uploads\\\/2020\\\/11\\\/ras-el-hanout-1-scaled.jpg\",\"contentUrl\":\"https:\\\/\\\/beldify.shop\\\/wp-content\\\/uploads\\\/2020\\\/11\\\/ras-el-hanout-1-scaled.jpg\",\"width\":1920,\"height\":2560},{\"@type\":\"BreadcrumbList\",\"@id\":\"https:\\\/\\\/beldify.shop\\\/produit\\\/100gras-el-hanout-%d8%b1%d8%a3%d8%b3-%d8%a7%d9%84%d8%ad%d8%a7%d9%86%d9%88%d8%aa\\\/#breadcrumb\",\"itemListElement\":[{\"@type\":\"ListItem\",\"position\":1,\"name\":\"Accueil\",\"item\":\"https:\\\/\\\/beldify.shop\\\/\"},{\"@type\":\"ListItem\",\"position\":2,\"name\":\"Boutique\",\"item\":\"https:\\\/\\\/beldify.shop\\\/boutique\\\/\"},{\"@type\":\"ListItem\",\"position\":3,\"name\":\"\u00ab\u00a0100g\u00a0\u00bbRas el hanout \u0631\u0623\u0633 \u0627\u0644\u062d\u0627\u0646\u0648\u062a\"}]},{\"@type\":\"WebSite\",\"@id\":\"https:\\\/\\\/beldify.shop\\\/#website\",\"url\":\"https:\\\/\\\/beldify.shop\\\/\",\"name\":\"Beldify.shop - Organic Life Style\",\"description\":\"Moroccan Natural Products\",\"potentialAction\":[{\"@type\":\"SearchAction\",\"target\":{\"@type\":\"EntryPoint\",\"urlTemplate\":\"https:\\\/\\\/beldify.shop\\\/?s={search_term_string}\"},\"query-input\":{\"@type\":\"PropertyValueSpecification\",\"valueRequired\":true,\"valueName\":\"search_term_string\"}}],\"inLanguage\":\"it-IT\"}]}<\/script>\n<!-- \/ Yoast SEO plugin. -->","yoast_head_json":{"title":"\"100g\"Ras el hanout \u0631\u0623\u0633 \u0627\u0644\u062d\u0627\u0646\u0648\u062a - Beldify.shop - Organic Life Style","robots":{"index":"index","follow":"follow","max-snippet":"max-snippet:-1","max-image-preview":"max-image-preview:large","max-video-preview":"max-video-preview:-1"},"canonical":"https:\/\/beldify.shop\/it\/prodotto\/100gras-el-hanout-\u0631\u0623\u0633-\u0627\u0644\u062d\u0627\u0646\u0648\u062a\/","og_locale":"it_IT","og_type":"article","og_title":"\"100g\"Ras el hanout \u0631\u0623\u0633 \u0627\u0644\u062d\u0627\u0646\u0648\u062a - Beldify.shop - Organic Life Style","og_description":"Chacun garde jalousement le secret de son m\u00e9lange \u00e0 base de noix de muscade, gingembre, cumin et piment concass\u00e9es; Il peut contenir jusqu'\u00e0 30 fleurs et \u00e9pices diff\u00e9rentes. Aussi appel\u00e9 \u00abCurry du Maghreb\u00bb, est employ\u00e9 dans certains plats d'hiver qui ont la propri\u00e9t\u00e9 de donner chaud. \u0627\u0644\u062c\u0645\u064a\u0639 \u064a\u062d\u0641\u0638 \u0628\u063a\u064a\u0631\u0629 \u0639\u0644\u0649 \u0633\u0631 \u0645\u0632\u064a\u062c\u0647\u0645 \u0645\u0646 \u0627\u0644\u06ad\u0648\u0632\u0629 \u0627\u0644\u0645\u0637\u062d\u0648\u0646\u0629 \u0648\u0627\u0644\u0632\u0646\u062c\u0628\u064a\u0644 \u0648\u0627\u0644\u0643\u0645\u0648\u0646 \u0648\u0627\u0644\u0641\u0644\u0641\u0644 \u0627\u0644\u0623\u0633\u0648\u062f \u061b\u0648 \u064a\u0645\u0643\u0646 \u0623\u0646 \u062a\u062d\u062a\u0648\u064a \u0639\u0644\u0649 30 \u0632\u0647\u0631\u0629 \u0648\u062a\u0648\u0627\u0628\u0644 \u0645\u062e\u062a\u0644\u0641\u0629. \u064a\u064f\u0637\u0644\u0642 \u0639\u0644\u064a\u0647 \u0623\u064a\u0636\u064b\u0627 \"\u0627\u0644\u0643\u0627\u0631\u064a \u0627\u0644\u0645\u063a\u0631\u0628\u064a\" \u060c \u0648\u064a\u0633\u062a\u062e\u062f\u0645 \u0641\u064a \u0628\u0639\u0636 \u0627\u0644\u0623\u0637\u0628\u0627\u0642 \u0627\u0644\u0634\u062a\u0648\u064a\u0629 \u0627\u0644\u062a\u064a \u064a\u0645\u0643\u0646 \u0623\u0646 \u062a\u062c\u0639\u0644\u0647\u0627 \u0633\u0627\u062e\u0646\u0629","og_url":"https:\/\/beldify.shop\/it\/prodotto\/100gras-el-hanout-\u0631\u0623\u0633-\u0627\u0644\u062d\u0627\u0646\u0648\u062a\/","og_site_name":"Beldify.shop - Organic Life Style","article_publisher":"https:\/\/www.facebook.com\/beldify.shop","article_modified_time":"2026-01-13T22:47:08+00:00","og_image":[{"width":768,"height":1024,"url":"https:\/\/beldify.shop\/wp-content\/uploads\/2020\/11\/ras-el-hanout-1-768x1024.jpg","type":"image\/jpeg"}],"twitter_card":"summary_large_image","schema":{"@context":"https:\/\/schema.org","@graph":[{"@type":"WebPage","@id":"https:\/\/beldify.shop\/produit\/100gras-el-hanout-%d8%b1%d8%a3%d8%b3-%d8%a7%d9%84%d8%ad%d8%a7%d9%86%d9%88%d8%aa\/","url":"https:\/\/beldify.shop\/produit\/100gras-el-hanout-%d8%b1%d8%a3%d8%b3-%d8%a7%d9%84%d8%ad%d8%a7%d9%86%d9%88%d8%aa\/","name":"\"100g\"Ras el hanout \u0631\u0623\u0633 \u0627\u0644\u062d\u0627\u0646\u0648\u062a - Beldify.shop - Organic Life Style","isPartOf":{"@id":"https:\/\/beldify.shop\/#website"},"primaryImageOfPage":{"@id":"https:\/\/beldify.shop\/produit\/100gras-el-hanout-%d8%b1%d8%a3%d8%b3-%d8%a7%d9%84%d8%ad%d8%a7%d9%86%d9%88%d8%aa\/#primaryimage"},"image":{"@id":"https:\/\/beldify.shop\/produit\/100gras-el-hanout-%d8%b1%d8%a3%d8%b3-%d8%a7%d9%84%d8%ad%d8%a7%d9%86%d9%88%d8%aa\/#primaryimage"},"thumbnailUrl":"https:\/\/beldify.shop\/wp-content\/uploads\/2020\/11\/ras-el-hanout-1-scaled.jpg","datePublished":"2020-11-13T12:08:44+00:00","dateModified":"2026-01-13T22:47:08+00:00","breadcrumb":{"@id":"https:\/\/beldify.shop\/produit\/100gras-el-hanout-%d8%b1%d8%a3%d8%b3-%d8%a7%d9%84%d8%ad%d8%a7%d9%86%d9%88%d8%aa\/#breadcrumb"},"inLanguage":"it-IT","potentialAction":[{"@type":"ReadAction","target":["https:\/\/beldify.shop\/produit\/100gras-el-hanout-%d8%b1%d8%a3%d8%b3-%d8%a7%d9%84%d8%ad%d8%a7%d9%86%d9%88%d8%aa\/"]}]},{"@type":"ImageObject","inLanguage":"it-IT","@id":"https:\/\/beldify.shop\/produit\/100gras-el-hanout-%d8%b1%d8%a3%d8%b3-%d8%a7%d9%84%d8%ad%d8%a7%d9%86%d9%88%d8%aa\/#primaryimage","url":"https:\/\/beldify.shop\/wp-content\/uploads\/2020\/11\/ras-el-hanout-1-scaled.jpg","contentUrl":"https:\/\/beldify.shop\/wp-content\/uploads\/2020\/11\/ras-el-hanout-1-scaled.jpg","width":1920,"height":2560},{"@type":"BreadcrumbList","@id":"https:\/\/beldify.shop\/produit\/100gras-el-hanout-%d8%b1%d8%a3%d8%b3-%d8%a7%d9%84%d8%ad%d8%a7%d9%86%d9%88%d8%aa\/#breadcrumb","itemListElement":[{"@type":"ListItem","position":1,"name":"Accueil","item":"https:\/\/beldify.shop\/"},{"@type":"ListItem","position":2,"name":"Boutique","item":"https:\/\/beldify.shop\/boutique\/"},{"@type":"ListItem","position":3,"name":"\u00ab\u00a0100g\u00a0\u00bbRas el hanout \u0631\u0623\u0633 \u0627\u0644\u062d\u0627\u0646\u0648\u062a"}]},{"@type":"WebSite","@id":"https:\/\/beldify.shop\/#website","url":"https:\/\/beldify.shop\/","name":"Beldify.shop - Organic Life Style","description":"Prodotti naturali marocchini","potentialAction":[{"@type":"SearchAction","target":{"@type":"EntryPoint","urlTemplate":"https:\/\/beldify.shop\/?s={search_term_string}"},"query-input":{"@type":"PropertyValueSpecification","valueRequired":true,"valueName":"search_term_string"}}],"inLanguage":"it-IT"}]}},"jetpack_publicize_connections":[],"jetpack_likes_enabled":true,"jetpack_sharing_enabled":true,"jetpack-related-posts":[],"_links":{"self":[{"href":"https:\/\/beldify.shop\/it\/wp-json\/wp\/v2\/product\/2825","targetHints":{"allow":["GET"]}}],"collection":[{"href":"https:\/\/beldify.shop\/it\/wp-json\/wp\/v2\/product"}],"about":[{"href":"https:\/\/beldify.shop\/it\/wp-json\/wp\/v2\/types\/product"}],"replies":[{"embeddable":true,"href":"https:\/\/beldify.shop\/it\/wp-json\/wp\/v2\/comments?post=2825"}],"wp:featuredmedia":[{"embeddable":true,"href":"https:\/\/beldify.shop\/it\/wp-json\/wp\/v2\/media\/2932"}],"wp:attachment":[{"href":"https:\/\/beldify.shop\/it\/wp-json\/wp\/v2\/media?parent=2825"}],"wp:term":[{"taxonomy":"product_brand","embeddable":true,"href":"https:\/\/beldify.shop\/it\/wp-json\/wp\/v2\/product_brand?post=2825"},{"taxonomy":"product_cat","embeddable":true,"href":"https:\/\/beldify.shop\/it\/wp-json\/wp\/v2\/product_cat?post=2825"},{"taxonomy":"product_tag","embeddable":true,"href":"https:\/\/beldify.shop\/it\/wp-json\/wp\/v2\/product_tag?post=2825"}],"curies":[{"name":"wp","href":"https:\/\/api.w.org\/{rel}","templated":true}]}}