{"id":2781,"date":"2020-11-11T13:57:03","date_gmt":"2020-11-11T13:57:03","guid":{"rendered":"https:\/\/organify.digitencia.comproduit\/couscous-soja-%d8%b5%d9%88%d8%ac%d8%a7-%d9%83%d8%b3%d9%83%d8%b3-copy\/"},"modified":"2026-01-13T22:47:09","modified_gmt":"2026-01-13T22:47:09","slug":"1kg-berkukch-%d8%a8%d8%b1%d9%83%d9%88%d9%83%d8%b4","status":"publish","type":"product","link":"https:\/\/beldify.shop\/it\/prodotto\/1kg-berkukch-%d8%a8%d8%b1%d9%83%d9%88%d9%83%d8%b4\/","title":{"rendered":"1kg Berkukch \u0628\u0631\u0643\u0648\u0643\u0634"},"content":{"rendered":"<div class=\"wpb-content-wrapper\"><div class=\"vc_row wpb_row vc_row-fluid vc_row-o-content-top vc_row-flex\"><div class=\"wpb_column vc_column_container vc_col-sm-6\"><div class=\"vc_column-inner\"><div class=\"wpb_wrapper\">\n\t<div class=\"wpb_text_column wpb_content_element\" >\n\t\t<div class=\"wpb_wrapper\">\n\t\t\t<p>Couscous con i cereali che ami e che danno un sapore delizioso al tuo pasto e soprattutto prezzi ragionevoli, non lasciarteli sfuggire <span class=\"_47e3 _5mfr\" title=\"emoticon cuore\"><img loading=\"lazy\" decoding=\"async\" class=\"img\" role=\"presentation\" src=\"https:\/\/static.xx.fbcdn.net\/images\/emoji.php\/v9\/t6c\/1\/16\/2764.png?_nc_eui2=AeHMEdDpZvC8Nt2-2p9Om9jGtje5zGZIwt62N7nMZkjC3nVNg58aAbokwyTRLlDhyks05jZCtm-v09melvvlk88H\" alt=\"\" width=\"16\" height=\"16\" \/><\/span><\/p>\n\n\t\t<\/div>\n\t<\/div>\n<\/div><\/div><\/div><\/div>\n<\/div>","protected":false},"excerpt":{"rendered":"<p>\u00c8 fatto con grani di pasta pi\u00f9 grossolani rispetto al normale couscous, \u00e8 fatto con semola di grano duro e, in alcune regioni, pu\u00f2 essere mescolato con farina; viene steso a mano in un grande piatto.<\/p>\n<p style=\"text-align: right;\">Il clero della citt\u00e0 di Nazareth ha una grande influenza sulla gente di Nazareth, e la gente di Nazareth ha una grande influenza sulla gente di Nazareth, e la gente di Nazareth ha una grande influenza sulla gente di Nazareth. Sono molto felice di vederti a casa mia<\/p>","protected":false},"featured_media":2926,"comment_status":"open","ping_status":"closed","template":"","meta":{"_angie_page":false,"inline_featured_image":false,"jetpack_publicize_message":"","jetpack_publicize_feature_enabled":true,"jetpack_social_post_already_shared":false,"jetpack_social_options":{"image_generator_settings":{"template":"highway","default_image_id":0,"font":"","enabled":false},"version":2}},"product_brand":[],"product_cat":[37],"product_tag":[111,110,112],"class_list":{"0":"post-2781","1":"product","2":"type-product","3":"status-publish","4":"has-post-thumbnail","6":"product_cat-couscous-semoules","7":"product_tag-itran","8":"product_tag-110","9":"product_tag-112","11":"first","12":"instock","13":"purchasable","14":"product-type-simple"},"yoast_head":"<!-- This site is optimized with the Yoast SEO plugin v27.5 - https:\/\/yoast.com\/product\/yoast-seo-wordpress\/ -->\n<title>1kg Berkukch  \u0628\u0631\u0643\u0648\u0643\u0634 - Beldify.shop - Organic Life Style<\/title>\n<meta name=\"robots\" content=\"index, follow, max-snippet:-1, max-image-preview:large, max-video-preview:-1\" \/>\n<link rel=\"canonical\" href=\"https:\/\/beldify.shop\/it\/prodotto\/1kg-berkukch-\u0628\u0631\u0643\u0648\u0643\u0634\/\" \/>\n<meta property=\"og:locale\" content=\"it_IT\" \/>\n<meta property=\"og:type\" content=\"article\" \/>\n<meta property=\"og:title\" content=\"1kg Berkukch  \u0628\u0631\u0643\u0648\u0643\u0634 - Beldify.shop - Organic Life Style\" \/>\n<meta property=\"og:description\" content=\"il est fait de grains de p\u00e2tes grossiers que le couscous ordinaire, il est fabriqu\u00e9 \u00e0 partir de semoule de bl\u00e9 dur, et il peut \u00eatre m\u00e9lang\u00e9 avec de la farine dans certaines r\u00e9gions, et il est roul\u00e9 manuellement dans une grande assiette. \u0645\u0635\u0646\u0648\u0639 \u0645\u0646 \u0627\u0644\u0645\u0639\u0643\u0631\u0648\u0646\u0629 \u0641\u064a \u0634\u0643\u0644 \u062d\u0628\u064a\u0628\u0627\u062a \u062e\u0634\u0646\u0629 \u062a\u0643\u0648\u0646 \u0623\u062e\u0634\u0646 \u0645\u0646 \u062d\u0628\u0627\u062a \u0627\u0644\u0643\u0633\u0643\u0633 \u0627\u0644\u0639\u0627\u062f\u064a\u060c\u0648\u064a\u062a\u0645 \u062a\u0635\u0646\u064a\u0639\u0647 \u0645\u0646 \u0633\u0645\u064a\u062f\u00a0 \u0627\u0644\u0642\u0645\u062d \u0627\u0644\u0642\u0627\u0633\u064a\u060c\u0648 \u0642\u062f \u064a\u0643\u0648\u0646 \u0645\u0645\u0632\u0648\u062c \u0628\u0627\u0644\u062f\u0642\u064a\u0642 \u0641\u064a \u0628\u0639\u0636 \u0627\u0644\u0645\u0646\u0627\u0637\u0642 \u060c\u0648 \u064a\u062a\u0645 \u0644\u0641\u0647 \u064a\u062f\u0648\u064a\u0627 \u0641\u064a \u0637\u0628\u0642 \u0643\u0628\u064a\u0631\" \/>\n<meta property=\"og:url\" content=\"https:\/\/beldify.shop\/it\/prodotto\/1kg-berkukch-\u0628\u0631\u0643\u0648\u0643\u0634\/\" \/>\n<meta property=\"og:site_name\" content=\"Beldify.shop - Organic Life Style\" \/>\n<meta property=\"article:publisher\" content=\"https:\/\/www.facebook.com\/beldify.shop\" \/>\n<meta property=\"article:modified_time\" content=\"2026-01-13T22:47:09+00:00\" \/>\n<meta property=\"og:image\" content=\"https:\/\/beldify.shop\/wp-content\/uploads\/2020\/11\/barkoukch-768x1024.jpg\" \/>\n\t<meta property=\"og:image:width\" content=\"768\" \/>\n\t<meta property=\"og:image:height\" content=\"1024\" \/>\n\t<meta property=\"og:image:type\" content=\"image\/jpeg\" \/>\n<meta name=\"twitter:card\" content=\"summary_large_image\" \/>\n<script type=\"application\/ld+json\" class=\"yoast-schema-graph\">{\"@context\":\"https:\\\/\\\/schema.org\",\"@graph\":[{\"@type\":\"WebPage\",\"@id\":\"https:\\\/\\\/beldify.shop\\\/produit\\\/1kg-berkukch-%d8%a8%d8%b1%d9%83%d9%88%d9%83%d8%b4\\\/\",\"url\":\"https:\\\/\\\/beldify.shop\\\/produit\\\/1kg-berkukch-%d8%a8%d8%b1%d9%83%d9%88%d9%83%d8%b4\\\/\",\"name\":\"1kg Berkukch \u0628\u0631\u0643\u0648\u0643\u0634 - Beldify.shop - Organic Life Style\",\"isPartOf\":{\"@id\":\"https:\\\/\\\/beldify.shop\\\/#website\"},\"primaryImageOfPage\":{\"@id\":\"https:\\\/\\\/beldify.shop\\\/produit\\\/1kg-berkukch-%d8%a8%d8%b1%d9%83%d9%88%d9%83%d8%b4\\\/#primaryimage\"},\"image\":{\"@id\":\"https:\\\/\\\/beldify.shop\\\/produit\\\/1kg-berkukch-%d8%a8%d8%b1%d9%83%d9%88%d9%83%d8%b4\\\/#primaryimage\"},\"thumbnailUrl\":\"https:\\\/\\\/beldify.shop\\\/wp-content\\\/uploads\\\/2020\\\/11\\\/barkoukch-scaled.jpg\",\"datePublished\":\"2020-11-11T13:57:03+00:00\",\"dateModified\":\"2026-01-13T22:47:09+00:00\",\"breadcrumb\":{\"@id\":\"https:\\\/\\\/beldify.shop\\\/produit\\\/1kg-berkukch-%d8%a8%d8%b1%d9%83%d9%88%d9%83%d8%b4\\\/#breadcrumb\"},\"inLanguage\":\"it-IT\",\"potentialAction\":[{\"@type\":\"ReadAction\",\"target\":[\"https:\\\/\\\/beldify.shop\\\/produit\\\/1kg-berkukch-%d8%a8%d8%b1%d9%83%d9%88%d9%83%d8%b4\\\/\"]}]},{\"@type\":\"ImageObject\",\"inLanguage\":\"it-IT\",\"@id\":\"https:\\\/\\\/beldify.shop\\\/produit\\\/1kg-berkukch-%d8%a8%d8%b1%d9%83%d9%88%d9%83%d8%b4\\\/#primaryimage\",\"url\":\"https:\\\/\\\/beldify.shop\\\/wp-content\\\/uploads\\\/2020\\\/11\\\/barkoukch-scaled.jpg\",\"contentUrl\":\"https:\\\/\\\/beldify.shop\\\/wp-content\\\/uploads\\\/2020\\\/11\\\/barkoukch-scaled.jpg\",\"width\":1920,\"height\":2560},{\"@type\":\"BreadcrumbList\",\"@id\":\"https:\\\/\\\/beldify.shop\\\/produit\\\/1kg-berkukch-%d8%a8%d8%b1%d9%83%d9%88%d9%83%d8%b4\\\/#breadcrumb\",\"itemListElement\":[{\"@type\":\"ListItem\",\"position\":1,\"name\":\"Accueil\",\"item\":\"https:\\\/\\\/beldify.shop\\\/\"},{\"@type\":\"ListItem\",\"position\":2,\"name\":\"Boutique\",\"item\":\"https:\\\/\\\/beldify.shop\\\/boutique\\\/\"},{\"@type\":\"ListItem\",\"position\":3,\"name\":\"1kg Berkukch \u0628\u0631\u0643\u0648\u0643\u0634\"}]},{\"@type\":\"WebSite\",\"@id\":\"https:\\\/\\\/beldify.shop\\\/#website\",\"url\":\"https:\\\/\\\/beldify.shop\\\/\",\"name\":\"Beldify.shop - Organic Life Style\",\"description\":\"Moroccan Natural Products\",\"potentialAction\":[{\"@type\":\"SearchAction\",\"target\":{\"@type\":\"EntryPoint\",\"urlTemplate\":\"https:\\\/\\\/beldify.shop\\\/?s={search_term_string}\"},\"query-input\":{\"@type\":\"PropertyValueSpecification\",\"valueRequired\":true,\"valueName\":\"search_term_string\"}}],\"inLanguage\":\"it-IT\"}]}<\/script>\n<!-- \/ Yoast SEO plugin. -->","yoast_head_json":{"title":"1kg Berkukch  \u0628\u0631\u0643\u0648\u0643\u0634 - Beldify.shop - Organic Life Style","robots":{"index":"index","follow":"follow","max-snippet":"max-snippet:-1","max-image-preview":"max-image-preview:large","max-video-preview":"max-video-preview:-1"},"canonical":"https:\/\/beldify.shop\/it\/prodotto\/1kg-berkukch-\u0628\u0631\u0643\u0648\u0643\u0634\/","og_locale":"it_IT","og_type":"article","og_title":"1kg Berkukch  \u0628\u0631\u0643\u0648\u0643\u0634 - Beldify.shop - Organic Life Style","og_description":"il est fait de grains de p\u00e2tes grossiers que le couscous ordinaire, il est fabriqu\u00e9 \u00e0 partir de semoule de bl\u00e9 dur, et il peut \u00eatre m\u00e9lang\u00e9 avec de la farine dans certaines r\u00e9gions, et il est roul\u00e9 manuellement dans une grande assiette. \u0645\u0635\u0646\u0648\u0639 \u0645\u0646 \u0627\u0644\u0645\u0639\u0643\u0631\u0648\u0646\u0629 \u0641\u064a \u0634\u0643\u0644 \u062d\u0628\u064a\u0628\u0627\u062a \u062e\u0634\u0646\u0629 \u062a\u0643\u0648\u0646 \u0623\u062e\u0634\u0646 \u0645\u0646 \u062d\u0628\u0627\u062a \u0627\u0644\u0643\u0633\u0643\u0633 \u0627\u0644\u0639\u0627\u062f\u064a\u060c\u0648\u064a\u062a\u0645 \u062a\u0635\u0646\u064a\u0639\u0647 \u0645\u0646 \u0633\u0645\u064a\u062f\u00a0 \u0627\u0644\u0642\u0645\u062d \u0627\u0644\u0642\u0627\u0633\u064a\u060c\u0648 \u0642\u062f \u064a\u0643\u0648\u0646 \u0645\u0645\u0632\u0648\u062c \u0628\u0627\u0644\u062f\u0642\u064a\u0642 \u0641\u064a \u0628\u0639\u0636 \u0627\u0644\u0645\u0646\u0627\u0637\u0642 \u060c\u0648 \u064a\u062a\u0645 \u0644\u0641\u0647 \u064a\u062f\u0648\u064a\u0627 \u0641\u064a \u0637\u0628\u0642 \u0643\u0628\u064a\u0631","og_url":"https:\/\/beldify.shop\/it\/prodotto\/1kg-berkukch-\u0628\u0631\u0643\u0648\u0643\u0634\/","og_site_name":"Beldify.shop - Organic Life Style","article_publisher":"https:\/\/www.facebook.com\/beldify.shop","article_modified_time":"2026-01-13T22:47:09+00:00","og_image":[{"width":768,"height":1024,"url":"https:\/\/beldify.shop\/wp-content\/uploads\/2020\/11\/barkoukch-768x1024.jpg","type":"image\/jpeg"}],"twitter_card":"summary_large_image","schema":{"@context":"https:\/\/schema.org","@graph":[{"@type":"WebPage","@id":"https:\/\/beldify.shop\/produit\/1kg-berkukch-%d8%a8%d8%b1%d9%83%d9%88%d9%83%d8%b4\/","url":"https:\/\/beldify.shop\/produit\/1kg-berkukch-%d8%a8%d8%b1%d9%83%d9%88%d9%83%d8%b4\/","name":"1kg Berkukch \u0628\u0631\u0643\u0648\u0643\u0634 - Beldify.shop - Organic Life Style","isPartOf":{"@id":"https:\/\/beldify.shop\/#website"},"primaryImageOfPage":{"@id":"https:\/\/beldify.shop\/produit\/1kg-berkukch-%d8%a8%d8%b1%d9%83%d9%88%d9%83%d8%b4\/#primaryimage"},"image":{"@id":"https:\/\/beldify.shop\/produit\/1kg-berkukch-%d8%a8%d8%b1%d9%83%d9%88%d9%83%d8%b4\/#primaryimage"},"thumbnailUrl":"https:\/\/beldify.shop\/wp-content\/uploads\/2020\/11\/barkoukch-scaled.jpg","datePublished":"2020-11-11T13:57:03+00:00","dateModified":"2026-01-13T22:47:09+00:00","breadcrumb":{"@id":"https:\/\/beldify.shop\/produit\/1kg-berkukch-%d8%a8%d8%b1%d9%83%d9%88%d9%83%d8%b4\/#breadcrumb"},"inLanguage":"it-IT","potentialAction":[{"@type":"ReadAction","target":["https:\/\/beldify.shop\/produit\/1kg-berkukch-%d8%a8%d8%b1%d9%83%d9%88%d9%83%d8%b4\/"]}]},{"@type":"ImageObject","inLanguage":"it-IT","@id":"https:\/\/beldify.shop\/produit\/1kg-berkukch-%d8%a8%d8%b1%d9%83%d9%88%d9%83%d8%b4\/#primaryimage","url":"https:\/\/beldify.shop\/wp-content\/uploads\/2020\/11\/barkoukch-scaled.jpg","contentUrl":"https:\/\/beldify.shop\/wp-content\/uploads\/2020\/11\/barkoukch-scaled.jpg","width":1920,"height":2560},{"@type":"BreadcrumbList","@id":"https:\/\/beldify.shop\/produit\/1kg-berkukch-%d8%a8%d8%b1%d9%83%d9%88%d9%83%d8%b4\/#breadcrumb","itemListElement":[{"@type":"ListItem","position":1,"name":"Accueil","item":"https:\/\/beldify.shop\/"},{"@type":"ListItem","position":2,"name":"Boutique","item":"https:\/\/beldify.shop\/boutique\/"},{"@type":"ListItem","position":3,"name":"1kg Berkukch \u0628\u0631\u0643\u0648\u0643\u0634"}]},{"@type":"WebSite","@id":"https:\/\/beldify.shop\/#website","url":"https:\/\/beldify.shop\/","name":"Beldify.shop - Organic Life Style","description":"Prodotti naturali marocchini","potentialAction":[{"@type":"SearchAction","target":{"@type":"EntryPoint","urlTemplate":"https:\/\/beldify.shop\/?s={search_term_string}"},"query-input":{"@type":"PropertyValueSpecification","valueRequired":true,"valueName":"search_term_string"}}],"inLanguage":"it-IT"}]}},"jetpack_publicize_connections":[],"jetpack_likes_enabled":true,"jetpack_sharing_enabled":true,"jetpack-related-posts":[],"_links":{"self":[{"href":"https:\/\/beldify.shop\/it\/wp-json\/wp\/v2\/product\/2781","targetHints":{"allow":["GET"]}}],"collection":[{"href":"https:\/\/beldify.shop\/it\/wp-json\/wp\/v2\/product"}],"about":[{"href":"https:\/\/beldify.shop\/it\/wp-json\/wp\/v2\/types\/product"}],"replies":[{"embeddable":true,"href":"https:\/\/beldify.shop\/it\/wp-json\/wp\/v2\/comments?post=2781"}],"wp:featuredmedia":[{"embeddable":true,"href":"https:\/\/beldify.shop\/it\/wp-json\/wp\/v2\/media\/2926"}],"wp:attachment":[{"href":"https:\/\/beldify.shop\/it\/wp-json\/wp\/v2\/media?parent=2781"}],"wp:term":[{"taxonomy":"product_brand","embeddable":true,"href":"https:\/\/beldify.shop\/it\/wp-json\/wp\/v2\/product_brand?post=2781"},{"taxonomy":"product_cat","embeddable":true,"href":"https:\/\/beldify.shop\/it\/wp-json\/wp\/v2\/product_cat?post=2781"},{"taxonomy":"product_tag","embeddable":true,"href":"https:\/\/beldify.shop\/it\/wp-json\/wp\/v2\/product_tag?post=2781"}],"curies":[{"name":"wp","href":"https:\/\/api.w.org\/{rel}","templated":true}]}}