{"id":2779,"date":"2020-11-11T13:37:31","date_gmt":"2020-11-11T13:37:31","guid":{"rendered":"https:\/\/organify.digitencia.comproduit\/couscous-ellan-%d9%83%d8%b3%d9%83%d8%b3-%d8%a5%d9%8a%d9%84%d8%a7%d9%86-copy\/"},"modified":"2026-01-13T22:47:09","modified_gmt":"2026-01-13T22:47:09","slug":"1kg-couscous-soja-%d9%83%d8%b3%d9%83%d8%b3-%d8%b5%d9%88%d8%ac%d8%a7","status":"publish","type":"product","link":"https:\/\/beldify.shop\/it\/prodotto\/1kg-couscous-soja-%d9%83%d8%b3%d9%83%d8%b3-%d8%b5%d9%88%d8%ac%d8%a7\/","title":{"rendered":"1kg Couscous di soia \u0643\u0633\u0643\u0633 \u0635\u0648\u062c\u0627"},"content":{"rendered":"<div class=\"wpb-content-wrapper\"><div class=\"vc_row wpb_row vc_row-fluid vc_row-o-content-top vc_row-flex\"><div class=\"wpb_column vc_column_container vc_col-sm-6\"><div class=\"vc_column-inner\"><div class=\"wpb_wrapper\">\n\t<div class=\"wpb_text_column wpb_content_element\" >\n\t\t<div class=\"wpb_wrapper\">\n\t\t\t<p>Couscous con i cereali che ami e che danno un sapore delizioso al tuo pasto e soprattutto prezzi ragionevoli, non lasciarteli sfuggire <span class=\"_47e3 _5mfr\" title=\"emoticon cuore\"><img loading=\"lazy\" decoding=\"async\" class=\"img\" role=\"presentation\" src=\"https:\/\/static.xx.fbcdn.net\/images\/emoji.php\/v9\/t6c\/1\/16\/2764.png?_nc_eui2=AeHMEdDpZvC8Nt2-2p9Om9jGtje5zGZIwt62N7nMZkjC3nVNg58aAbokwyTRLlDhyks05jZCtm-v09melvvlk88H\" alt=\"\" width=\"16\" height=\"16\" \/><\/span><\/p>\n\n\t\t<\/div>\n\t<\/div>\n<\/div><\/div><\/div><\/div>\n<\/div>","protected":false},"excerpt":{"rendered":"<p>Il couscous di soia ha molti benefici, tra cui aiuta ad aumentare di peso, previene le malattie cardiache, previene il morbo di Alzheimer e riduce la pressione sanguigna nelle persone affette da ipertensione.<\/p>\n<p style=\"text-align: right;\">Il profeta Maometto (pace e benedizioni di Allah su di lui) disse che non sarebbe stato in grado di fare nulla se non fare un sacrificio nel nome di Allah, e fare un sacrificio nel nome di Allah, Il re, il re della terra...<\/p>\n<p>Produzione 100% Fatto a mano<\/p>","protected":false},"featured_media":3043,"comment_status":"open","ping_status":"closed","template":"","meta":{"_angie_page":false,"inline_featured_image":false,"jetpack_publicize_message":"","jetpack_publicize_feature_enabled":true,"jetpack_social_post_already_shared":false,"jetpack_social_options":{"image_generator_settings":{"template":"highway","default_image_id":0,"font":"","enabled":false},"version":2}},"product_brand":[],"product_cat":[37],"product_tag":[109,111,110],"class_list":{"0":"post-2779","1":"product","2":"type-product","3":"status-publish","4":"has-post-thumbnail","6":"product_cat-couscous-semoules","7":"product_tag-couscous","8":"product_tag-itran","9":"product_tag-110","11":"first","12":"instock","13":"taxable","14":"shipping-taxable","15":"purchasable","16":"product-type-simple"},"yoast_head":"<!-- This site is optimized with the Yoast SEO plugin v27.5 - https:\/\/yoast.com\/product\/yoast-seo-wordpress\/ -->\n<title>1kg Couscous soja \u0643\u0633\u0643\u0633 \u0635\u0648\u062c\u0627 - Beldify.shop - Organic Life Style<\/title>\n<meta name=\"robots\" content=\"index, follow, max-snippet:-1, max-image-preview:large, max-video-preview:-1\" \/>\n<link rel=\"canonical\" href=\"https:\/\/beldify.shop\/it\/prodotto\/1kg-couscous-soja-\u0643\u0633\u0643\u0633-\u0635\u0648\u062c\u0627\/\" \/>\n<meta property=\"og:locale\" content=\"it_IT\" \/>\n<meta property=\"og:type\" content=\"article\" \/>\n<meta property=\"og:title\" content=\"1kg Couscous soja \u0643\u0633\u0643\u0633 \u0635\u0648\u062c\u0627 - Beldify.shop - Organic Life Style\" \/>\n<meta property=\"og:description\" content=\"Le couscous Soja contient de nombreux avantages, notamment aide \u00e0 prendre du poids, et \u00e0 pr\u00e9venir les maladies cardiaques, et \u00e0 pr\u00e9venir la maladie d&#039;Alzheimer et \u00e0 r\u00e9duire la tension art\u00e9rielle chez les personnes souffrant d&#039;hypertension. \u064a\u062d\u062a\u0648\u064a \u0643\u0633\u0643\u0633 \u0635\u0648\u062c\u0627 \u0639\u0644\u0649 \u0641\u0648\u0627\u0626\u062f \u0639\u062f\u064a\u062f\u0629 \u0645\u0646\u0647\u0627 \u0627\u0644\u0645\u0633\u0627\u0639\u062f\u0629 \u0639\u0644\u0649 \u0627\u0644\u0632\u064a\u0627\u062f\u0629 \u0641\u064a \u0627\u0644\u0648\u0632\u0646 \u0648 \u0627\u0644\u0648\u0642\u0627\u064a\u0629 \u0645\u0646 \u0627\u0644\u0625\u0635\u0627\u0628\u0629 \u0628\u0623\u0645\u0631\u0627\u0636 \u0627\u0644\u0642\u0644\u0628\u060c \u0648 \u0627\u0644\u0648\u0642\u0627\u064a\u0629 \u0645\u0646 \u0627\u0644\u0625\u0635\u0627\u0628\u0629 \u0628\u062f\u0627\u0621 \u0627\u0644\u0632\u0647\u0627\u064a\u0645\u0631\u060c \u0643\u0645\u0627 \u0623\u0646\u0647 \u064a\u062e\u0641\u0636 \u0636\u063a\u0637 \u0627\u0644\u062f\u0645 \u0639\u0646\u062f \u0627\u0644\u0645\u0635\u0627\u0628\u064a\u0646 \u0628\u0627\u0631\u062a\u0641\u0627\u0639 \u0627\u0644\u0638\u063a\u0637 \u0627\u0644\u0634\u0631\u064a\u0627\u0646 Production 100% Handmade\" \/>\n<meta property=\"og:url\" content=\"https:\/\/beldify.shop\/it\/prodotto\/1kg-couscous-soja-\u0643\u0633\u0643\u0633-\u0635\u0648\u062c\u0627\/\" \/>\n<meta property=\"og:site_name\" content=\"Beldify.shop - Organic Life Style\" \/>\n<meta property=\"article:publisher\" content=\"https:\/\/www.facebook.com\/beldify.shop\" \/>\n<meta property=\"article:modified_time\" content=\"2026-01-13T22:47:09+00:00\" \/>\n<meta property=\"og:image\" content=\"https:\/\/beldify.shop\/wp-content\/uploads\/2020\/11\/20201117_143309-scaled.jpg\" \/>\n\t<meta property=\"og:image:width\" content=\"1920\" \/>\n\t<meta property=\"og:image:height\" content=\"2560\" \/>\n\t<meta property=\"og:image:type\" content=\"image\/jpeg\" \/>\n<meta name=\"twitter:card\" content=\"summary_large_image\" \/>\n<script type=\"application\/ld+json\" class=\"yoast-schema-graph\">{\"@context\":\"https:\\\/\\\/schema.org\",\"@graph\":[{\"@type\":\"WebPage\",\"@id\":\"https:\\\/\\\/beldify.shop\\\/produit\\\/1kg-couscous-soja-%d9%83%d8%b3%d9%83%d8%b3-%d8%b5%d9%88%d8%ac%d8%a7\\\/\",\"url\":\"https:\\\/\\\/beldify.shop\\\/produit\\\/1kg-couscous-soja-%d9%83%d8%b3%d9%83%d8%b3-%d8%b5%d9%88%d8%ac%d8%a7\\\/\",\"name\":\"1kg Couscous soja \u0643\u0633\u0643\u0633 \u0635\u0648\u062c\u0627 - Beldify.shop - Organic Life Style\",\"isPartOf\":{\"@id\":\"https:\\\/\\\/beldify.shop\\\/#website\"},\"primaryImageOfPage\":{\"@id\":\"https:\\\/\\\/beldify.shop\\\/produit\\\/1kg-couscous-soja-%d9%83%d8%b3%d9%83%d8%b3-%d8%b5%d9%88%d8%ac%d8%a7\\\/#primaryimage\"},\"image\":{\"@id\":\"https:\\\/\\\/beldify.shop\\\/produit\\\/1kg-couscous-soja-%d9%83%d8%b3%d9%83%d8%b3-%d8%b5%d9%88%d8%ac%d8%a7\\\/#primaryimage\"},\"thumbnailUrl\":\"https:\\\/\\\/beldify.shop\\\/wp-content\\\/uploads\\\/2020\\\/11\\\/20201117_143309-scaled.jpg\",\"datePublished\":\"2020-11-11T13:37:31+00:00\",\"dateModified\":\"2026-01-13T22:47:09+00:00\",\"breadcrumb\":{\"@id\":\"https:\\\/\\\/beldify.shop\\\/produit\\\/1kg-couscous-soja-%d9%83%d8%b3%d9%83%d8%b3-%d8%b5%d9%88%d8%ac%d8%a7\\\/#breadcrumb\"},\"inLanguage\":\"it-IT\",\"potentialAction\":[{\"@type\":\"ReadAction\",\"target\":[\"https:\\\/\\\/beldify.shop\\\/produit\\\/1kg-couscous-soja-%d9%83%d8%b3%d9%83%d8%b3-%d8%b5%d9%88%d8%ac%d8%a7\\\/\"]}]},{\"@type\":\"ImageObject\",\"inLanguage\":\"it-IT\",\"@id\":\"https:\\\/\\\/beldify.shop\\\/produit\\\/1kg-couscous-soja-%d9%83%d8%b3%d9%83%d8%b3-%d8%b5%d9%88%d8%ac%d8%a7\\\/#primaryimage\",\"url\":\"https:\\\/\\\/beldify.shop\\\/wp-content\\\/uploads\\\/2020\\\/11\\\/20201117_143309-scaled.jpg\",\"contentUrl\":\"https:\\\/\\\/beldify.shop\\\/wp-content\\\/uploads\\\/2020\\\/11\\\/20201117_143309-scaled.jpg\",\"width\":1920,\"height\":2560},{\"@type\":\"BreadcrumbList\",\"@id\":\"https:\\\/\\\/beldify.shop\\\/produit\\\/1kg-couscous-soja-%d9%83%d8%b3%d9%83%d8%b3-%d8%b5%d9%88%d8%ac%d8%a7\\\/#breadcrumb\",\"itemListElement\":[{\"@type\":\"ListItem\",\"position\":1,\"name\":\"Accueil\",\"item\":\"https:\\\/\\\/beldify.shop\\\/\"},{\"@type\":\"ListItem\",\"position\":2,\"name\":\"Boutique\",\"item\":\"https:\\\/\\\/beldify.shop\\\/boutique\\\/\"},{\"@type\":\"ListItem\",\"position\":3,\"name\":\"1kg Couscous soja \u0643\u0633\u0643\u0633 \u0635\u0648\u062c\u0627\"}]},{\"@type\":\"WebSite\",\"@id\":\"https:\\\/\\\/beldify.shop\\\/#website\",\"url\":\"https:\\\/\\\/beldify.shop\\\/\",\"name\":\"Beldify.shop - Organic Life Style\",\"description\":\"Moroccan Natural Products\",\"potentialAction\":[{\"@type\":\"SearchAction\",\"target\":{\"@type\":\"EntryPoint\",\"urlTemplate\":\"https:\\\/\\\/beldify.shop\\\/?s={search_term_string}\"},\"query-input\":{\"@type\":\"PropertyValueSpecification\",\"valueRequired\":true,\"valueName\":\"search_term_string\"}}],\"inLanguage\":\"it-IT\"}]}<\/script>\n<!-- \/ Yoast SEO plugin. -->","yoast_head_json":{"title":"1kg Couscous soja \u0643\u0633\u0643\u0633 \u0635\u0648\u062c\u0627 - Beldify.shop - Organic Life Style","robots":{"index":"index","follow":"follow","max-snippet":"max-snippet:-1","max-image-preview":"max-image-preview:large","max-video-preview":"max-video-preview:-1"},"canonical":"https:\/\/beldify.shop\/it\/prodotto\/1kg-couscous-soja-\u0643\u0633\u0643\u0633-\u0635\u0648\u062c\u0627\/","og_locale":"it_IT","og_type":"article","og_title":"1kg Couscous soja \u0643\u0633\u0643\u0633 \u0635\u0648\u062c\u0627 - Beldify.shop - Organic Life Style","og_description":"Le couscous Soja contient de nombreux avantages, notamment aide \u00e0 prendre du poids, et \u00e0 pr\u00e9venir les maladies cardiaques, et \u00e0 pr\u00e9venir la maladie d'Alzheimer et \u00e0 r\u00e9duire la tension art\u00e9rielle chez les personnes souffrant d'hypertension. \u064a\u062d\u062a\u0648\u064a \u0643\u0633\u0643\u0633 \u0635\u0648\u062c\u0627 \u0639\u0644\u0649 \u0641\u0648\u0627\u0626\u062f \u0639\u062f\u064a\u062f\u0629 \u0645\u0646\u0647\u0627 \u0627\u0644\u0645\u0633\u0627\u0639\u062f\u0629 \u0639\u0644\u0649 \u0627\u0644\u0632\u064a\u0627\u062f\u0629 \u0641\u064a \u0627\u0644\u0648\u0632\u0646 \u0648 \u0627\u0644\u0648\u0642\u0627\u064a\u0629 \u0645\u0646 \u0627\u0644\u0625\u0635\u0627\u0628\u0629 \u0628\u0623\u0645\u0631\u0627\u0636 \u0627\u0644\u0642\u0644\u0628\u060c \u0648 \u0627\u0644\u0648\u0642\u0627\u064a\u0629 \u0645\u0646 \u0627\u0644\u0625\u0635\u0627\u0628\u0629 \u0628\u062f\u0627\u0621 \u0627\u0644\u0632\u0647\u0627\u064a\u0645\u0631\u060c \u0643\u0645\u0627 \u0623\u0646\u0647 \u064a\u062e\u0641\u0636 \u0636\u063a\u0637 \u0627\u0644\u062f\u0645 \u0639\u0646\u062f \u0627\u0644\u0645\u0635\u0627\u0628\u064a\u0646 \u0628\u0627\u0631\u062a\u0641\u0627\u0639 \u0627\u0644\u0638\u063a\u0637 \u0627\u0644\u0634\u0631\u064a\u0627\u0646 Production 100% Handmade","og_url":"https:\/\/beldify.shop\/it\/prodotto\/1kg-couscous-soja-\u0643\u0633\u0643\u0633-\u0635\u0648\u062c\u0627\/","og_site_name":"Beldify.shop - Organic Life Style","article_publisher":"https:\/\/www.facebook.com\/beldify.shop","article_modified_time":"2026-01-13T22:47:09+00:00","og_image":[{"width":1920,"height":2560,"url":"https:\/\/beldify.shop\/wp-content\/uploads\/2020\/11\/20201117_143309-scaled.jpg","type":"image\/jpeg"}],"twitter_card":"summary_large_image","schema":{"@context":"https:\/\/schema.org","@graph":[{"@type":"WebPage","@id":"https:\/\/beldify.shop\/produit\/1kg-couscous-soja-%d9%83%d8%b3%d9%83%d8%b3-%d8%b5%d9%88%d8%ac%d8%a7\/","url":"https:\/\/beldify.shop\/produit\/1kg-couscous-soja-%d9%83%d8%b3%d9%83%d8%b3-%d8%b5%d9%88%d8%ac%d8%a7\/","name":"1kg Couscous soja \u0643\u0633\u0643\u0633 \u0635\u0648\u062c\u0627 - Beldify.shop - Organic Life Style","isPartOf":{"@id":"https:\/\/beldify.shop\/#website"},"primaryImageOfPage":{"@id":"https:\/\/beldify.shop\/produit\/1kg-couscous-soja-%d9%83%d8%b3%d9%83%d8%b3-%d8%b5%d9%88%d8%ac%d8%a7\/#primaryimage"},"image":{"@id":"https:\/\/beldify.shop\/produit\/1kg-couscous-soja-%d9%83%d8%b3%d9%83%d8%b3-%d8%b5%d9%88%d8%ac%d8%a7\/#primaryimage"},"thumbnailUrl":"https:\/\/beldify.shop\/wp-content\/uploads\/2020\/11\/20201117_143309-scaled.jpg","datePublished":"2020-11-11T13:37:31+00:00","dateModified":"2026-01-13T22:47:09+00:00","breadcrumb":{"@id":"https:\/\/beldify.shop\/produit\/1kg-couscous-soja-%d9%83%d8%b3%d9%83%d8%b3-%d8%b5%d9%88%d8%ac%d8%a7\/#breadcrumb"},"inLanguage":"it-IT","potentialAction":[{"@type":"ReadAction","target":["https:\/\/beldify.shop\/produit\/1kg-couscous-soja-%d9%83%d8%b3%d9%83%d8%b3-%d8%b5%d9%88%d8%ac%d8%a7\/"]}]},{"@type":"ImageObject","inLanguage":"it-IT","@id":"https:\/\/beldify.shop\/produit\/1kg-couscous-soja-%d9%83%d8%b3%d9%83%d8%b3-%d8%b5%d9%88%d8%ac%d8%a7\/#primaryimage","url":"https:\/\/beldify.shop\/wp-content\/uploads\/2020\/11\/20201117_143309-scaled.jpg","contentUrl":"https:\/\/beldify.shop\/wp-content\/uploads\/2020\/11\/20201117_143309-scaled.jpg","width":1920,"height":2560},{"@type":"BreadcrumbList","@id":"https:\/\/beldify.shop\/produit\/1kg-couscous-soja-%d9%83%d8%b3%d9%83%d8%b3-%d8%b5%d9%88%d8%ac%d8%a7\/#breadcrumb","itemListElement":[{"@type":"ListItem","position":1,"name":"Accueil","item":"https:\/\/beldify.shop\/"},{"@type":"ListItem","position":2,"name":"Boutique","item":"https:\/\/beldify.shop\/boutique\/"},{"@type":"ListItem","position":3,"name":"1kg Couscous soja \u0643\u0633\u0643\u0633 \u0635\u0648\u062c\u0627"}]},{"@type":"WebSite","@id":"https:\/\/beldify.shop\/#website","url":"https:\/\/beldify.shop\/","name":"Beldify.shop - Organic Life Style","description":"Prodotti naturali marocchini","potentialAction":[{"@type":"SearchAction","target":{"@type":"EntryPoint","urlTemplate":"https:\/\/beldify.shop\/?s={search_term_string}"},"query-input":{"@type":"PropertyValueSpecification","valueRequired":true,"valueName":"search_term_string"}}],"inLanguage":"it-IT"}]}},"jetpack_publicize_connections":[],"jetpack_likes_enabled":true,"jetpack_sharing_enabled":true,"jetpack-related-posts":[],"_links":{"self":[{"href":"https:\/\/beldify.shop\/it\/wp-json\/wp\/v2\/product\/2779","targetHints":{"allow":["GET"]}}],"collection":[{"href":"https:\/\/beldify.shop\/it\/wp-json\/wp\/v2\/product"}],"about":[{"href":"https:\/\/beldify.shop\/it\/wp-json\/wp\/v2\/types\/product"}],"replies":[{"embeddable":true,"href":"https:\/\/beldify.shop\/it\/wp-json\/wp\/v2\/comments?post=2779"}],"wp:featuredmedia":[{"embeddable":true,"href":"https:\/\/beldify.shop\/it\/wp-json\/wp\/v2\/media\/3043"}],"wp:attachment":[{"href":"https:\/\/beldify.shop\/it\/wp-json\/wp\/v2\/media?parent=2779"}],"wp:term":[{"taxonomy":"product_brand","embeddable":true,"href":"https:\/\/beldify.shop\/it\/wp-json\/wp\/v2\/product_brand?post=2779"},{"taxonomy":"product_cat","embeddable":true,"href":"https:\/\/beldify.shop\/it\/wp-json\/wp\/v2\/product_cat?post=2779"},{"taxonomy":"product_tag","embeddable":true,"href":"https:\/\/beldify.shop\/it\/wp-json\/wp\/v2\/product_tag?post=2779"}],"curies":[{"name":"wp","href":"https:\/\/api.w.org\/{rel}","templated":true}]}}