{"id":2773,"date":"2020-11-11T13:28:49","date_gmt":"2020-11-11T13:28:49","guid":{"rendered":"https:\/\/organify.digitencia.comproduit\/couscous-el-chaair-%d9%83%d8%b3%d9%83%d8%b3-%d8%a7%d9%84%d8%b4%d8%b9%d9%8a%d8%b1-copy\/"},"modified":"2026-01-13T22:47:09","modified_gmt":"2026-01-13T22:47:09","slug":"1kg-couscous-de-mais-adoura-%d9%83%d8%b3%d9%83%d8%b3-%d8%a7%d9%84%d8%b0%d8%b1%d8%a9","status":"publish","type":"product","link":"https:\/\/beldify.shop\/it\/prodotto\/1kg-couscous-de-mais-adoura-%d9%83%d8%b3%d9%83%d8%b3-%d8%a7%d9%84%d8%b0%d8%b1%d8%a9\/","title":{"rendered":"1kg Cous cous di mais \u201cadoura\u201d formato grande"},"content":{"rendered":"<div class=\"wpb-content-wrapper\"><div class=\"vc_row wpb_row vc_row-fluid vc_row-o-content-top vc_row-flex\"><div class=\"wpb_column vc_column_container vc_col-sm-6\"><div class=\"vc_column-inner\"><div class=\"wpb_wrapper\">\n\t<div class=\"wpb_text_column wpb_content_element\" >\n\t\t<div class=\"wpb_wrapper\">\n\t\t\t<p>Couscous con i cereali che ami e che danno un sapore delizioso al tuo pasto e soprattutto prezzi ragionevoli, non lasciarteli sfuggire <span class=\"_47e3 _5mfr\" title=\"emoticon cuore\"><img loading=\"lazy\" decoding=\"async\" class=\"img\" role=\"presentation\" src=\"https:\/\/static.xx.fbcdn.net\/images\/emoji.php\/v9\/t6c\/1\/16\/2764.png?_nc_eui2=AeHMEdDpZvC8Nt2-2p9Om9jGtje5zGZIwt62N7nMZkjC3nVNg58aAbokwyTRLlDhyks05jZCtm-v09melvvlk88H\" alt=\"\" width=\"16\" height=\"16\" \/><\/span><\/p>\n\n\t\t<\/div>\n\t<\/div>\n<\/div><\/div><\/div><\/div>\n<\/div>","protected":false},"excerpt":{"rendered":"<p>La semola di couscous viene preparata con mais macinato sotto forma di piccoli granuli e tra i suoi benefici rientrano la promozione della salute del cuore e delle arterie, la protezione dall&#039;anemia, la salute digestiva e l&#039;apporto di energia all&#039;organismo.<\/p>\n<p style=\"text-align: right;\">L&#039;eminente leader musulmano del mondo islamico, presente nel mondo islamico da oltre un secolo, ha avuto un grande successo, soprattutto nel mondo islamico. Il sultano \u00e8 il re della terra<\/p>\n<p>Produzione 100% Fatto a mano<\/p>","protected":false},"featured_media":3048,"comment_status":"open","ping_status":"closed","template":"","meta":{"_angie_page":false,"inline_featured_image":false,"jetpack_publicize_message":"","jetpack_publicize_feature_enabled":true,"jetpack_social_post_already_shared":false,"jetpack_social_options":{"image_generator_settings":{"template":"highway","default_image_id":0,"font":"","enabled":false},"version":2}},"product_brand":[],"product_cat":[37],"product_tag":[109,113,114],"class_list":{"0":"post-2773","1":"product","2":"type-product","3":"status-publish","4":"has-post-thumbnail","6":"product_cat-couscous-semoules","7":"product_tag-couscous","8":"product_tag-oum-el-kheir","9":"product_tag-114","11":"first","12":"instock","13":"taxable","14":"shipping-taxable","15":"purchasable","16":"product-type-simple"},"yoast_head":"<!-- This site is optimized with the Yoast SEO plugin v27.5 - https:\/\/yoast.com\/product\/yoast-seo-wordpress\/ -->\n<title>1kg Couscous de ma\u00efs &quot;adoura&quot; \u0643\u0633\u0643\u0633 \u0627\u0644\u0630\u0631\u0629 - Beldify.shop - Organic Life Style<\/title>\n<meta name=\"robots\" content=\"index, follow, max-snippet:-1, max-image-preview:large, max-video-preview:-1\" \/>\n<link rel=\"canonical\" href=\"https:\/\/beldify.shop\/it\/prodotto\/1kg-couscous-de-mais-adoura-\u0643\u0633\u0643\u0633-\u0627\u0644\u0630\u0631\u0629\/\" \/>\n<meta property=\"og:locale\" content=\"it_IT\" \/>\n<meta property=\"og:type\" content=\"article\" \/>\n<meta property=\"og:title\" content=\"1kg Couscous de ma\u00efs &quot;adoura&quot; \u0643\u0633\u0643\u0633 \u0627\u0644\u0630\u0631\u0629 - Beldify.shop - Organic Life Style\" \/>\n<meta property=\"og:description\" content=\"La semoule de couscous est pr\u00e9par\u00e9e \u00e0 partir de la mouture de ma\u00efs sous forme de petits granules, et ses avantages comprennent la promotion de la sant\u00e9 cardiaque et art\u00e9rielle, la protection contre l&#039;an\u00e9mie, la promotion de la sant\u00e9 digestive, fournir l\u2019\u00e9nergie au corps. \u064a\u062d\u0636\u0631 \u0633\u0645\u064a\u062f \u0627\u0644\u0643\u0633\u0643\u0633 \u0645\u0646 \u0637\u062d\u0646 \u0627\u0644\u0630\u0631\u0629 \u0639\u0644\u0649 \u0634\u0643\u0644 \u062d\u0628\u064a\u0628\u0627\u062a \u0635\u063a\u064a\u0631\u0629\u060c\u0648 \u0645\u0646 \u0641\u0648\u0627\u0626\u062f\u0647 \u062a\u0639\u0632\u064a\u0632 \u0635\u062d\u0629 \u0627\u0644\u0642\u0644\u0628 \u0648 \u0627\u0644\u0634\u0631\u0627\u064a\u064a\u0646\u060c \u0627\u0644\u062d\u0645\u0627\u064a\u0629 \u0645\u0646 \u0641\u0642\u0631 \u0627\u0644\u062f\u0645\u060c\u062a\u0639\u0632\u064a\u0632 \u0635\u062d\u0629 \u0627\u0644\u062c\u0647\u0627\u0632 \u0627\u0644\u0647\u0636\u0645\u064a \u060c\u0625\u0645\u062f\u0627\u062f \u0627\u0644\u062c\u0633\u0645 \u0628\u0627\u0644\u0637\u0627\u0642\u0629 Production 100% Handmade\" \/>\n<meta property=\"og:url\" content=\"https:\/\/beldify.shop\/it\/prodotto\/1kg-couscous-de-mais-adoura-\u0643\u0633\u0643\u0633-\u0627\u0644\u0630\u0631\u0629\/\" \/>\n<meta property=\"og:site_name\" content=\"Beldify.shop - Organic Life Style\" \/>\n<meta property=\"article:publisher\" content=\"https:\/\/www.facebook.com\/beldify.shop\" \/>\n<meta property=\"article:modified_time\" content=\"2026-01-13T22:47:09+00:00\" \/>\n<meta property=\"og:image\" content=\"https:\/\/beldify.shop\/wp-content\/uploads\/2020\/11\/couscous-adoura-scaled.jpg\" \/>\n\t<meta property=\"og:image:width\" content=\"1920\" \/>\n\t<meta property=\"og:image:height\" content=\"2560\" \/>\n\t<meta property=\"og:image:type\" content=\"image\/jpeg\" \/>\n<meta name=\"twitter:card\" content=\"summary_large_image\" \/>\n<script type=\"application\/ld+json\" class=\"yoast-schema-graph\">{\"@context\":\"https:\\\/\\\/schema.org\",\"@graph\":[{\"@type\":\"WebPage\",\"@id\":\"https:\\\/\\\/beldify.shop\\\/produit\\\/1kg-couscous-de-mais-adoura-%d9%83%d8%b3%d9%83%d8%b3-%d8%a7%d9%84%d8%b0%d8%b1%d8%a9\\\/\",\"url\":\"https:\\\/\\\/beldify.shop\\\/produit\\\/1kg-couscous-de-mais-adoura-%d9%83%d8%b3%d9%83%d8%b3-%d8%a7%d9%84%d8%b0%d8%b1%d8%a9\\\/\",\"name\":\"1kg Couscous de ma\u00efs \\\"adoura\\\" \u0643\u0633\u0643\u0633 \u0627\u0644\u0630\u0631\u0629 - Beldify.shop - Organic Life Style\",\"isPartOf\":{\"@id\":\"https:\\\/\\\/beldify.shop\\\/#website\"},\"primaryImageOfPage\":{\"@id\":\"https:\\\/\\\/beldify.shop\\\/produit\\\/1kg-couscous-de-mais-adoura-%d9%83%d8%b3%d9%83%d8%b3-%d8%a7%d9%84%d8%b0%d8%b1%d8%a9\\\/#primaryimage\"},\"image\":{\"@id\":\"https:\\\/\\\/beldify.shop\\\/produit\\\/1kg-couscous-de-mais-adoura-%d9%83%d8%b3%d9%83%d8%b3-%d8%a7%d9%84%d8%b0%d8%b1%d8%a9\\\/#primaryimage\"},\"thumbnailUrl\":\"https:\\\/\\\/beldify.shop\\\/wp-content\\\/uploads\\\/2020\\\/11\\\/couscous-adoura-scaled.jpg\",\"datePublished\":\"2020-11-11T13:28:49+00:00\",\"dateModified\":\"2026-01-13T22:47:09+00:00\",\"breadcrumb\":{\"@id\":\"https:\\\/\\\/beldify.shop\\\/produit\\\/1kg-couscous-de-mais-adoura-%d9%83%d8%b3%d9%83%d8%b3-%d8%a7%d9%84%d8%b0%d8%b1%d8%a9\\\/#breadcrumb\"},\"inLanguage\":\"it-IT\",\"potentialAction\":[{\"@type\":\"ReadAction\",\"target\":[\"https:\\\/\\\/beldify.shop\\\/produit\\\/1kg-couscous-de-mais-adoura-%d9%83%d8%b3%d9%83%d8%b3-%d8%a7%d9%84%d8%b0%d8%b1%d8%a9\\\/\"]}]},{\"@type\":\"ImageObject\",\"inLanguage\":\"it-IT\",\"@id\":\"https:\\\/\\\/beldify.shop\\\/produit\\\/1kg-couscous-de-mais-adoura-%d9%83%d8%b3%d9%83%d8%b3-%d8%a7%d9%84%d8%b0%d8%b1%d8%a9\\\/#primaryimage\",\"url\":\"https:\\\/\\\/beldify.shop\\\/wp-content\\\/uploads\\\/2020\\\/11\\\/couscous-adoura-scaled.jpg\",\"contentUrl\":\"https:\\\/\\\/beldify.shop\\\/wp-content\\\/uploads\\\/2020\\\/11\\\/couscous-adoura-scaled.jpg\",\"width\":1920,\"height\":2560},{\"@type\":\"BreadcrumbList\",\"@id\":\"https:\\\/\\\/beldify.shop\\\/produit\\\/1kg-couscous-de-mais-adoura-%d9%83%d8%b3%d9%83%d8%b3-%d8%a7%d9%84%d8%b0%d8%b1%d8%a9\\\/#breadcrumb\",\"itemListElement\":[{\"@type\":\"ListItem\",\"position\":1,\"name\":\"Accueil\",\"item\":\"https:\\\/\\\/beldify.shop\\\/\"},{\"@type\":\"ListItem\",\"position\":2,\"name\":\"Boutique\",\"item\":\"https:\\\/\\\/beldify.shop\\\/boutique\\\/\"},{\"@type\":\"ListItem\",\"position\":3,\"name\":\"1kg Couscous de ma\u00efs \u00ab\u00a0adoura\u00a0\u00bb \u0643\u0633\u0643\u0633 \u0627\u0644\u0630\u0631\u0629\"}]},{\"@type\":\"WebSite\",\"@id\":\"https:\\\/\\\/beldify.shop\\\/#website\",\"url\":\"https:\\\/\\\/beldify.shop\\\/\",\"name\":\"Beldify.shop - Organic Life Style\",\"description\":\"Moroccan Natural Products\",\"potentialAction\":[{\"@type\":\"SearchAction\",\"target\":{\"@type\":\"EntryPoint\",\"urlTemplate\":\"https:\\\/\\\/beldify.shop\\\/?s={search_term_string}\"},\"query-input\":{\"@type\":\"PropertyValueSpecification\",\"valueRequired\":true,\"valueName\":\"search_term_string\"}}],\"inLanguage\":\"it-IT\"}]}<\/script>\n<!-- \/ Yoast SEO plugin. -->","yoast_head_json":{"title":"1kg Couscous de ma\u00efs \"adoura\" \u0643\u0633\u0643\u0633 \u0627\u0644\u0630\u0631\u0629 - Beldify.shop - Organic Life Style","robots":{"index":"index","follow":"follow","max-snippet":"max-snippet:-1","max-image-preview":"max-image-preview:large","max-video-preview":"max-video-preview:-1"},"canonical":"https:\/\/beldify.shop\/it\/prodotto\/1kg-couscous-de-mais-adoura-\u0643\u0633\u0643\u0633-\u0627\u0644\u0630\u0631\u0629\/","og_locale":"it_IT","og_type":"article","og_title":"1kg Couscous de ma\u00efs \"adoura\" \u0643\u0633\u0643\u0633 \u0627\u0644\u0630\u0631\u0629 - Beldify.shop - Organic Life Style","og_description":"La semoule de couscous est pr\u00e9par\u00e9e \u00e0 partir de la mouture de ma\u00efs sous forme de petits granules, et ses avantages comprennent la promotion de la sant\u00e9 cardiaque et art\u00e9rielle, la protection contre l'an\u00e9mie, la promotion de la sant\u00e9 digestive, fournir l\u2019\u00e9nergie au corps. \u064a\u062d\u0636\u0631 \u0633\u0645\u064a\u062f \u0627\u0644\u0643\u0633\u0643\u0633 \u0645\u0646 \u0637\u062d\u0646 \u0627\u0644\u0630\u0631\u0629 \u0639\u0644\u0649 \u0634\u0643\u0644 \u062d\u0628\u064a\u0628\u0627\u062a \u0635\u063a\u064a\u0631\u0629\u060c\u0648 \u0645\u0646 \u0641\u0648\u0627\u0626\u062f\u0647 \u062a\u0639\u0632\u064a\u0632 \u0635\u062d\u0629 \u0627\u0644\u0642\u0644\u0628 \u0648 \u0627\u0644\u0634\u0631\u0627\u064a\u064a\u0646\u060c \u0627\u0644\u062d\u0645\u0627\u064a\u0629 \u0645\u0646 \u0641\u0642\u0631 \u0627\u0644\u062f\u0645\u060c\u062a\u0639\u0632\u064a\u0632 \u0635\u062d\u0629 \u0627\u0644\u062c\u0647\u0627\u0632 \u0627\u0644\u0647\u0636\u0645\u064a \u060c\u0625\u0645\u062f\u0627\u062f \u0627\u0644\u062c\u0633\u0645 \u0628\u0627\u0644\u0637\u0627\u0642\u0629 Production 100% Handmade","og_url":"https:\/\/beldify.shop\/it\/prodotto\/1kg-couscous-de-mais-adoura-\u0643\u0633\u0643\u0633-\u0627\u0644\u0630\u0631\u0629\/","og_site_name":"Beldify.shop - Organic Life Style","article_publisher":"https:\/\/www.facebook.com\/beldify.shop","article_modified_time":"2026-01-13T22:47:09+00:00","og_image":[{"width":1920,"height":2560,"url":"https:\/\/beldify.shop\/wp-content\/uploads\/2020\/11\/couscous-adoura-scaled.jpg","type":"image\/jpeg"}],"twitter_card":"summary_large_image","schema":{"@context":"https:\/\/schema.org","@graph":[{"@type":"WebPage","@id":"https:\/\/beldify.shop\/produit\/1kg-couscous-de-mais-adoura-%d9%83%d8%b3%d9%83%d8%b3-%d8%a7%d9%84%d8%b0%d8%b1%d8%a9\/","url":"https:\/\/beldify.shop\/produit\/1kg-couscous-de-mais-adoura-%d9%83%d8%b3%d9%83%d8%b3-%d8%a7%d9%84%d8%b0%d8%b1%d8%a9\/","name":"1kg Couscous de ma\u00efs \"adoura\" \u0643\u0633\u0643\u0633 \u0627\u0644\u0630\u0631\u0629 - Beldify.shop - Organic Life Style","isPartOf":{"@id":"https:\/\/beldify.shop\/#website"},"primaryImageOfPage":{"@id":"https:\/\/beldify.shop\/produit\/1kg-couscous-de-mais-adoura-%d9%83%d8%b3%d9%83%d8%b3-%d8%a7%d9%84%d8%b0%d8%b1%d8%a9\/#primaryimage"},"image":{"@id":"https:\/\/beldify.shop\/produit\/1kg-couscous-de-mais-adoura-%d9%83%d8%b3%d9%83%d8%b3-%d8%a7%d9%84%d8%b0%d8%b1%d8%a9\/#primaryimage"},"thumbnailUrl":"https:\/\/beldify.shop\/wp-content\/uploads\/2020\/11\/couscous-adoura-scaled.jpg","datePublished":"2020-11-11T13:28:49+00:00","dateModified":"2026-01-13T22:47:09+00:00","breadcrumb":{"@id":"https:\/\/beldify.shop\/produit\/1kg-couscous-de-mais-adoura-%d9%83%d8%b3%d9%83%d8%b3-%d8%a7%d9%84%d8%b0%d8%b1%d8%a9\/#breadcrumb"},"inLanguage":"it-IT","potentialAction":[{"@type":"ReadAction","target":["https:\/\/beldify.shop\/produit\/1kg-couscous-de-mais-adoura-%d9%83%d8%b3%d9%83%d8%b3-%d8%a7%d9%84%d8%b0%d8%b1%d8%a9\/"]}]},{"@type":"ImageObject","inLanguage":"it-IT","@id":"https:\/\/beldify.shop\/produit\/1kg-couscous-de-mais-adoura-%d9%83%d8%b3%d9%83%d8%b3-%d8%a7%d9%84%d8%b0%d8%b1%d8%a9\/#primaryimage","url":"https:\/\/beldify.shop\/wp-content\/uploads\/2020\/11\/couscous-adoura-scaled.jpg","contentUrl":"https:\/\/beldify.shop\/wp-content\/uploads\/2020\/11\/couscous-adoura-scaled.jpg","width":1920,"height":2560},{"@type":"BreadcrumbList","@id":"https:\/\/beldify.shop\/produit\/1kg-couscous-de-mais-adoura-%d9%83%d8%b3%d9%83%d8%b3-%d8%a7%d9%84%d8%b0%d8%b1%d8%a9\/#breadcrumb","itemListElement":[{"@type":"ListItem","position":1,"name":"Accueil","item":"https:\/\/beldify.shop\/"},{"@type":"ListItem","position":2,"name":"Boutique","item":"https:\/\/beldify.shop\/boutique\/"},{"@type":"ListItem","position":3,"name":"1kg Couscous de ma\u00efs \u00ab\u00a0adoura\u00a0\u00bb \u0643\u0633\u0643\u0633 \u0627\u0644\u0630\u0631\u0629"}]},{"@type":"WebSite","@id":"https:\/\/beldify.shop\/#website","url":"https:\/\/beldify.shop\/","name":"Beldify.shop - Organic Life Style","description":"Prodotti naturali marocchini","potentialAction":[{"@type":"SearchAction","target":{"@type":"EntryPoint","urlTemplate":"https:\/\/beldify.shop\/?s={search_term_string}"},"query-input":{"@type":"PropertyValueSpecification","valueRequired":true,"valueName":"search_term_string"}}],"inLanguage":"it-IT"}]}},"jetpack_publicize_connections":[],"jetpack_likes_enabled":true,"jetpack_sharing_enabled":true,"jetpack-related-posts":[],"_links":{"self":[{"href":"https:\/\/beldify.shop\/it\/wp-json\/wp\/v2\/product\/2773","targetHints":{"allow":["GET"]}}],"collection":[{"href":"https:\/\/beldify.shop\/it\/wp-json\/wp\/v2\/product"}],"about":[{"href":"https:\/\/beldify.shop\/it\/wp-json\/wp\/v2\/types\/product"}],"replies":[{"embeddable":true,"href":"https:\/\/beldify.shop\/it\/wp-json\/wp\/v2\/comments?post=2773"}],"wp:featuredmedia":[{"embeddable":true,"href":"https:\/\/beldify.shop\/it\/wp-json\/wp\/v2\/media\/3048"}],"wp:attachment":[{"href":"https:\/\/beldify.shop\/it\/wp-json\/wp\/v2\/media?parent=2773"}],"wp:term":[{"taxonomy":"product_brand","embeddable":true,"href":"https:\/\/beldify.shop\/it\/wp-json\/wp\/v2\/product_brand?post=2773"},{"taxonomy":"product_cat","embeddable":true,"href":"https:\/\/beldify.shop\/it\/wp-json\/wp\/v2\/product_cat?post=2773"},{"taxonomy":"product_tag","embeddable":true,"href":"https:\/\/beldify.shop\/it\/wp-json\/wp\/v2\/product_tag?post=2773"}],"curies":[{"name":"wp","href":"https:\/\/api.w.org\/{rel}","templated":true}]}}