{"id":3451,"date":"2020-12-31T14:46:46","date_gmt":"2020-12-31T14:46:46","guid":{"rendered":"https:\/\/beldify.shop\/?post_type=product&#038;p=3451"},"modified":"2026-01-13T22:47:01","modified_gmt":"2026-01-13T22:47:01","slug":"30ml-huile-dargan-%d8%b2%d9%8a%d8%aa-%d8%a3%d8%b1%d9%83%d8%a7%d9%86","status":"publish","type":"product","link":"https:\/\/beldify.shop\/es\/producto\/30ml-huile-dargan-%d8%b2%d9%8a%d8%aa-%d8%a3%d8%b1%d9%83%d8%a7%d9%86\/","title":{"rendered":"30 ml de aceite de arg\u00e1n"},"content":{"rendered":"<div class=\"wpb-content-wrapper\"><div class=\"vc_row wpb_row vc_row-fluid\"><div class=\"wpb_column vc_column_container vc_col-sm-6\"><div class=\"vc_column-inner\"><div class=\"wpb_wrapper\">\t\t<div id=\"gallery_972\" class=\"wd-images-gallery wd-wpb photoswipe-images\" style=\"--wd-justify-content:center;--wd-align-items:center;\">\n\t\t\t\n\t\t\t<div class=\"wd-grid-g\" style=\"--wd-col-lg:1;--wd-col-md:1;--wd-col-sm:1;--wd-gap-lg:0px;\">\n\t\t\t\t\n\t\t\t\t\t\t\t\t\t\t\t\t\t\t\t<div class=\"wd-gallery-item wd-col\">\n\t\t\t\t\t\t\t\t\t\t\t\t\t\t<a href=\"https:\/\/beldify.shop\/wp-content\/uploads\/2020\/12\/huile-d-argan.jpg\" data-elementor-open-lightbox=\"no\" data-index=\"1\" data-width=\"480\" data-height=\"280\" \n\t\t\t\t\t\t\t\t\t\t\t\t >\n\t\t\t\t\t\t\t\t\n\t\t\t\t\t\t\t\t<img loading=\"lazy\" decoding=\"async\" width=\"480\" height=\"280\" src=\"https:\/\/beldify.shop\/wp-content\/uploads\/2020\/12\/huile-d-argan.jpg\" class=\"wd-gallery-image image-1\" alt=\"\" srcset=\"https:\/\/beldify.shop\/wp-content\/uploads\/2020\/12\/huile-d-argan.jpg 480w, https:\/\/beldify.shop\/wp-content\/uploads\/2020\/12\/huile-d-argan-150x88.jpg 150w, https:\/\/beldify.shop\/wp-content\/uploads\/2020\/12\/huile-d-argan-450x263.jpg 450w, https:\/\/beldify.shop\/wp-content\/uploads\/2020\/12\/huile-d-argan-300x175.jpg 300w\" sizes=\"auto, (max-width: 480px) 100vw, 480px\" \/>\n\t\t\t\t\t\t\t\t\t\t\t\t\t\t\t<\/a>\n\t\t\t\t\t\t\t\t\t\t\t\t<\/div>\n\t\t\t\t\t\t\t\t\t\n\t\t\t\t\t\t\t<\/div>\n\n\t\t\t\t\t<\/div>\n\t\t<\/div><\/div><\/div><div class=\"wpb_column vc_column_container vc_col-sm-6\"><div class=\"vc_column-inner\"><div class=\"wpb_wrapper\">\n\t\t<div id=\"wd-5fede5133f02c\" class=\"title-wrapper wd-wpb wd-set-mb reset-last-child  wd-rs-5fede5133f02c wd-title-color-primary wd-title-style-underlined text-left  wd-underline-colored\">\n\t\t\t\n\t\t\t<div class=\"liner-continer\">\n\t\t\t\t<h4 class=\"woodmart-title-container title  wd-font-weight-600 wd-fontsize-l\" >Aceite de arg\u00e1n 30 ml <\/h4>\n\t\t\t\t\t\t\t<\/div>\n\t\t\t\n\t\t\t\n\t\t\t\n\t\t<\/div>\n\t\t\n\t\t\n\t<div class=\"wpb_text_column wpb_content_element\" >\n\t\t<div class=\"wpb_wrapper\">\n\t\t\t<p>Aceite muy rico en vitamina E.<\/p>\n<p>Ideal para pieles secas, arrugadas y desvitalizadas.<\/p>\n<p>Previene el envejecimiento prematuro de la piel.<\/p>\n<p>Revitaliza el cabello seco y opaco, devolvi\u00e9ndole brillo y lustre, y fortalece las u\u00f1as fr\u00e1giles y quebradizas.<\/p>\n\n\t\t<\/div>\n\t<\/div>\n<\/div><\/div><\/div><\/div>\n<\/div>","protected":false},"excerpt":{"rendered":"Huile D\u2019argan 30ml Huile tr\u00e8s riche en vitamine E. Id\u00e9ale pour les peaux s\u00e8ches, rid\u00e9es et d\u00e9vitalis\u00e9es. Pr\u00e9vient vieillissement pr\u00e9coce","protected":false},"featured_media":3841,"comment_status":"open","ping_status":"closed","template":"","meta":{"_angie_page":false,"inline_featured_image":false,"jetpack_publicize_message":"","jetpack_publicize_feature_enabled":true,"jetpack_social_post_already_shared":false,"jetpack_social_options":{"image_generator_settings":{"template":"highway","default_image_id":0,"font":"","enabled":false},"version":2}},"product_brand":[],"product_cat":[93],"product_tag":[144,146,145],"class_list":{"0":"post-3451","1":"product","2":"type-product","3":"status-publish","4":"has-post-thumbnail","6":"product_cat-huiles-essentielles","7":"product_tag-cooperative-timar-zoyout","8":"product_tag-les-huiles","9":"product_tag-145","11":"first","12":"instock","13":"shipping-taxable","14":"purchasable","15":"product-type-simple"},"yoast_head":"<!-- This site is optimized with the Yoast SEO plugin v27.5 - https:\/\/yoast.com\/product\/yoast-seo-wordpress\/ -->\n<title>30ml Huile D\u2019argan \u0632\u064a\u062a \u0623\u0631\u0643\u0627\u0646 - Beldify.shop - Organic Life Style<\/title>\n<meta name=\"robots\" content=\"index, follow, max-snippet:-1, max-image-preview:large, max-video-preview:-1\" \/>\n<link rel=\"canonical\" href=\"https:\/\/beldify.shop\/es\/producto\/30ml-huile-dargan-\u0632\u064a\u062a-\u0623\u0631\u0643\u0627\u0646\/\" \/>\n<meta property=\"og:locale\" content=\"es_MX\" \/>\n<meta property=\"og:type\" content=\"article\" \/>\n<meta property=\"og:title\" content=\"30ml Huile D\u2019argan \u0632\u064a\u062a \u0623\u0631\u0643\u0627\u0646 - Beldify.shop - Organic Life Style\" \/>\n<meta property=\"og:url\" content=\"https:\/\/beldify.shop\/es\/producto\/30ml-huile-dargan-\u0632\u064a\u062a-\u0623\u0631\u0643\u0627\u0646\/\" \/>\n<meta property=\"og:site_name\" content=\"Beldify.shop - Organic Life Style\" \/>\n<meta property=\"article:publisher\" content=\"https:\/\/www.facebook.com\/beldify.shop\" \/>\n<meta property=\"article:modified_time\" content=\"2026-01-13T22:47:01+00:00\" \/>\n<meta property=\"og:image\" content=\"https:\/\/beldify.shop\/wp-content\/uploads\/2020\/12\/Huile-Dargan-scaled.jpg\" \/>\n\t<meta property=\"og:image:width\" content=\"2560\" \/>\n\t<meta property=\"og:image:height\" content=\"2325\" \/>\n\t<meta property=\"og:image:type\" content=\"image\/jpeg\" \/>\n<meta name=\"twitter:card\" content=\"summary_large_image\" \/>\n<meta name=\"twitter:label1\" content=\"Tiempo de lectura\" \/>\n\t<meta name=\"twitter:data1\" content=\"1 minuto\" \/>\n<script type=\"application\/ld+json\" class=\"yoast-schema-graph\">{\"@context\":\"https:\\\/\\\/schema.org\",\"@graph\":[{\"@type\":\"WebPage\",\"@id\":\"https:\\\/\\\/beldify.shop\\\/produit\\\/30ml-huile-dargan-%d8%b2%d9%8a%d8%aa-%d8%a3%d8%b1%d9%83%d8%a7%d9%86\\\/\",\"url\":\"https:\\\/\\\/beldify.shop\\\/produit\\\/30ml-huile-dargan-%d8%b2%d9%8a%d8%aa-%d8%a3%d8%b1%d9%83%d8%a7%d9%86\\\/\",\"name\":\"30ml Huile D\u2019argan \u0632\u064a\u062a \u0623\u0631\u0643\u0627\u0646 - Beldify.shop - Organic Life Style\",\"isPartOf\":{\"@id\":\"https:\\\/\\\/beldify.shop\\\/#website\"},\"primaryImageOfPage\":{\"@id\":\"https:\\\/\\\/beldify.shop\\\/produit\\\/30ml-huile-dargan-%d8%b2%d9%8a%d8%aa-%d8%a3%d8%b1%d9%83%d8%a7%d9%86\\\/#primaryimage\"},\"image\":{\"@id\":\"https:\\\/\\\/beldify.shop\\\/produit\\\/30ml-huile-dargan-%d8%b2%d9%8a%d8%aa-%d8%a3%d8%b1%d9%83%d8%a7%d9%86\\\/#primaryimage\"},\"thumbnailUrl\":\"https:\\\/\\\/beldify.shop\\\/wp-content\\\/uploads\\\/2020\\\/12\\\/Huile-Dargan-scaled.jpg\",\"datePublished\":\"2020-12-31T14:46:46+00:00\",\"dateModified\":\"2026-01-13T22:47:01+00:00\",\"breadcrumb\":{\"@id\":\"https:\\\/\\\/beldify.shop\\\/produit\\\/30ml-huile-dargan-%d8%b2%d9%8a%d8%aa-%d8%a3%d8%b1%d9%83%d8%a7%d9%86\\\/#breadcrumb\"},\"inLanguage\":\"es\",\"potentialAction\":[{\"@type\":\"ReadAction\",\"target\":[\"https:\\\/\\\/beldify.shop\\\/produit\\\/30ml-huile-dargan-%d8%b2%d9%8a%d8%aa-%d8%a3%d8%b1%d9%83%d8%a7%d9%86\\\/\"]}]},{\"@type\":\"ImageObject\",\"inLanguage\":\"es\",\"@id\":\"https:\\\/\\\/beldify.shop\\\/produit\\\/30ml-huile-dargan-%d8%b2%d9%8a%d8%aa-%d8%a3%d8%b1%d9%83%d8%a7%d9%86\\\/#primaryimage\",\"url\":\"https:\\\/\\\/beldify.shop\\\/wp-content\\\/uploads\\\/2020\\\/12\\\/Huile-Dargan-scaled.jpg\",\"contentUrl\":\"https:\\\/\\\/beldify.shop\\\/wp-content\\\/uploads\\\/2020\\\/12\\\/Huile-Dargan-scaled.jpg\",\"width\":2560,\"height\":2325},{\"@type\":\"BreadcrumbList\",\"@id\":\"https:\\\/\\\/beldify.shop\\\/produit\\\/30ml-huile-dargan-%d8%b2%d9%8a%d8%aa-%d8%a3%d8%b1%d9%83%d8%a7%d9%86\\\/#breadcrumb\",\"itemListElement\":[{\"@type\":\"ListItem\",\"position\":1,\"name\":\"Accueil\",\"item\":\"https:\\\/\\\/beldify.shop\\\/\"},{\"@type\":\"ListItem\",\"position\":2,\"name\":\"Boutique\",\"item\":\"https:\\\/\\\/beldify.shop\\\/boutique\\\/\"},{\"@type\":\"ListItem\",\"position\":3,\"name\":\"30ml Huile D\u2019argan \u0632\u064a\u062a \u0623\u0631\u0643\u0627\u0646\"}]},{\"@type\":\"WebSite\",\"@id\":\"https:\\\/\\\/beldify.shop\\\/#website\",\"url\":\"https:\\\/\\\/beldify.shop\\\/\",\"name\":\"Beldify.shop - Organic Life Style\",\"description\":\"Moroccan Natural Products\",\"potentialAction\":[{\"@type\":\"SearchAction\",\"target\":{\"@type\":\"EntryPoint\",\"urlTemplate\":\"https:\\\/\\\/beldify.shop\\\/?s={search_term_string}\"},\"query-input\":{\"@type\":\"PropertyValueSpecification\",\"valueRequired\":true,\"valueName\":\"search_term_string\"}}],\"inLanguage\":\"es\"}]}<\/script>\n<!-- \/ Yoast SEO plugin. -->","yoast_head_json":{"title":"30ml Huile D\u2019argan \u0632\u064a\u062a \u0623\u0631\u0643\u0627\u0646 - Beldify.shop - Organic Life Style","robots":{"index":"index","follow":"follow","max-snippet":"max-snippet:-1","max-image-preview":"max-image-preview:large","max-video-preview":"max-video-preview:-1"},"canonical":"https:\/\/beldify.shop\/es\/producto\/30ml-huile-dargan-\u0632\u064a\u062a-\u0623\u0631\u0643\u0627\u0646\/","og_locale":"es_MX","og_type":"article","og_title":"30ml Huile D\u2019argan \u0632\u064a\u062a \u0623\u0631\u0643\u0627\u0646 - Beldify.shop - Organic Life Style","og_url":"https:\/\/beldify.shop\/es\/producto\/30ml-huile-dargan-\u0632\u064a\u062a-\u0623\u0631\u0643\u0627\u0646\/","og_site_name":"Beldify.shop - Organic Life Style","article_publisher":"https:\/\/www.facebook.com\/beldify.shop","article_modified_time":"2026-01-13T22:47:01+00:00","og_image":[{"width":2560,"height":2325,"url":"https:\/\/beldify.shop\/wp-content\/uploads\/2020\/12\/Huile-Dargan-scaled.jpg","type":"image\/jpeg"}],"twitter_card":"summary_large_image","twitter_misc":{"Tiempo de lectura":"1 minuto"},"schema":{"@context":"https:\/\/schema.org","@graph":[{"@type":"WebPage","@id":"https:\/\/beldify.shop\/produit\/30ml-huile-dargan-%d8%b2%d9%8a%d8%aa-%d8%a3%d8%b1%d9%83%d8%a7%d9%86\/","url":"https:\/\/beldify.shop\/produit\/30ml-huile-dargan-%d8%b2%d9%8a%d8%aa-%d8%a3%d8%b1%d9%83%d8%a7%d9%86\/","name":"30ml Huile D\u2019argan \u0632\u064a\u062a \u0623\u0631\u0643\u0627\u0646 - Beldify.shop - Organic Life Style","isPartOf":{"@id":"https:\/\/beldify.shop\/#website"},"primaryImageOfPage":{"@id":"https:\/\/beldify.shop\/produit\/30ml-huile-dargan-%d8%b2%d9%8a%d8%aa-%d8%a3%d8%b1%d9%83%d8%a7%d9%86\/#primaryimage"},"image":{"@id":"https:\/\/beldify.shop\/produit\/30ml-huile-dargan-%d8%b2%d9%8a%d8%aa-%d8%a3%d8%b1%d9%83%d8%a7%d9%86\/#primaryimage"},"thumbnailUrl":"https:\/\/beldify.shop\/wp-content\/uploads\/2020\/12\/Huile-Dargan-scaled.jpg","datePublished":"2020-12-31T14:46:46+00:00","dateModified":"2026-01-13T22:47:01+00:00","breadcrumb":{"@id":"https:\/\/beldify.shop\/produit\/30ml-huile-dargan-%d8%b2%d9%8a%d8%aa-%d8%a3%d8%b1%d9%83%d8%a7%d9%86\/#breadcrumb"},"inLanguage":"es","potentialAction":[{"@type":"ReadAction","target":["https:\/\/beldify.shop\/produit\/30ml-huile-dargan-%d8%b2%d9%8a%d8%aa-%d8%a3%d8%b1%d9%83%d8%a7%d9%86\/"]}]},{"@type":"ImageObject","inLanguage":"es","@id":"https:\/\/beldify.shop\/produit\/30ml-huile-dargan-%d8%b2%d9%8a%d8%aa-%d8%a3%d8%b1%d9%83%d8%a7%d9%86\/#primaryimage","url":"https:\/\/beldify.shop\/wp-content\/uploads\/2020\/12\/Huile-Dargan-scaled.jpg","contentUrl":"https:\/\/beldify.shop\/wp-content\/uploads\/2020\/12\/Huile-Dargan-scaled.jpg","width":2560,"height":2325},{"@type":"BreadcrumbList","@id":"https:\/\/beldify.shop\/produit\/30ml-huile-dargan-%d8%b2%d9%8a%d8%aa-%d8%a3%d8%b1%d9%83%d8%a7%d9%86\/#breadcrumb","itemListElement":[{"@type":"ListItem","position":1,"name":"Accueil","item":"https:\/\/beldify.shop\/"},{"@type":"ListItem","position":2,"name":"Boutique","item":"https:\/\/beldify.shop\/boutique\/"},{"@type":"ListItem","position":3,"name":"30ml Huile D\u2019argan \u0632\u064a\u062a \u0623\u0631\u0643\u0627\u0646"}]},{"@type":"WebSite","@id":"https:\/\/beldify.shop\/#website","url":"https:\/\/beldify.shop\/","name":"Beldify.shop - Organic Life Style","description":"Moroccan Natural Products","potentialAction":[{"@type":"SearchAction","target":{"@type":"EntryPoint","urlTemplate":"https:\/\/beldify.shop\/?s={search_term_string}"},"query-input":{"@type":"PropertyValueSpecification","valueRequired":true,"valueName":"search_term_string"}}],"inLanguage":"es"}]}},"jetpack_publicize_connections":[],"jetpack_likes_enabled":true,"jetpack_sharing_enabled":true,"jetpack-related-posts":[],"_links":{"self":[{"href":"https:\/\/beldify.shop\/es\/wp-json\/wp\/v2\/product\/3451","targetHints":{"allow":["GET"]}}],"collection":[{"href":"https:\/\/beldify.shop\/es\/wp-json\/wp\/v2\/product"}],"about":[{"href":"https:\/\/beldify.shop\/es\/wp-json\/wp\/v2\/types\/product"}],"replies":[{"embeddable":true,"href":"https:\/\/beldify.shop\/es\/wp-json\/wp\/v2\/comments?post=3451"}],"wp:featuredmedia":[{"embeddable":true,"href":"https:\/\/beldify.shop\/es\/wp-json\/wp\/v2\/media\/3841"}],"wp:attachment":[{"href":"https:\/\/beldify.shop\/es\/wp-json\/wp\/v2\/media?parent=3451"}],"wp:term":[{"taxonomy":"product_brand","embeddable":true,"href":"https:\/\/beldify.shop\/es\/wp-json\/wp\/v2\/product_brand?post=3451"},{"taxonomy":"product_cat","embeddable":true,"href":"https:\/\/beldify.shop\/es\/wp-json\/wp\/v2\/product_cat?post=3451"},{"taxonomy":"product_tag","embeddable":true,"href":"https:\/\/beldify.shop\/es\/wp-json\/wp\/v2\/product_tag?post=3451"}],"curies":[{"name":"wp","href":"https:\/\/api.w.org\/{rel}","templated":true}]}}