{"id":3097,"date":"2020-11-25T16:10:17","date_gmt":"2020-11-25T16:10:17","guid":{"rendered":"https:\/\/beldify.shop?post_type=product&#038;p=3097"},"modified":"2026-01-13T22:47:05","modified_gmt":"2026-01-13T22:47:05","slug":"100g-sanad-epices-viande-%d8%a8%d9%87%d8%a7%d8%b1%d8%a7%d8%aa-%d8%a7%d9%84%d9%84%d8%ad%d9%85","status":"publish","type":"product","link":"https:\/\/beldify.shop\/es\/producto\/100g-sanad-epices-viande-%d8%a8%d9%87%d8%a7%d8%b1%d8%a7%d8%aa-%d8%a7%d9%84%d9%84%d8%ad%d9%85\/","title":{"rendered":"\u00ab\u00a0100g\u00a0\u00bb Sanad \u00c9pices viande \u0628\u0647\u0627\u0631\u0627\u062a \u0627\u0644\u0644\u062d\u0645"},"content":{"rendered":"<div class=\"wpb-content-wrapper\"><div data-vc-full-width=\"true\" data-vc-full-width-temp=\"true\" data-vc-full-width-init=\"false\" class=\"vc_row wpb_row vc_row-fluid vc_custom_1490278559844 vc_row-has-fill vc_row-o-content-top vc_row-flex\"><div class=\"wpb_column vc_column_container vc_col-sm-4\"><div class=\"vc_column-inner vc_custom_1490276860346\"><div class=\"wpb_wrapper\">\t\t<div id=\"gallery_101\" class=\"wd-images-gallery wd-wpb photoswipe-images\" style=\"--wd-justify-content:center;--wd-align-items:center;\">\n\t\t\t\n\t\t\t<div class=\"wd-grid-g\" style=\"--wd-col-lg:1;--wd-col-md:1;--wd-col-sm:1;--wd-gap-lg:0px;\">\n\t\t\t\t\n\t\t\t\t\t\t\t\t\t\t\t\t\t\t\t<div class=\"wd-gallery-item wd-col\">\n\t\t\t\t\t\t\t\t\t\t\t\t\t\t<a href=\"https:\/\/beldify.shop\/wp-content\/uploads\/2017\/06\/epices-tajine.jpg\" data-elementor-open-lightbox=\"no\" data-index=\"1\" data-width=\"470\" data-height=\"538\" \n\t\t\t\t\t\t\t\t\t\t\t\t >\n\t\t\t\t\t\t\t\t\n\t\t\t\t\t\t\t\t<img loading=\"lazy\" decoding=\"async\" width=\"393\" height=\"450\" src=\"https:\/\/beldify.shop\/wp-content\/uploads\/2017\/06\/epices-tajine.jpg\" class=\"wd-gallery-image image-1\" alt=\"\" srcset=\"https:\/\/beldify.shop\/wp-content\/uploads\/2017\/06\/epices-tajine.jpg 470w, https:\/\/beldify.shop\/wp-content\/uploads\/2017\/06\/epices-tajine-150x172.jpg 150w, https:\/\/beldify.shop\/wp-content\/uploads\/2017\/06\/epices-tajine-262x300.jpg 262w, https:\/\/beldify.shop\/wp-content\/uploads\/2017\/06\/epices-tajine-350x401.jpg 350w\" sizes=\"auto, (max-width: 393px) 100vw, 393px\" \/>\n\t\t\t\t\t\t\t\t\t\t\t\t\t\t\t<\/a>\n\t\t\t\t\t\t\t\t\t\t\t\t<\/div>\n\t\t\t\t\t\t\t\t\t\n\t\t\t\t\t\t\t<\/div>\n\n\t\t\t\t\t<\/div>\n\t\t<\/div><\/div><\/div><div class=\"wpb_column vc_column_container vc_col-sm-4\"><div class=\"vc_column-inner vc_custom_1490276808780\"><div class=\"wpb_wrapper\">\n\t\t<div id=\"wd-5eefaa4f25b28\" class=\"title-wrapper wd-wpb wd-set-mb reset-last-child  wd-rs-5eefaa4f25b28 wd-title-color-primary wd-title-style-underlined text-left vc_custom_1592765017747 wd-underline-colored\">\n\t\t\t\n\t\t\t<div class=\"liner-continer\">\n\t\t\t\t<h4 class=\"woodmart-title-container title  wd-font-weight-700 wd-fontsize-l\" >Origine des \u00e9pices tajine<\/h4>\n\t\t\t\t\t\t\t<\/div>\n\t\t\t\n\t\t\t\n\t\t\t\n\t\t<\/div>\n\t\t\n\t\t\n\t<div class=\"wpb_text_column wpb_content_element vc_custom_1592765002491\" >\n\t\t<div class=\"wpb_wrapper\">\n\t\t\t<h2><\/h2>\n<p>Les \u00e9pices tajine viennent du Maghreb. Fortement utilis\u00e9es dans la cuisine orientale, les \u00e9pices pour tajine se sont cependant r\u00e9cemment invit\u00e9es sur les tables europ\u00e9ennes dont celles de la France. Si ce nom indique avant tout un plat principal traditionnel du Maroc, le m\u00e9lange d&rsquo;\u00e9pices est indispensable \u00e0 la r\u00e9alisation de ce plat.<\/p>\n\n\t\t<\/div>\n\t<\/div>\n<\/div><\/div><\/div><div class=\"wpb_column vc_column_container vc_col-sm-4\"><div class=\"vc_column-inner vc_custom_1490276804851\"><div class=\"wpb_wrapper\">\n\t<div class=\"wpb_text_column wpb_content_element vc_custom_1592765122440\" >\n\t\t<div class=\"wpb_wrapper\">\n\t\t\t<p>Ce\u00a0<strong>m\u00e9lange d&rsquo;\u00e9pices \u00e0 tajine<\/strong>\u00a0est parfait pour toutes les personnes qui ont peur de mal dos\u00e9 leurs \u00e9pices dans les tajines. Ce m\u00e9lange est complet et savoureux. Pour information, les \u00e9pices tajine sont constitu\u00e9e de curcuma, gingembre, cannelle, macis, oignon, coriandre, poivre blanc, muscade, cardamome, piment doux, girofle. Nous vous conseillons de doser de la mani\u00e8re suivante: 1 cuill\u00e8re \u00e0 caf\u00e9 pour 2 personnes. Vous pouvez ajouter ces \u00e9pices \u00e0 tajines dans vos sauces, dans vos p\u00e2tes ou encore dans des accompagnements divers et vari\u00e9s.<br \/>\nEn grande majorit\u00e9, ce sont les plats orientaux qui utilisent ce m\u00e9lange d&rsquo;\u00e9pices tajine mais vous pouvez l&rsquo;utiliser pour parfumer vos riz et viande. Succ\u00e8s garanti !<\/p>\n\n\t\t<\/div>\n\t<\/div>\n<\/div><\/div><\/div><\/div><div class=\"vc_row-full-width vc_clearfix\"><\/div><div class=\"vc_row wpb_row vc_row-fluid vc_row-o-equal-height vc_row-o-content-top vc_row-flex\"><div class=\"wpb_column vc_column_container vc_col-sm-12 vc_col-md-8 vc_col-xs-12\"><div class=\"vc_column-inner\"><div class=\"wpb_wrapper\">\n\t\t<div id=\"wd-6a0506eda925e\" class=\"title-wrapper wd-wpb wd-set-mb reset-last-child  wd-title-color-primary wd-title-style-underlined text-left vc_custom_1490276171718 wd-underline-colored\">\n\t\t\t\n\t\t\t<div class=\"liner-continer\">\n\t\t\t\t<h4 class=\"woodmart-title-container title  wd-font-weight- wd-fontsize-l\" >PLATEA NEC IPSUM<\/h4>\n\t\t\t\t\t\t\t<\/div>\n\t\t\t\n\t\t\t\n\t\t\t\n\t\t<\/div>\n\t\t\n\t\t\t\t<div id=\"gallery_624\" class=\"wd-images-gallery wd-wpb photoswipe-images\" style=\"--wd-justify-content:center;--wd-align-items:center;\">\n\t\t\t\n\t\t\t<div class=\"wd-grid-g\" style=\"--wd-col-lg:1;--wd-col-md:1;--wd-col-sm:1;--wd-gap-lg:0px;\">\n\t\t\t\t\n\t\t\t\t\t\t\t\t\t\t\t\t\t\t\t<div class=\"wd-gallery-item wd-col\">\n\t\t\t\t\t\t\t\t\t\t\t\t\t\t<a href=\"https:\/\/beldify.shop\/wp-content\/uploads\/2017\/06\/wood-gallery-placeholder-4.jpg\" data-elementor-open-lightbox=\"no\" data-index=\"1\" data-width=\"1200\" data-height=\"1200\" \n\t\t\t\t\t\t\t\t\t\t\t\t >\n\t\t\t\t\t\t\t\t\n\t\t\t\t\t\t\t\t<img loading=\"lazy\" decoding=\"async\" width=\"1200\" height=\"600\" src=\"https:\/\/beldify.shop\/wp-content\/uploads\/2017\/06\/wood-gallery-placeholder-4-1200x600.jpg\" class=\"wd-gallery-image image-1\" alt=\"\" \/>\n\t\t\t\t\t\t\t\t\t\t\t\t\t\t\t<\/a>\n\t\t\t\t\t\t\t\t\t\t\t\t<\/div>\n\t\t\t\t\t\t\t\t\t\n\t\t\t\t\t\t\t<\/div>\n\n\t\t\t\t\t<\/div>\n\t\t<div class=\"vc_empty_space\"   style=\"height: 25px\"><span class=\"vc_empty_space_inner\"><\/span><\/div><div class=\"vc_empty_space\"   style=\"height: 25px\"><span class=\"vc_empty_space_inner\"><\/span><\/div><\/div><\/div><\/div><div class=\"wpb_column vc_column_container vc_col-sm-4 vc_hidden-sm vc_hidden-xs woodmart-sticky-column wd_sticky_offset_150\"><div class=\"vc_column-inner vc_custom_1490276686221\"><div class=\"wpb_wrapper\"><div class=\"vc_tta-container\" data-vc-action=\"collapse\"><div class=\"vc_general vc_tta vc_tta-accordion vc_tta-color-white vc_tta-style-classic vc_tta-shape-square vc_tta-o-shape-group vc_tta-controls-align-default vc_tta-o-no-fill\"><div class=\"vc_tta-panels-container\"><div class=\"vc_tta-panels\"><div class=\"vc_tta-panel vc_active\" id=\"about-company\" data-vc-content=\".vc_tta-panel-body\"><div class=\"vc_tta-panel-heading\"><h4 class=\"vc_tta-panel-title vc_tta-controls-icon-position-right\"><a href=\"#about-company\" data-vc-accordion data-vc-container=\".vc_tta-container\"><span class=\"vc_tta-title-text\">La cooperative :<\/span><i class=\"vc_tta-controls-icon vc_tta-controls-icon-chevron\"><\/i><\/a><\/h4><\/div><div class=\"vc_tta-panel-body\">\n\t<div class=\"wpb_text_column wpb_content_element\" >\n\t\t<div class=\"wpb_wrapper\">\n\t\t\t<p><img loading=\"lazy\" decoding=\"async\" class=\"wd-lazy-fade alignnone wp-image-1516\" src=\"https:\/\/beldify.shop\/wp-content\/themes\/woodmart\/images\/lazy.svg\" data-src=\"https:\/\/beldify.shop\/wp-content\/uploads\/2020\/06\/unnamed-300x151.jpg\" alt=\"\" width=\"107\" height=\"54\" srcset=\"\" data-srcset=\"https:\/\/beldify.shop\/wp-content\/uploads\/2020\/06\/unnamed-300x151.jpg 300w, https:\/\/beldify.shop\/wp-content\/uploads\/2020\/06\/unnamed-150x76.jpg 150w, https:\/\/beldify.shop\/wp-content\/uploads\/2020\/06\/unnamed-350x176.jpg 350w, https:\/\/beldify.shop\/wp-content\/uploads\/2020\/06\/unnamed.jpg 512w\" sizes=\"auto, (max-width: 107px) 100vw, 107px\" \/> <strong>Adrar<\/strong>\u00a0est une coop\u00e9rative digne de ce nom, op\u00e9rante depuis 2001 dans la r\u00e9gion Beni mellal-kh\u00e9nifra, qui compte aujourd\u2019hui plus de 460 membres actifs dans le domaine des produits du terroir ..<\/p>\n\n\t\t<\/div>\n\t<\/div>\n<\/div><\/div><div class=\"vc_tta-panel\" id=\"info\" data-vc-content=\".vc_tta-panel-body\"><div class=\"vc_tta-panel-heading\"><h4 class=\"vc_tta-panel-title vc_tta-controls-icon-position-right\"><a href=\"#info\" data-vc-accordion data-vc-container=\".vc_tta-container\"><span class=\"vc_tta-title-text\">INFO:<\/span><i class=\"vc_tta-controls-icon vc_tta-controls-icon-chevron\"><\/i><\/a><\/h4><\/div><div class=\"vc_tta-panel-body\">\n\t<div class=\"wpb_text_column wpb_content_element vc_custom_1490272132809\" >\n\t\t<div class=\"wpb_wrapper\">\n\t\t\t<p>Ligula a condimentum cubilia consectetur parturient conubia elit a orci consectetur risus conubia tincidunt potenti a litora.<\/p>\n\n\t\t<\/div>\n\t<\/div>\n\n\t<div class=\"wpb_text_column wpb_content_element\" >\n\t\t<div class=\"wpb_wrapper\">\n\t\t\t<ul class=\"unordered-list\">\n<li>Lorem ipsum dolor sit amet.<\/li>\n<li>Aliquam tincidunt mauris eu risus.<\/li>\n<li>Vestibulum auctor dapibus neque.<\/li>\n<li>Nunc dignissim risus id metus.<\/li>\n<li>Cras ornare tristique elit.<\/li>\n<li>Vivamus vestibulum nulla nec ante.<\/li>\n<li>Praesent placerat risus quis eros.<\/li>\n<li>Fusce pellentesque suscipit nibh.<\/li>\n<\/ul>\n\n\t\t<\/div>\n\t<\/div>\n<\/div><\/div><div class=\"vc_tta-panel\" id=\"address\" data-vc-content=\".vc_tta-panel-body\"><div class=\"vc_tta-panel-heading\"><h4 class=\"vc_tta-panel-title vc_tta-controls-icon-position-right\"><a href=\"#address\" data-vc-accordion data-vc-container=\".vc_tta-container\"><span class=\"vc_tta-title-text\">ADDRESS:<\/span><i class=\"vc_tta-controls-icon vc_tta-controls-icon-chevron\"><\/i><\/a><\/h4><\/div><div class=\"vc_tta-panel-body\">\n\t<div class=\"wpb_text_column wpb_content_element\" >\n\t\t<div class=\"wpb_wrapper\">\n\t\t\t<p>Cooperative Adrar<br \/>\nlksiba , BMK 23000<\/p>\n\n\t\t<\/div>\n\t<\/div>\n<\/div><\/div><\/div><\/div><\/div><\/div><\/div><\/div><\/div><\/div><div data-vc-full-width=\"true\" data-vc-full-width-temp=\"true\" data-vc-full-width-init=\"false\" data-vc-stretch-content=\"true\" class=\"vc_row wpb_row vc_row-fluid vc_custom_1490619327616 vc_row-no-padding\"><div class=\"wpb_column vc_column_container vc_col-sm-12\"><div class=\"vc_column-inner\"><div class=\"wpb_wrapper\">\t\t<div id=\"gallery_666\" class=\"wd-images-gallery wd-wpb photoswipe-images wd-carousel-container wd-wpb\" style=\"--wd-justify-content:center;--wd-align-items:center;\">\n\t\t\t\t\t\t\t<div class=\"wd-carousel-inner\">\n\t\t\t\n\t\t\t<div class=\"wd-carousel wd-grid\"data-scroll_per_page=\"yes\" style=\"--wd-col-lg:5;--wd-col-md:4;--wd-col-sm:2;--wd-gap-lg:0px;\">\n\t\t\t\t\t\t\t\t\t<div class=\"wd-carousel-wrap\">\n\t\t\t\t\n\t\t\t\t\t\t\t\t\t\t\t\t\t\t\t<div class=\"wd-gallery-item wd-carousel-item\">\n\t\t\t\t\t\t\t\t\t\t\t\t\t\t<a href=\"https:\/\/beldify.shop\/wp-content\/uploads\/2017\/06\/wood-gallery-placeholder-4.jpg\" data-elementor-open-lightbox=\"no\" data-index=\"1\" data-width=\"1200\" data-height=\"1200\" \n\t\t\t\t\t\t\t\t\t\t\t\t >\n\t\t\t\t\t\t\t\t\n\t\t\t\t\t\t\t\t<img loading=\"lazy\" decoding=\"async\" width=\"400\" height=\"400\" src=\"https:\/\/beldify.shop\/wp-content\/uploads\/2017\/06\/wood-gallery-placeholder-4-400x400.jpg\" class=\"wd-gallery-image image-1\" alt=\"\" \/>\n\t\t\t\t\t\t\t\t\t\t\t\t\t\t\t<\/a>\n\t\t\t\t\t\t\t\t\t\t\t\t<\/div>\n\t\t\t\t\t\t\t\t\t\t\t<div class=\"wd-gallery-item wd-carousel-item\">\n\t\t\t\t\t\t\t\t\t\t\t\t\t\t<a href=\"https:\/\/beldify.shop\/wp-content\/uploads\/2017\/06\/wood-gallery-placeholder-3.jpg\" data-elementor-open-lightbox=\"no\" data-index=\"2\" data-width=\"1200\" data-height=\"1200\" \n\t\t\t\t\t\t\t\t\t\t\t\t >\n\t\t\t\t\t\t\t\t\n\t\t\t\t\t\t\t\t<img loading=\"lazy\" decoding=\"async\" width=\"400\" height=\"400\" src=\"https:\/\/beldify.shop\/wp-content\/uploads\/2017\/06\/wood-gallery-placeholder-3-400x400.jpg\" class=\"wd-gallery-image image-2\" alt=\"\" \/>\n\t\t\t\t\t\t\t\t\t\t\t\t\t\t\t<\/a>\n\t\t\t\t\t\t\t\t\t\t\t\t<\/div>\n\t\t\t\t\t\t\t\t\t\t\t<div class=\"wd-gallery-item wd-carousel-item\">\n\t\t\t\t\t\t\t\t\t\t\t\t\t\t<a href=\"https:\/\/beldify.shop\/wp-content\/uploads\/2017\/06\/wood-gallery-placeholder-2.jpg\" data-elementor-open-lightbox=\"no\" data-index=\"3\" data-width=\"1200\" data-height=\"1200\" \n\t\t\t\t\t\t\t\t\t\t\t\t >\n\t\t\t\t\t\t\t\t\n\t\t\t\t\t\t\t\t<img loading=\"lazy\" decoding=\"async\" width=\"400\" height=\"400\" src=\"https:\/\/beldify.shop\/wp-content\/uploads\/2017\/06\/wood-gallery-placeholder-2-400x400.jpg\" class=\"wd-gallery-image image-3\" alt=\"\" \/>\n\t\t\t\t\t\t\t\t\t\t\t\t\t\t\t<\/a>\n\t\t\t\t\t\t\t\t\t\t\t\t<\/div>\n\t\t\t\t\t\t\t\t\t\t\t<div class=\"wd-gallery-item wd-carousel-item\">\n\t\t\t\t\t\t\t\t\t\t\t\t\t\t<a href=\"https:\/\/beldify.shop\/wp-content\/uploads\/2017\/06\/wood-gallery-placeholder.jpg\" data-elementor-open-lightbox=\"no\" data-index=\"4\" data-width=\"1200\" data-height=\"1200\" \n\t\t\t\t\t\t\t\t\t\t\t\t >\n\t\t\t\t\t\t\t\t\n\t\t\t\t\t\t\t\t<img loading=\"lazy\" decoding=\"async\" width=\"400\" height=\"400\" src=\"https:\/\/beldify.shop\/wp-content\/uploads\/2017\/06\/wood-gallery-placeholder-400x400.jpg\" class=\"wd-gallery-image image-4\" alt=\"\" \/>\n\t\t\t\t\t\t\t\t\t\t\t\t\t\t\t<\/a>\n\t\t\t\t\t\t\t\t\t\t\t\t<\/div>\n\t\t\t\t\t\t\t\t\t\t\t<div class=\"wd-gallery-item wd-carousel-item\">\n\t\t\t\t\t\t\t\t\t\t\t\t\t\t<a href=\"https:\/\/beldify.shop\/wp-content\/uploads\/2017\/06\/wood-gallery-placeholder-5.jpg\" data-elementor-open-lightbox=\"no\" data-index=\"5\" data-width=\"1200\" data-height=\"1200\" \n\t\t\t\t\t\t\t\t\t\t\t\t >\n\t\t\t\t\t\t\t\t\n\t\t\t\t\t\t\t\t<img loading=\"lazy\" decoding=\"async\" width=\"400\" height=\"400\" src=\"https:\/\/beldify.shop\/wp-content\/uploads\/2017\/06\/wood-gallery-placeholder-5-400x400.jpg\" class=\"wd-gallery-image image-5\" alt=\"\" \/>\n\t\t\t\t\t\t\t\t\t\t\t\t\t\t\t<\/a>\n\t\t\t\t\t\t\t\t\t\t\t\t<\/div>\n\t\t\t\t\t\t\t\t\t\t\t<div class=\"wd-gallery-item wd-carousel-item\">\n\t\t\t\t\t\t\t\t\t\t\t\t\t\t<a href=\"https:\/\/beldify.shop\/wp-content\/uploads\/2017\/06\/wood-portfolio-placeholder.jpg\" data-elementor-open-lightbox=\"no\" data-index=\"6\" data-width=\"1200\" data-height=\"1200\" \n\t\t\t\t\t\t\t\t\t\t\t\t >\n\t\t\t\t\t\t\t\t\n\t\t\t\t\t\t\t\t<img loading=\"lazy\" decoding=\"async\" width=\"400\" height=\"400\" src=\"https:\/\/beldify.shop\/wp-content\/uploads\/2017\/06\/wood-portfolio-placeholder-400x400.jpg\" class=\"wd-gallery-image image-6\" alt=\"\" \/>\n\t\t\t\t\t\t\t\t\t\t\t\t\t\t\t<\/a>\n\t\t\t\t\t\t\t\t\t\t\t\t<\/div>\n\t\t\t\t\t\t\t\t\t\n\t\t\t\t\t\t\t\t\t<\/div>\n\t\t\t\t\t\t\t<\/div>\n\n\t\t\t\t\t\t\t\n\t\t\t\t<\/div>\n\n\t\t\t\t\t\t\t\t\t\t\t\t\t<\/div>\n\t\t<div class=\"vc_empty_space vc_hidden-lg\"   style=\"height: 70px\"><span class=\"vc_empty_space_inner\"><\/span><\/div><\/div><\/div><\/div><\/div><div class=\"vc_row-full-width vc_clearfix\"><\/div>\n<\/div>","protected":false},"excerpt":{"rendered":"<p>Es una mezcla de especias, preparaci\u00f3n especial para carne.<\/p>\n<p style=\"text-align: right;\">La mejor manera de conseguir una buena comida<\/p>","protected":false},"featured_media":3098,"comment_status":"open","ping_status":"closed","template":"","meta":{"_angie_page":false,"inline_featured_image":false,"jetpack_publicize_message":"","jetpack_publicize_feature_enabled":true,"jetpack_social_post_already_shared":false,"jetpack_social_options":{"image_generator_settings":{"template":"highway","default_image_id":0,"font":"","enabled":false},"version":2}},"product_brand":[],"product_cat":[40],"product_tag":[122,108,123],"class_list":{"0":"post-3097","1":"product","2":"type-product","3":"status-publish","4":"has-post-thumbnail","6":"product_cat-epices","7":"product_tag-khemissa-sanad","8":"product_tag-108","9":"product_tag-123","11":"first","12":"instock","13":"sale","14":"shipping-taxable","15":"purchasable","16":"product-type-simple"},"yoast_head":"<!-- This site is optimized with the Yoast SEO plugin v27.5 - https:\/\/yoast.com\/product\/yoast-seo-wordpress\/ -->\n<title>&quot;100g&quot; Sanad \u00c9pices viande \u0628\u0647\u0627\u0631\u0627\u062a \u0627\u0644\u0644\u062d\u0645 - Beldify.shop - Organic Life Style<\/title>\n<meta name=\"robots\" content=\"index, follow, max-snippet:-1, max-image-preview:large, max-video-preview:-1\" \/>\n<link rel=\"canonical\" href=\"https:\/\/beldify.shop\/es\/producto\/100g-sanad-epices-viande-\u0628\u0647\u0627\u0631\u0627\u062a-\u0627\u0644\u0644\u062d\u0645\/\" \/>\n<meta property=\"og:locale\" content=\"es_MX\" \/>\n<meta property=\"og:type\" content=\"article\" \/>\n<meta property=\"og:title\" content=\"&quot;100g&quot; Sanad \u00c9pices viande \u0628\u0647\u0627\u0631\u0627\u062a \u0627\u0644\u0644\u062d\u0645 - Beldify.shop - Organic Life Style\" \/>\n<meta property=\"og:description\" content=\"est un m\u00e9lange d\u2019\u00e9pices, pr\u00e9paration sp\u00e9ciale pour la viande. \u062e\u0644\u064a\u0637 \u0645\u0646 \u0627\u0644\u0628\u0647\u0627\u0631\u0627\u062a \u0627\u0644\u0645\u062d\u0636\u0631\u0629 \u062e\u0627\u0635\u0629 \u0644\u0644\u062d\u0648\u0645\" \/>\n<meta property=\"og:url\" content=\"https:\/\/beldify.shop\/es\/producto\/100g-sanad-epices-viande-\u0628\u0647\u0627\u0631\u0627\u062a-\u0627\u0644\u0644\u062d\u0645\/\" \/>\n<meta property=\"og:site_name\" content=\"Beldify.shop - Organic Life Style\" \/>\n<meta property=\"article:publisher\" content=\"https:\/\/www.facebook.com\/beldify.shop\" \/>\n<meta property=\"article:modified_time\" content=\"2026-01-13T22:47:05+00:00\" \/>\n<meta property=\"og:image\" content=\"https:\/\/beldify.shop\/wp-content\/uploads\/2020\/11\/epice-de-viande-1.jpg\" \/>\n\t<meta property=\"og:image:width\" content=\"915\" \/>\n\t<meta property=\"og:image:height\" content=\"1280\" \/>\n\t<meta property=\"og:image:type\" content=\"image\/jpeg\" \/>\n<meta name=\"twitter:card\" content=\"summary_large_image\" \/>\n<meta name=\"twitter:label1\" content=\"Tiempo de lectura\" \/>\n\t<meta name=\"twitter:data1\" content=\"3 minutos\" \/>\n<script type=\"application\/ld+json\" class=\"yoast-schema-graph\">{\"@context\":\"https:\\\/\\\/schema.org\",\"@graph\":[{\"@type\":\"WebPage\",\"@id\":\"https:\\\/\\\/beldify.shop\\\/produit\\\/100g-sanad-epices-viande-%d8%a8%d9%87%d8%a7%d8%b1%d8%a7%d8%aa-%d8%a7%d9%84%d9%84%d8%ad%d9%85\\\/\",\"url\":\"https:\\\/\\\/beldify.shop\\\/produit\\\/100g-sanad-epices-viande-%d8%a8%d9%87%d8%a7%d8%b1%d8%a7%d8%aa-%d8%a7%d9%84%d9%84%d8%ad%d9%85\\\/\",\"name\":\"\\\"100g\\\" Sanad \u00c9pices viande \u0628\u0647\u0627\u0631\u0627\u062a \u0627\u0644\u0644\u062d\u0645 - Beldify.shop - Organic Life Style\",\"isPartOf\":{\"@id\":\"https:\\\/\\\/beldify.shop\\\/#website\"},\"primaryImageOfPage\":{\"@id\":\"https:\\\/\\\/beldify.shop\\\/produit\\\/100g-sanad-epices-viande-%d8%a8%d9%87%d8%a7%d8%b1%d8%a7%d8%aa-%d8%a7%d9%84%d9%84%d8%ad%d9%85\\\/#primaryimage\"},\"image\":{\"@id\":\"https:\\\/\\\/beldify.shop\\\/produit\\\/100g-sanad-epices-viande-%d8%a8%d9%87%d8%a7%d8%b1%d8%a7%d8%aa-%d8%a7%d9%84%d9%84%d8%ad%d9%85\\\/#primaryimage\"},\"thumbnailUrl\":\"https:\\\/\\\/beldify.shop\\\/wp-content\\\/uploads\\\/2020\\\/11\\\/epice-de-viande-1.jpg\",\"datePublished\":\"2020-11-25T16:10:17+00:00\",\"dateModified\":\"2026-01-13T22:47:05+00:00\",\"breadcrumb\":{\"@id\":\"https:\\\/\\\/beldify.shop\\\/produit\\\/100g-sanad-epices-viande-%d8%a8%d9%87%d8%a7%d8%b1%d8%a7%d8%aa-%d8%a7%d9%84%d9%84%d8%ad%d9%85\\\/#breadcrumb\"},\"inLanguage\":\"es\",\"potentialAction\":[{\"@type\":\"ReadAction\",\"target\":[\"https:\\\/\\\/beldify.shop\\\/produit\\\/100g-sanad-epices-viande-%d8%a8%d9%87%d8%a7%d8%b1%d8%a7%d8%aa-%d8%a7%d9%84%d9%84%d8%ad%d9%85\\\/\"]}]},{\"@type\":\"ImageObject\",\"inLanguage\":\"es\",\"@id\":\"https:\\\/\\\/beldify.shop\\\/produit\\\/100g-sanad-epices-viande-%d8%a8%d9%87%d8%a7%d8%b1%d8%a7%d8%aa-%d8%a7%d9%84%d9%84%d8%ad%d9%85\\\/#primaryimage\",\"url\":\"https:\\\/\\\/beldify.shop\\\/wp-content\\\/uploads\\\/2020\\\/11\\\/epice-de-viande-1.jpg\",\"contentUrl\":\"https:\\\/\\\/beldify.shop\\\/wp-content\\\/uploads\\\/2020\\\/11\\\/epice-de-viande-1.jpg\",\"width\":915,\"height\":1280},{\"@type\":\"BreadcrumbList\",\"@id\":\"https:\\\/\\\/beldify.shop\\\/produit\\\/100g-sanad-epices-viande-%d8%a8%d9%87%d8%a7%d8%b1%d8%a7%d8%aa-%d8%a7%d9%84%d9%84%d8%ad%d9%85\\\/#breadcrumb\",\"itemListElement\":[{\"@type\":\"ListItem\",\"position\":1,\"name\":\"Accueil\",\"item\":\"https:\\\/\\\/beldify.shop\\\/\"},{\"@type\":\"ListItem\",\"position\":2,\"name\":\"Boutique\",\"item\":\"https:\\\/\\\/beldify.shop\\\/boutique\\\/\"},{\"@type\":\"ListItem\",\"position\":3,\"name\":\"\u00ab\u00a0100g\u00a0\u00bb Sanad \u00c9pices viande \u0628\u0647\u0627\u0631\u0627\u062a \u0627\u0644\u0644\u062d\u0645\"}]},{\"@type\":\"WebSite\",\"@id\":\"https:\\\/\\\/beldify.shop\\\/#website\",\"url\":\"https:\\\/\\\/beldify.shop\\\/\",\"name\":\"Beldify.shop - Organic Life Style\",\"description\":\"Moroccan Natural Products\",\"potentialAction\":[{\"@type\":\"SearchAction\",\"target\":{\"@type\":\"EntryPoint\",\"urlTemplate\":\"https:\\\/\\\/beldify.shop\\\/?s={search_term_string}\"},\"query-input\":{\"@type\":\"PropertyValueSpecification\",\"valueRequired\":true,\"valueName\":\"search_term_string\"}}],\"inLanguage\":\"es\"}]}<\/script>\n<!-- \/ Yoast SEO plugin. -->","yoast_head_json":{"title":"\"100g\" Sanad \u00c9pices viande \u0628\u0647\u0627\u0631\u0627\u062a \u0627\u0644\u0644\u062d\u0645 - Beldify.shop - Organic Life Style","robots":{"index":"index","follow":"follow","max-snippet":"max-snippet:-1","max-image-preview":"max-image-preview:large","max-video-preview":"max-video-preview:-1"},"canonical":"https:\/\/beldify.shop\/es\/producto\/100g-sanad-epices-viande-\u0628\u0647\u0627\u0631\u0627\u062a-\u0627\u0644\u0644\u062d\u0645\/","og_locale":"es_MX","og_type":"article","og_title":"\"100g\" Sanad \u00c9pices viande \u0628\u0647\u0627\u0631\u0627\u062a \u0627\u0644\u0644\u062d\u0645 - Beldify.shop - Organic Life Style","og_description":"est un m\u00e9lange d\u2019\u00e9pices, pr\u00e9paration sp\u00e9ciale pour la viande. \u062e\u0644\u064a\u0637 \u0645\u0646 \u0627\u0644\u0628\u0647\u0627\u0631\u0627\u062a \u0627\u0644\u0645\u062d\u0636\u0631\u0629 \u062e\u0627\u0635\u0629 \u0644\u0644\u062d\u0648\u0645","og_url":"https:\/\/beldify.shop\/es\/producto\/100g-sanad-epices-viande-\u0628\u0647\u0627\u0631\u0627\u062a-\u0627\u0644\u0644\u062d\u0645\/","og_site_name":"Beldify.shop - Organic Life Style","article_publisher":"https:\/\/www.facebook.com\/beldify.shop","article_modified_time":"2026-01-13T22:47:05+00:00","og_image":[{"width":915,"height":1280,"url":"https:\/\/beldify.shop\/wp-content\/uploads\/2020\/11\/epice-de-viande-1.jpg","type":"image\/jpeg"}],"twitter_card":"summary_large_image","twitter_misc":{"Tiempo de lectura":"3 minutos"},"schema":{"@context":"https:\/\/schema.org","@graph":[{"@type":"WebPage","@id":"https:\/\/beldify.shop\/produit\/100g-sanad-epices-viande-%d8%a8%d9%87%d8%a7%d8%b1%d8%a7%d8%aa-%d8%a7%d9%84%d9%84%d8%ad%d9%85\/","url":"https:\/\/beldify.shop\/produit\/100g-sanad-epices-viande-%d8%a8%d9%87%d8%a7%d8%b1%d8%a7%d8%aa-%d8%a7%d9%84%d9%84%d8%ad%d9%85\/","name":"\"100g\" Sanad \u00c9pices viande \u0628\u0647\u0627\u0631\u0627\u062a \u0627\u0644\u0644\u062d\u0645 - Beldify.shop - Organic Life Style","isPartOf":{"@id":"https:\/\/beldify.shop\/#website"},"primaryImageOfPage":{"@id":"https:\/\/beldify.shop\/produit\/100g-sanad-epices-viande-%d8%a8%d9%87%d8%a7%d8%b1%d8%a7%d8%aa-%d8%a7%d9%84%d9%84%d8%ad%d9%85\/#primaryimage"},"image":{"@id":"https:\/\/beldify.shop\/produit\/100g-sanad-epices-viande-%d8%a8%d9%87%d8%a7%d8%b1%d8%a7%d8%aa-%d8%a7%d9%84%d9%84%d8%ad%d9%85\/#primaryimage"},"thumbnailUrl":"https:\/\/beldify.shop\/wp-content\/uploads\/2020\/11\/epice-de-viande-1.jpg","datePublished":"2020-11-25T16:10:17+00:00","dateModified":"2026-01-13T22:47:05+00:00","breadcrumb":{"@id":"https:\/\/beldify.shop\/produit\/100g-sanad-epices-viande-%d8%a8%d9%87%d8%a7%d8%b1%d8%a7%d8%aa-%d8%a7%d9%84%d9%84%d8%ad%d9%85\/#breadcrumb"},"inLanguage":"es","potentialAction":[{"@type":"ReadAction","target":["https:\/\/beldify.shop\/produit\/100g-sanad-epices-viande-%d8%a8%d9%87%d8%a7%d8%b1%d8%a7%d8%aa-%d8%a7%d9%84%d9%84%d8%ad%d9%85\/"]}]},{"@type":"ImageObject","inLanguage":"es","@id":"https:\/\/beldify.shop\/produit\/100g-sanad-epices-viande-%d8%a8%d9%87%d8%a7%d8%b1%d8%a7%d8%aa-%d8%a7%d9%84%d9%84%d8%ad%d9%85\/#primaryimage","url":"https:\/\/beldify.shop\/wp-content\/uploads\/2020\/11\/epice-de-viande-1.jpg","contentUrl":"https:\/\/beldify.shop\/wp-content\/uploads\/2020\/11\/epice-de-viande-1.jpg","width":915,"height":1280},{"@type":"BreadcrumbList","@id":"https:\/\/beldify.shop\/produit\/100g-sanad-epices-viande-%d8%a8%d9%87%d8%a7%d8%b1%d8%a7%d8%aa-%d8%a7%d9%84%d9%84%d8%ad%d9%85\/#breadcrumb","itemListElement":[{"@type":"ListItem","position":1,"name":"Accueil","item":"https:\/\/beldify.shop\/"},{"@type":"ListItem","position":2,"name":"Boutique","item":"https:\/\/beldify.shop\/boutique\/"},{"@type":"ListItem","position":3,"name":"\u00ab\u00a0100g\u00a0\u00bb Sanad \u00c9pices viande \u0628\u0647\u0627\u0631\u0627\u062a \u0627\u0644\u0644\u062d\u0645"}]},{"@type":"WebSite","@id":"https:\/\/beldify.shop\/#website","url":"https:\/\/beldify.shop\/","name":"Beldify.shop - Organic Life Style","description":"Moroccan Natural Products","potentialAction":[{"@type":"SearchAction","target":{"@type":"EntryPoint","urlTemplate":"https:\/\/beldify.shop\/?s={search_term_string}"},"query-input":{"@type":"PropertyValueSpecification","valueRequired":true,"valueName":"search_term_string"}}],"inLanguage":"es"}]}},"jetpack_publicize_connections":[],"jetpack_likes_enabled":true,"jetpack_sharing_enabled":true,"jetpack-related-posts":[],"_links":{"self":[{"href":"https:\/\/beldify.shop\/es\/wp-json\/wp\/v2\/product\/3097","targetHints":{"allow":["GET"]}}],"collection":[{"href":"https:\/\/beldify.shop\/es\/wp-json\/wp\/v2\/product"}],"about":[{"href":"https:\/\/beldify.shop\/es\/wp-json\/wp\/v2\/types\/product"}],"replies":[{"embeddable":true,"href":"https:\/\/beldify.shop\/es\/wp-json\/wp\/v2\/comments?post=3097"}],"wp:featuredmedia":[{"embeddable":true,"href":"https:\/\/beldify.shop\/es\/wp-json\/wp\/v2\/media\/3098"}],"wp:attachment":[{"href":"https:\/\/beldify.shop\/es\/wp-json\/wp\/v2\/media?parent=3097"}],"wp:term":[{"taxonomy":"product_brand","embeddable":true,"href":"https:\/\/beldify.shop\/es\/wp-json\/wp\/v2\/product_brand?post=3097"},{"taxonomy":"product_cat","embeddable":true,"href":"https:\/\/beldify.shop\/es\/wp-json\/wp\/v2\/product_cat?post=3097"},{"taxonomy":"product_tag","embeddable":true,"href":"https:\/\/beldify.shop\/es\/wp-json\/wp\/v2\/product_tag?post=3097"}],"curies":[{"name":"wp","href":"https:\/\/api.w.org\/{rel}","templated":true}]}}