{"id":3018,"date":"2020-11-20T09:06:17","date_gmt":"2020-11-20T09:06:17","guid":{"rendered":"https:\/\/beldify.shop?post_type=product&#038;p=3018"},"modified":"2026-01-13T22:47:08","modified_gmt":"2026-01-13T22:47:08","slug":"200ggingembre-moulu-%d8%b3%d9%83%d9%86%d8%ac%d8%a8%d9%8a%d8%b1","status":"publish","type":"product","link":"https:\/\/beldify.shop\/es\/producto\/200ggingembre-moulu-%d8%b3%d9%83%d9%86%d8%ac%d8%a8%d9%8a%d8%b1\/","title":{"rendered":"200 g de jengibre molido"},"content":{"rendered":"","protected":false},"excerpt":{"rendered":"<p>El jengibre es una especia muy utilizada en la cocina marroqu\u00ed, su sabor picante y picante es imprescindible en la mayor\u00eda de los platos, les da un aroma intenso y ex\u00f3tico.<\/p>\n<p style=\"text-align: right;\">El Profeta Muhammad, el Profeta Muhammad, es el profeta del Profeta Muhammad, ... Lo mejor y lo peor<\/p>","protected":false},"featured_media":3617,"comment_status":"open","ping_status":"closed","template":"","meta":{"_angie_page":false,"inline_featured_image":false,"jetpack_publicize_message":"","jetpack_publicize_feature_enabled":true,"jetpack_social_post_already_shared":false,"jetpack_social_options":{"image_generator_settings":{"template":"highway","default_image_id":0,"font":"","enabled":false},"version":2}},"product_brand":[],"product_cat":[40],"product_tag":[106,108,141],"class_list":{"0":"post-3018","1":"product","2":"type-product","3":"status-publish","4":"has-post-thumbnail","6":"product_cat-epices","7":"product_tag-cooperative-hajja-fatiha","8":"product_tag-108","9":"product_tag-141","11":"first","12":"instock","13":"shipping-taxable","14":"purchasable","15":"product-type-simple"},"yoast_head":"<!-- This site is optimized with the Yoast SEO plugin v27.5 - https:\/\/yoast.com\/product\/yoast-seo-wordpress\/ -->\n<title>&quot;200g&quot; Gingembre moulu \u0633\u0643\u0646\u062c\u0628\u064a\u0631 - Beldify.shop - Organic Life Style<\/title>\n<meta name=\"robots\" content=\"index, follow, max-snippet:-1, max-image-preview:large, max-video-preview:-1\" \/>\n<link rel=\"canonical\" href=\"https:\/\/beldify.shop\/es\/producto\/200ggingembre-moulu-\u0633\u0643\u0646\u062c\u0628\u064a\u0631\/\" \/>\n<meta property=\"og:locale\" content=\"es_MX\" \/>\n<meta property=\"og:type\" content=\"article\" \/>\n<meta property=\"og:title\" content=\"&quot;200g&quot; Gingembre moulu \u0633\u0643\u0646\u062c\u0628\u064a\u0631 - Beldify.shop - Organic Life Style\" \/>\n<meta property=\"og:description\" content=\"le gingembre est une \u00e9pice tr\u00e8s utilis\u00e9e dans la cuisine marocaine, son go\u00fbt piquant et \u00e9pic\u00e9 est indispensable dans la plupart des plats, il leur apporte un ar\u00f4me intense et exotique. \u0627\u0644\u0632\u0646\u062c\u0628\u064a\u0644 \u0647\u0648 \u0646\u0648\u0639 \u0645\u0646 \u0627\u0644\u062a\u0648\u0627\u0628\u0644 \u0627\u0644\u0645\u0633\u062a\u062e\u062f\u0645\u0629 \u0639\u0644\u0649 \u0646\u0637\u0627\u0642 \u0648\u0627\u0633\u0639 \u0641\u064a \u0627\u0644\u0645\u0637\u0628\u062e \u0627\u0644\u0645\u063a\u0631\u0628\u064a \u060c \u0648\u0637\u0639\u0645\u0647 \u0627\u0644\u062d\u0627\u0631 \u0648\u0627\u0644\u062a\u0648\u0627\u0628\u0644 \u0623\u0633\u0627\u0633\u064a \u0641\u064a \u0645\u0639\u0638\u0645 \u0627\u0644\u0623\u0637\u0628\u0627\u0642 \u060c \u0641\u0647\u0648 \u064a\u0645\u0646\u062d\u0647\u0627 \u0631\u0627\u0626\u062d\u0629 \u0642\u0648\u064a\u0629 \u0648\u063a\u0631\u064a\u0628\u0629\" \/>\n<meta property=\"og:url\" content=\"https:\/\/beldify.shop\/es\/producto\/200ggingembre-moulu-\u0633\u0643\u0646\u062c\u0628\u064a\u0631\/\" \/>\n<meta property=\"og:site_name\" content=\"Beldify.shop - Organic Life Style\" \/>\n<meta property=\"article:publisher\" content=\"https:\/\/www.facebook.com\/beldify.shop\" \/>\n<meta property=\"article:modified_time\" content=\"2026-01-13T22:47:08+00:00\" \/>\n<meta property=\"og:image\" content=\"https:\/\/beldify.shop\/wp-content\/uploads\/2020\/11\/vepgingembre-nepal.jpg\" \/>\n\t<meta property=\"og:image:width\" content=\"480\" \/>\n\t<meta property=\"og:image:height\" content=\"480\" \/>\n\t<meta property=\"og:image:type\" content=\"image\/jpeg\" \/>\n<meta name=\"twitter:card\" content=\"summary_large_image\" \/>\n<script type=\"application\/ld+json\" class=\"yoast-schema-graph\">{\"@context\":\"https:\\\/\\\/schema.org\",\"@graph\":[{\"@type\":\"WebPage\",\"@id\":\"https:\\\/\\\/beldify.shop\\\/produit\\\/200ggingembre-moulu-%d8%b3%d9%83%d9%86%d8%ac%d8%a8%d9%8a%d8%b1\\\/\",\"url\":\"https:\\\/\\\/beldify.shop\\\/produit\\\/200ggingembre-moulu-%d8%b3%d9%83%d9%86%d8%ac%d8%a8%d9%8a%d8%b1\\\/\",\"name\":\"\\\"200g\\\" Gingembre moulu \u0633\u0643\u0646\u062c\u0628\u064a\u0631 - Beldify.shop - Organic Life Style\",\"isPartOf\":{\"@id\":\"https:\\\/\\\/beldify.shop\\\/#website\"},\"primaryImageOfPage\":{\"@id\":\"https:\\\/\\\/beldify.shop\\\/produit\\\/200ggingembre-moulu-%d8%b3%d9%83%d9%86%d8%ac%d8%a8%d9%8a%d8%b1\\\/#primaryimage\"},\"image\":{\"@id\":\"https:\\\/\\\/beldify.shop\\\/produit\\\/200ggingembre-moulu-%d8%b3%d9%83%d9%86%d8%ac%d8%a8%d9%8a%d8%b1\\\/#primaryimage\"},\"thumbnailUrl\":\"https:\\\/\\\/beldify.shop\\\/wp-content\\\/uploads\\\/2020\\\/11\\\/vepgingembre-nepal.jpg\",\"datePublished\":\"2020-11-20T09:06:17+00:00\",\"dateModified\":\"2026-01-13T22:47:08+00:00\",\"breadcrumb\":{\"@id\":\"https:\\\/\\\/beldify.shop\\\/produit\\\/200ggingembre-moulu-%d8%b3%d9%83%d9%86%d8%ac%d8%a8%d9%8a%d8%b1\\\/#breadcrumb\"},\"inLanguage\":\"es\",\"potentialAction\":[{\"@type\":\"ReadAction\",\"target\":[\"https:\\\/\\\/beldify.shop\\\/produit\\\/200ggingembre-moulu-%d8%b3%d9%83%d9%86%d8%ac%d8%a8%d9%8a%d8%b1\\\/\"]}]},{\"@type\":\"ImageObject\",\"inLanguage\":\"es\",\"@id\":\"https:\\\/\\\/beldify.shop\\\/produit\\\/200ggingembre-moulu-%d8%b3%d9%83%d9%86%d8%ac%d8%a8%d9%8a%d8%b1\\\/#primaryimage\",\"url\":\"https:\\\/\\\/beldify.shop\\\/wp-content\\\/uploads\\\/2020\\\/11\\\/vepgingembre-nepal.jpg\",\"contentUrl\":\"https:\\\/\\\/beldify.shop\\\/wp-content\\\/uploads\\\/2020\\\/11\\\/vepgingembre-nepal.jpg\",\"width\":480,\"height\":480},{\"@type\":\"BreadcrumbList\",\"@id\":\"https:\\\/\\\/beldify.shop\\\/produit\\\/200ggingembre-moulu-%d8%b3%d9%83%d9%86%d8%ac%d8%a8%d9%8a%d8%b1\\\/#breadcrumb\",\"itemListElement\":[{\"@type\":\"ListItem\",\"position\":1,\"name\":\"Accueil\",\"item\":\"https:\\\/\\\/beldify.shop\\\/\"},{\"@type\":\"ListItem\",\"position\":2,\"name\":\"Boutique\",\"item\":\"https:\\\/\\\/beldify.shop\\\/boutique\\\/\"},{\"@type\":\"ListItem\",\"position\":3,\"name\":\"\u00ab\u00a0200g\u00a0\u00bb Gingembre moulu \u0633\u0643\u0646\u062c\u0628\u064a\u0631\"}]},{\"@type\":\"WebSite\",\"@id\":\"https:\\\/\\\/beldify.shop\\\/#website\",\"url\":\"https:\\\/\\\/beldify.shop\\\/\",\"name\":\"Beldify.shop - Organic Life Style\",\"description\":\"Moroccan Natural Products\",\"potentialAction\":[{\"@type\":\"SearchAction\",\"target\":{\"@type\":\"EntryPoint\",\"urlTemplate\":\"https:\\\/\\\/beldify.shop\\\/?s={search_term_string}\"},\"query-input\":{\"@type\":\"PropertyValueSpecification\",\"valueRequired\":true,\"valueName\":\"search_term_string\"}}],\"inLanguage\":\"es\"}]}<\/script>\n<!-- \/ Yoast SEO plugin. -->","yoast_head_json":{"title":"\"200g\" Gingembre moulu \u0633\u0643\u0646\u062c\u0628\u064a\u0631 - Beldify.shop - Organic Life Style","robots":{"index":"index","follow":"follow","max-snippet":"max-snippet:-1","max-image-preview":"max-image-preview:large","max-video-preview":"max-video-preview:-1"},"canonical":"https:\/\/beldify.shop\/es\/producto\/200ggingembre-moulu-\u0633\u0643\u0646\u062c\u0628\u064a\u0631\/","og_locale":"es_MX","og_type":"article","og_title":"\"200g\" Gingembre moulu \u0633\u0643\u0646\u062c\u0628\u064a\u0631 - Beldify.shop - Organic Life Style","og_description":"le gingembre est une \u00e9pice tr\u00e8s utilis\u00e9e dans la cuisine marocaine, son go\u00fbt piquant et \u00e9pic\u00e9 est indispensable dans la plupart des plats, il leur apporte un ar\u00f4me intense et exotique. \u0627\u0644\u0632\u0646\u062c\u0628\u064a\u0644 \u0647\u0648 \u0646\u0648\u0639 \u0645\u0646 \u0627\u0644\u062a\u0648\u0627\u0628\u0644 \u0627\u0644\u0645\u0633\u062a\u062e\u062f\u0645\u0629 \u0639\u0644\u0649 \u0646\u0637\u0627\u0642 \u0648\u0627\u0633\u0639 \u0641\u064a \u0627\u0644\u0645\u0637\u0628\u062e \u0627\u0644\u0645\u063a\u0631\u0628\u064a \u060c \u0648\u0637\u0639\u0645\u0647 \u0627\u0644\u062d\u0627\u0631 \u0648\u0627\u0644\u062a\u0648\u0627\u0628\u0644 \u0623\u0633\u0627\u0633\u064a \u0641\u064a \u0645\u0639\u0638\u0645 \u0627\u0644\u0623\u0637\u0628\u0627\u0642 \u060c \u0641\u0647\u0648 \u064a\u0645\u0646\u062d\u0647\u0627 \u0631\u0627\u0626\u062d\u0629 \u0642\u0648\u064a\u0629 \u0648\u063a\u0631\u064a\u0628\u0629","og_url":"https:\/\/beldify.shop\/es\/producto\/200ggingembre-moulu-\u0633\u0643\u0646\u062c\u0628\u064a\u0631\/","og_site_name":"Beldify.shop - Organic Life Style","article_publisher":"https:\/\/www.facebook.com\/beldify.shop","article_modified_time":"2026-01-13T22:47:08+00:00","og_image":[{"width":480,"height":480,"url":"https:\/\/beldify.shop\/wp-content\/uploads\/2020\/11\/vepgingembre-nepal.jpg","type":"image\/jpeg"}],"twitter_card":"summary_large_image","schema":{"@context":"https:\/\/schema.org","@graph":[{"@type":"WebPage","@id":"https:\/\/beldify.shop\/produit\/200ggingembre-moulu-%d8%b3%d9%83%d9%86%d8%ac%d8%a8%d9%8a%d8%b1\/","url":"https:\/\/beldify.shop\/produit\/200ggingembre-moulu-%d8%b3%d9%83%d9%86%d8%ac%d8%a8%d9%8a%d8%b1\/","name":"\"200g\" Gingembre moulu \u0633\u0643\u0646\u062c\u0628\u064a\u0631 - Beldify.shop - Organic Life Style","isPartOf":{"@id":"https:\/\/beldify.shop\/#website"},"primaryImageOfPage":{"@id":"https:\/\/beldify.shop\/produit\/200ggingembre-moulu-%d8%b3%d9%83%d9%86%d8%ac%d8%a8%d9%8a%d8%b1\/#primaryimage"},"image":{"@id":"https:\/\/beldify.shop\/produit\/200ggingembre-moulu-%d8%b3%d9%83%d9%86%d8%ac%d8%a8%d9%8a%d8%b1\/#primaryimage"},"thumbnailUrl":"https:\/\/beldify.shop\/wp-content\/uploads\/2020\/11\/vepgingembre-nepal.jpg","datePublished":"2020-11-20T09:06:17+00:00","dateModified":"2026-01-13T22:47:08+00:00","breadcrumb":{"@id":"https:\/\/beldify.shop\/produit\/200ggingembre-moulu-%d8%b3%d9%83%d9%86%d8%ac%d8%a8%d9%8a%d8%b1\/#breadcrumb"},"inLanguage":"es","potentialAction":[{"@type":"ReadAction","target":["https:\/\/beldify.shop\/produit\/200ggingembre-moulu-%d8%b3%d9%83%d9%86%d8%ac%d8%a8%d9%8a%d8%b1\/"]}]},{"@type":"ImageObject","inLanguage":"es","@id":"https:\/\/beldify.shop\/produit\/200ggingembre-moulu-%d8%b3%d9%83%d9%86%d8%ac%d8%a8%d9%8a%d8%b1\/#primaryimage","url":"https:\/\/beldify.shop\/wp-content\/uploads\/2020\/11\/vepgingembre-nepal.jpg","contentUrl":"https:\/\/beldify.shop\/wp-content\/uploads\/2020\/11\/vepgingembre-nepal.jpg","width":480,"height":480},{"@type":"BreadcrumbList","@id":"https:\/\/beldify.shop\/produit\/200ggingembre-moulu-%d8%b3%d9%83%d9%86%d8%ac%d8%a8%d9%8a%d8%b1\/#breadcrumb","itemListElement":[{"@type":"ListItem","position":1,"name":"Accueil","item":"https:\/\/beldify.shop\/"},{"@type":"ListItem","position":2,"name":"Boutique","item":"https:\/\/beldify.shop\/boutique\/"},{"@type":"ListItem","position":3,"name":"\u00ab\u00a0200g\u00a0\u00bb Gingembre moulu \u0633\u0643\u0646\u062c\u0628\u064a\u0631"}]},{"@type":"WebSite","@id":"https:\/\/beldify.shop\/#website","url":"https:\/\/beldify.shop\/","name":"Beldify.shop - Organic Life Style","description":"Moroccan Natural Products","potentialAction":[{"@type":"SearchAction","target":{"@type":"EntryPoint","urlTemplate":"https:\/\/beldify.shop\/?s={search_term_string}"},"query-input":{"@type":"PropertyValueSpecification","valueRequired":true,"valueName":"search_term_string"}}],"inLanguage":"es"}]}},"jetpack_publicize_connections":[],"jetpack_likes_enabled":true,"jetpack_sharing_enabled":true,"jetpack-related-posts":[],"_links":{"self":[{"href":"https:\/\/beldify.shop\/es\/wp-json\/wp\/v2\/product\/3018","targetHints":{"allow":["GET"]}}],"collection":[{"href":"https:\/\/beldify.shop\/es\/wp-json\/wp\/v2\/product"}],"about":[{"href":"https:\/\/beldify.shop\/es\/wp-json\/wp\/v2\/types\/product"}],"replies":[{"embeddable":true,"href":"https:\/\/beldify.shop\/es\/wp-json\/wp\/v2\/comments?post=3018"}],"wp:featuredmedia":[{"embeddable":true,"href":"https:\/\/beldify.shop\/es\/wp-json\/wp\/v2\/media\/3617"}],"wp:attachment":[{"href":"https:\/\/beldify.shop\/es\/wp-json\/wp\/v2\/media?parent=3018"}],"wp:term":[{"taxonomy":"product_brand","embeddable":true,"href":"https:\/\/beldify.shop\/es\/wp-json\/wp\/v2\/product_brand?post=3018"},{"taxonomy":"product_cat","embeddable":true,"href":"https:\/\/beldify.shop\/es\/wp-json\/wp\/v2\/product_cat?post=3018"},{"taxonomy":"product_tag","embeddable":true,"href":"https:\/\/beldify.shop\/es\/wp-json\/wp\/v2\/product_tag?post=3018"}],"curies":[{"name":"wp","href":"https:\/\/api.w.org\/{rel}","templated":true}]}}