{"id":2966,"date":"2020-11-18T00:36:54","date_gmt":"2020-11-18T00:36:54","guid":{"rendered":"https:\/\/beldify.shop?post_type=product&#038;p=2966"},"modified":"2026-01-13T22:47:08","modified_gmt":"2026-01-13T22:47:08","slug":"200gpoivre-noir-%d8%a7%d8%a8%d8%b2%d8%a7%d8%b1","status":"publish","type":"product","link":"https:\/\/beldify.shop\/es\/producto\/200gpoivre-noir-%d8%a7%d8%a8%d8%b2%d8%a7%d8%b1\/","title":{"rendered":"\u201c200g\u201d Pimienta negra \u0627\u0628\u0632\u0627\u0631"},"content":{"rendered":"","protected":false},"excerpt":{"rendered":"<p style=\"text-align: left;\">La pimienta negra, &quot;ibzar&quot; en \u00e1rabe, es una especia que se cosecha antes de su maduraci\u00f3n y se seca al sol. Es la especia m\u00e1s consumida del mundo, molida o en grano.<\/p>\n<p style=\"text-align: right;\">\u0627\u0644\u0641\u0644\u0641\u0644 \u0627\u0644\u0623\u0633\u0648\u062f \u201c\u0625\u0628\u0632\u0627\u0631\u201d \u0641\u064a \u0627\u0644\u0644\u063a\u0629 \u0627\u0644\u0639\u0631\u0628\u064a\u0629 \u0647\u0648 \u0646\u0648\u0639 \u0645\u0646 \u0627\u0644\u0628\u0647\u0627\u0631\u0627\u062a \u0627\u0644\u062a\u064a \u062a\u062d\u0635\u062f \u0642\u0628\u0644 \u0627\u0644\u0646\u0636\u062c \u062b\u0645 \u062a\u062c\u0641\u0641 \u0641\u064a \u0627\u0644\u0634\u0645\u0633 \u060c \u0648\u0627\u0644\u0641\u0644\u0641\u0644 \u0647\u0648 \u0623\u0643\u062b\u0631 \u0623\u0646\u0648\u0627\u0639 \u0627\u0644\u0641\u0644\u0641\u0644 \u0627\u0633\u062a\u0647\u0644\u0627\u0643\u0627\u064b \u0641\u064a \u0627\u0644\u0639\u0627\u0644\u0645 \u0633\u0648\u0627\u0621 \u0645\u0637\u062d\u0648\u0646 \u0623\u0648 \u062d\u0628\u0648\u0628<\/p>\n<p>&nbsp;<\/p>","protected":false},"featured_media":2967,"comment_status":"open","ping_status":"closed","template":"","meta":{"_angie_page":false,"inline_featured_image":false,"jetpack_publicize_message":"","jetpack_publicize_feature_enabled":true,"jetpack_social_post_already_shared":false,"jetpack_social_options":{"image_generator_settings":{"template":"highway","default_image_id":0,"font":"","enabled":false},"version":2}},"product_brand":[],"product_cat":[40],"product_tag":[106,108,107],"class_list":{"0":"post-2966","1":"product","2":"type-product","3":"status-publish","4":"has-post-thumbnail","6":"product_cat-epices","7":"product_tag-cooperative-hajja-fatiha","8":"product_tag-108","9":"product_tag-107","11":"first","12":"instock","13":"shipping-taxable","14":"purchasable","15":"product-type-simple"},"yoast_head":"<!-- This site is optimized with the Yoast SEO plugin v27.5 - https:\/\/yoast.com\/product\/yoast-seo-wordpress\/ -->\n<title>&quot;200g&quot;Poivre noir \u0627\u0628\u0632\u0627\u0631 - Beldify.shop - Organic Life Style<\/title>\n<meta name=\"robots\" content=\"index, follow, max-snippet:-1, max-image-preview:large, max-video-preview:-1\" \/>\n<link rel=\"canonical\" href=\"https:\/\/beldify.shop\/es\/producto\/200gpoivre-noir-\u0627\u0628\u0632\u0627\u0631\/\" \/>\n<meta property=\"og:locale\" content=\"es_MX\" \/>\n<meta property=\"og:type\" content=\"article\" \/>\n<meta property=\"og:title\" content=\"&quot;200g&quot;Poivre noir \u0627\u0628\u0632\u0627\u0631 - Beldify.shop - Organic Life Style\" \/>\n<meta property=\"og:description\" content=\"Le poivre noir &quot;ibzar&quot; en arabe est une \u00e9pice qui est r\u00e9colt\u00e9e avant maturit\u00e9 puis s\u00e9ch\u00e9e au soleil.le poivre c\u2019est le plus consomm\u00e9 au monde moulu ou en grains. \u0627\u0644\u0641\u0644\u0641\u0644 \u0627\u0644\u0623\u0633\u0648\u062f &quot;\u0625\u0628\u0632\u0627\u0631&quot; \u0641\u064a \u0627\u0644\u0644\u063a\u0629 \u0627\u0644\u0639\u0631\u0628\u064a\u0629 \u0647\u0648 \u0646\u0648\u0639 \u0645\u0646 \u0627\u0644\u0628\u0647\u0627\u0631\u0627\u062a \u0627\u0644\u062a\u064a \u062a\u062d\u0635\u062f \u0642\u0628\u0644 \u0627\u0644\u0646\u0636\u062c \u062b\u0645 \u062a\u062c\u0641\u0641 \u0641\u064a \u0627\u0644\u0634\u0645\u0633 \u060c \u0648\u0627\u0644\u0641\u0644\u0641\u0644 \u0647\u0648 \u0623\u0643\u062b\u0631 \u0623\u0646\u0648\u0627\u0639 \u0627\u0644\u0641\u0644\u0641\u0644 \u0627\u0633\u062a\u0647\u0644\u0627\u0643\u0627\u064b \u0641\u064a \u0627\u0644\u0639\u0627\u0644\u0645 \u0633\u0648\u0627\u0621 \u0645\u0637\u062d\u0648\u0646 \u0623\u0648 \u062d\u0628\u0648\u0628 &nbsp;\" \/>\n<meta property=\"og:url\" content=\"https:\/\/beldify.shop\/es\/producto\/200gpoivre-noir-\u0627\u0628\u0632\u0627\u0631\/\" \/>\n<meta property=\"og:site_name\" content=\"Beldify.shop - Organic Life Style\" \/>\n<meta property=\"article:publisher\" content=\"https:\/\/www.facebook.com\/beldify.shop\" \/>\n<meta property=\"article:modified_time\" content=\"2026-01-13T22:47:08+00:00\" \/>\n<meta property=\"og:image\" content=\"https:\/\/beldify.shop\/wp-content\/uploads\/2020\/11\/200g-poivre-768x1024.jpg\" \/>\n\t<meta property=\"og:image:width\" content=\"768\" \/>\n\t<meta property=\"og:image:height\" content=\"1024\" \/>\n\t<meta property=\"og:image:type\" content=\"image\/jpeg\" \/>\n<meta name=\"twitter:card\" content=\"summary_large_image\" \/>\n<script type=\"application\/ld+json\" class=\"yoast-schema-graph\">{\"@context\":\"https:\\\/\\\/schema.org\",\"@graph\":[{\"@type\":\"WebPage\",\"@id\":\"https:\\\/\\\/beldify.shop\\\/produit\\\/200gpoivre-noir-%d8%a7%d8%a8%d8%b2%d8%a7%d8%b1\\\/\",\"url\":\"https:\\\/\\\/beldify.shop\\\/produit\\\/200gpoivre-noir-%d8%a7%d8%a8%d8%b2%d8%a7%d8%b1\\\/\",\"name\":\"\\\"200g\\\"Poivre noir \u0627\u0628\u0632\u0627\u0631 - Beldify.shop - Organic Life Style\",\"isPartOf\":{\"@id\":\"https:\\\/\\\/beldify.shop\\\/#website\"},\"primaryImageOfPage\":{\"@id\":\"https:\\\/\\\/beldify.shop\\\/produit\\\/200gpoivre-noir-%d8%a7%d8%a8%d8%b2%d8%a7%d8%b1\\\/#primaryimage\"},\"image\":{\"@id\":\"https:\\\/\\\/beldify.shop\\\/produit\\\/200gpoivre-noir-%d8%a7%d8%a8%d8%b2%d8%a7%d8%b1\\\/#primaryimage\"},\"thumbnailUrl\":\"https:\\\/\\\/beldify.shop\\\/wp-content\\\/uploads\\\/2020\\\/11\\\/200g-poivre-scaled.jpg\",\"datePublished\":\"2020-11-18T00:36:54+00:00\",\"dateModified\":\"2026-01-13T22:47:08+00:00\",\"breadcrumb\":{\"@id\":\"https:\\\/\\\/beldify.shop\\\/produit\\\/200gpoivre-noir-%d8%a7%d8%a8%d8%b2%d8%a7%d8%b1\\\/#breadcrumb\"},\"inLanguage\":\"es\",\"potentialAction\":[{\"@type\":\"ReadAction\",\"target\":[\"https:\\\/\\\/beldify.shop\\\/produit\\\/200gpoivre-noir-%d8%a7%d8%a8%d8%b2%d8%a7%d8%b1\\\/\"]}]},{\"@type\":\"ImageObject\",\"inLanguage\":\"es\",\"@id\":\"https:\\\/\\\/beldify.shop\\\/produit\\\/200gpoivre-noir-%d8%a7%d8%a8%d8%b2%d8%a7%d8%b1\\\/#primaryimage\",\"url\":\"https:\\\/\\\/beldify.shop\\\/wp-content\\\/uploads\\\/2020\\\/11\\\/200g-poivre-scaled.jpg\",\"contentUrl\":\"https:\\\/\\\/beldify.shop\\\/wp-content\\\/uploads\\\/2020\\\/11\\\/200g-poivre-scaled.jpg\",\"width\":1920,\"height\":2560},{\"@type\":\"BreadcrumbList\",\"@id\":\"https:\\\/\\\/beldify.shop\\\/produit\\\/200gpoivre-noir-%d8%a7%d8%a8%d8%b2%d8%a7%d8%b1\\\/#breadcrumb\",\"itemListElement\":[{\"@type\":\"ListItem\",\"position\":1,\"name\":\"Accueil\",\"item\":\"https:\\\/\\\/beldify.shop\\\/\"},{\"@type\":\"ListItem\",\"position\":2,\"name\":\"Boutique\",\"item\":\"https:\\\/\\\/beldify.shop\\\/boutique\\\/\"},{\"@type\":\"ListItem\",\"position\":3,\"name\":\"\u00ab\u00a0200g\u00a0\u00bbPoivre noir \u0627\u0628\u0632\u0627\u0631\"}]},{\"@type\":\"WebSite\",\"@id\":\"https:\\\/\\\/beldify.shop\\\/#website\",\"url\":\"https:\\\/\\\/beldify.shop\\\/\",\"name\":\"Beldify.shop - Organic Life Style\",\"description\":\"Moroccan Natural Products\",\"potentialAction\":[{\"@type\":\"SearchAction\",\"target\":{\"@type\":\"EntryPoint\",\"urlTemplate\":\"https:\\\/\\\/beldify.shop\\\/?s={search_term_string}\"},\"query-input\":{\"@type\":\"PropertyValueSpecification\",\"valueRequired\":true,\"valueName\":\"search_term_string\"}}],\"inLanguage\":\"es\"}]}<\/script>\n<!-- \/ Yoast SEO plugin. -->","yoast_head_json":{"title":"\"200g\"Poivre noir \u0627\u0628\u0632\u0627\u0631 - Beldify.shop - Organic Life Style","robots":{"index":"index","follow":"follow","max-snippet":"max-snippet:-1","max-image-preview":"max-image-preview:large","max-video-preview":"max-video-preview:-1"},"canonical":"https:\/\/beldify.shop\/es\/producto\/200gpoivre-noir-\u0627\u0628\u0632\u0627\u0631\/","og_locale":"es_MX","og_type":"article","og_title":"\"200g\"Poivre noir \u0627\u0628\u0632\u0627\u0631 - Beldify.shop - Organic Life Style","og_description":"Le poivre noir \"ibzar\" en arabe est une \u00e9pice qui est r\u00e9colt\u00e9e avant maturit\u00e9 puis s\u00e9ch\u00e9e au soleil.le poivre c\u2019est le plus consomm\u00e9 au monde moulu ou en grains. \u0627\u0644\u0641\u0644\u0641\u0644 \u0627\u0644\u0623\u0633\u0648\u062f \"\u0625\u0628\u0632\u0627\u0631\" \u0641\u064a \u0627\u0644\u0644\u063a\u0629 \u0627\u0644\u0639\u0631\u0628\u064a\u0629 \u0647\u0648 \u0646\u0648\u0639 \u0645\u0646 \u0627\u0644\u0628\u0647\u0627\u0631\u0627\u062a \u0627\u0644\u062a\u064a \u062a\u062d\u0635\u062f \u0642\u0628\u0644 \u0627\u0644\u0646\u0636\u062c \u062b\u0645 \u062a\u062c\u0641\u0641 \u0641\u064a \u0627\u0644\u0634\u0645\u0633 \u060c \u0648\u0627\u0644\u0641\u0644\u0641\u0644 \u0647\u0648 \u0623\u0643\u062b\u0631 \u0623\u0646\u0648\u0627\u0639 \u0627\u0644\u0641\u0644\u0641\u0644 \u0627\u0633\u062a\u0647\u0644\u0627\u0643\u0627\u064b \u0641\u064a \u0627\u0644\u0639\u0627\u0644\u0645 \u0633\u0648\u0627\u0621 \u0645\u0637\u062d\u0648\u0646 \u0623\u0648 \u062d\u0628\u0648\u0628 &nbsp;","og_url":"https:\/\/beldify.shop\/es\/producto\/200gpoivre-noir-\u0627\u0628\u0632\u0627\u0631\/","og_site_name":"Beldify.shop - Organic Life Style","article_publisher":"https:\/\/www.facebook.com\/beldify.shop","article_modified_time":"2026-01-13T22:47:08+00:00","og_image":[{"width":768,"height":1024,"url":"https:\/\/beldify.shop\/wp-content\/uploads\/2020\/11\/200g-poivre-768x1024.jpg","type":"image\/jpeg"}],"twitter_card":"summary_large_image","schema":{"@context":"https:\/\/schema.org","@graph":[{"@type":"WebPage","@id":"https:\/\/beldify.shop\/produit\/200gpoivre-noir-%d8%a7%d8%a8%d8%b2%d8%a7%d8%b1\/","url":"https:\/\/beldify.shop\/produit\/200gpoivre-noir-%d8%a7%d8%a8%d8%b2%d8%a7%d8%b1\/","name":"\"200g\"Poivre noir \u0627\u0628\u0632\u0627\u0631 - Beldify.shop - Organic Life Style","isPartOf":{"@id":"https:\/\/beldify.shop\/#website"},"primaryImageOfPage":{"@id":"https:\/\/beldify.shop\/produit\/200gpoivre-noir-%d8%a7%d8%a8%d8%b2%d8%a7%d8%b1\/#primaryimage"},"image":{"@id":"https:\/\/beldify.shop\/produit\/200gpoivre-noir-%d8%a7%d8%a8%d8%b2%d8%a7%d8%b1\/#primaryimage"},"thumbnailUrl":"https:\/\/beldify.shop\/wp-content\/uploads\/2020\/11\/200g-poivre-scaled.jpg","datePublished":"2020-11-18T00:36:54+00:00","dateModified":"2026-01-13T22:47:08+00:00","breadcrumb":{"@id":"https:\/\/beldify.shop\/produit\/200gpoivre-noir-%d8%a7%d8%a8%d8%b2%d8%a7%d8%b1\/#breadcrumb"},"inLanguage":"es","potentialAction":[{"@type":"ReadAction","target":["https:\/\/beldify.shop\/produit\/200gpoivre-noir-%d8%a7%d8%a8%d8%b2%d8%a7%d8%b1\/"]}]},{"@type":"ImageObject","inLanguage":"es","@id":"https:\/\/beldify.shop\/produit\/200gpoivre-noir-%d8%a7%d8%a8%d8%b2%d8%a7%d8%b1\/#primaryimage","url":"https:\/\/beldify.shop\/wp-content\/uploads\/2020\/11\/200g-poivre-scaled.jpg","contentUrl":"https:\/\/beldify.shop\/wp-content\/uploads\/2020\/11\/200g-poivre-scaled.jpg","width":1920,"height":2560},{"@type":"BreadcrumbList","@id":"https:\/\/beldify.shop\/produit\/200gpoivre-noir-%d8%a7%d8%a8%d8%b2%d8%a7%d8%b1\/#breadcrumb","itemListElement":[{"@type":"ListItem","position":1,"name":"Accueil","item":"https:\/\/beldify.shop\/"},{"@type":"ListItem","position":2,"name":"Boutique","item":"https:\/\/beldify.shop\/boutique\/"},{"@type":"ListItem","position":3,"name":"\u00ab\u00a0200g\u00a0\u00bbPoivre noir \u0627\u0628\u0632\u0627\u0631"}]},{"@type":"WebSite","@id":"https:\/\/beldify.shop\/#website","url":"https:\/\/beldify.shop\/","name":"Beldify.shop - Organic Life Style","description":"Moroccan Natural Products","potentialAction":[{"@type":"SearchAction","target":{"@type":"EntryPoint","urlTemplate":"https:\/\/beldify.shop\/?s={search_term_string}"},"query-input":{"@type":"PropertyValueSpecification","valueRequired":true,"valueName":"search_term_string"}}],"inLanguage":"es"}]}},"jetpack_publicize_connections":[],"jetpack_likes_enabled":true,"jetpack_sharing_enabled":true,"jetpack-related-posts":[],"_links":{"self":[{"href":"https:\/\/beldify.shop\/es\/wp-json\/wp\/v2\/product\/2966","targetHints":{"allow":["GET"]}}],"collection":[{"href":"https:\/\/beldify.shop\/es\/wp-json\/wp\/v2\/product"}],"about":[{"href":"https:\/\/beldify.shop\/es\/wp-json\/wp\/v2\/types\/product"}],"replies":[{"embeddable":true,"href":"https:\/\/beldify.shop\/es\/wp-json\/wp\/v2\/comments?post=2966"}],"wp:featuredmedia":[{"embeddable":true,"href":"https:\/\/beldify.shop\/es\/wp-json\/wp\/v2\/media\/2967"}],"wp:attachment":[{"href":"https:\/\/beldify.shop\/es\/wp-json\/wp\/v2\/media?parent=2966"}],"wp:term":[{"taxonomy":"product_brand","embeddable":true,"href":"https:\/\/beldify.shop\/es\/wp-json\/wp\/v2\/product_brand?post=2966"},{"taxonomy":"product_cat","embeddable":true,"href":"https:\/\/beldify.shop\/es\/wp-json\/wp\/v2\/product_cat?post=2966"},{"taxonomy":"product_tag","embeddable":true,"href":"https:\/\/beldify.shop\/es\/wp-json\/wp\/v2\/product_tag?post=2966"}],"curies":[{"name":"wp","href":"https:\/\/api.w.org\/{rel}","templated":true}]}}