{"id":2777,"date":"2020-11-11T13:33:59","date_gmt":"2020-11-11T13:33:59","guid":{"rendered":"https:\/\/organify.digitencia.comproduit\/couscous-de-ble-complet-%d9%83%d8%b3%d9%83%d8%b3-%d8%a7%d9%84%d9%82%d9%85%d8%ad-%d8%a7%d9%84%d9%83%d8%a7%d9%85%d9%84-copy\/"},"modified":"2026-01-13T22:47:09","modified_gmt":"2026-01-13T22:47:09","slug":"1kg-balboula-illan-%d8%a8%d9%84%d8%a8%d9%88%d9%84%d8%a9-%d8%a5%d9%8a%d9%84%d8%a7%d9%86","status":"publish","type":"product","link":"https:\/\/beldify.shop\/es\/producto\/1kg-balboula-illan-%d8%a8%d9%84%d8%a8%d9%88%d9%84%d8%a9-%d8%a5%d9%8a%d9%84%d8%a7%d9%86\/","title":{"rendered":"1kg Balboula illan \u0628\u0644\u0628\u0648\u0644\u0629 \u0625\u064a\u0644\u0627\u0646"},"content":{"rendered":"<div class=\"wpb-content-wrapper\"><div class=\"vc_row wpb_row vc_row-fluid vc_row-o-content-top vc_row-flex\"><div class=\"wpb_column vc_column_container vc_col-sm-6\"><div class=\"vc_column-inner\"><div class=\"wpb_wrapper\">\n\t<div class=\"wpb_text_column wpb_content_element\" >\n\t\t<div class=\"wpb_wrapper\">\n\t\t\t<p>Cusc\u00fas con cereales que te encantan y que dan un sabor delicioso a tu comida y sobre todo a precios razonables, no te lo pierdas. <span class=\"_47e3 _5mfr\" title=\"emoticono de coraz\u00f3n\"><img loading=\"lazy\" decoding=\"async\" class=\"img\" role=\"presentation\" src=\"https:\/\/static.xx.fbcdn.net\/images\/emoji.php\/v9\/t6c\/1\/16\/2764.png?_nc_eui2=AeHMEdDpZvC8Nt2-2p9Om9jGtje5zGZIwt62N7nMZkjC3nVNg58aAbokwyTRLlDhyks05jZCtm-v09melvvlk88H\" alt=\"\" width=\"16\" height=\"16\" \/><\/span><\/p>\n\n\t\t<\/div>\n\t<\/div>\n<\/div><\/div><\/div><\/div>\n<\/div>","protected":false},"excerpt":{"rendered":"<p>El cusc\u00fas de Ellan contiene f\u00f3sforo y magnesio, ya que es rico en minerales, prote\u00ednas y fibras, reduce el riesgo de diabetes y es recomendable para mujeres embarazadas y lactantes ya que ayuda a aumentar la leche materna.<\/p>\n<p style=\"text-align: right;\">Si eres musulm\u00e1n, podr\u00e1s vivir en paz, paz y armon\u00eda, y paz, y podr\u00e1s vivir en paz y armon\u00eda, y paz, ... Yo soy el que tiene el poder de ganarse la vida y de ganarse la vida.<\/p>\n<p>Producci\u00f3n 100% Hecho a mano<\/p>","protected":false},"featured_media":2920,"comment_status":"open","ping_status":"closed","template":"","meta":{"_angie_page":false,"inline_featured_image":false,"jetpack_publicize_message":"","jetpack_publicize_feature_enabled":true,"jetpack_social_post_already_shared":false,"jetpack_social_options":{"image_generator_settings":{"template":"highway","default_image_id":0,"font":"","enabled":false},"version":2}},"product_brand":[],"product_cat":[37],"product_tag":[109,111,110],"class_list":{"0":"post-2777","1":"product","2":"type-product","3":"status-publish","4":"has-post-thumbnail","6":"product_cat-couscous-semoules","7":"product_tag-couscous","8":"product_tag-itran","9":"product_tag-110","11":"first","12":"instock","13":"taxable","14":"shipping-taxable","15":"purchasable","16":"product-type-simple"},"yoast_head":"<!-- This site is optimized with the Yoast SEO plugin v27.5 - https:\/\/yoast.com\/product\/yoast-seo-wordpress\/ -->\n<title>1kg Balboula illan \u0628\u0644\u0628\u0648\u0644\u0629 \u0625\u064a\u0644\u0627\u0646 - Beldify.shop - Organic Life Style<\/title>\n<meta name=\"robots\" content=\"index, follow, max-snippet:-1, max-image-preview:large, max-video-preview:-1\" \/>\n<link rel=\"canonical\" href=\"https:\/\/beldify.shop\/es\/producto\/1kg-balboula-illan-\u0628\u0644\u0628\u0648\u0644\u0629-\u0625\u064a\u0644\u0627\u0646\/\" \/>\n<meta property=\"og:locale\" content=\"es_MX\" \/>\n<meta property=\"og:type\" content=\"article\" \/>\n<meta property=\"og:title\" content=\"1kg Balboula illan \u0628\u0644\u0628\u0648\u0644\u0629 \u0625\u064a\u0644\u0627\u0646 - Beldify.shop - Organic Life Style\" \/>\n<meta property=\"og:description\" content=\"Le couscous Ellan contient du phosphore et du magn\u00e9sium, car il est riche en min\u00e9raux, prot\u00e9ines et fibres, il r\u00e9duit le risque de diab\u00e8te, et il est recommand\u00e9 aux femmes enceintes et allaitantes car il contribue \u00e0 augmenter le lait maternel. \u064a\u062d\u062a\u0648\u064a \u0643\u0633\u0643\u0633 \u0625\u064a\u0644\u0627\u0646 \u0639\u0644\u0649 \u0627\u0644\u0641\u0633\u0641\u0648\u0631 \u0648 \u0627\u0644\u0645\u063a\u0646\u0632\u064a\u0648\u0645 \u0643\u0645\u0627 \u0623\u0646\u0647 \u063a\u0646\u064a \u0628\u0627\u0644\u0623\u0645\u0644\u0627\u062d \u0627\u0644\u0645\u0639\u062f\u0646\u064a\u0629 \u0648 \u0627\u0644\u0628\u0631\u0648\u062a\u064a\u0646\u0627\u062a \u0648 \u0627\u0644\u0623\u0644\u064a\u0627\u0641 \u060c\u0641\u0647\u0648 \u064a\u0642\u0644\u0644 \u0645\u0646 \u062e\u0637\u0631 \u0627\u0644\u0625\u0635\u0627\u0628\u0629 \u0628\u0627\u0644\u0633\u0643\u0631\u064a\u060c \u0648 \u064a\u0646\u0635\u062d \u0628\u0647 \u0644\u0644\u0646\u0633\u0627\u0621 \u0627\u0644\u062d\u0648\u0627\u0645\u0644 \u0648 \u0627\u0644\u0645\u0631\u0636\u0639\u0627\u062a \u0644\u0623\u0646\u0647 \u064a\u0633\u0627\u0639\u062f \u0639\u0644\u0649 \u0632\u064a\u0627\u062f\u0629 \u062d\u0644\u064a\u0628 \u0627\u0644\u062b\u062f\u064a Production 100% Handmade\" \/>\n<meta property=\"og:url\" content=\"https:\/\/beldify.shop\/es\/producto\/1kg-balboula-illan-\u0628\u0644\u0628\u0648\u0644\u0629-\u0625\u064a\u0644\u0627\u0646\/\" \/>\n<meta property=\"og:site_name\" content=\"Beldify.shop - Organic Life Style\" \/>\n<meta property=\"article:publisher\" content=\"https:\/\/www.facebook.com\/beldify.shop\" \/>\n<meta property=\"article:modified_time\" content=\"2026-01-13T22:47:09+00:00\" \/>\n<meta property=\"og:image\" content=\"https:\/\/beldify.shop\/wp-content\/uploads\/2020\/11\/illan-768x1024.jpg\" \/>\n\t<meta property=\"og:image:width\" content=\"768\" \/>\n\t<meta property=\"og:image:height\" content=\"1024\" \/>\n\t<meta property=\"og:image:type\" content=\"image\/jpeg\" \/>\n<meta name=\"twitter:card\" content=\"summary_large_image\" \/>\n<script type=\"application\/ld+json\" class=\"yoast-schema-graph\">{\"@context\":\"https:\\\/\\\/schema.org\",\"@graph\":[{\"@type\":\"WebPage\",\"@id\":\"https:\\\/\\\/beldify.shop\\\/produit\\\/1kg-balboula-illan-%d8%a8%d9%84%d8%a8%d9%88%d9%84%d8%a9-%d8%a5%d9%8a%d9%84%d8%a7%d9%86\\\/\",\"url\":\"https:\\\/\\\/beldify.shop\\\/produit\\\/1kg-balboula-illan-%d8%a8%d9%84%d8%a8%d9%88%d9%84%d8%a9-%d8%a5%d9%8a%d9%84%d8%a7%d9%86\\\/\",\"name\":\"1kg Balboula illan \u0628\u0644\u0628\u0648\u0644\u0629 \u0625\u064a\u0644\u0627\u0646 - Beldify.shop - Organic Life Style\",\"isPartOf\":{\"@id\":\"https:\\\/\\\/beldify.shop\\\/#website\"},\"primaryImageOfPage\":{\"@id\":\"https:\\\/\\\/beldify.shop\\\/produit\\\/1kg-balboula-illan-%d8%a8%d9%84%d8%a8%d9%88%d9%84%d8%a9-%d8%a5%d9%8a%d9%84%d8%a7%d9%86\\\/#primaryimage\"},\"image\":{\"@id\":\"https:\\\/\\\/beldify.shop\\\/produit\\\/1kg-balboula-illan-%d8%a8%d9%84%d8%a8%d9%88%d9%84%d8%a9-%d8%a5%d9%8a%d9%84%d8%a7%d9%86\\\/#primaryimage\"},\"thumbnailUrl\":\"https:\\\/\\\/beldify.shop\\\/wp-content\\\/uploads\\\/2020\\\/11\\\/illan-scaled.jpg\",\"datePublished\":\"2020-11-11T13:33:59+00:00\",\"dateModified\":\"2026-01-13T22:47:09+00:00\",\"breadcrumb\":{\"@id\":\"https:\\\/\\\/beldify.shop\\\/produit\\\/1kg-balboula-illan-%d8%a8%d9%84%d8%a8%d9%88%d9%84%d8%a9-%d8%a5%d9%8a%d9%84%d8%a7%d9%86\\\/#breadcrumb\"},\"inLanguage\":\"es\",\"potentialAction\":[{\"@type\":\"ReadAction\",\"target\":[\"https:\\\/\\\/beldify.shop\\\/produit\\\/1kg-balboula-illan-%d8%a8%d9%84%d8%a8%d9%88%d9%84%d8%a9-%d8%a5%d9%8a%d9%84%d8%a7%d9%86\\\/\"]}]},{\"@type\":\"ImageObject\",\"inLanguage\":\"es\",\"@id\":\"https:\\\/\\\/beldify.shop\\\/produit\\\/1kg-balboula-illan-%d8%a8%d9%84%d8%a8%d9%88%d9%84%d8%a9-%d8%a5%d9%8a%d9%84%d8%a7%d9%86\\\/#primaryimage\",\"url\":\"https:\\\/\\\/beldify.shop\\\/wp-content\\\/uploads\\\/2020\\\/11\\\/illan-scaled.jpg\",\"contentUrl\":\"https:\\\/\\\/beldify.shop\\\/wp-content\\\/uploads\\\/2020\\\/11\\\/illan-scaled.jpg\",\"width\":1920,\"height\":2560},{\"@type\":\"BreadcrumbList\",\"@id\":\"https:\\\/\\\/beldify.shop\\\/produit\\\/1kg-balboula-illan-%d8%a8%d9%84%d8%a8%d9%88%d9%84%d8%a9-%d8%a5%d9%8a%d9%84%d8%a7%d9%86\\\/#breadcrumb\",\"itemListElement\":[{\"@type\":\"ListItem\",\"position\":1,\"name\":\"Accueil\",\"item\":\"https:\\\/\\\/beldify.shop\\\/\"},{\"@type\":\"ListItem\",\"position\":2,\"name\":\"Boutique\",\"item\":\"https:\\\/\\\/beldify.shop\\\/boutique\\\/\"},{\"@type\":\"ListItem\",\"position\":3,\"name\":\"1kg Balboula illan \u0628\u0644\u0628\u0648\u0644\u0629 \u0625\u064a\u0644\u0627\u0646\"}]},{\"@type\":\"WebSite\",\"@id\":\"https:\\\/\\\/beldify.shop\\\/#website\",\"url\":\"https:\\\/\\\/beldify.shop\\\/\",\"name\":\"Beldify.shop - Organic Life Style\",\"description\":\"Moroccan Natural Products\",\"potentialAction\":[{\"@type\":\"SearchAction\",\"target\":{\"@type\":\"EntryPoint\",\"urlTemplate\":\"https:\\\/\\\/beldify.shop\\\/?s={search_term_string}\"},\"query-input\":{\"@type\":\"PropertyValueSpecification\",\"valueRequired\":true,\"valueName\":\"search_term_string\"}}],\"inLanguage\":\"es\"}]}<\/script>\n<!-- \/ Yoast SEO plugin. -->","yoast_head_json":{"title":"1kg Balboula illan \u0628\u0644\u0628\u0648\u0644\u0629 \u0625\u064a\u0644\u0627\u0646 - Beldify.shop - Organic Life Style","robots":{"index":"index","follow":"follow","max-snippet":"max-snippet:-1","max-image-preview":"max-image-preview:large","max-video-preview":"max-video-preview:-1"},"canonical":"https:\/\/beldify.shop\/es\/producto\/1kg-balboula-illan-\u0628\u0644\u0628\u0648\u0644\u0629-\u0625\u064a\u0644\u0627\u0646\/","og_locale":"es_MX","og_type":"article","og_title":"1kg Balboula illan \u0628\u0644\u0628\u0648\u0644\u0629 \u0625\u064a\u0644\u0627\u0646 - Beldify.shop - Organic Life Style","og_description":"Le couscous Ellan contient du phosphore et du magn\u00e9sium, car il est riche en min\u00e9raux, prot\u00e9ines et fibres, il r\u00e9duit le risque de diab\u00e8te, et il est recommand\u00e9 aux femmes enceintes et allaitantes car il contribue \u00e0 augmenter le lait maternel. \u064a\u062d\u062a\u0648\u064a \u0643\u0633\u0643\u0633 \u0625\u064a\u0644\u0627\u0646 \u0639\u0644\u0649 \u0627\u0644\u0641\u0633\u0641\u0648\u0631 \u0648 \u0627\u0644\u0645\u063a\u0646\u0632\u064a\u0648\u0645 \u0643\u0645\u0627 \u0623\u0646\u0647 \u063a\u0646\u064a \u0628\u0627\u0644\u0623\u0645\u0644\u0627\u062d \u0627\u0644\u0645\u0639\u062f\u0646\u064a\u0629 \u0648 \u0627\u0644\u0628\u0631\u0648\u062a\u064a\u0646\u0627\u062a \u0648 \u0627\u0644\u0623\u0644\u064a\u0627\u0641 \u060c\u0641\u0647\u0648 \u064a\u0642\u0644\u0644 \u0645\u0646 \u062e\u0637\u0631 \u0627\u0644\u0625\u0635\u0627\u0628\u0629 \u0628\u0627\u0644\u0633\u0643\u0631\u064a\u060c \u0648 \u064a\u0646\u0635\u062d \u0628\u0647 \u0644\u0644\u0646\u0633\u0627\u0621 \u0627\u0644\u062d\u0648\u0627\u0645\u0644 \u0648 \u0627\u0644\u0645\u0631\u0636\u0639\u0627\u062a \u0644\u0623\u0646\u0647 \u064a\u0633\u0627\u0639\u062f \u0639\u0644\u0649 \u0632\u064a\u0627\u062f\u0629 \u062d\u0644\u064a\u0628 \u0627\u0644\u062b\u062f\u064a Production 100% Handmade","og_url":"https:\/\/beldify.shop\/es\/producto\/1kg-balboula-illan-\u0628\u0644\u0628\u0648\u0644\u0629-\u0625\u064a\u0644\u0627\u0646\/","og_site_name":"Beldify.shop - Organic Life Style","article_publisher":"https:\/\/www.facebook.com\/beldify.shop","article_modified_time":"2026-01-13T22:47:09+00:00","og_image":[{"width":768,"height":1024,"url":"https:\/\/beldify.shop\/wp-content\/uploads\/2020\/11\/illan-768x1024.jpg","type":"image\/jpeg"}],"twitter_card":"summary_large_image","schema":{"@context":"https:\/\/schema.org","@graph":[{"@type":"WebPage","@id":"https:\/\/beldify.shop\/produit\/1kg-balboula-illan-%d8%a8%d9%84%d8%a8%d9%88%d9%84%d8%a9-%d8%a5%d9%8a%d9%84%d8%a7%d9%86\/","url":"https:\/\/beldify.shop\/produit\/1kg-balboula-illan-%d8%a8%d9%84%d8%a8%d9%88%d9%84%d8%a9-%d8%a5%d9%8a%d9%84%d8%a7%d9%86\/","name":"1kg Balboula illan \u0628\u0644\u0628\u0648\u0644\u0629 \u0625\u064a\u0644\u0627\u0646 - Beldify.shop - Organic Life Style","isPartOf":{"@id":"https:\/\/beldify.shop\/#website"},"primaryImageOfPage":{"@id":"https:\/\/beldify.shop\/produit\/1kg-balboula-illan-%d8%a8%d9%84%d8%a8%d9%88%d9%84%d8%a9-%d8%a5%d9%8a%d9%84%d8%a7%d9%86\/#primaryimage"},"image":{"@id":"https:\/\/beldify.shop\/produit\/1kg-balboula-illan-%d8%a8%d9%84%d8%a8%d9%88%d9%84%d8%a9-%d8%a5%d9%8a%d9%84%d8%a7%d9%86\/#primaryimage"},"thumbnailUrl":"https:\/\/beldify.shop\/wp-content\/uploads\/2020\/11\/illan-scaled.jpg","datePublished":"2020-11-11T13:33:59+00:00","dateModified":"2026-01-13T22:47:09+00:00","breadcrumb":{"@id":"https:\/\/beldify.shop\/produit\/1kg-balboula-illan-%d8%a8%d9%84%d8%a8%d9%88%d9%84%d8%a9-%d8%a5%d9%8a%d9%84%d8%a7%d9%86\/#breadcrumb"},"inLanguage":"es","potentialAction":[{"@type":"ReadAction","target":["https:\/\/beldify.shop\/produit\/1kg-balboula-illan-%d8%a8%d9%84%d8%a8%d9%88%d9%84%d8%a9-%d8%a5%d9%8a%d9%84%d8%a7%d9%86\/"]}]},{"@type":"ImageObject","inLanguage":"es","@id":"https:\/\/beldify.shop\/produit\/1kg-balboula-illan-%d8%a8%d9%84%d8%a8%d9%88%d9%84%d8%a9-%d8%a5%d9%8a%d9%84%d8%a7%d9%86\/#primaryimage","url":"https:\/\/beldify.shop\/wp-content\/uploads\/2020\/11\/illan-scaled.jpg","contentUrl":"https:\/\/beldify.shop\/wp-content\/uploads\/2020\/11\/illan-scaled.jpg","width":1920,"height":2560},{"@type":"BreadcrumbList","@id":"https:\/\/beldify.shop\/produit\/1kg-balboula-illan-%d8%a8%d9%84%d8%a8%d9%88%d9%84%d8%a9-%d8%a5%d9%8a%d9%84%d8%a7%d9%86\/#breadcrumb","itemListElement":[{"@type":"ListItem","position":1,"name":"Accueil","item":"https:\/\/beldify.shop\/"},{"@type":"ListItem","position":2,"name":"Boutique","item":"https:\/\/beldify.shop\/boutique\/"},{"@type":"ListItem","position":3,"name":"1kg Balboula illan \u0628\u0644\u0628\u0648\u0644\u0629 \u0625\u064a\u0644\u0627\u0646"}]},{"@type":"WebSite","@id":"https:\/\/beldify.shop\/#website","url":"https:\/\/beldify.shop\/","name":"Beldify.shop - Organic Life Style","description":"Moroccan Natural Products","potentialAction":[{"@type":"SearchAction","target":{"@type":"EntryPoint","urlTemplate":"https:\/\/beldify.shop\/?s={search_term_string}"},"query-input":{"@type":"PropertyValueSpecification","valueRequired":true,"valueName":"search_term_string"}}],"inLanguage":"es"}]}},"jetpack_publicize_connections":[],"jetpack_likes_enabled":true,"jetpack_sharing_enabled":true,"jetpack-related-posts":[],"_links":{"self":[{"href":"https:\/\/beldify.shop\/es\/wp-json\/wp\/v2\/product\/2777","targetHints":{"allow":["GET"]}}],"collection":[{"href":"https:\/\/beldify.shop\/es\/wp-json\/wp\/v2\/product"}],"about":[{"href":"https:\/\/beldify.shop\/es\/wp-json\/wp\/v2\/types\/product"}],"replies":[{"embeddable":true,"href":"https:\/\/beldify.shop\/es\/wp-json\/wp\/v2\/comments?post=2777"}],"wp:featuredmedia":[{"embeddable":true,"href":"https:\/\/beldify.shop\/es\/wp-json\/wp\/v2\/media\/2920"}],"wp:attachment":[{"href":"https:\/\/beldify.shop\/es\/wp-json\/wp\/v2\/media?parent=2777"}],"wp:term":[{"taxonomy":"product_brand","embeddable":true,"href":"https:\/\/beldify.shop\/es\/wp-json\/wp\/v2\/product_brand?post=2777"},{"taxonomy":"product_cat","embeddable":true,"href":"https:\/\/beldify.shop\/es\/wp-json\/wp\/v2\/product_cat?post=2777"},{"taxonomy":"product_tag","embeddable":true,"href":"https:\/\/beldify.shop\/es\/wp-json\/wp\/v2\/product_tag?post=2777"}],"curies":[{"name":"wp","href":"https:\/\/api.w.org\/{rel}","templated":true}]}}