{"id":2728,"date":"2020-11-11T09:32:59","date_gmt":"2020-11-11T09:32:59","guid":{"rendered":"https:\/\/organify.digitencia.comproduit\/piment-fort-rouge-%d9%81%d9%84%d9%81%d9%84-%d8%ad%d8%a7%d8%b1-%d8%a3%d8%ad%d9%85%d8%b1-copy\/"},"modified":"2026-01-13T22:47:10","modified_gmt":"2026-01-13T22:47:10","slug":"320g-piment-fort-verte-%d9%81%d9%84%d9%81%d9%84-%d8%ad%d8%a7%d8%b1-%d8%a3%d8%ae%d8%b6%d8%b1","status":"publish","type":"product","link":"https:\/\/beldify.shop\/es\/producto\/320g-piment-fort-verte-%d9%81%d9%84%d9%81%d9%84-%d8%ad%d8%a7%d8%b1-%d8%a3%d8%ae%d8%b6%d8%b1\/","title":{"rendered":"320g de pimiento verde picante en un frasco"},"content":{"rendered":"<div class=\"wpb-content-wrapper\"><div data-vc-full-width=\"true\" data-vc-full-width-temp=\"true\" data-vc-full-width-init=\"false\" class=\"vc_row wpb_row vc_row-fluid vc_custom_1490278559844 vc_row-has-fill vc_row-o-content-top vc_row-flex\"><div class=\"wpb_column vc_column_container vc_col-sm-4\"><div class=\"vc_column-inner vc_custom_1490276860346\"><div class=\"wpb_wrapper\">\t\t<div id=\"gallery_130\" class=\"wd-images-gallery wd-wpb photoswipe-images\" style=\"--wd-justify-content:center;--wd-align-items:center;\">\n\t\t\t\n\t\t\t<div class=\"wd-grid-g\" style=\"--wd-col-lg:1;--wd-col-md:1;--wd-col-sm:1;--wd-gap-lg:0px;\">\n\t\t\t\t\n\t\t\t\t\t\t\t\t\t\t\t\t\t\t\t<div class=\"wd-gallery-item wd-col\">\n\t\t\t\t\t\t\t\t\t\t\t\t\t\t<a href=\"https:\/\/beldify.shop\/wp-content\/uploads\/2020\/11\/karampromo2.jpg\" data-elementor-open-lightbox=\"no\" data-index=\"1\" data-width=\"986\" data-height=\"979\" \n\t\t\t\t\t\t\t\t\t\t\t\t >\n\t\t\t\t\t\t\t\t\n\t\t\t\t\t\t\t\t<img loading=\"lazy\" decoding=\"async\" width=\"700\" height=\"450\" src=\"https:\/\/beldify.shop\/wp-content\/uploads\/2020\/11\/karampromo2-700x450.jpg\" class=\"wd-gallery-image image-1\" alt=\"\" \/>\n\t\t\t\t\t\t\t\t\t\t\t\t\t\t\t<\/a>\n\t\t\t\t\t\t\t\t\t\t\t\t<\/div>\n\t\t\t\t\t\t\t\t\t\n\t\t\t\t\t\t\t<\/div>\n\n\t\t\t\t\t<\/div>\n\t\t<\/div><\/div><\/div><div class=\"wpb_column vc_column_container vc_col-sm-4\"><div class=\"vc_column-inner vc_custom_1490276808780\"><div class=\"wpb_wrapper\">\n\t\t<div id=\"wd-5faa947f2d187\" class=\"title-wrapper wd-wpb wd-set-mb reset-last-child  wd-rs-5faa947f2d187 wd-title-color-primary wd-title-style-underlined text-left vc_custom_1605014761059 wd-underline-colored\">\n\t\t\t\n\t\t\t<div class=\"liner-continer\">\n\t\t\t\t<h4 class=\"woodmart-title-container title  wd-font-weight-700 wd-fontsize-l\" >El Esp\u00edritu Santo y el Esp\u00edritu Santo<\/h4>\n\t\t\t\t\t\t\t<\/div>\n\t\t\t\n\t\t\t\n\t\t\t\n\t\t<\/div>\n\t\t\n\t\t\n\t<div class=\"wpb_text_column wpb_content_element vc_custom_1605016238435\" >\n\t\t<div class=\"wpb_wrapper\">\n\t\t\t<p style=\"text-align: right;\"><strong>El mundo isl\u00e1mico es un lugar donde los pueblos del mundo est\u00e1n unidos y cohesionados para formar un mundo unido y cohesionado.<\/strong><\/p>\n\n\t\t<\/div>\n\t<\/div>\n<\/div><\/div><\/div><div class=\"wpb_column vc_column_container vc_col-sm-4\"><div class=\"vc_column-inner vc_custom_1490276804851\"><div class=\"wpb_wrapper\">\n\t<div class=\"wpb_text_column wpb_content_element vc_custom_1605016469569\" >\n\t\t<div class=\"wpb_wrapper\">\n\t\t\t<p style=\"text-align: right;\"><strong>El hecho de que los habitantes del pa\u00eds est\u00e9n en peligro de ser golpeados por la tormenta es una se\u00f1al del hecho de que los habitantes del pa\u00eds est\u00e1n en peligro de ser golpeados por la tormenta:\u00a0<\/strong><\/p>\n<p style=\"text-align: right;\">\u00a0El sue\u00f1o del sue\u00f1o <strong>.<\/strong><\/p>\n<p style=\"text-align: right;\">\u00a0El Sagrado Cor\u00e1n <strong>.<\/strong><\/p>\n<p style=\"text-align: right;\">\u00a0El sult\u00e1n del sult\u00e1n del sult\u00e1n <strong>.<\/strong><\/p>\n<p style=\"text-align: right;\">\u00a0El musulm\u00e1n eminente en el mundo <strong>.<\/strong><\/p>\n\n\t\t<\/div>\n\t<\/div>\n<\/div><\/div><\/div><\/div><div class=\"vc_row-full-width vc_clearfix\"><\/div>\n<\/div>","protected":false},"excerpt":{"rendered":"<p>Se compone de chile verde picante y aceite de oliva.<\/p>\n<p style=\"text-align: right;\">Estoy muy feliz con mi familia y amigos.<\/p>","protected":false},"featured_media":2730,"comment_status":"open","ping_status":"closed","template":"","meta":{"_angie_page":false,"inline_featured_image":false,"jetpack_publicize_message":"","jetpack_publicize_feature_enabled":true,"jetpack_social_post_already_shared":false,"jetpack_social_options":{"image_generator_settings":{"template":"highway","default_image_id":0,"font":"","enabled":false},"version":2}},"product_brand":[],"product_cat":[57],"product_tag":[103,102,104],"class_list":{"0":"post-2728","1":"product","2":"type-product","3":"status-publish","4":"has-post-thumbnail","6":"product_cat-cornichons-","7":"product_tag-alkarama","8":"product_tag-102","9":"product_tag-104","11":"first","12":"instock","13":"purchasable","14":"product-type-simple"},"yoast_head":"<!-- This site is optimized with the Yoast SEO plugin v27.5 - https:\/\/yoast.com\/product\/yoast-seo-wordpress\/ -->\n<title>320g Piment fort verte \u0641\u0644\u0641\u0644 \u062d\u0627\u0631 \u0623\u062e\u0636\u0631 - Beldify.shop - Organic Life Style<\/title>\n<meta name=\"robots\" content=\"index, follow, max-snippet:-1, max-image-preview:large, max-video-preview:-1\" \/>\n<link rel=\"canonical\" href=\"https:\/\/beldify.shop\/es\/producto\/320g-piment-fort-verte-\u0641\u0644\u0641\u0644-\u062d\u0627\u0631-\u0623\u062e\u0636\u0631\/\" \/>\n<meta property=\"og:locale\" content=\"es_MX\" \/>\n<meta property=\"og:type\" content=\"article\" \/>\n<meta property=\"og:title\" content=\"320g Piment fort verte \u0641\u0644\u0641\u0644 \u062d\u0627\u0631 \u0623\u062e\u0636\u0631 - Beldify.shop - Organic Life Style\" \/>\n<meta property=\"og:description\" content=\"Il se compose de piment fort vert et d&#039;huile d&#039;olive. \u064a\u062a\u0643\u0648\u0646 \u0645\u0646 \u0641\u0644\u0641\u0644 \u062d\u0627\u0631 \u0623\u062e\u0636\u0631 \u0648\u0632\u064a\u062a \u0627\u0644\u0632\u064a\u062a\u0648\u0646\" \/>\n<meta property=\"og:url\" content=\"https:\/\/beldify.shop\/es\/producto\/320g-piment-fort-verte-\u0641\u0644\u0641\u0644-\u062d\u0627\u0631-\u0623\u062e\u0636\u0631\/\" \/>\n<meta property=\"og:site_name\" content=\"Beldify.shop - Organic Life Style\" \/>\n<meta property=\"article:publisher\" content=\"https:\/\/www.facebook.com\/beldify.shop\" \/>\n<meta property=\"article:modified_time\" content=\"2026-01-13T22:47:10+00:00\" \/>\n<meta property=\"og:image\" content=\"https:\/\/beldify.shop\/wp-content\/uploads\/2020\/11\/piment-fort-verte.jpg\" \/>\n\t<meta property=\"og:image:width\" content=\"723\" \/>\n\t<meta property=\"og:image:height\" content=\"1280\" \/>\n\t<meta property=\"og:image:type\" content=\"image\/jpeg\" \/>\n<meta name=\"twitter:card\" content=\"summary_large_image\" \/>\n<meta name=\"twitter:label1\" content=\"Tiempo de lectura\" \/>\n\t<meta name=\"twitter:data1\" content=\"2 minutos\" \/>\n<script type=\"application\/ld+json\" class=\"yoast-schema-graph\">{\"@context\":\"https:\\\/\\\/schema.org\",\"@graph\":[{\"@type\":\"WebPage\",\"@id\":\"https:\\\/\\\/beldify.shop\\\/produit\\\/320g-piment-fort-verte-%d9%81%d9%84%d9%81%d9%84-%d8%ad%d8%a7%d8%b1-%d8%a3%d8%ae%d8%b6%d8%b1\\\/\",\"url\":\"https:\\\/\\\/beldify.shop\\\/produit\\\/320g-piment-fort-verte-%d9%81%d9%84%d9%81%d9%84-%d8%ad%d8%a7%d8%b1-%d8%a3%d8%ae%d8%b6%d8%b1\\\/\",\"name\":\"320g Piment fort verte \u0641\u0644\u0641\u0644 \u062d\u0627\u0631 \u0623\u062e\u0636\u0631 - Beldify.shop - Organic Life Style\",\"isPartOf\":{\"@id\":\"https:\\\/\\\/beldify.shop\\\/#website\"},\"primaryImageOfPage\":{\"@id\":\"https:\\\/\\\/beldify.shop\\\/produit\\\/320g-piment-fort-verte-%d9%81%d9%84%d9%81%d9%84-%d8%ad%d8%a7%d8%b1-%d8%a3%d8%ae%d8%b6%d8%b1\\\/#primaryimage\"},\"image\":{\"@id\":\"https:\\\/\\\/beldify.shop\\\/produit\\\/320g-piment-fort-verte-%d9%81%d9%84%d9%81%d9%84-%d8%ad%d8%a7%d8%b1-%d8%a3%d8%ae%d8%b6%d8%b1\\\/#primaryimage\"},\"thumbnailUrl\":\"https:\\\/\\\/beldify.shop\\\/wp-content\\\/uploads\\\/2020\\\/11\\\/piment-fort-verte.jpg\",\"datePublished\":\"2020-11-11T09:32:59+00:00\",\"dateModified\":\"2026-01-13T22:47:10+00:00\",\"breadcrumb\":{\"@id\":\"https:\\\/\\\/beldify.shop\\\/produit\\\/320g-piment-fort-verte-%d9%81%d9%84%d9%81%d9%84-%d8%ad%d8%a7%d8%b1-%d8%a3%d8%ae%d8%b6%d8%b1\\\/#breadcrumb\"},\"inLanguage\":\"es\",\"potentialAction\":[{\"@type\":\"ReadAction\",\"target\":[\"https:\\\/\\\/beldify.shop\\\/produit\\\/320g-piment-fort-verte-%d9%81%d9%84%d9%81%d9%84-%d8%ad%d8%a7%d8%b1-%d8%a3%d8%ae%d8%b6%d8%b1\\\/\"]}]},{\"@type\":\"ImageObject\",\"inLanguage\":\"es\",\"@id\":\"https:\\\/\\\/beldify.shop\\\/produit\\\/320g-piment-fort-verte-%d9%81%d9%84%d9%81%d9%84-%d8%ad%d8%a7%d8%b1-%d8%a3%d8%ae%d8%b6%d8%b1\\\/#primaryimage\",\"url\":\"https:\\\/\\\/beldify.shop\\\/wp-content\\\/uploads\\\/2020\\\/11\\\/piment-fort-verte.jpg\",\"contentUrl\":\"https:\\\/\\\/beldify.shop\\\/wp-content\\\/uploads\\\/2020\\\/11\\\/piment-fort-verte.jpg\",\"width\":723,\"height\":1280},{\"@type\":\"BreadcrumbList\",\"@id\":\"https:\\\/\\\/beldify.shop\\\/produit\\\/320g-piment-fort-verte-%d9%81%d9%84%d9%81%d9%84-%d8%ad%d8%a7%d8%b1-%d8%a3%d8%ae%d8%b6%d8%b1\\\/#breadcrumb\",\"itemListElement\":[{\"@type\":\"ListItem\",\"position\":1,\"name\":\"Accueil\",\"item\":\"https:\\\/\\\/beldify.shop\\\/\"},{\"@type\":\"ListItem\",\"position\":2,\"name\":\"Boutique\",\"item\":\"https:\\\/\\\/beldify.shop\\\/boutique\\\/\"},{\"@type\":\"ListItem\",\"position\":3,\"name\":\"320g Piment fort verte \u0641\u0644\u0641\u0644 \u062d\u0627\u0631 \u0623\u062e\u0636\u0631\"}]},{\"@type\":\"WebSite\",\"@id\":\"https:\\\/\\\/beldify.shop\\\/#website\",\"url\":\"https:\\\/\\\/beldify.shop\\\/\",\"name\":\"Beldify.shop - Organic Life Style\",\"description\":\"Moroccan Natural Products\",\"potentialAction\":[{\"@type\":\"SearchAction\",\"target\":{\"@type\":\"EntryPoint\",\"urlTemplate\":\"https:\\\/\\\/beldify.shop\\\/?s={search_term_string}\"},\"query-input\":{\"@type\":\"PropertyValueSpecification\",\"valueRequired\":true,\"valueName\":\"search_term_string\"}}],\"inLanguage\":\"es\"}]}<\/script>\n<!-- \/ Yoast SEO plugin. -->","yoast_head_json":{"title":"320g Piment fort verte \u0641\u0644\u0641\u0644 \u062d\u0627\u0631 \u0623\u062e\u0636\u0631 - Beldify.shop - Organic Life Style","robots":{"index":"index","follow":"follow","max-snippet":"max-snippet:-1","max-image-preview":"max-image-preview:large","max-video-preview":"max-video-preview:-1"},"canonical":"https:\/\/beldify.shop\/es\/producto\/320g-piment-fort-verte-\u0641\u0644\u0641\u0644-\u062d\u0627\u0631-\u0623\u062e\u0636\u0631\/","og_locale":"es_MX","og_type":"article","og_title":"320g Piment fort verte \u0641\u0644\u0641\u0644 \u062d\u0627\u0631 \u0623\u062e\u0636\u0631 - Beldify.shop - Organic Life Style","og_description":"Il se compose de piment fort vert et d'huile d'olive. \u064a\u062a\u0643\u0648\u0646 \u0645\u0646 \u0641\u0644\u0641\u0644 \u062d\u0627\u0631 \u0623\u062e\u0636\u0631 \u0648\u0632\u064a\u062a \u0627\u0644\u0632\u064a\u062a\u0648\u0646","og_url":"https:\/\/beldify.shop\/es\/producto\/320g-piment-fort-verte-\u0641\u0644\u0641\u0644-\u062d\u0627\u0631-\u0623\u062e\u0636\u0631\/","og_site_name":"Beldify.shop - Organic Life Style","article_publisher":"https:\/\/www.facebook.com\/beldify.shop","article_modified_time":"2026-01-13T22:47:10+00:00","og_image":[{"width":723,"height":1280,"url":"https:\/\/beldify.shop\/wp-content\/uploads\/2020\/11\/piment-fort-verte.jpg","type":"image\/jpeg"}],"twitter_card":"summary_large_image","twitter_misc":{"Tiempo de lectura":"2 minutos"},"schema":{"@context":"https:\/\/schema.org","@graph":[{"@type":"WebPage","@id":"https:\/\/beldify.shop\/produit\/320g-piment-fort-verte-%d9%81%d9%84%d9%81%d9%84-%d8%ad%d8%a7%d8%b1-%d8%a3%d8%ae%d8%b6%d8%b1\/","url":"https:\/\/beldify.shop\/produit\/320g-piment-fort-verte-%d9%81%d9%84%d9%81%d9%84-%d8%ad%d8%a7%d8%b1-%d8%a3%d8%ae%d8%b6%d8%b1\/","name":"320g Piment fort verte \u0641\u0644\u0641\u0644 \u062d\u0627\u0631 \u0623\u062e\u0636\u0631 - Beldify.shop - Organic Life Style","isPartOf":{"@id":"https:\/\/beldify.shop\/#website"},"primaryImageOfPage":{"@id":"https:\/\/beldify.shop\/produit\/320g-piment-fort-verte-%d9%81%d9%84%d9%81%d9%84-%d8%ad%d8%a7%d8%b1-%d8%a3%d8%ae%d8%b6%d8%b1\/#primaryimage"},"image":{"@id":"https:\/\/beldify.shop\/produit\/320g-piment-fort-verte-%d9%81%d9%84%d9%81%d9%84-%d8%ad%d8%a7%d8%b1-%d8%a3%d8%ae%d8%b6%d8%b1\/#primaryimage"},"thumbnailUrl":"https:\/\/beldify.shop\/wp-content\/uploads\/2020\/11\/piment-fort-verte.jpg","datePublished":"2020-11-11T09:32:59+00:00","dateModified":"2026-01-13T22:47:10+00:00","breadcrumb":{"@id":"https:\/\/beldify.shop\/produit\/320g-piment-fort-verte-%d9%81%d9%84%d9%81%d9%84-%d8%ad%d8%a7%d8%b1-%d8%a3%d8%ae%d8%b6%d8%b1\/#breadcrumb"},"inLanguage":"es","potentialAction":[{"@type":"ReadAction","target":["https:\/\/beldify.shop\/produit\/320g-piment-fort-verte-%d9%81%d9%84%d9%81%d9%84-%d8%ad%d8%a7%d8%b1-%d8%a3%d8%ae%d8%b6%d8%b1\/"]}]},{"@type":"ImageObject","inLanguage":"es","@id":"https:\/\/beldify.shop\/produit\/320g-piment-fort-verte-%d9%81%d9%84%d9%81%d9%84-%d8%ad%d8%a7%d8%b1-%d8%a3%d8%ae%d8%b6%d8%b1\/#primaryimage","url":"https:\/\/beldify.shop\/wp-content\/uploads\/2020\/11\/piment-fort-verte.jpg","contentUrl":"https:\/\/beldify.shop\/wp-content\/uploads\/2020\/11\/piment-fort-verte.jpg","width":723,"height":1280},{"@type":"BreadcrumbList","@id":"https:\/\/beldify.shop\/produit\/320g-piment-fort-verte-%d9%81%d9%84%d9%81%d9%84-%d8%ad%d8%a7%d8%b1-%d8%a3%d8%ae%d8%b6%d8%b1\/#breadcrumb","itemListElement":[{"@type":"ListItem","position":1,"name":"Accueil","item":"https:\/\/beldify.shop\/"},{"@type":"ListItem","position":2,"name":"Boutique","item":"https:\/\/beldify.shop\/boutique\/"},{"@type":"ListItem","position":3,"name":"320g Piment fort verte \u0641\u0644\u0641\u0644 \u062d\u0627\u0631 \u0623\u062e\u0636\u0631"}]},{"@type":"WebSite","@id":"https:\/\/beldify.shop\/#website","url":"https:\/\/beldify.shop\/","name":"Beldify.shop - Organic Life Style","description":"Moroccan Natural Products","potentialAction":[{"@type":"SearchAction","target":{"@type":"EntryPoint","urlTemplate":"https:\/\/beldify.shop\/?s={search_term_string}"},"query-input":{"@type":"PropertyValueSpecification","valueRequired":true,"valueName":"search_term_string"}}],"inLanguage":"es"}]}},"jetpack_publicize_connections":[],"jetpack_likes_enabled":true,"jetpack_sharing_enabled":true,"jetpack-related-posts":[],"_links":{"self":[{"href":"https:\/\/beldify.shop\/es\/wp-json\/wp\/v2\/product\/2728","targetHints":{"allow":["GET"]}}],"collection":[{"href":"https:\/\/beldify.shop\/es\/wp-json\/wp\/v2\/product"}],"about":[{"href":"https:\/\/beldify.shop\/es\/wp-json\/wp\/v2\/types\/product"}],"replies":[{"embeddable":true,"href":"https:\/\/beldify.shop\/es\/wp-json\/wp\/v2\/comments?post=2728"}],"wp:featuredmedia":[{"embeddable":true,"href":"https:\/\/beldify.shop\/es\/wp-json\/wp\/v2\/media\/2730"}],"wp:attachment":[{"href":"https:\/\/beldify.shop\/es\/wp-json\/wp\/v2\/media?parent=2728"}],"wp:term":[{"taxonomy":"product_brand","embeddable":true,"href":"https:\/\/beldify.shop\/es\/wp-json\/wp\/v2\/product_brand?post=2728"},{"taxonomy":"product_cat","embeddable":true,"href":"https:\/\/beldify.shop\/es\/wp-json\/wp\/v2\/product_cat?post=2728"},{"taxonomy":"product_tag","embeddable":true,"href":"https:\/\/beldify.shop\/es\/wp-json\/wp\/v2\/product_tag?post=2728"}],"curies":[{"name":"wp","href":"https:\/\/api.w.org\/{rel}","templated":true}]}}