{"id":996,"date":"2017-09-22T13:16:43","date_gmt":"2017-09-22T13:16:43","guid":{"rendered":"http:\/\/dummy.xtemos.com\/woodmart\/demos\/?page_id=996"},"modified":"2021-01-04T05:20:46","modified_gmt":"2021-01-04T05:20:46","slug":"demarche","status":"publish","type":"page","link":"https:\/\/beldify.shop\/es\/demarche\/","title":{"rendered":"Nuestro enfoque"},"content":{"rendered":"<div class=\"wpb-content-wrapper\"><div class=\"vc_row wpb_row vc_row-fluid vc_custom_1505555012006 vc_row-o-content-middle vc_row-flex\"><div class=\"wpb_column vc_column_container vc_col-sm-8 vc_col-md-6\"><div class=\"vc_column-inner\"><div class=\"wpb_wrapper\">\n\t\t<div id=\"wd-5ff2967b6acf5\" class=\"title-wrapper wd-wpb wd-set-mb reset-last-child  wd-rs-5ff2967b6acf5 wd-title-color-default wd-title-style-default text-left  wd-underline-colored\">\n\t\t\t\n\t\t\t<div class=\"liner-continer\">\n\t\t\t\t<h3 class=\"woodmart-title-container title  wd-font-weight- wd-fontsize-xxl\" >As\u00ed trabajan artesanalmente nuestras cooperativas<\/h3>\n\t\t\t\t\t\t\t<\/div>\n\t\t\t\n\t\t\t\n\t\t\t\n\t\t<\/div>\n\t\t\n\t\t\t\t\t<div id=\"wd-5ff2a56b9698c\" class=\"wd-text-block-wrapper wd-wpb wd-rs-5ff2a56b9698c color-scheme-custom text-left vc_custom_1609741320804\">\n\t\t\t\t<div class=\"woodmart-title-container woodmart-text-block reset-last-child font-primary wd-font-weight-400\">\n\t\t\t\t\t<strong>\u00a1Casero!\u00a0<\/strong> Nos permite promover el saber hacer de los productores artesanos e informar al consumidor que el producto que va a consumir fue elaborado en el lugar a partir de elementos crudos de la naturaleza.\t\t\t\t<\/div>\n\n\t\t\t\t\t\t\t<\/div>\n\t\t<div class=\"vc_empty_space\"   style=\"height: 64px\"><span class=\"vc_empty_space_inner\"><\/span><\/div><div id=\"wd-5f9c186803614\" class=\"wd-rs-5f9c186803614  wd-button-wrapper text-center inline-element\"><a href=\"https:\/\/beldify.shop\/es\/boutique\/\" title=\"Comercio\" class=\"btn btn-color-primary btn-style-default btn-shape-rectangle btn-size-default\">Haz tus compras<\/a><\/div><div id=\"wd-5ff28fedd705c\" class=\"wd-rs-5ff28fedd705c  wd-button-wrapper text-center inline-element\"><a href=\"https:\/\/beldify.shop\/es\/mantoujate-benimellal\/\" title=\"Mercado ecol\u00f3gico\" class=\"btn btn-style-bordered btn-shape-rectangle btn-size-default\">Acerca de<\/a><\/div><div class=\"vc_empty_space\"   style=\"height: 96px\"><span class=\"vc_empty_space_inner\"><\/span><\/div><\/div><\/div><\/div><div class=\"wpb_column vc_column_container vc_col-sm-4 vc_col-md-6 vc_col-xs-12 vc_col-has-fill color-scheme-dark\"><div class=\"vc_column-inner vc_custom_1505897347535\"><div class=\"wpb_wrapper\"><div class=\"wpb_images_carousel wpb_content_element vc_clearfix\"><div class=\"wpb_wrapper\"><div id=\"vc_images-carousel-1-1778250536\" data-ride=\"vc_carousel\" data-wrap=\"true\" style=\"width: 300px;\" data-interval=\"5000\" data-auto-height=\"yes\" data-mode=\"horizontal\" data-partial=\"false\" data-per-view=\"1\" data-hide-on-end=\"false\" class=\"vc_slide vc_images_carousel\"><ol class=\"vc_carousel-indicators\"><li data-target=\"#vc_images-carousel-1-1778250536\" data-slide-to=\"0\"><\/li><li data-target=\"#vc_images-carousel-1-1778250536\" data-slide-to=\"1\"><\/li><\/ol><div class=\"vc_carousel-inner\"><div class=\"vc_carousel-slideline\"><div class=\"vc_carousel-slideline-inner\"><div class=\"vc_item\"><div class=\"vc_inner\"><img loading=\"lazy\" decoding=\"async\" width=\"300\" height=\"243\" src=\"https:\/\/beldify.shop\/wp-content\/uploads\/2020\/11\/427314_MarocMai12_18-300x243.jpg\" class=\"attachment-medium\" alt=\"\" title=\"BAHM0427314.jpg\" srcset=\"https:\/\/beldify.shop\/wp-content\/uploads\/2020\/11\/427314_MarocMai12_18-300x243.jpg 300w, https:\/\/beldify.shop\/wp-content\/uploads\/2020\/11\/427314_MarocMai12_18-150x122.jpg 150w, https:\/\/beldify.shop\/wp-content\/uploads\/2020\/11\/427314_MarocMai12_18-600x487.jpg 600w, https:\/\/beldify.shop\/wp-content\/uploads\/2020\/11\/427314_MarocMai12_18-1024x830.jpg 1024w, https:\/\/beldify.shop\/wp-content\/uploads\/2020\/11\/427314_MarocMai12_18-768x623.jpg 768w, https:\/\/beldify.shop\/wp-content\/uploads\/2020\/11\/427314_MarocMai12_18.jpg 1397w\" sizes=\"auto, (max-width: 300px) 100vw, 300px\" \/><\/div><\/div><div class=\"vc_item\"><div class=\"vc_inner\"><img loading=\"lazy\" decoding=\"async\" width=\"300\" height=\"188\" src=\"https:\/\/beldify.shop\/wp-content\/uploads\/2020\/11\/turkwa6352000000_l-300x188.jpg\" class=\"attachment-medium\" alt=\"\" title=\"turkwa6352000000_l\" srcset=\"https:\/\/beldify.shop\/wp-content\/uploads\/2020\/11\/turkwa6352000000_l-300x188.jpg 300w, https:\/\/beldify.shop\/wp-content\/uploads\/2020\/11\/turkwa6352000000_l-150x94.jpg 150w, https:\/\/beldify.shop\/wp-content\/uploads\/2020\/11\/turkwa6352000000_l-450x281.jpg 450w, https:\/\/beldify.shop\/wp-content\/uploads\/2020\/11\/turkwa6352000000_l.jpg 480w\" sizes=\"auto, (max-width: 300px) 100vw, 300px\" \/><\/div><\/div><\/div><\/div><\/div><a class=\"vc_left vc_carousel-control\" href=\"#vc_images-carousel-1-1778250536\" data-slide=\"prev\"><span class=\"icon-prev\"><\/span><\/a><a class=\"vc_right vc_carousel-control\" href=\"#vc_images-carousel-1-1778250536\" data-slide=\"next\"><span class=\"icon-next\"><\/span><\/a><\/div><\/div><\/div><\/div><\/div><\/div><\/div><div data-vc-full-width=\"true\" data-vc-full-width-temp=\"true\" data-vc-full-width-init=\"false\" data-vc-stretch-content=\"true\" class=\"vc_row wpb_row vc_row-fluid vc_custom_1609736058382 vc_row-no-padding vc_row-o-equal-height vc_row-flex\"><div class=\"wpb_column vc_column_container vc_col-sm-6 vc_col-md-3 vc_col-has-fill color-scheme-light\"><div class=\"vc_column-inner vc_custom_1535370122548\"><div class=\"wpb_wrapper\">\t\t\t<div class=\"info-box-wrapper\">\n\t\t\t\t<div id=\"wd-5ff296e48d913\" class=\"wd-rs-5ff296e48d913 wd-info-box wd-wpb text-left box-icon-align-top box-style- color-scheme-light wd-bg-none vc_custom_1609737543630\">\n\t\t\t\t\t\t\t\t\t\t\t<div class=\"box-icon-wrapper  box-with-text text-size-large box-icon-simple\">\n\t\t\t\t\t\t\t<div class=\"info-box-icon\">\n\n\t\t\t\t\t\t\t\t\t\t\t\t\t\t\t1.\t\t\t\t\t\t\t\n\t\t\t\t\t\t\t<\/div>\n\t\t\t\t\t\t<\/div>\n\t\t\t\t\t\t\t\t\t\t<div class=\"info-box-content\">\n\t\t\t\t\t\t<h4 class=\"info-box-title title box-title-style-default wd-fontsize-s\">Productos cuidadosamente elaborados<\/h4>\t\t\t\t\t\t<div class=\"info-box-inner reset-last-child\"><\/div>\n\n\t\t\t\t\t\t\t\t\t\t\t<\/div>\n\n\t\t\t\t\t\n\t\t\t\t\t<style><\/style>\t\t\t\t<\/div>\n\t\t\t<\/div>\n\t\t<\/div><\/div><\/div><div class=\"wpb_column vc_column_container vc_col-sm-6 vc_col-md-3 vc_col-has-fill color-scheme-light\"><div class=\"vc_column-inner vc_custom_1514463990475\"><div class=\"wpb_wrapper\">\t\t\t<div class=\"info-box-wrapper\">\n\t\t\t\t<div id=\"wd-5ff296edcdd10\" class=\"wd-rs-5ff296edcdd10 wd-info-box wd-wpb text-left box-icon-align-top box-style- color-scheme-light wd-bg-none vc_custom_1609737552539\">\n\t\t\t\t\t\t\t\t\t\t\t<div class=\"box-icon-wrapper  box-with-text text-size-large box-icon-simple\">\n\t\t\t\t\t\t\t<div class=\"info-box-icon\">\n\n\t\t\t\t\t\t\t\t\t\t\t\t\t\t\t2.\t\t\t\t\t\t\t\n\t\t\t\t\t\t\t<\/div>\n\t\t\t\t\t\t<\/div>\n\t\t\t\t\t\t\t\t\t\t<div class=\"info-box-content\">\n\t\t\t\t\t\t<h4 class=\"info-box-title title box-title-style-default wd-fontsize-s\">Reci\u00e9n preparado<\/h4>\t\t\t\t\t\t<div class=\"info-box-inner reset-last-child\"><\/div>\n\n\t\t\t\t\t\t\t\t\t\t\t<\/div>\n\n\t\t\t\t\t\n\t\t\t\t\t<style><\/style>\t\t\t\t<\/div>\n\t\t\t<\/div>\n\t\t<\/div><\/div><\/div><div class=\"wpb_column vc_column_container vc_col-sm-6 vc_col-md-3 vc_col-has-fill color-scheme-light\"><div class=\"vc_column-inner vc_custom_1514463997859\"><div class=\"wpb_wrapper\">\t\t\t<div class=\"info-box-wrapper\">\n\t\t\t\t<div id=\"wd-5ff296f6945c9\" class=\"wd-rs-5ff296f6945c9 wd-info-box wd-wpb text-left box-icon-align-top box-style- color-scheme-light wd-bg-none vc_custom_1609737561805\">\n\t\t\t\t\t\t\t\t\t\t\t<div class=\"box-icon-wrapper  box-with-text text-size-large box-icon-simple\">\n\t\t\t\t\t\t\t<div class=\"info-box-icon\">\n\n\t\t\t\t\t\t\t\t\t\t\t\t\t\t\t3.\t\t\t\t\t\t\t\n\t\t\t\t\t\t\t<\/div>\n\t\t\t\t\t\t<\/div>\n\t\t\t\t\t\t\t\t\t\t<div class=\"info-box-content\">\n\t\t\t\t\t\t<h4 class=\"info-box-title title box-title-style-default wd-fontsize-s\">Bien empaquetado<\/h4>\t\t\t\t\t\t<div class=\"info-box-inner reset-last-child\"><\/div>\n\n\t\t\t\t\t\t\t\t\t\t\t<\/div>\n\n\t\t\t\t\t\n\t\t\t\t\t<style><\/style>\t\t\t\t<\/div>\n\t\t\t<\/div>\n\t\t<\/div><\/div><\/div><div class=\"wpb_column vc_column_container vc_col-sm-6 vc_col-md-3 vc_col-has-fill color-scheme-light\"><div class=\"vc_column-inner vc_custom_1514464010897\"><div class=\"wpb_wrapper\">\t\t\t<div class=\"info-box-wrapper\">\n\t\t\t\t<div id=\"wd-5ff296ffa3751\" class=\"wd-rs-5ff296ffa3751 wd-info-box wd-wpb text-left box-icon-align-top box-style- color-scheme-light wd-bg-none vc_custom_1609737571007\">\n\t\t\t\t\t\t\t\t\t\t\t<div class=\"box-icon-wrapper  box-with-text text-size-large box-icon-simple\">\n\t\t\t\t\t\t\t<div class=\"info-box-icon\">\n\n\t\t\t\t\t\t\t\t\t\t\t\t\t\t\t4.\t\t\t\t\t\t\t\n\t\t\t\t\t\t\t<\/div>\n\t\t\t\t\t\t<\/div>\n\t\t\t\t\t\t\t\t\t\t<div class=\"info-box-content\">\n\t\t\t\t\t\t<h4 class=\"info-box-title title box-title-style-default wd-fontsize-s\">Entregado de manera eficiente<\/h4>\t\t\t\t\t\t<div class=\"info-box-inner reset-last-child\"><\/div>\n\n\t\t\t\t\t\t\t\t\t\t\t<\/div>\n\n\t\t\t\t\t\n\t\t\t\t\t<style><\/style>\t\t\t\t<\/div>\n\t\t\t<\/div>\n\t\t<\/div><\/div><\/div><\/div><div class=\"vc_row-full-width vc_clearfix\"><\/div><div class=\"vc_row wpb_row vc_row-fluid vc_custom_1609735006134 vc_row-o-equal-height vc_row-flex\"><div class=\"wpb_column vc_column_container vc_col-sm-12 vc_col-has-fill color-scheme-dark\"><div class=\"vc_column-inner vc_custom_1505552126475\"><div class=\"wpb_wrapper\">\t\t\t<div id=\"wd-5fb70c9d914d0\" class=\"wd-text-block-wrapper wd-wpb wd-rs-5fb70c9d914d0 color-scheme-custom text-center wd-width-enabled vc_custom_1605831846985\" style=\"--wd-max-width: 50%;\">\n\t\t\t\t<div class=\"woodmart-title-container woodmart-text-block reset-last-child font-primary wd-font-weight-400\">\n\t\t\t\t\tTransformar cooperativas para promover productos locales\t\t\t\t<\/div>\n\n\t\t\t\t\t\t\t<\/div>\n\t\t\n\t\t<div id=\"wd-5ff29758906d3\" class=\"title-wrapper wd-wpb wd-set-mb reset-last-child  wd-rs-5ff29758906d3 wd-title-color-default wd-title-style-default text-center  wd-width-enabled wd-underline-colored\" style=\"--wd-max-width: 60%;\">\n\t\t\t\n\t\t\t<div class=\"liner-continer\">\n\t\t\t\t<h4 class=\"woodmart-title-container title  wd-font-weight- wd-fontsize-l\" >Digitalizaci\u00f3n de la cooperativa de la regi\u00f3n de Beni Mellal Kh\u00e9nifra<\/h4>\n\t\t\t\t\t\t\t<\/div>\n\t\t\t\n\t\t\t\n\t\t\t\n\t\t<\/div>\n\t\t\n\t\t<\/div><\/div><\/div><\/div><div data-vc-full-width=\"true\" data-vc-full-width-temp=\"true\" data-vc-full-width-init=\"false\" class=\"vc_row wpb_row vc_row-fluid vc_custom_1609736567269 vc_row-has-fill\"><div class=\"wpb_column vc_column_container vc_col-sm-4\"><div class=\"vc_column-inner\"><div class=\"wpb_wrapper\">\t\t\t<div class=\"info-box-wrapper\">\n\t\t\t\t<div id=\"wd-5f0486db4dff8\" class=\"wd-rs-5f0486db4dff8 wd-info-box wd-wpb text-center box-icon-align-top box-style- color-scheme- wd-bg-none vc_custom_1594132201978\">\n\t\t\t\t\t\t\t\t\t\t\t<div class=\"box-icon-wrapper  box-with-icon box-icon-simple\">\n\t\t\t\t\t\t\t<div class=\"info-box-icon\">\n\n\t\t\t\t\t\t\t\n\t\t\t\t\t\t\t\t\t\t\t\t\t\t\t\t\t<img loading=\"lazy\" decoding=\"async\" width=\"50\" height=\"50\" src=\"https:\/\/beldify.shop\/wp-content\/uploads\/2020\/07\/3dprint-50x50.jpg\" class=\"attachment-50x50 size-50x50\" alt=\"\" \/>\t\t\t\t\t\t\t\t\t\t\t\t\t\t\t\n\t\t\t\t\t\t\t<\/div>\n\t\t\t\t\t\t<\/div>\n\t\t\t\t\t\t\t\t\t\t<div class=\"info-box-content\">\n\t\t\t\t\t\t<div class=\"info-box-subtitle subtitle-color-primary wd-fontsize-xs subtitle-style-default\"><strong>PROTOTIPADO<\/strong><\/div>\t\t\t\t\t\t<div class=\"info-box-inner reset-last-child\"><p>Fabricaci\u00f3n de modelos para el producto cooperativo local.<\/p>\n<\/div>\n\n\t\t\t\t\t\t\t\t\t\t\t<\/div>\n\n\t\t\t\t\t\n\t\t\t\t\t\t\t\t\t<\/div>\n\t\t\t<\/div>\n\t\t<\/div><\/div><\/div><div class=\"wpb_column vc_column_container vc_col-sm-4\"><div class=\"vc_column-inner\"><div class=\"wpb_wrapper\">\t\t\t<div class=\"info-box-wrapper\">\n\t\t\t\t<div id=\"wd-5f04892f372b7\" class=\"wd-rs-5f04892f372b7 wd-info-box wd-wpb text-center box-icon-align-top box-style- color-scheme- wd-bg-none vc_custom_1594132835677\">\n\t\t\t\t\t\t\t\t\t\t\t<div class=\"box-icon-wrapper  box-with-icon box-icon-simple\">\n\t\t\t\t\t\t\t<div class=\"info-box-icon\">\n\n\t\t\t\t\t\t\t\n\t\t\t\t\t\t\t\t\t\t\t\t\t\t\t\t\t<img loading=\"lazy\" decoding=\"async\" width=\"50\" height=\"50\" src=\"https:\/\/beldify.shop\/wp-content\/uploads\/2020\/07\/micro-50x50.png\" class=\"attachment-50x50 size-50x50\" alt=\"\" \/>\t\t\t\t\t\t\t\t\t\t\t\t\t\t\t\n\t\t\t\t\t\t\t<\/div>\n\t\t\t\t\t\t<\/div>\n\t\t\t\t\t\t\t\t\t\t<div class=\"info-box-content\">\n\t\t\t\t\t\t<div class=\"info-box-subtitle subtitle-color-primary wd-fontsize-xs subtitle-style-default\"><strong>MICRONIZACI\u00d3N<\/strong><\/div>\t\t\t\t\t\t<div class=\"info-box-inner reset-last-child\"><p>Es una estrategia empresarial inteligente para las cooperativas. En lugar de intentar ser todo para todos, concentras tu tiempo y energ\u00eda en hacer una cosa extremadamente bien. Su objetivo es ser el mejor en su regi\u00f3n o en el mundo en esa especialidad principal.<\/p>\n<\/div>\n\n\t\t\t\t\t\t\t\t\t\t\t<\/div>\n\n\t\t\t\t\t\n\t\t\t\t\t\t\t\t\t<\/div>\n\t\t\t<\/div>\n\t\t<div class=\"vc_empty_space\"   style=\"height: 32px\"><span class=\"vc_empty_space_inner\"><\/span><\/div><div id=\"wd-5ff28baccfc33\" class=\"wd-rs-5ff28baccfc33  wd-button-wrapper text-center\"><a href=\"https:\/\/beldify.shop\/es\/inscription-du-cooperative\/\" title=\"Registro\" class=\"btn btn-color-black btn-style-default btn-shape-rectangle btn-size-default\">Convi\u00e9rtete en socio<\/a><\/div><div class=\"vc_empty_space\"   style=\"height: 32px\"><span class=\"vc_empty_space_inner\"><\/span><\/div><\/div><\/div><\/div><div class=\"wpb_column vc_column_container vc_col-sm-4\"><div class=\"vc_column-inner\"><div class=\"wpb_wrapper\">\t\t\t<div class=\"info-box-wrapper\">\n\t\t\t\t<div id=\"wd-5f0484b316ca0\" class=\"wd-rs-5f0484b316ca0 wd-info-box wd-wpb text-center box-icon-align-top box-style- color-scheme- wd-bg-none vc_custom_1594131660355\">\n\t\t\t\t\t\t\t\t\t\t\t<div class=\"box-icon-wrapper  box-with-icon box-icon-simple\">\n\t\t\t\t\t\t\t<div class=\"info-box-icon\">\n\n\t\t\t\t\t\t\t\n\t\t\t\t\t\t\t\t\t\t\t\t\t\t\t\t\t<img loading=\"lazy\" decoding=\"async\" width=\"50\" height=\"50\" src=\"https:\/\/beldify.shop\/wp-content\/uploads\/2020\/07\/DT-50x50.png\" class=\"attachment-50x50 size-50x50\" alt=\"\" \/>\t\t\t\t\t\t\t\t\t\t\t\t\t\t\t\n\t\t\t\t\t\t\t<\/div>\n\t\t\t\t\t\t<\/div>\n\t\t\t\t\t\t\t\t\t\t<div class=\"info-box-content\">\n\t\t\t\t\t\t<div class=\"info-box-subtitle subtitle-color-primary wd-fontsize-xs subtitle-style-default\"><strong>PENSAMIENTO DE DISE\u00d1O<\/strong><\/div>\t\t\t\t\t\t<div class=\"info-box-inner reset-last-child\"><p>Desarrollar la creatividad. \u00c9ste es el objetivo n\u00famero uno del pensamiento de dise\u00f1o. Esta forma de pensar e innovar depende en gran medida de los comentarios de los usuarios.<\/p>\n<\/div>\n\n\t\t\t\t\t\t\t\t\t\t\t<\/div>\n\n\t\t\t\t\t\n\t\t\t\t\t\t\t\t\t<\/div>\n\t\t\t<\/div>\n\t\t<\/div><\/div><\/div><\/div><div class=\"vc_row-full-width vc_clearfix\"><\/div>\n<\/div>","protected":false},"excerpt":{"rendered":"Voici Comment nos coop\u00e9ratives travaillent \u00e0 la main Fait maison !\u00a0 permet de valoriser le savoir-faire d'artisan producteur\u00a0 et d'informer","protected":false},"author":1,"featured_media":0,"parent":0,"menu_order":0,"comment_status":"closed","ping_status":"closed","template":"","meta":{"_angie_page":false,"inline_featured_image":false,"footnotes":""},"class_list":["post-996","page","type-page","status-publish","hentry"],"yoast_head":"<!-- This site is optimized with the Yoast SEO plugin v27.5 - https:\/\/yoast.com\/product\/yoast-seo-wordpress\/ -->\n<title>Notre D\u00e9marche - Beldify.shop - Organic Life Style<\/title>\n<meta name=\"robots\" content=\"index, follow, max-snippet:-1, max-image-preview:large, max-video-preview:-1\" \/>\n<link rel=\"canonical\" href=\"https:\/\/beldify.shop\/es\/demarche\/\" \/>\n<meta property=\"og:locale\" content=\"es_MX\" \/>\n<meta property=\"og:type\" content=\"article\" \/>\n<meta property=\"og:title\" content=\"Notre D\u00e9marche - Beldify.shop - Organic Life Style\" \/>\n<meta property=\"og:url\" content=\"https:\/\/beldify.shop\/es\/demarche\/\" \/>\n<meta property=\"og:site_name\" content=\"Beldify.shop - Organic Life Style\" \/>\n<meta property=\"article:publisher\" content=\"https:\/\/www.facebook.com\/beldify.shop\" \/>\n<meta property=\"article:modified_time\" content=\"2021-01-04T05:20:46+00:00\" \/>\n<meta name=\"twitter:card\" content=\"summary_large_image\" \/>\n<meta name=\"twitter:label1\" content=\"Tiempo de lectura\" \/>\n\t<meta name=\"twitter:data1\" content=\"7 minutos\" \/>\n<script type=\"application\/ld+json\" class=\"yoast-schema-graph\">{\"@context\":\"https:\\\/\\\/schema.org\",\"@graph\":[{\"@type\":\"WebPage\",\"@id\":\"https:\\\/\\\/beldify.shop\\\/ar\\\/demarche\\\/\",\"url\":\"https:\\\/\\\/beldify.shop\\\/ar\\\/demarche\\\/\",\"name\":\"Notre D\u00e9marche - Beldify.shop - Organic Life Style\",\"isPartOf\":{\"@id\":\"https:\\\/\\\/beldify.shop\\\/#website\"},\"datePublished\":\"2017-09-22T13:16:43+00:00\",\"dateModified\":\"2021-01-04T05:20:46+00:00\",\"breadcrumb\":{\"@id\":\"https:\\\/\\\/beldify.shop\\\/ar\\\/demarche\\\/#breadcrumb\"},\"inLanguage\":\"es\",\"potentialAction\":[{\"@type\":\"ReadAction\",\"target\":[\"https:\\\/\\\/beldify.shop\\\/ar\\\/demarche\\\/\"]}]},{\"@type\":\"BreadcrumbList\",\"@id\":\"https:\\\/\\\/beldify.shop\\\/ar\\\/demarche\\\/#breadcrumb\",\"itemListElement\":[{\"@type\":\"ListItem\",\"position\":1,\"name\":\"Accueil\",\"item\":\"https:\\\/\\\/beldify.shop\\\/\"},{\"@type\":\"ListItem\",\"position\":2,\"name\":\"Notre D\u00e9marche\"}]},{\"@type\":\"WebSite\",\"@id\":\"https:\\\/\\\/beldify.shop\\\/#website\",\"url\":\"https:\\\/\\\/beldify.shop\\\/\",\"name\":\"Beldify.shop - Organic Life Style\",\"description\":\"Moroccan Natural Products\",\"potentialAction\":[{\"@type\":\"SearchAction\",\"target\":{\"@type\":\"EntryPoint\",\"urlTemplate\":\"https:\\\/\\\/beldify.shop\\\/?s={search_term_string}\"},\"query-input\":{\"@type\":\"PropertyValueSpecification\",\"valueRequired\":true,\"valueName\":\"search_term_string\"}}],\"inLanguage\":\"es\"}]}<\/script>\n<!-- \/ Yoast SEO plugin. -->","yoast_head_json":{"title":"Notre D\u00e9marche - Beldify.shop - Organic Life Style","robots":{"index":"index","follow":"follow","max-snippet":"max-snippet:-1","max-image-preview":"max-image-preview:large","max-video-preview":"max-video-preview:-1"},"canonical":"https:\/\/beldify.shop\/es\/demarche\/","og_locale":"es_MX","og_type":"article","og_title":"Notre D\u00e9marche - Beldify.shop - Organic Life Style","og_url":"https:\/\/beldify.shop\/es\/demarche\/","og_site_name":"Beldify.shop - Organic Life Style","article_publisher":"https:\/\/www.facebook.com\/beldify.shop","article_modified_time":"2021-01-04T05:20:46+00:00","twitter_card":"summary_large_image","twitter_misc":{"Tiempo de lectura":"7 minutos"},"schema":{"@context":"https:\/\/schema.org","@graph":[{"@type":"WebPage","@id":"https:\/\/beldify.shop\/ar\/demarche\/","url":"https:\/\/beldify.shop\/ar\/demarche\/","name":"Notre D\u00e9marche - Beldify.shop - Organic Life Style","isPartOf":{"@id":"https:\/\/beldify.shop\/#website"},"datePublished":"2017-09-22T13:16:43+00:00","dateModified":"2021-01-04T05:20:46+00:00","breadcrumb":{"@id":"https:\/\/beldify.shop\/ar\/demarche\/#breadcrumb"},"inLanguage":"es","potentialAction":[{"@type":"ReadAction","target":["https:\/\/beldify.shop\/ar\/demarche\/"]}]},{"@type":"BreadcrumbList","@id":"https:\/\/beldify.shop\/ar\/demarche\/#breadcrumb","itemListElement":[{"@type":"ListItem","position":1,"name":"Accueil","item":"https:\/\/beldify.shop\/"},{"@type":"ListItem","position":2,"name":"Notre D\u00e9marche"}]},{"@type":"WebSite","@id":"https:\/\/beldify.shop\/#website","url":"https:\/\/beldify.shop\/","name":"Beldify.shop - Organic Life Style","description":"Moroccan Natural Products","potentialAction":[{"@type":"SearchAction","target":{"@type":"EntryPoint","urlTemplate":"https:\/\/beldify.shop\/?s={search_term_string}"},"query-input":{"@type":"PropertyValueSpecification","valueRequired":true,"valueName":"search_term_string"}}],"inLanguage":"es"}]}},"jetpack_likes_enabled":true,"jetpack_sharing_enabled":true,"jetpack-related-posts":[],"jetpack_shortlink":"https:\/\/wp.me\/PdEHbW-g4","_links":{"self":[{"href":"https:\/\/beldify.shop\/es\/wp-json\/wp\/v2\/pages\/996","targetHints":{"allow":["GET"]}}],"collection":[{"href":"https:\/\/beldify.shop\/es\/wp-json\/wp\/v2\/pages"}],"about":[{"href":"https:\/\/beldify.shop\/es\/wp-json\/wp\/v2\/types\/page"}],"author":[{"embeddable":true,"href":"https:\/\/beldify.shop\/es\/wp-json\/wp\/v2\/users\/1"}],"replies":[{"embeddable":true,"href":"https:\/\/beldify.shop\/es\/wp-json\/wp\/v2\/comments?post=996"}],"version-history":[{"count":0,"href":"https:\/\/beldify.shop\/es\/wp-json\/wp\/v2\/pages\/996\/revisions"}],"wp:attachment":[{"href":"https:\/\/beldify.shop\/es\/wp-json\/wp\/v2\/media?parent=996"}],"curies":[{"name":"wp","href":"https:\/\/api.w.org\/{rel}","templated":true}]}}