{"id":817,"date":"2017-07-05T06:29:48","date_gmt":"2017-07-05T06:29:48","guid":{"rendered":"http:\/\/dummy.xtemos.com\/woodmart\/demos\/?page_id=817"},"modified":"2017-07-05T06:29:48","modified_gmt":"2017-07-05T06:29:48","slug":"products-by-id","status":"publish","type":"page","link":"https:\/\/beldify.shop\/es\/products-by-id\/","title":{"rendered":"Products by ID"},"content":{"rendered":"<div class=\"wpb-content-wrapper\"><div class=\"vc_row wpb_row vc_row-fluid\"><div class=\"wpb_column vc_column_container vc_col-sm-12\"><div class=\"vc_column-inner\"><div class=\"wpb_wrapper\">\n\t\t<div id=\"wd-6a076ed924e4b\" class=\"title-wrapper wd-wpb wd-set-mb reset-last-child  wd-title-color-primary wd-title-style-bordered text-center vc_custom_1474542509225 wd-underline-colored\">\n\t\t\t\t\t\t\t\n\t\t\t\t<div class=\"title-subtitle  subtitle-color-primary font-default subtitle-style-default wd-font-weight- wd-fontsize-xs\">WOOCOMMERCE<\/div>\n\t\t\t\n\t\t\t<div class=\"liner-continer\">\n\t\t\t\t<h4 class=\"woodmart-title-container title  wd-font-weight- wd-fontsize-l\" ><strong>SELECTED PRODUCTS<\/strong><\/h4>\n\t\t\t\t\t\t\t<\/div>\n\t\t\t\n\t\t\t\t\t\t\t<div class=\"title-after_title reset-last-child  wd-fontsize-xs\">Choose products by id or SKU<\/div>\n\t\t\t\n\t\t\t\n\t\t<\/div>\n\t\t\n\t\t<div class=\"woocommerce columns-3\"><div class=\"wd-products-element\">\t\t\t<div class=\"wd-sticky-loader wd-content-loader\"><span class=\"wd-loader\"><\/span><\/div>\n\t\t\n<div class=\"products wd-products wd-grid-g grid-columns-4 elements-grid pagination-infinit\" data-source=\"main_loop\" data-min_price=\"\" data-max_price=\"\" data-columns=\"4\" style=\"--wd-col-lg:4;--wd-col-md:4;--wd-col-sm:2;--wd-gap-lg:30px;--wd-gap-sm:10px;\">\n<div class=\"wd-product wd-with-labels wd-hover-base wd-hover-with-fade wd-col product-grid-item product product-no-swatches type-product post-51 status-publish instock product_cat-huile-olive product_tag-chaud product_tag-huile-dolive product_tag-mbm product_tag-124 has-post-thumbnail featured taxable shipping-taxable purchasable product-type-simple\" data-loop=\"1\" data-id=\"51\">\n\t\t\t\t\n\t\n<div class=\"product-wrapper\">\n\t<div class=\"content-product-imagin\"><\/div>\n\t<div class=\"product-element-top wd-quick-shop\">\n\t\t<a href=\"https:\/\/beldify.shop\/es\/producto\/bidon-huile-dolive-vierge-2l\/\" class=\"product-image-link\" tabindex=\"-1\" aria-label=\"Lata de 2L de aceite de oliva virgen\">\n\t\t\t<div class=\"product-labels labels-rounded\"><span class=\"featured product-label\">Hot<\/span><\/div><img loading=\"lazy\" decoding=\"async\" width=\"300\" height=\"300\" src=\"https:\/\/beldify.shop\/wp-content\/uploads\/2020\/06\/84770543_2970466966336981_2644324537088344064_n-300x300-1-300x300.png\" class=\"attachment-woocommerce_thumbnail size-woocommerce_thumbnail\" alt=\"\" srcset=\"https:\/\/beldify.shop\/wp-content\/uploads\/2020\/06\/84770543_2970466966336981_2644324537088344064_n-300x300-1.png 300w, https:\/\/beldify.shop\/wp-content\/uploads\/2020\/06\/84770543_2970466966336981_2644324537088344064_n-300x300-1-150x150.png 150w, https:\/\/beldify.shop\/wp-content\/uploads\/2020\/06\/84770543_2970466966336981_2644324537088344064_n-300x300-1-100x100.png 100w\" sizes=\"auto, (max-width: 300px) 100vw, 300px\" \/>\t\t<\/a>\n\n\t\t\n\t\t<div class=\"wrapp-swatches\">\t\t<div class=\"wd-compare-btn product-compare-button wd-action-btn wd-style-icon wd-compare-icon\">\n\t\t\t<a href=\"https:\/\/beldify.shop\/es\/producto\/bidon-huile-dolive-vierge-2l\/\" data-id=\"51\" rel=\"nofollow\" data-added-text=\"Compare products\">\n\t\t\t\t<span class=\"wd-added-icon\"><\/span>\n\t\t\t\t<span class=\"wd-action-text\">A\u00f1adir para comparar<\/span>\n\t\t\t<\/a>\n\t\t<\/div>\n\t\t<\/div>\n\t<\/div>\n\n\t<div class=\"product-element-bottom product-information\">\n\t\t<h3 class=\"wd-entities-title\"><a href=\"https:\/\/beldify.shop\/es\/producto\/bidon-huile-dolive-vierge-2l\/\">Lata de aceite de oliva virgen de 2 litros<\/a><\/h3>\t\t\t\t<div class=\"product-rating-price\">\n\t\t\t<div class=\"wrapp-product-price\">\n\t\t\t\t\n\t<span class=\"price\"><span class=\"woocommerce-Price-amount amount\"><bdi><span class=\"woocommerce-Price-currencySymbol\">$<\/span>140.00<\/bdi><\/span><\/span>\n\n\n\n\t\t\t\t\t\t\t<\/div>\n\t\t<\/div>\n\t\t\t\t<div class=\"fade-in-block wd-scroll\">\n\t\t\t<div class=\"hover-content wd-more-desc\">\n\t\t\t\t<div class=\"hover-content-inner wd-more-desc-inner\">\n\t\t\t\t\tAceite de oliva de la regi\u00f3n Beni Mellal-Khenifra, representante de la calidad del terru\u00f1o de la regi\u00f3n.\r\n<ul>\r\n \t<li>Aceite de oliva natural de primera presi\u00f3n de Beni Mellal.<\/li>\r\n<\/ul>\t\t\t\t<\/div>\n\t\t\t\t<a href=\"#\" rel=\"nofollow\" class=\"wd-more-desc-btn\" aria-label=\"Leer m\u00e1s descripci\u00f3n\"><\/a>\n\t\t\t<\/div>\n\t\t\t<div class=\"wd-bottom-actions\">\n\t\t\t\t<div class=\"wrap-wishlist-button\"><\/div>\n\t\t\t\t<div class=\"wd-add-btn wd-add-btn-replace\">\n\t\t\t\t\t<a href=\"\/es\/wp-json\/wp\/v2\/pages\/817?add-to-cart=51\" aria-describedby=\"woocommerce_loop_add_to_cart_link_describedby_51\" data-quantity=\"1\" class=\"button product_type_simple add_to_cart_button ajax_add_to_cart add-to-cart-loop\" data-product_id=\"51\" data-product_sku=\"\" aria-label=\"A\u00f1adir al carrito: \u201cBidon Huile d&#039;Olive Vierge 2L\u201d\" rel=\"nofollow\" data-success_message=\"\u201cBidon Huile d&#039;Olive Vierge 2L\u201d se ha a\u00f1adido a tu carrito\" data-no-translation-aria-label=\"\" data-no-translation-data-success_message=\"\"><span data-no-translation=\"\" data-trp-gettext=\"\">A\u00f1adir a la cesta<\/span><\/a>\t<span id=\"woocommerce_loop_add_to_cart_link_describedby_51\" class=\"screen-reader-text\">\n\t\t\t<\/span>\n\t\t\t\t\t\t\t\t\t\t\t\n\n\t<p class=\"wc-gzd-additional-info wc-gzd-additional-info-loop shipping-costs-info\">m\u00e1s <a href=\"\" target=\"_blank\">Costos de env\u00edo<\/a><\/p>\n\n\n\t\t\t\t\t\t\t\t\t<\/div>\n\t\t\t\t<div class=\"wrap-quickview-button\">\t\t<div class=\"quick-view wd-action-btn wd-style-icon wd-quick-view-icon\">\n\t\t\t<a\n\t\t\t\thref=\"https:\/\/beldify.shop\/es\/producto\/bidon-huile-dolive-vierge-2l\/\"\n\t\t\t\tclass=\"open-quick-view quick-view-button\"\n\t\t\t\trel=\"nofollow\"\n\t\t\t\tdata-id=\"51\"\n\t\t\t\t>Vista r\u00e1pida<\/a>\n\t\t<\/div>\n\t\t<\/div>\n\t\t\t<\/div>\n\n\t\t\t\t\t\t\n\t\t\t\t\t<\/div>\n\t<\/div>\n<\/div>\n<\/div>\n<div class=\"wd-product wd-with-labels wd-hover-base wd-hover-with-fade wd-col product-grid-item product product-no-swatches type-product post-370 status-publish last instock product_cat-huile-olive product_tag-chaud product_tag-huile-dolive product_tag-mbm product_tag-124 has-post-thumbnail featured taxable shipping-taxable purchasable product-type-simple\" data-loop=\"2\" data-id=\"370\">\n\t\t\t\t\n\t\n<div class=\"product-wrapper\">\n\t<div class=\"content-product-imagin\"><\/div>\n\t<div class=\"product-element-top wd-quick-shop\">\n\t\t<a href=\"https:\/\/beldify.shop\/es\/producto\/bidon-huile-dolive-vierge-50l\/\" class=\"product-image-link\" tabindex=\"-1\" aria-label=\"Lata de 50L de aceite de oliva virgen\">\n\t\t\t<div class=\"product-labels labels-rounded\"><span class=\"featured product-label\">Hot<\/span><\/div><img loading=\"lazy\" decoding=\"async\" width=\"300\" height=\"300\" src=\"https:\/\/beldify.shop\/wp-content\/uploads\/2020\/06\/product-diolive-50L-300x300-1-300x300.png\" class=\"attachment-woocommerce_thumbnail size-woocommerce_thumbnail\" alt=\"\" srcset=\"https:\/\/beldify.shop\/wp-content\/uploads\/2020\/06\/product-diolive-50L-300x300-1.png 300w, https:\/\/beldify.shop\/wp-content\/uploads\/2020\/06\/product-diolive-50L-300x300-1-150x150.png 150w, https:\/\/beldify.shop\/wp-content\/uploads\/2020\/06\/product-diolive-50L-300x300-1-100x100.png 100w\" sizes=\"auto, (max-width: 300px) 100vw, 300px\" \/>\t\t<\/a>\n\n\t\t\n\t\t<div class=\"wrapp-swatches\">\t\t<div class=\"wd-compare-btn product-compare-button wd-action-btn wd-style-icon wd-compare-icon\">\n\t\t\t<a href=\"https:\/\/beldify.shop\/es\/producto\/bidon-huile-dolive-vierge-50l\/\" data-id=\"370\" rel=\"nofollow\" data-added-text=\"Compare products\">\n\t\t\t\t<span class=\"wd-added-icon\"><\/span>\n\t\t\t\t<span class=\"wd-action-text\">A\u00f1adir para comparar<\/span>\n\t\t\t<\/a>\n\t\t<\/div>\n\t\t<\/div>\n\t<\/div>\n\n\t<div class=\"product-element-bottom product-information\">\n\t\t<h3 class=\"wd-entities-title\"><a href=\"https:\/\/beldify.shop\/es\/producto\/bidon-huile-dolive-vierge-50l\/\">Lata de 50L de aceite de oliva virgen<\/a><\/h3>\t\t\t\t<div class=\"product-rating-price\">\n\t\t\t<div class=\"wrapp-product-price\">\n\t\t\t\t\n\t<span class=\"price\"><span class=\"woocommerce-Price-amount amount\"><bdi><span class=\"woocommerce-Price-currencySymbol\">$<\/span>3,100.00<\/bdi><\/span><\/span>\n\n\n\n\t\t\t\t\t\t\t<\/div>\n\t\t<\/div>\n\t\t\t\t<div class=\"fade-in-block wd-scroll\">\n\t\t\t<div class=\"hover-content wd-more-desc\">\n\t\t\t\t<div class=\"hover-content-inner wd-more-desc-inner\">\n\t\t\t\t\tAceite de oliva de la regi\u00f3n Beni Mellal-Khenifra, representante de la calidad del terru\u00f1o de la regi\u00f3n.\r\n<ul>\r\n \t<li>Aceite de oliva natural de primera presi\u00f3n de Beni Mellal.<\/li>\r\n<\/ul>\t\t\t\t<\/div>\n\t\t\t\t<a href=\"#\" rel=\"nofollow\" class=\"wd-more-desc-btn\" aria-label=\"Leer m\u00e1s descripci\u00f3n\"><\/a>\n\t\t\t<\/div>\n\t\t\t<div class=\"wd-bottom-actions\">\n\t\t\t\t<div class=\"wrap-wishlist-button\"><\/div>\n\t\t\t\t<div class=\"wd-add-btn wd-add-btn-replace\">\n\t\t\t\t\t<a href=\"\/es\/wp-json\/wp\/v2\/pages\/817?add-to-cart=370\" aria-describedby=\"woocommerce_loop_add_to_cart_link_describedby_370\" data-quantity=\"1\" class=\"button product_type_simple add_to_cart_button ajax_add_to_cart add-to-cart-loop\" data-product_id=\"370\" data-product_sku=\"O2\" aria-label=\"A\u00f1adir al carrito: \u201cBidon Huile d&#039;Olive Vierge 50L\u201d\" rel=\"nofollow\" data-success_message=\"\u201cBidon Huile d&#039;Olive Vierge 50L\u201d se ha a\u00f1adido a tu carrito\" data-no-translation-aria-label=\"\" data-no-translation-data-success_message=\"\"><span data-no-translation=\"\" data-trp-gettext=\"\">A\u00f1adir a la cesta<\/span><\/a>\t<span id=\"woocommerce_loop_add_to_cart_link_describedby_370\" class=\"screen-reader-text\">\n\t\t\t<\/span>\n\t\t\t\t\t\t\t\t\t\t\t\n\n\t<p class=\"wc-gzd-additional-info wc-gzd-additional-info-loop shipping-costs-info\">m\u00e1s <a href=\"\" target=\"_blank\">Costos de env\u00edo<\/a><\/p>\n\n\n\t\t\t\t\t\t\t\t\t<\/div>\n\t\t\t\t<div class=\"wrap-quickview-button\">\t\t<div class=\"quick-view wd-action-btn wd-style-icon wd-quick-view-icon\">\n\t\t\t<a\n\t\t\t\thref=\"https:\/\/beldify.shop\/es\/producto\/bidon-huile-dolive-vierge-50l\/\"\n\t\t\t\tclass=\"open-quick-view quick-view-button\"\n\t\t\t\trel=\"nofollow\"\n\t\t\t\tdata-id=\"370\"\n\t\t\t\t>Vista r\u00e1pida<\/a>\n\t\t<\/div>\n\t\t<\/div>\n\t\t\t<\/div>\n\n\t\t\t\t\t\t\n\t\t\t\t\t<\/div>\n\t<\/div>\n<\/div>\n<\/div>\n<div class=\"wd-product wd-with-labels wd-hover-base wd-hover-with-fade wd-col product-grid-item product product-no-swatches type-product post-50 status-publish first instock product_cat-huile-olive product_tag-chaud product_tag-mbm product_tag-101 product_tag-124 has-post-thumbnail featured taxable shipping-taxable purchasable product-type-simple\" data-loop=\"3\" data-id=\"50\">\n\t\t\t\t\n\t\n<div class=\"product-wrapper\">\n\t<div class=\"content-product-imagin\"><\/div>\n\t<div class=\"product-element-top wd-quick-shop\">\n\t\t<a href=\"https:\/\/beldify.shop\/es\/producto\/bidon-huile-dolive-vierge-5l\/\" class=\"product-image-link\" tabindex=\"-1\" aria-label=\"Lata de 5L de aceite de oliva virgen\">\n\t\t\t<div class=\"product-labels labels-rounded\"><span class=\"featured product-label\">Hot<\/span><\/div><img loading=\"lazy\" decoding=\"async\" width=\"300\" height=\"300\" src=\"https:\/\/beldify.shop\/wp-content\/uploads\/2020\/06\/84641290_2391082420996912_6723027525221482496_n-300x300-1-300x300.png\" class=\"attachment-woocommerce_thumbnail size-woocommerce_thumbnail\" alt=\"\" srcset=\"https:\/\/beldify.shop\/wp-content\/uploads\/2020\/06\/84641290_2391082420996912_6723027525221482496_n-300x300-1.png 300w, https:\/\/beldify.shop\/wp-content\/uploads\/2020\/06\/84641290_2391082420996912_6723027525221482496_n-300x300-1-150x150.png 150w, https:\/\/beldify.shop\/wp-content\/uploads\/2020\/06\/84641290_2391082420996912_6723027525221482496_n-300x300-1-100x100.png 100w\" sizes=\"auto, (max-width: 300px) 100vw, 300px\" \/>\t\t<\/a>\n\n\t\t\n\t\t<div class=\"wrapp-swatches\">\t\t<div class=\"wd-compare-btn product-compare-button wd-action-btn wd-style-icon wd-compare-icon\">\n\t\t\t<a href=\"https:\/\/beldify.shop\/es\/producto\/bidon-huile-dolive-vierge-5l\/\" data-id=\"50\" rel=\"nofollow\" data-added-text=\"Compare products\">\n\t\t\t\t<span class=\"wd-added-icon\"><\/span>\n\t\t\t\t<span class=\"wd-action-text\">A\u00f1adir para comparar<\/span>\n\t\t\t<\/a>\n\t\t<\/div>\n\t\t<\/div>\n\t<\/div>\n\n\t<div class=\"product-element-bottom product-information\">\n\t\t<h3 class=\"wd-entities-title\"><a href=\"https:\/\/beldify.shop\/es\/producto\/bidon-huile-dolive-vierge-5l\/\">Lata de 5L de aceite de oliva virgen<\/a><\/h3>\t\t\t\t<div class=\"product-rating-price\">\n\t\t\t<div class=\"wrapp-product-price\">\n\t\t\t\t\n\t<span class=\"price\"><span class=\"woocommerce-Price-amount amount\"><bdi><span class=\"woocommerce-Price-currencySymbol\">$<\/span>340.00<\/bdi><\/span><\/span>\n\n\n\n\t\t\t\t\t\t\t<\/div>\n\t\t<\/div>\n\t\t\t\t<div class=\"fade-in-block wd-scroll\">\n\t\t\t<div class=\"hover-content wd-more-desc\">\n\t\t\t\t<div class=\"hover-content-inner wd-more-desc-inner\">\n\t\t\t\t\tAceite de oliva de la regi\u00f3n Beni Mellal-Khenifra, representante de la calidad del terru\u00f1o de la regi\u00f3n.\r\n<ul>\r\n \t<li>Aceite de oliva natural de primera presi\u00f3n de Beni Mellal.<\/li>\r\n<\/ul>\t\t\t\t<\/div>\n\t\t\t\t<a href=\"#\" rel=\"nofollow\" class=\"wd-more-desc-btn\" aria-label=\"Leer m\u00e1s descripci\u00f3n\"><\/a>\n\t\t\t<\/div>\n\t\t\t<div class=\"wd-bottom-actions\">\n\t\t\t\t<div class=\"wrap-wishlist-button\"><\/div>\n\t\t\t\t<div class=\"wd-add-btn wd-add-btn-replace\">\n\t\t\t\t\t<a href=\"\/es\/wp-json\/wp\/v2\/pages\/817?add-to-cart=50\" aria-describedby=\"woocommerce_loop_add_to_cart_link_describedby_50\" data-quantity=\"1\" class=\"button product_type_simple add_to_cart_button ajax_add_to_cart add-to-cart-loop\" data-product_id=\"50\" data-product_sku=\"\" aria-label=\"A\u00f1adir al carrito: \u201cBidon Huile d&#039;Olive Vierge 5L\u201d\" rel=\"nofollow\" data-success_message=\"\u201cBidon Huile d&#039;Olive Vierge 5L\u201d se ha a\u00f1adido a tu carrito\" data-no-translation-aria-label=\"\" data-no-translation-data-success_message=\"\"><span data-no-translation=\"\" data-trp-gettext=\"\">A\u00f1adir a la cesta<\/span><\/a>\t<span id=\"woocommerce_loop_add_to_cart_link_describedby_50\" class=\"screen-reader-text\">\n\t\t\t<\/span>\n\t\t\t\t\t\t\t\t\t\t\t\n\n\t<p class=\"wc-gzd-additional-info wc-gzd-additional-info-loop shipping-costs-info\">m\u00e1s <a href=\"\" target=\"_blank\">Costos de env\u00edo<\/a><\/p>\n\n\n\t\t\t\t\t\t\t\t\t<\/div>\n\t\t\t\t<div class=\"wrap-quickview-button\">\t\t<div class=\"quick-view wd-action-btn wd-style-icon wd-quick-view-icon\">\n\t\t\t<a\n\t\t\t\thref=\"https:\/\/beldify.shop\/es\/producto\/bidon-huile-dolive-vierge-5l\/\"\n\t\t\t\tclass=\"open-quick-view quick-view-button\"\n\t\t\t\trel=\"nofollow\"\n\t\t\t\tdata-id=\"50\"\n\t\t\t\t>Vista r\u00e1pida<\/a>\n\t\t<\/div>\n\t\t<\/div>\n\t\t\t<\/div>\n\n\t\t\t\t\t\t\n\t\t\t\t\t<\/div>\n\t<\/div>\n<\/div>\n<\/div>\n<\/div>\n<\/div><\/div><\/div><\/div><\/div><\/div>\n<\/div>","protected":false},"excerpt":{"rendered":"WOOCOMMERCE SELECTED PRODUCTS Choose products by id or SKU Hot Add to compare Bidon Huile d&rsquo;Olive Vierge 2L $140.00 Huile","protected":false},"author":1,"featured_media":0,"parent":0,"menu_order":0,"comment_status":"closed","ping_status":"closed","template":"","meta":{"_angie_page":false,"inline_featured_image":false,"footnotes":""},"class_list":["post-817","page","type-page","status-publish","hentry"],"yoast_head":"<!-- This site is optimized with the Yoast SEO plugin v27.5 - https:\/\/yoast.com\/product\/yoast-seo-wordpress\/ -->\n<title>Products by ID - Beldify.shop - Organic Life Style<\/title>\n<meta name=\"robots\" content=\"index, follow, max-snippet:-1, max-image-preview:large, max-video-preview:-1\" \/>\n<link rel=\"canonical\" href=\"https:\/\/beldify.shop\/es\/products-by-id\/\" \/>\n<meta property=\"og:locale\" content=\"es_MX\" \/>\n<meta property=\"og:type\" content=\"article\" \/>\n<meta property=\"og:title\" content=\"Products by ID - Beldify.shop - Organic Life Style\" \/>\n<meta property=\"og:url\" content=\"https:\/\/beldify.shop\/es\/products-by-id\/\" \/>\n<meta property=\"og:site_name\" content=\"Beldify.shop - Organic Life Style\" \/>\n<meta property=\"article:publisher\" content=\"https:\/\/www.facebook.com\/beldify.shop\" \/>\n<meta name=\"twitter:card\" content=\"summary_large_image\" \/>\n<script type=\"application\/ld+json\" class=\"yoast-schema-graph\">{\"@context\":\"https:\\\/\\\/schema.org\",\"@graph\":[{\"@type\":\"WebPage\",\"@id\":\"https:\\\/\\\/beldify.shop\\\/products-by-id\\\/\",\"url\":\"https:\\\/\\\/beldify.shop\\\/products-by-id\\\/\",\"name\":\"Products by ID - Beldify.shop - Organic Life Style\",\"isPartOf\":{\"@id\":\"https:\\\/\\\/beldify.shop\\\/#website\"},\"datePublished\":\"2017-07-05T06:29:48+00:00\",\"breadcrumb\":{\"@id\":\"https:\\\/\\\/beldify.shop\\\/products-by-id\\\/#breadcrumb\"},\"inLanguage\":\"es\",\"potentialAction\":[{\"@type\":\"ReadAction\",\"target\":[\"https:\\\/\\\/beldify.shop\\\/products-by-id\\\/\"]}]},{\"@type\":\"BreadcrumbList\",\"@id\":\"https:\\\/\\\/beldify.shop\\\/products-by-id\\\/#breadcrumb\",\"itemListElement\":[{\"@type\":\"ListItem\",\"position\":1,\"name\":\"Accueil\",\"item\":\"https:\\\/\\\/beldify.shop\\\/\"},{\"@type\":\"ListItem\",\"position\":2,\"name\":\"Products by ID\"}]},{\"@type\":\"WebSite\",\"@id\":\"https:\\\/\\\/beldify.shop\\\/#website\",\"url\":\"https:\\\/\\\/beldify.shop\\\/\",\"name\":\"Beldify.shop - Organic Life Style\",\"description\":\"Moroccan Natural Products\",\"potentialAction\":[{\"@type\":\"SearchAction\",\"target\":{\"@type\":\"EntryPoint\",\"urlTemplate\":\"https:\\\/\\\/beldify.shop\\\/?s={search_term_string}\"},\"query-input\":{\"@type\":\"PropertyValueSpecification\",\"valueRequired\":true,\"valueName\":\"search_term_string\"}}],\"inLanguage\":\"es\"}]}<\/script>\n<!-- \/ Yoast SEO plugin. -->","yoast_head_json":{"title":"Products by ID - Beldify.shop - Organic Life Style","robots":{"index":"index","follow":"follow","max-snippet":"max-snippet:-1","max-image-preview":"max-image-preview:large","max-video-preview":"max-video-preview:-1"},"canonical":"https:\/\/beldify.shop\/es\/products-by-id\/","og_locale":"es_MX","og_type":"article","og_title":"Products by ID - Beldify.shop - Organic Life Style","og_url":"https:\/\/beldify.shop\/es\/products-by-id\/","og_site_name":"Beldify.shop - Organic Life Style","article_publisher":"https:\/\/www.facebook.com\/beldify.shop","twitter_card":"summary_large_image","schema":{"@context":"https:\/\/schema.org","@graph":[{"@type":"WebPage","@id":"https:\/\/beldify.shop\/products-by-id\/","url":"https:\/\/beldify.shop\/products-by-id\/","name":"Products by ID - Beldify.shop - Organic Life Style","isPartOf":{"@id":"https:\/\/beldify.shop\/#website"},"datePublished":"2017-07-05T06:29:48+00:00","breadcrumb":{"@id":"https:\/\/beldify.shop\/products-by-id\/#breadcrumb"},"inLanguage":"es","potentialAction":[{"@type":"ReadAction","target":["https:\/\/beldify.shop\/products-by-id\/"]}]},{"@type":"BreadcrumbList","@id":"https:\/\/beldify.shop\/products-by-id\/#breadcrumb","itemListElement":[{"@type":"ListItem","position":1,"name":"Accueil","item":"https:\/\/beldify.shop\/"},{"@type":"ListItem","position":2,"name":"Products by ID"}]},{"@type":"WebSite","@id":"https:\/\/beldify.shop\/#website","url":"https:\/\/beldify.shop\/","name":"Beldify.shop - Organic Life Style","description":"Moroccan Natural Products","potentialAction":[{"@type":"SearchAction","target":{"@type":"EntryPoint","urlTemplate":"https:\/\/beldify.shop\/?s={search_term_string}"},"query-input":{"@type":"PropertyValueSpecification","valueRequired":true,"valueName":"search_term_string"}}],"inLanguage":"es"}]}},"jetpack_likes_enabled":true,"jetpack_sharing_enabled":true,"jetpack-related-posts":[],"jetpack_shortlink":"https:\/\/wp.me\/PdEHbW-db","_links":{"self":[{"href":"https:\/\/beldify.shop\/es\/wp-json\/wp\/v2\/pages\/817","targetHints":{"allow":["GET"]}}],"collection":[{"href":"https:\/\/beldify.shop\/es\/wp-json\/wp\/v2\/pages"}],"about":[{"href":"https:\/\/beldify.shop\/es\/wp-json\/wp\/v2\/types\/page"}],"author":[{"embeddable":true,"href":"https:\/\/beldify.shop\/es\/wp-json\/wp\/v2\/users\/1"}],"replies":[{"embeddable":true,"href":"https:\/\/beldify.shop\/es\/wp-json\/wp\/v2\/comments?post=817"}],"version-history":[{"count":0,"href":"https:\/\/beldify.shop\/es\/wp-json\/wp\/v2\/pages\/817\/revisions"}],"wp:attachment":[{"href":"https:\/\/beldify.shop\/es\/wp-json\/wp\/v2\/media?parent=817"}],"curies":[{"name":"wp","href":"https:\/\/api.w.org\/{rel}","templated":true}]}}