{"id":3429,"date":"2020-12-30T15:20:14","date_gmt":"2020-12-30T15:20:14","guid":{"rendered":"https:\/\/beldify.shop\/?post_type=product&#038;p=3429"},"modified":"2026-01-13T22:47:01","modified_gmt":"2026-01-13T22:47:01","slug":"15ml-huile-essentielle-de-lavande-%d8%b2%d9%8a%d8%aa-%d8%a7%d9%84%d8%ae%d8%b2%d8%a7%d9%85%d9%89-%d8%a7%d9%84%d8%a7%d8%b3%d8%a7%d8%b3%d9%8a","status":"publish","type":"product","link":"https:\/\/beldify.shop\/en\/product\/15ml-huile-essentielle-de-lavande-%d8%b2%d9%8a%d8%aa-%d8%a7%d9%84%d8%ae%d8%b2%d8%a7%d9%85%d9%89-%d8%a7%d9%84%d8%a7%d8%b3%d8%a7%d8%b3%d9%8a\/","title":{"rendered":"15ml Lavender Essential Oil"},"content":{"rendered":"<div class=\"wpb-content-wrapper\"><div class=\"vc_row wpb_row vc_row-fluid\"><div class=\"wpb_column vc_column_container vc_col-sm-6\"><div class=\"vc_column-inner\"><div class=\"wpb_wrapper\">\t\t<div id=\"gallery_910\" class=\"wd-images-gallery wd-wpb photoswipe-images\" style=\"--wd-justify-content:center;--wd-align-items:center;\">\n\t\t\t\n\t\t\t<div class=\"wd-grid-g\" style=\"--wd-col-lg:1;--wd-col-md:1;--wd-col-sm:1;--wd-gap-lg:0px;\">\n\t\t\t\t\n\t\t\t\t\t\t\t\t\t\t\t\t\t\t\t<div class=\"wd-gallery-item wd-col\">\n\t\t\t\t\t\t\t\t\t\t\t\t\t\t<a href=\"https:\/\/beldify.shop\/wp-content\/uploads\/2020\/12\/lavande.jpg\" data-elementor-open-lightbox=\"no\" data-index=\"1\" data-width=\"720\" data-height=\"480\" \n\t\t\t\t\t\t\t\t\t\t\t\t >\n\t\t\t\t\t\t\t\t\n\t\t\t\t\t\t\t\t<img loading=\"lazy\" decoding=\"async\" width=\"720\" height=\"480\" src=\"https:\/\/beldify.shop\/wp-content\/uploads\/2020\/12\/lavande.jpg\" class=\"wd-gallery-image image-1\" alt=\"\" srcset=\"https:\/\/beldify.shop\/wp-content\/uploads\/2020\/12\/lavande.jpg 720w, https:\/\/beldify.shop\/wp-content\/uploads\/2020\/12\/lavande-150x100.jpg 150w, https:\/\/beldify.shop\/wp-content\/uploads\/2020\/12\/lavande-600x400.jpg 600w, https:\/\/beldify.shop\/wp-content\/uploads\/2020\/12\/lavande-300x200.jpg 300w\" sizes=\"auto, (max-width: 720px) 100vw, 720px\" \/>\n\t\t\t\t\t\t\t\t\t\t\t\t\t\t\t<\/a>\n\t\t\t\t\t\t\t\t\t\t\t\t<\/div>\n\t\t\t\t\t\t\t\t\t\n\t\t\t\t\t\t\t<\/div>\n\n\t\t\t\t\t<\/div>\n\t\t<\/div><\/div><\/div><div class=\"wpb_column vc_column_container vc_col-sm-6\"><div class=\"vc_column-inner\"><div class=\"wpb_wrapper\">\n\t\t<div id=\"wd-5fec9e5560fdb\" class=\"title-wrapper wd-wpb wd-set-mb reset-last-child  wd-rs-5fec9e5560fdb wd-title-color-primary wd-title-style-underlined text-left  wd-underline-colored\">\n\t\t\t\n\t\t\t<div class=\"liner-continer\">\n\t\t\t\t<h4 class=\"woodmart-title-container title  wd-font-weight-600 wd-fontsize-l\" >Lavender Essential Oil<\/h4>\n\t\t\t\t\t\t\t<\/div>\n\t\t\t\n\t\t\t\n\t\t\t\n\t\t<\/div>\n\t\t\n\t\t\n\t<div class=\"wpb_text_column wpb_content_element\" >\n\t\t<div class=\"wpb_wrapper\">\n\t\t\t<p>Fragrant and relaxing massage oil.<\/p>\n<p>Aftershave and after-waxing oil.<\/p>\n<p>Against sweaty feet and sunburn.<\/p>\n<p>Hair care: oily hair and scalp.<\/p>\n<p>Tolerated by all skin types.<\/p>\n\n\t\t<\/div>\n\t<\/div>\n<\/div><\/div><\/div><\/div>\n<\/div>","protected":false},"excerpt":{"rendered":"Huile Essentielle De Lavande Huile de massage parfumant et relaxante. Huile apr\u00e8s rasage et apr\u00e8s d\u00e9pilation. Contre la transpiration des","protected":false},"featured_media":3834,"comment_status":"open","ping_status":"closed","template":"","meta":{"_angie_page":false,"inline_featured_image":false,"jetpack_publicize_message":"","jetpack_publicize_feature_enabled":true,"jetpack_social_post_already_shared":false,"jetpack_social_options":{"image_generator_settings":{"template":"highway","default_image_id":0,"font":"","enabled":false},"version":2}},"product_brand":[],"product_cat":[93],"product_tag":[144,146,145],"class_list":{"0":"post-3429","1":"product","2":"type-product","3":"status-publish","4":"has-post-thumbnail","6":"product_cat-huiles-essentielles","7":"product_tag-cooperative-timar-zoyout","8":"product_tag-les-huiles","9":"product_tag-145","11":"first","12":"instock","13":"shipping-taxable","14":"purchasable","15":"product-type-simple"},"yoast_head":"<!-- This site is optimized with the Yoast SEO plugin v27.5 - https:\/\/yoast.com\/product\/yoast-seo-wordpress\/ -->\n<title>15ml Huile Essentielle De Lavande \u0632\u064a\u062a \u0627\u0644\u062e\u0632\u0627\u0645\u0649 \u0627\u0644\u0627\u0633\u0627\u0633\u064a - Beldify.shop - Organic Life Style<\/title>\n<meta name=\"robots\" content=\"index, follow, max-snippet:-1, max-image-preview:large, max-video-preview:-1\" \/>\n<link rel=\"canonical\" href=\"https:\/\/beldify.shop\/en\/product\/15ml-huile-essentielle-de-lavande-\u0632\u064a\u062a-\u0627\u0644\u062e\u0632\u0627\u0645\u0649-\u0627\u0644\u0627\u0633\u0627\u0633\u064a\/\" \/>\n<meta property=\"og:locale\" content=\"en_US\" \/>\n<meta property=\"og:type\" content=\"article\" \/>\n<meta property=\"og:title\" content=\"15ml Huile Essentielle De Lavande \u0632\u064a\u062a \u0627\u0644\u062e\u0632\u0627\u0645\u0649 \u0627\u0644\u0627\u0633\u0627\u0633\u064a - Beldify.shop - Organic Life Style\" \/>\n<meta property=\"og:url\" content=\"https:\/\/beldify.shop\/en\/product\/15ml-huile-essentielle-de-lavande-\u0632\u064a\u062a-\u0627\u0644\u062e\u0632\u0627\u0645\u0649-\u0627\u0644\u0627\u0633\u0627\u0633\u064a\/\" \/>\n<meta property=\"og:site_name\" content=\"Beldify.shop - Organic Life Style\" \/>\n<meta property=\"article:publisher\" content=\"https:\/\/www.facebook.com\/beldify.shop\" \/>\n<meta property=\"article:modified_time\" content=\"2026-01-13T22:47:01+00:00\" \/>\n<meta property=\"og:image\" content=\"https:\/\/beldify.shop\/wp-content\/uploads\/2020\/12\/IMG_6894-2.jpg\" \/>\n\t<meta property=\"og:image:width\" content=\"1943\" \/>\n\t<meta property=\"og:image:height\" content=\"1636\" \/>\n\t<meta property=\"og:image:type\" content=\"image\/jpeg\" \/>\n<meta name=\"twitter:card\" content=\"summary_large_image\" \/>\n<meta name=\"twitter:label1\" content=\"Est. reading time\" \/>\n\t<meta name=\"twitter:data1\" content=\"1 minute\" \/>\n<script type=\"application\/ld+json\" class=\"yoast-schema-graph\">{\"@context\":\"https:\\\/\\\/schema.org\",\"@graph\":[{\"@type\":\"WebPage\",\"@id\":\"https:\\\/\\\/beldify.shop\\\/ru\\\/product\\\/15ml-huile-essentielle-de-lavande-%d8%b2%d9%8a%d8%aa-%d8%a7%d9%84%d8%ae%d8%b2%d8%a7%d9%85%d9%89-%d8%a7%d9%84%d8%a7%d8%b3%d8%a7%d8%b3%d9%8a\\\/\",\"url\":\"https:\\\/\\\/beldify.shop\\\/ru\\\/product\\\/15ml-huile-essentielle-de-lavande-%d8%b2%d9%8a%d8%aa-%d8%a7%d9%84%d8%ae%d8%b2%d8%a7%d9%85%d9%89-%d8%a7%d9%84%d8%a7%d8%b3%d8%a7%d8%b3%d9%8a\\\/\",\"name\":\"15ml Huile Essentielle De Lavande \u0632\u064a\u062a \u0627\u0644\u062e\u0632\u0627\u0645\u0649 \u0627\u0644\u0627\u0633\u0627\u0633\u064a - Beldify.shop - Organic Life Style\",\"isPartOf\":{\"@id\":\"https:\\\/\\\/beldify.shop\\\/#website\"},\"primaryImageOfPage\":{\"@id\":\"https:\\\/\\\/beldify.shop\\\/ru\\\/product\\\/15ml-huile-essentielle-de-lavande-%d8%b2%d9%8a%d8%aa-%d8%a7%d9%84%d8%ae%d8%b2%d8%a7%d9%85%d9%89-%d8%a7%d9%84%d8%a7%d8%b3%d8%a7%d8%b3%d9%8a\\\/#primaryimage\"},\"image\":{\"@id\":\"https:\\\/\\\/beldify.shop\\\/ru\\\/product\\\/15ml-huile-essentielle-de-lavande-%d8%b2%d9%8a%d8%aa-%d8%a7%d9%84%d8%ae%d8%b2%d8%a7%d9%85%d9%89-%d8%a7%d9%84%d8%a7%d8%b3%d8%a7%d8%b3%d9%8a\\\/#primaryimage\"},\"thumbnailUrl\":\"https:\\\/\\\/beldify.shop\\\/wp-content\\\/uploads\\\/2020\\\/12\\\/IMG_6894-2.jpg\",\"datePublished\":\"2020-12-30T15:20:14+00:00\",\"dateModified\":\"2026-01-13T22:47:01+00:00\",\"breadcrumb\":{\"@id\":\"https:\\\/\\\/beldify.shop\\\/ru\\\/product\\\/15ml-huile-essentielle-de-lavande-%d8%b2%d9%8a%d8%aa-%d8%a7%d9%84%d8%ae%d8%b2%d8%a7%d9%85%d9%89-%d8%a7%d9%84%d8%a7%d8%b3%d8%a7%d8%b3%d9%8a\\\/#breadcrumb\"},\"inLanguage\":\"en-US\",\"potentialAction\":[{\"@type\":\"ReadAction\",\"target\":[\"https:\\\/\\\/beldify.shop\\\/ru\\\/product\\\/15ml-huile-essentielle-de-lavande-%d8%b2%d9%8a%d8%aa-%d8%a7%d9%84%d8%ae%d8%b2%d8%a7%d9%85%d9%89-%d8%a7%d9%84%d8%a7%d8%b3%d8%a7%d8%b3%d9%8a\\\/\"]}]},{\"@type\":\"ImageObject\",\"inLanguage\":\"en-US\",\"@id\":\"https:\\\/\\\/beldify.shop\\\/ru\\\/product\\\/15ml-huile-essentielle-de-lavande-%d8%b2%d9%8a%d8%aa-%d8%a7%d9%84%d8%ae%d8%b2%d8%a7%d9%85%d9%89-%d8%a7%d9%84%d8%a7%d8%b3%d8%a7%d8%b3%d9%8a\\\/#primaryimage\",\"url\":\"https:\\\/\\\/beldify.shop\\\/wp-content\\\/uploads\\\/2020\\\/12\\\/IMG_6894-2.jpg\",\"contentUrl\":\"https:\\\/\\\/beldify.shop\\\/wp-content\\\/uploads\\\/2020\\\/12\\\/IMG_6894-2.jpg\",\"width\":1943,\"height\":1636},{\"@type\":\"BreadcrumbList\",\"@id\":\"https:\\\/\\\/beldify.shop\\\/ru\\\/product\\\/15ml-huile-essentielle-de-lavande-%d8%b2%d9%8a%d8%aa-%d8%a7%d9%84%d8%ae%d8%b2%d8%a7%d9%85%d9%89-%d8%a7%d9%84%d8%a7%d8%b3%d8%a7%d8%b3%d9%8a\\\/#breadcrumb\",\"itemListElement\":[{\"@type\":\"ListItem\",\"position\":1,\"name\":\"Accueil\",\"item\":\"https:\\\/\\\/beldify.shop\\\/\"},{\"@type\":\"ListItem\",\"position\":2,\"name\":\"Boutique\",\"item\":\"https:\\\/\\\/beldify.shop\\\/boutique\\\/\"},{\"@type\":\"ListItem\",\"position\":3,\"name\":\"15ml Huile Essentielle De Lavande \u0632\u064a\u062a \u0627\u0644\u062e\u0632\u0627\u0645\u0649 \u0627\u0644\u0627\u0633\u0627\u0633\u064a\"}]},{\"@type\":\"WebSite\",\"@id\":\"https:\\\/\\\/beldify.shop\\\/#website\",\"url\":\"https:\\\/\\\/beldify.shop\\\/\",\"name\":\"Beldify.shop - Organic Life Style\",\"description\":\"Moroccan Natural Products\",\"potentialAction\":[{\"@type\":\"SearchAction\",\"target\":{\"@type\":\"EntryPoint\",\"urlTemplate\":\"https:\\\/\\\/beldify.shop\\\/?s={search_term_string}\"},\"query-input\":{\"@type\":\"PropertyValueSpecification\",\"valueRequired\":true,\"valueName\":\"search_term_string\"}}],\"inLanguage\":\"en-US\"}]}<\/script>\n<!-- \/ Yoast SEO plugin. -->","yoast_head_json":{"title":"15ml Huile Essentielle De Lavande \u0632\u064a\u062a \u0627\u0644\u062e\u0632\u0627\u0645\u0649 \u0627\u0644\u0627\u0633\u0627\u0633\u064a - Beldify.shop - Organic Life Style","robots":{"index":"index","follow":"follow","max-snippet":"max-snippet:-1","max-image-preview":"max-image-preview:large","max-video-preview":"max-video-preview:-1"},"canonical":"https:\/\/beldify.shop\/en\/product\/15ml-huile-essentielle-de-lavande-\u0632\u064a\u062a-\u0627\u0644\u062e\u0632\u0627\u0645\u0649-\u0627\u0644\u0627\u0633\u0627\u0633\u064a\/","og_locale":"en_US","og_type":"article","og_title":"15ml Huile Essentielle De Lavande \u0632\u064a\u062a \u0627\u0644\u062e\u0632\u0627\u0645\u0649 \u0627\u0644\u0627\u0633\u0627\u0633\u064a - Beldify.shop - Organic Life Style","og_url":"https:\/\/beldify.shop\/en\/product\/15ml-huile-essentielle-de-lavande-\u0632\u064a\u062a-\u0627\u0644\u062e\u0632\u0627\u0645\u0649-\u0627\u0644\u0627\u0633\u0627\u0633\u064a\/","og_site_name":"Beldify.shop - Organic Life Style","article_publisher":"https:\/\/www.facebook.com\/beldify.shop","article_modified_time":"2026-01-13T22:47:01+00:00","og_image":[{"width":1943,"height":1636,"url":"https:\/\/beldify.shop\/wp-content\/uploads\/2020\/12\/IMG_6894-2.jpg","type":"image\/jpeg"}],"twitter_card":"summary_large_image","twitter_misc":{"Est. reading time":"1 minute"},"schema":{"@context":"https:\/\/schema.org","@graph":[{"@type":"WebPage","@id":"https:\/\/beldify.shop\/ru\/product\/15ml-huile-essentielle-de-lavande-%d8%b2%d9%8a%d8%aa-%d8%a7%d9%84%d8%ae%d8%b2%d8%a7%d9%85%d9%89-%d8%a7%d9%84%d8%a7%d8%b3%d8%a7%d8%b3%d9%8a\/","url":"https:\/\/beldify.shop\/ru\/product\/15ml-huile-essentielle-de-lavande-%d8%b2%d9%8a%d8%aa-%d8%a7%d9%84%d8%ae%d8%b2%d8%a7%d9%85%d9%89-%d8%a7%d9%84%d8%a7%d8%b3%d8%a7%d8%b3%d9%8a\/","name":"15ml Huile Essentielle De Lavande \u0632\u064a\u062a \u0627\u0644\u062e\u0632\u0627\u0645\u0649 \u0627\u0644\u0627\u0633\u0627\u0633\u064a - Beldify.shop - Organic Life Style","isPartOf":{"@id":"https:\/\/beldify.shop\/#website"},"primaryImageOfPage":{"@id":"https:\/\/beldify.shop\/ru\/product\/15ml-huile-essentielle-de-lavande-%d8%b2%d9%8a%d8%aa-%d8%a7%d9%84%d8%ae%d8%b2%d8%a7%d9%85%d9%89-%d8%a7%d9%84%d8%a7%d8%b3%d8%a7%d8%b3%d9%8a\/#primaryimage"},"image":{"@id":"https:\/\/beldify.shop\/ru\/product\/15ml-huile-essentielle-de-lavande-%d8%b2%d9%8a%d8%aa-%d8%a7%d9%84%d8%ae%d8%b2%d8%a7%d9%85%d9%89-%d8%a7%d9%84%d8%a7%d8%b3%d8%a7%d8%b3%d9%8a\/#primaryimage"},"thumbnailUrl":"https:\/\/beldify.shop\/wp-content\/uploads\/2020\/12\/IMG_6894-2.jpg","datePublished":"2020-12-30T15:20:14+00:00","dateModified":"2026-01-13T22:47:01+00:00","breadcrumb":{"@id":"https:\/\/beldify.shop\/ru\/product\/15ml-huile-essentielle-de-lavande-%d8%b2%d9%8a%d8%aa-%d8%a7%d9%84%d8%ae%d8%b2%d8%a7%d9%85%d9%89-%d8%a7%d9%84%d8%a7%d8%b3%d8%a7%d8%b3%d9%8a\/#breadcrumb"},"inLanguage":"en-US","potentialAction":[{"@type":"ReadAction","target":["https:\/\/beldify.shop\/ru\/product\/15ml-huile-essentielle-de-lavande-%d8%b2%d9%8a%d8%aa-%d8%a7%d9%84%d8%ae%d8%b2%d8%a7%d9%85%d9%89-%d8%a7%d9%84%d8%a7%d8%b3%d8%a7%d8%b3%d9%8a\/"]}]},{"@type":"ImageObject","inLanguage":"en-US","@id":"https:\/\/beldify.shop\/ru\/product\/15ml-huile-essentielle-de-lavande-%d8%b2%d9%8a%d8%aa-%d8%a7%d9%84%d8%ae%d8%b2%d8%a7%d9%85%d9%89-%d8%a7%d9%84%d8%a7%d8%b3%d8%a7%d8%b3%d9%8a\/#primaryimage","url":"https:\/\/beldify.shop\/wp-content\/uploads\/2020\/12\/IMG_6894-2.jpg","contentUrl":"https:\/\/beldify.shop\/wp-content\/uploads\/2020\/12\/IMG_6894-2.jpg","width":1943,"height":1636},{"@type":"BreadcrumbList","@id":"https:\/\/beldify.shop\/ru\/product\/15ml-huile-essentielle-de-lavande-%d8%b2%d9%8a%d8%aa-%d8%a7%d9%84%d8%ae%d8%b2%d8%a7%d9%85%d9%89-%d8%a7%d9%84%d8%a7%d8%b3%d8%a7%d8%b3%d9%8a\/#breadcrumb","itemListElement":[{"@type":"ListItem","position":1,"name":"Accueil","item":"https:\/\/beldify.shop\/"},{"@type":"ListItem","position":2,"name":"Boutique","item":"https:\/\/beldify.shop\/boutique\/"},{"@type":"ListItem","position":3,"name":"15ml Huile Essentielle De Lavande \u0632\u064a\u062a \u0627\u0644\u062e\u0632\u0627\u0645\u0649 \u0627\u0644\u0627\u0633\u0627\u0633\u064a"}]},{"@type":"WebSite","@id":"https:\/\/beldify.shop\/#website","url":"https:\/\/beldify.shop\/","name":"Beldify.shop - Organic Life Style","description":"Moroccan Natural Products","potentialAction":[{"@type":"SearchAction","target":{"@type":"EntryPoint","urlTemplate":"https:\/\/beldify.shop\/?s={search_term_string}"},"query-input":{"@type":"PropertyValueSpecification","valueRequired":true,"valueName":"search_term_string"}}],"inLanguage":"en-US"}]}},"jetpack_publicize_connections":[],"jetpack_likes_enabled":true,"jetpack_sharing_enabled":true,"jetpack-related-posts":[],"_links":{"self":[{"href":"https:\/\/beldify.shop\/en\/wp-json\/wp\/v2\/product\/3429","targetHints":{"allow":["GET"]}}],"collection":[{"href":"https:\/\/beldify.shop\/en\/wp-json\/wp\/v2\/product"}],"about":[{"href":"https:\/\/beldify.shop\/en\/wp-json\/wp\/v2\/types\/product"}],"replies":[{"embeddable":true,"href":"https:\/\/beldify.shop\/en\/wp-json\/wp\/v2\/comments?post=3429"}],"wp:featuredmedia":[{"embeddable":true,"href":"https:\/\/beldify.shop\/en\/wp-json\/wp\/v2\/media\/3834"}],"wp:attachment":[{"href":"https:\/\/beldify.shop\/en\/wp-json\/wp\/v2\/media?parent=3429"}],"wp:term":[{"taxonomy":"product_brand","embeddable":true,"href":"https:\/\/beldify.shop\/en\/wp-json\/wp\/v2\/product_brand?post=3429"},{"taxonomy":"product_cat","embeddable":true,"href":"https:\/\/beldify.shop\/en\/wp-json\/wp\/v2\/product_cat?post=3429"},{"taxonomy":"product_tag","embeddable":true,"href":"https:\/\/beldify.shop\/en\/wp-json\/wp\/v2\/product_tag?post=3429"}],"curies":[{"name":"wp","href":"https:\/\/api.w.org\/{rel}","templated":true}]}}