{"id":3361,"date":"2020-12-28T11:59:52","date_gmt":"2020-12-28T11:59:52","guid":{"rendered":"https:\/\/beldify.shop\/?post_type=product&#038;p=3361"},"modified":"2026-01-13T22:47:03","modified_gmt":"2026-01-13T22:47:03","slug":"0-5g-safran-%d8%b2%d8%b9%d9%81%d8%b1%d8%a7%d9%86","status":"publish","type":"product","link":"https:\/\/beldify.shop\/en\/product\/0-5g-safran-%d8%b2%d8%b9%d9%81%d8%b1%d8%a7%d9%86\/","title":{"rendered":"\u201c0.5g\u201d Saffron \u0632\u0639\u0641\u0631\u0627\u0646"},"content":{"rendered":"<div class=\"wpb-content-wrapper\"><div data-vc-full-width=\"true\" data-vc-full-width-temp=\"true\" data-vc-full-width-init=\"false\" class=\"vc_row wpb_row vc_row-fluid vc_custom_1490278559844 vc_row-has-fill vc_row-o-content-top vc_row-flex\"><div class=\"wpb_column vc_column_container vc_col-sm-4\"><div class=\"vc_column-inner vc_custom_1490276860346\"><div class=\"wpb_wrapper\">\t\t<div id=\"gallery_392\" class=\"wd-images-gallery wd-wpb photoswipe-images\" style=\"--wd-justify-content:center;--wd-align-items:center;\">\n\t\t\t\n\t\t\t<div class=\"wd-grid-g\" style=\"--wd-col-lg:2;--wd-col-md:2;--wd-col-sm:1;--wd-gap-lg:0px;\">\n\t\t\t\t\n\t\t\t\t\t\t\t\t\t\t\t\t\t\t\t<div class=\"wd-gallery-item wd-col\">\n\t\t\t\t\t\t\t\t\t\t\t\t\t\t<a href=\"https:\/\/beldify.shop\/wp-content\/uploads\/2020\/11\/Culture-safran-5-raisons-pour-inclure-lhuile-de-safran-dans-le-soin-pour-la-peau.jpeg\" data-elementor-open-lightbox=\"no\" data-index=\"1\" data-width=\"1170\" data-height=\"780\" \n\t\t\t\t\t\t\t\t\t\t\t\t >\n\t\t\t\t\t\t\t\t\n\t\t\t\t\t\t\t\t<img loading=\"lazy\" decoding=\"async\" width=\"900\" height=\"550\" src=\"https:\/\/beldify.shop\/wp-content\/uploads\/2020\/11\/Culture-safran-5-raisons-pour-inclure-lhuile-de-safran-dans-le-soin-pour-la-peau-900x550.jpeg\" class=\"wd-gallery-image image-1\" alt=\"\" \/>\n\t\t\t\t\t\t\t\t\t\t\t\t\t\t\t<\/a>\n\t\t\t\t\t\t\t\t\t\t\t\t<\/div>\n\t\t\t\t\t\t\t\t\t\n\t\t\t\t\t\t\t<\/div>\n\n\t\t\t\t\t<\/div>\n\t\t<\/div><\/div><\/div><div class=\"wpb_column vc_column_container vc_col-sm-4\"><div class=\"vc_column-inner vc_custom_1490276808780\"><div class=\"wpb_wrapper\">\n\t\t<div id=\"wd-5fc7a7e67a19e\" class=\"title-wrapper wd-wpb wd-set-mb reset-last-child  wd-rs-5fc7a7e67a19e wd-title-color-primary wd-title-style-underlined text-left vc_custom_1606923761411 wd-underline-colored\">\n\t\t\t\n\t\t\t<div class=\"liner-continer\">\n\t\t\t\t<h4 class=\"woodmart-title-container title  wd-font-weight-600 wd-fontsize-l\" >Saffron<\/h4>\n\t\t\t\t\t\t\t<\/div>\n\t\t\t\n\t\t\t\n\t\t\t\n\t\t<\/div>\n\t\t\n\t\t<\/div><\/div><\/div><div class=\"wpb_column vc_column_container vc_col-sm-4\"><div class=\"vc_column-inner vc_custom_1490276804851\"><div class=\"wpb_wrapper\">\n\t\t<div id=\"wd-5fc796d83707e\" class=\"title-wrapper wd-wpb wd-set-mb reset-last-child  wd-rs-5fc796d83707e wd-title-color-primary wd-title-style-underlined text-left  wd-underline-colored\">\n\t\t\t\n\t\t\t<div class=\"liner-continer\">\n\t\t\t\t<h4 class=\"woodmart-title-container title  wd-font-weight-600 wd-fontsize-l\" >The advantages<\/h4>\n\t\t\t\t\t\t\t<\/div>\n\t\t\t\n\t\t\t\n\t\t\t\n\t\t<\/div>\n\t\t\n\t\t\n\t<div class=\"wpb_text_column wpb_content_element\" >\n\t\t<div class=\"wpb_wrapper\">\n\t\t\t<ul>\n<li>Saffron helps fight against excess cholesterol; it contributes to the prevention of cardiovascular accidents.<\/li>\n<li>stimulates the liver, notably mitigating the effects of alcohol.<\/li>\n<li>Saffron combats asthenia, fatigue, and overwork. It also aids recovery after sports.<\/li>\n<li>It treats insomnia, as it is mildly sedative, and is valuable in cases of mild depression, stress, and anxiety.<\/li>\n<\/ul>\n\n\t\t<\/div>\n\t<\/div>\n<\/div><\/div><\/div><\/div><div class=\"vc_row-full-width vc_clearfix\"><\/div><div class=\"vc_row wpb_row vc_row-fluid vc_row-o-equal-height vc_row-o-content-top vc_row-flex\"><div class=\"wpb_column vc_column_container vc_col-sm-12 vc_col-md-8 vc_col-xs-12\"><div class=\"vc_column-inner\"><div class=\"wpb_wrapper\"><div class=\"vc_empty_space\"   style=\"height: 25px\"><span class=\"vc_empty_space_inner\"><\/span><\/div><div class=\"vc_empty_space\"   style=\"height: 25px\"><span class=\"vc_empty_space_inner\"><\/span><\/div><\/div><\/div><\/div><div class=\"wpb_column vc_column_container vc_col-sm-4 vc_hidden-sm vc_hidden-xs woodmart-sticky-column wd_sticky_offset_150\"><div class=\"vc_column-inner vc_custom_1490276686221\"><div class=\"wpb_wrapper\"><\/div><\/div><\/div><\/div><div data-vc-full-width=\"true\" data-vc-full-width-temp=\"true\" data-vc-full-width-init=\"false\" data-vc-stretch-content=\"true\" class=\"vc_row wpb_row vc_row-fluid vc_custom_1490619327616 vc_row-no-padding\"><div class=\"wpb_column vc_column_container vc_col-sm-12\"><div class=\"vc_column-inner\"><div class=\"wpb_wrapper\"><div class=\"vc_empty_space vc_hidden-lg\"   style=\"height: 70px\"><span class=\"vc_empty_space_inner\"><\/span><\/div><\/div><\/div><\/div><\/div><div class=\"vc_row-full-width vc_clearfix\"><\/div>\n<\/div>","protected":false},"excerpt":{"rendered":"<p>A spice that tastes good as well as being good for your health, you can use it as a &quot;medicinal plant&quot; and &quot;natural coloring&quot;; it is also the most expensive spice in the world.<\/p>\n<p style=\"text-align: right;\"><span style=\"text-align: right;\">.\u00a0 <\/span><span style=\"text-align: right;\">\u0645\u0646 \u0627\u0644\u062a\u0648\u0627\u0628\u0644 \u0627\u0644\u0644\u0630\u064a\u0630\u0629 \u0648\u0627\u0644\u0635\u062d\u064a\u0629 \u060c \u064a\u0645\u0643\u0646\u0643 \u0627\u0633\u062a\u062e\u062f\u0627\u0645\u0647\u0627 \u0643\u0640 \u00ab \u0646\u0628\u0627\u062a \u0637\u0628\u064a \u00bb \u0648 \u00bb \u0645\u0644\u0648\u0646 \u0637\u0628\u064a\u0639\u064a \u00bb \u061b  \u0643\u0645\u0627 \u0623\u0646\u0647\u0627 \u0623\u063a\u0644\u0649 \u0623\u0646\u0648\u0627\u0639 \u0627\u0644\u062a\u0648\u0627\u0628\u0644 \u0641\u064a \u0627<\/span><\/p>\n<p style=\"text-align: left;\">NATURAL PRODUCT 100%<\/p>","protected":false},"featured_media":3181,"comment_status":"open","ping_status":"closed","template":"","meta":{"_angie_page":false,"inline_featured_image":false,"jetpack_publicize_message":"","jetpack_publicize_feature_enabled":true,"jetpack_social_post_already_shared":false,"jetpack_social_options":{"image_generator_settings":{"template":"highway","default_image_id":0,"font":"","enabled":false},"version":2}},"product_brand":[],"product_cat":[94],"product_tag":[128],"class_list":{"0":"post-3361","1":"product","2":"type-product","3":"status-publish","4":"has-post-thumbnail","6":"product_cat-safran","7":"product_tag-safran","9":"first","10":"instock","11":"featured","12":"shipping-taxable","13":"purchasable","14":"product-type-simple"},"yoast_head":"<!-- This site is optimized with the Yoast SEO plugin v27.5 - https:\/\/yoast.com\/product\/yoast-seo-wordpress\/ -->\n<title>&quot;0.5g&quot; Safran \u0632\u0639\u0641\u0631\u0627\u0646 - Beldify.shop - Organic Life Style<\/title>\n<meta name=\"robots\" content=\"index, follow, max-snippet:-1, max-image-preview:large, max-video-preview:-1\" \/>\n<link rel=\"canonical\" href=\"https:\/\/beldify.shop\/en\/product\/0-5g-safran-\u0632\u0639\u0641\u0631\u0627\u0646\/\" \/>\n<meta property=\"og:locale\" content=\"en_US\" \/>\n<meta property=\"og:type\" content=\"article\" \/>\n<meta property=\"og:title\" content=\"&quot;0.5g&quot; Safran \u0632\u0639\u0641\u0631\u0627\u0646 - Beldify.shop - Organic Life Style\" \/>\n<meta property=\"og:description\" content=\"Un \u00e9pice bonne au go\u00fbt que pour la sant\u00e9, vous pouvez l&#039;utiliser en tant que &quot;plante m\u00e9dicinal&quot; et &quot; colorant naturel&quot;; c&#039;est aussi l&#039;\u00e9pice la plus ch\u00e8re au monde. .\u00a0 \u0645\u0646 \u0627\u0644\u062a\u0648\u0627\u0628\u0644 \u0627\u0644\u0644\u0630\u064a\u0630\u0629 \u0648\u0627\u0644\u0635\u062d\u064a\u0629 \u060c \u064a\u0645\u0643\u0646\u0643 \u0627\u0633\u062a\u062e\u062f\u0627\u0645\u0647\u0627 \u0643\u0640 &quot;\u0646\u0628\u0627\u062a \u0637\u0628\u064a&quot; \u0648 &quot; \u0645\u0644\u0648\u0646 \u0637\u0628\u064a\u0639\u064a&quot; \u061b \u00a0\u0643\u0645\u0627 \u0623\u0646\u0647\u0627 \u0623\u063a\u0644\u0649 \u0623\u0646\u0648\u0627\u0639 \u0627\u0644\u062a\u0648\u0627\u0628\u0644 \u0641\u064a \u0627 PRODUIT NATUREL\u00a0 100%\" \/>\n<meta property=\"og:url\" content=\"https:\/\/beldify.shop\/en\/product\/0-5g-safran-\u0632\u0639\u0641\u0631\u0627\u0646\/\" \/>\n<meta property=\"og:site_name\" content=\"Beldify.shop - Organic Life Style\" \/>\n<meta property=\"article:publisher\" content=\"https:\/\/www.facebook.com\/beldify.shop\" \/>\n<meta property=\"article:modified_time\" content=\"2026-01-13T22:47:03+00:00\" \/>\n<meta property=\"og:image\" content=\"https:\/\/beldify.shop\/wp-content\/uploads\/2020\/11\/safran.jpg\" \/>\n\t<meta property=\"og:image:width\" content=\"800\" \/>\n\t<meta property=\"og:image:height\" content=\"800\" \/>\n\t<meta property=\"og:image:type\" content=\"image\/jpeg\" \/>\n<meta name=\"twitter:card\" content=\"summary_large_image\" \/>\n<meta name=\"twitter:label1\" content=\"Est. reading time\" \/>\n\t<meta name=\"twitter:data1\" content=\"1 minute\" \/>\n<script type=\"application\/ld+json\" class=\"yoast-schema-graph\">{\"@context\":\"https:\\\/\\\/schema.org\",\"@graph\":[{\"@type\":\"WebPage\",\"@id\":\"https:\\\/\\\/beldify.shop\\\/produit\\\/0-5g-safran-%d8%b2%d8%b9%d9%81%d8%b1%d8%a7%d9%86\\\/\",\"url\":\"https:\\\/\\\/beldify.shop\\\/produit\\\/0-5g-safran-%d8%b2%d8%b9%d9%81%d8%b1%d8%a7%d9%86\\\/\",\"name\":\"\\\"0.5g\\\" Safran \u0632\u0639\u0641\u0631\u0627\u0646 - Beldify.shop - Organic Life Style\",\"isPartOf\":{\"@id\":\"https:\\\/\\\/beldify.shop\\\/#website\"},\"primaryImageOfPage\":{\"@id\":\"https:\\\/\\\/beldify.shop\\\/produit\\\/0-5g-safran-%d8%b2%d8%b9%d9%81%d8%b1%d8%a7%d9%86\\\/#primaryimage\"},\"image\":{\"@id\":\"https:\\\/\\\/beldify.shop\\\/produit\\\/0-5g-safran-%d8%b2%d8%b9%d9%81%d8%b1%d8%a7%d9%86\\\/#primaryimage\"},\"thumbnailUrl\":\"https:\\\/\\\/beldify.shop\\\/wp-content\\\/uploads\\\/2020\\\/11\\\/safran.jpg\",\"datePublished\":\"2020-12-28T11:59:52+00:00\",\"dateModified\":\"2026-01-13T22:47:03+00:00\",\"breadcrumb\":{\"@id\":\"https:\\\/\\\/beldify.shop\\\/produit\\\/0-5g-safran-%d8%b2%d8%b9%d9%81%d8%b1%d8%a7%d9%86\\\/#breadcrumb\"},\"inLanguage\":\"en-US\",\"potentialAction\":[{\"@type\":\"ReadAction\",\"target\":[\"https:\\\/\\\/beldify.shop\\\/produit\\\/0-5g-safran-%d8%b2%d8%b9%d9%81%d8%b1%d8%a7%d9%86\\\/\"]}]},{\"@type\":\"ImageObject\",\"inLanguage\":\"en-US\",\"@id\":\"https:\\\/\\\/beldify.shop\\\/produit\\\/0-5g-safran-%d8%b2%d8%b9%d9%81%d8%b1%d8%a7%d9%86\\\/#primaryimage\",\"url\":\"https:\\\/\\\/beldify.shop\\\/wp-content\\\/uploads\\\/2020\\\/11\\\/safran.jpg\",\"contentUrl\":\"https:\\\/\\\/beldify.shop\\\/wp-content\\\/uploads\\\/2020\\\/11\\\/safran.jpg\",\"width\":800,\"height\":800},{\"@type\":\"BreadcrumbList\",\"@id\":\"https:\\\/\\\/beldify.shop\\\/produit\\\/0-5g-safran-%d8%b2%d8%b9%d9%81%d8%b1%d8%a7%d9%86\\\/#breadcrumb\",\"itemListElement\":[{\"@type\":\"ListItem\",\"position\":1,\"name\":\"Accueil\",\"item\":\"https:\\\/\\\/beldify.shop\\\/\"},{\"@type\":\"ListItem\",\"position\":2,\"name\":\"Boutique\",\"item\":\"https:\\\/\\\/beldify.shop\\\/boutique\\\/\"},{\"@type\":\"ListItem\",\"position\":3,\"name\":\"\u00ab\u00a00.5g\u00a0\u00bb Safran \u0632\u0639\u0641\u0631\u0627\u0646\"}]},{\"@type\":\"WebSite\",\"@id\":\"https:\\\/\\\/beldify.shop\\\/#website\",\"url\":\"https:\\\/\\\/beldify.shop\\\/\",\"name\":\"Beldify.shop - Organic Life Style\",\"description\":\"Moroccan Natural Products\",\"potentialAction\":[{\"@type\":\"SearchAction\",\"target\":{\"@type\":\"EntryPoint\",\"urlTemplate\":\"https:\\\/\\\/beldify.shop\\\/?s={search_term_string}\"},\"query-input\":{\"@type\":\"PropertyValueSpecification\",\"valueRequired\":true,\"valueName\":\"search_term_string\"}}],\"inLanguage\":\"en-US\"}]}<\/script>\n<!-- \/ Yoast SEO plugin. -->","yoast_head_json":{"title":"\"0.5g\" Safran \u0632\u0639\u0641\u0631\u0627\u0646 - Beldify.shop - Organic Life Style","robots":{"index":"index","follow":"follow","max-snippet":"max-snippet:-1","max-image-preview":"max-image-preview:large","max-video-preview":"max-video-preview:-1"},"canonical":"https:\/\/beldify.shop\/en\/product\/0-5g-safran-\u0632\u0639\u0641\u0631\u0627\u0646\/","og_locale":"en_US","og_type":"article","og_title":"\"0.5g\" Safran \u0632\u0639\u0641\u0631\u0627\u0646 - Beldify.shop - Organic Life Style","og_description":"Un \u00e9pice bonne au go\u00fbt que pour la sant\u00e9, vous pouvez l'utiliser en tant que \"plante m\u00e9dicinal\" et \" colorant naturel\"; c'est aussi l'\u00e9pice la plus ch\u00e8re au monde. .\u00a0 \u0645\u0646 \u0627\u0644\u062a\u0648\u0627\u0628\u0644 \u0627\u0644\u0644\u0630\u064a\u0630\u0629 \u0648\u0627\u0644\u0635\u062d\u064a\u0629 \u060c \u064a\u0645\u0643\u0646\u0643 \u0627\u0633\u062a\u062e\u062f\u0627\u0645\u0647\u0627 \u0643\u0640 \"\u0646\u0628\u0627\u062a \u0637\u0628\u064a\" \u0648 \" \u0645\u0644\u0648\u0646 \u0637\u0628\u064a\u0639\u064a\" \u061b \u00a0\u0643\u0645\u0627 \u0623\u0646\u0647\u0627 \u0623\u063a\u0644\u0649 \u0623\u0646\u0648\u0627\u0639 \u0627\u0644\u062a\u0648\u0627\u0628\u0644 \u0641\u064a \u0627 PRODUIT NATUREL\u00a0 100%","og_url":"https:\/\/beldify.shop\/en\/product\/0-5g-safran-\u0632\u0639\u0641\u0631\u0627\u0646\/","og_site_name":"Beldify.shop - Organic Life Style","article_publisher":"https:\/\/www.facebook.com\/beldify.shop","article_modified_time":"2026-01-13T22:47:03+00:00","og_image":[{"width":800,"height":800,"url":"https:\/\/beldify.shop\/wp-content\/uploads\/2020\/11\/safran.jpg","type":"image\/jpeg"}],"twitter_card":"summary_large_image","twitter_misc":{"Est. reading time":"1 minute"},"schema":{"@context":"https:\/\/schema.org","@graph":[{"@type":"WebPage","@id":"https:\/\/beldify.shop\/produit\/0-5g-safran-%d8%b2%d8%b9%d9%81%d8%b1%d8%a7%d9%86\/","url":"https:\/\/beldify.shop\/produit\/0-5g-safran-%d8%b2%d8%b9%d9%81%d8%b1%d8%a7%d9%86\/","name":"\"0.5g\" Safran \u0632\u0639\u0641\u0631\u0627\u0646 - Beldify.shop - Organic Life Style","isPartOf":{"@id":"https:\/\/beldify.shop\/#website"},"primaryImageOfPage":{"@id":"https:\/\/beldify.shop\/produit\/0-5g-safran-%d8%b2%d8%b9%d9%81%d8%b1%d8%a7%d9%86\/#primaryimage"},"image":{"@id":"https:\/\/beldify.shop\/produit\/0-5g-safran-%d8%b2%d8%b9%d9%81%d8%b1%d8%a7%d9%86\/#primaryimage"},"thumbnailUrl":"https:\/\/beldify.shop\/wp-content\/uploads\/2020\/11\/safran.jpg","datePublished":"2020-12-28T11:59:52+00:00","dateModified":"2026-01-13T22:47:03+00:00","breadcrumb":{"@id":"https:\/\/beldify.shop\/produit\/0-5g-safran-%d8%b2%d8%b9%d9%81%d8%b1%d8%a7%d9%86\/#breadcrumb"},"inLanguage":"en-US","potentialAction":[{"@type":"ReadAction","target":["https:\/\/beldify.shop\/produit\/0-5g-safran-%d8%b2%d8%b9%d9%81%d8%b1%d8%a7%d9%86\/"]}]},{"@type":"ImageObject","inLanguage":"en-US","@id":"https:\/\/beldify.shop\/produit\/0-5g-safran-%d8%b2%d8%b9%d9%81%d8%b1%d8%a7%d9%86\/#primaryimage","url":"https:\/\/beldify.shop\/wp-content\/uploads\/2020\/11\/safran.jpg","contentUrl":"https:\/\/beldify.shop\/wp-content\/uploads\/2020\/11\/safran.jpg","width":800,"height":800},{"@type":"BreadcrumbList","@id":"https:\/\/beldify.shop\/produit\/0-5g-safran-%d8%b2%d8%b9%d9%81%d8%b1%d8%a7%d9%86\/#breadcrumb","itemListElement":[{"@type":"ListItem","position":1,"name":"Accueil","item":"https:\/\/beldify.shop\/"},{"@type":"ListItem","position":2,"name":"Boutique","item":"https:\/\/beldify.shop\/boutique\/"},{"@type":"ListItem","position":3,"name":"\u00ab\u00a00.5g\u00a0\u00bb Safran \u0632\u0639\u0641\u0631\u0627\u0646"}]},{"@type":"WebSite","@id":"https:\/\/beldify.shop\/#website","url":"https:\/\/beldify.shop\/","name":"Beldify.shop - Organic Life Style","description":"Moroccan Natural Products","potentialAction":[{"@type":"SearchAction","target":{"@type":"EntryPoint","urlTemplate":"https:\/\/beldify.shop\/?s={search_term_string}"},"query-input":{"@type":"PropertyValueSpecification","valueRequired":true,"valueName":"search_term_string"}}],"inLanguage":"en-US"}]}},"jetpack_publicize_connections":[],"jetpack_likes_enabled":true,"jetpack_sharing_enabled":true,"jetpack-related-posts":[],"_links":{"self":[{"href":"https:\/\/beldify.shop\/en\/wp-json\/wp\/v2\/product\/3361","targetHints":{"allow":["GET"]}}],"collection":[{"href":"https:\/\/beldify.shop\/en\/wp-json\/wp\/v2\/product"}],"about":[{"href":"https:\/\/beldify.shop\/en\/wp-json\/wp\/v2\/types\/product"}],"replies":[{"embeddable":true,"href":"https:\/\/beldify.shop\/en\/wp-json\/wp\/v2\/comments?post=3361"}],"wp:featuredmedia":[{"embeddable":true,"href":"https:\/\/beldify.shop\/en\/wp-json\/wp\/v2\/media\/3181"}],"wp:attachment":[{"href":"https:\/\/beldify.shop\/en\/wp-json\/wp\/v2\/media?parent=3361"}],"wp:term":[{"taxonomy":"product_brand","embeddable":true,"href":"https:\/\/beldify.shop\/en\/wp-json\/wp\/v2\/product_brand?post=3361"},{"taxonomy":"product_cat","embeddable":true,"href":"https:\/\/beldify.shop\/en\/wp-json\/wp\/v2\/product_cat?post=3361"},{"taxonomy":"product_tag","embeddable":true,"href":"https:\/\/beldify.shop\/en\/wp-json\/wp\/v2\/product_tag?post=3361"}],"curies":[{"name":"wp","href":"https:\/\/api.w.org\/{rel}","templated":true}]}}