{"id":3199,"date":"2020-12-02T09:49:08","date_gmt":"2020-12-02T09:49:08","guid":{"rendered":"https:\/\/beldify.shop?post_type=product&#038;p=3199"},"modified":"2026-01-13T22:47:03","modified_gmt":"2026-01-13T22:47:03","slug":"250-ml-vinaigre-de-pommes-%d8%ae%d9%84-%d8%a7%d9%84%d8%aa%d9%81%d8%a7%d8%ad","status":"publish","type":"product","link":"https:\/\/beldify.shop\/en\/product\/250-ml-vinaigre-de-pommes-%d8%ae%d9%84-%d8%a7%d9%84%d8%aa%d9%81%d8%a7%d8%ad\/","title":{"rendered":"250 ml Apple vinegar \u062e\u0644 \u0627\u0644\u062a\u0641\u0627\u062d"},"content":{"rendered":"<div class=\"wpb-content-wrapper\"><div data-vc-full-width=\"true\" data-vc-full-width-temp=\"true\" data-vc-full-width-init=\"false\" class=\"vc_row wpb_row vc_row-fluid vc_custom_1490278559844 vc_row-has-fill vc_row-o-content-top vc_row-flex\"><div class=\"wpb_column vc_column_container vc_col-sm-4\"><div class=\"vc_column-inner vc_custom_1490276860346\"><div class=\"wpb_wrapper\">\t\t<div id=\"gallery_531\" class=\"wd-images-gallery wd-wpb photoswipe-images\" style=\"--wd-justify-content:center;--wd-align-items:center;\">\n\t\t\t\n\t\t\t<div class=\"wd-grid-g\" style=\"--wd-col-lg:1;--wd-col-md:1;--wd-col-sm:1;--wd-gap-lg:0px;\">\n\t\t\t\t\n\t\t\t\t\t\t\t\t\t\t\t\t\t\t\t<div class=\"wd-gallery-item wd-col\">\n\t\t\t\t\t\t\t\t\t\t\t\t\t\t<a href=\"https:\/\/beldify.shop\/wp-content\/uploads\/2020\/12\/vinaigre-de-pommes-2.jpg\" data-elementor-open-lightbox=\"no\" data-index=\"1\" data-width=\"530\" data-height=\"659\" \n\t\t\t\t\t\t\t\t\t\t\t\t >\n\t\t\t\t\t\t\t\t\n\t\t\t\t\t\t\t\t<img loading=\"lazy\" decoding=\"async\" width=\"500\" height=\"550\" src=\"https:\/\/beldify.shop\/wp-content\/uploads\/2020\/12\/vinaigre-de-pommes-2-500x550.jpg\" class=\"wd-gallery-image image-1\" alt=\"\" \/>\n\t\t\t\t\t\t\t\t\t\t\t\t\t\t\t<\/a>\n\t\t\t\t\t\t\t\t\t\t\t\t<\/div>\n\t\t\t\t\t\t\t\t\t\n\t\t\t\t\t\t\t<\/div>\n\n\t\t\t\t\t<\/div>\n\t\t<\/div><\/div><\/div><div class=\"wpb_column vc_column_container vc_col-sm-4\"><div class=\"vc_column-inner vc_custom_1490276808780\"><div class=\"wpb_wrapper\">\n\t\t<div id=\"wd-5fc7a73f4e2b9\" class=\"title-wrapper wd-wpb wd-set-mb reset-last-child  wd-rs-5fc7a73f4e2b9 wd-title-color-primary wd-title-style-underlined text-left vc_custom_1606923591454 wd-underline-colored\">\n\t\t\t\n\t\t\t<div class=\"liner-continer\">\n\t\t\t\t<h4 class=\"woodmart-title-container title  wd-font-weight-600 wd-fontsize-l\" >Apple cider vinegar<\/h4>\n\t\t\t\t\t\t\t<\/div>\n\t\t\t\n\t\t\t\n\t\t\t\n\t\t<\/div>\n\t\t\n\t\t\n\t<div class=\"wpb_text_column wpb_content_element\" >\n\t\t<div class=\"wpb_wrapper\">\n\t\t\t<p>Apple cider vinegar is natural, organic, unpasteurized, undistilled, and preservative-free.<\/p>\n\n\t\t<\/div>\n\t<\/div>\n<\/div><\/div><\/div><div class=\"wpb_column vc_column_container vc_col-sm-4\"><div class=\"vc_column-inner vc_custom_1490276804851\"><div class=\"wpb_wrapper\">\n\t\t<div id=\"wd-5fc79bf24250c\" class=\"title-wrapper wd-wpb wd-set-mb reset-last-child  wd-rs-5fc79bf24250c wd-title-color-primary wd-title-style-underlined text-left  wd-underline-colored\">\n\t\t\t\n\t\t\t<div class=\"liner-continer\">\n\t\t\t\t<h4 class=\"woodmart-title-container title  wd-font-weight-600 wd-fontsize-l\" >The advantages<\/h4>\n\t\t\t\t\t\t\t<\/div>\n\t\t\t\n\t\t\t\n\t\t\t\n\t\t<\/div>\n\t\t\n\t\t\n\t<div class=\"wpb_text_column wpb_content_element\" >\n\t\t<div class=\"wpb_wrapper\">\n\t\t\t<p>Apple cider vinegar helps to:<\/p>\n<ul>\n<li>Control blood pressure to an acceptable level.<\/li>\n<li>Lower cholesterol.<\/li>\n<li>Weight loss.<\/li>\n<li>Blood sugar control.<\/li>\n<li>Treat colds.<\/li>\n<li>It helps with good digestion.<\/li>\n<\/ul>\n\n\t\t<\/div>\n\t<\/div>\n<\/div><\/div><\/div><\/div><div class=\"vc_row-full-width vc_clearfix\"><\/div><div class=\"vc_row wpb_row vc_row-fluid vc_row-o-equal-height vc_row-o-content-top vc_row-flex\"><div class=\"wpb_column vc_column_container vc_col-sm-12 vc_col-md-8 vc_col-xs-12\"><div class=\"vc_column-inner\"><div class=\"wpb_wrapper\"><div class=\"vc_empty_space\"   style=\"height: 25px\"><span class=\"vc_empty_space_inner\"><\/span><\/div><div class=\"vc_empty_space\"   style=\"height: 25px\"><span class=\"vc_empty_space_inner\"><\/span><\/div><\/div><\/div><\/div><div class=\"wpb_column vc_column_container vc_col-sm-4 vc_hidden-sm vc_hidden-xs woodmart-sticky-column wd_sticky_offset_150\"><div class=\"vc_column-inner vc_custom_1490276686221\"><div class=\"wpb_wrapper\"><\/div><\/div><\/div><\/div><div data-vc-full-width=\"true\" data-vc-full-width-temp=\"true\" data-vc-full-width-init=\"false\" data-vc-stretch-content=\"true\" class=\"vc_row wpb_row vc_row-fluid vc_custom_1490619327616 vc_row-no-padding\"><div class=\"wpb_column vc_column_container vc_col-sm-12\"><div class=\"vc_column-inner\"><div class=\"wpb_wrapper\"><div class=\"vc_empty_space vc_hidden-lg\"   style=\"height: 70px\"><span class=\"vc_empty_space_inner\"><\/span><\/div><\/div><\/div><\/div><\/div><div class=\"vc_row-full-width vc_clearfix\"><\/div>\n<\/div>","protected":false},"excerpt":{"rendered":"<p>Apple cider vinegar is natural, organic, unpasteurized, undistilled, preservative-free and has several benefits.<\/p>\n<p style=\"text-align: right;\">.\u062e\u0644 \u0627\u0644\u062a\u0641\u0627\u062d \u0637\u0628\u064a\u0639\u064a \u0639\u0636\u0648\u064a \u063a\u064a\u0631 \u0645\u0628\u0633\u062a\u0631 \u0648 \u063a\u064a\u0631 \u0645\u0642\u0637\u0631 \u0648\u0628\u062f\u0648\u0646 \u0645\u0648\u0627\u062f \u062d\u0627\u0641\u0638\u0629 \u0648 \u0644\u0647 \u0639\u062f\u0629 \u0641\u0648\u0627\u0626\u062f<\/p>\n<p style=\"text-align: left;\">NATURAL PRODUCT 100%<\/p>","protected":false},"featured_media":3357,"comment_status":"open","ping_status":"closed","template":"","meta":{"_angie_page":false,"inline_featured_image":false,"jetpack_publicize_message":"","jetpack_publicize_feature_enabled":true,"jetpack_social_post_already_shared":false,"jetpack_social_options":{"image_generator_settings":{"template":"highway","default_image_id":0,"font":"","enabled":false},"version":2}},"product_brand":[],"product_cat":[138],"product_tag":[131,130,132],"class_list":{"0":"post-3199","1":"product","2":"type-product","3":"status-publish","4":"has-post-thumbnail","6":"product_cat-vinaigre","7":"product_tag-timicha","8":"product_tag-vinaigre","9":"product_tag-132","11":"first","12":"instock","13":"shipping-taxable","14":"purchasable","15":"product-type-simple"},"yoast_head":"<!-- This site is optimized with the Yoast SEO plugin v27.5 - https:\/\/yoast.com\/product\/yoast-seo-wordpress\/ -->\n<title>250 ml Vinaigre de pommes \u062e\u0644 \u0627\u0644\u062a\u0641\u0627\u062d - Beldify.shop - Organic Life Style<\/title>\n<meta name=\"robots\" content=\"index, follow, max-snippet:-1, max-image-preview:large, max-video-preview:-1\" \/>\n<link rel=\"canonical\" href=\"https:\/\/beldify.shop\/en\/product\/250-ml-vinaigre-de-pommes-\u062e\u0644-\u0627\u0644\u062a\u0641\u0627\u062d\/\" \/>\n<meta property=\"og:locale\" content=\"en_US\" \/>\n<meta property=\"og:type\" content=\"article\" \/>\n<meta property=\"og:title\" content=\"250 ml Vinaigre de pommes \u062e\u0644 \u0627\u0644\u062a\u0641\u0627\u062d - Beldify.shop - Organic Life Style\" \/>\n<meta property=\"og:description\" content=\"Le vinaigre de cidre de pomme est naturel, biologique, non pasteuris\u00e9, non distill\u00e9, sans conservateurs et pr\u00e9sente plusieurs avantages. .\u062e\u0644 \u0627\u0644\u062a\u0641\u0627\u062d \u0637\u0628\u064a\u0639\u064a \u0639\u0636\u0648\u064a \u063a\u064a\u0631 \u0645\u0628\u0633\u062a\u0631 \u0648 \u063a\u064a\u0631 \u0645\u0642\u0637\u0631 \u0648\u0628\u062f\u0648\u0646 \u0645\u0648\u0627\u062f \u062d\u0627\u0641\u0638\u0629 \u0648 \u0644\u0647 \u0639\u062f\u0629 \u0641\u0648\u0627\u0626\u062f PRODUIT NATUREL\u00a0 100%\" \/>\n<meta property=\"og:url\" content=\"https:\/\/beldify.shop\/en\/product\/250-ml-vinaigre-de-pommes-\u062e\u0644-\u0627\u0644\u062a\u0641\u0627\u062d\/\" \/>\n<meta property=\"og:site_name\" content=\"Beldify.shop - Organic Life Style\" \/>\n<meta property=\"article:publisher\" content=\"https:\/\/www.facebook.com\/beldify.shop\" \/>\n<meta property=\"article:modified_time\" content=\"2026-01-13T22:47:03+00:00\" \/>\n<meta property=\"og:image\" content=\"https:\/\/beldify.shop\/wp-content\/uploads\/2020\/12\/kk-scaled.jpg\" \/>\n\t<meta property=\"og:image:width\" content=\"2050\" \/>\n\t<meta property=\"og:image:height\" content=\"2560\" \/>\n\t<meta property=\"og:image:type\" content=\"image\/jpeg\" \/>\n<meta name=\"twitter:card\" content=\"summary_large_image\" \/>\n<meta name=\"twitter:label1\" content=\"Est. reading time\" \/>\n\t<meta name=\"twitter:data1\" content=\"1 minute\" \/>\n<script type=\"application\/ld+json\" class=\"yoast-schema-graph\">{\"@context\":\"https:\\\/\\\/schema.org\",\"@graph\":[{\"@type\":\"WebPage\",\"@id\":\"https:\\\/\\\/beldify.shop\\\/ru\\\/product\\\/250-ml-vinaigre-de-pommes-%d8%ae%d9%84-%d8%a7%d9%84%d8%aa%d9%81%d8%a7%d8%ad\\\/\",\"url\":\"https:\\\/\\\/beldify.shop\\\/ru\\\/product\\\/250-ml-vinaigre-de-pommes-%d8%ae%d9%84-%d8%a7%d9%84%d8%aa%d9%81%d8%a7%d8%ad\\\/\",\"name\":\"250 ml Vinaigre de pommes \u062e\u0644 \u0627\u0644\u062a\u0641\u0627\u062d - Beldify.shop - Organic Life Style\",\"isPartOf\":{\"@id\":\"https:\\\/\\\/beldify.shop\\\/#website\"},\"primaryImageOfPage\":{\"@id\":\"https:\\\/\\\/beldify.shop\\\/ru\\\/product\\\/250-ml-vinaigre-de-pommes-%d8%ae%d9%84-%d8%a7%d9%84%d8%aa%d9%81%d8%a7%d8%ad\\\/#primaryimage\"},\"image\":{\"@id\":\"https:\\\/\\\/beldify.shop\\\/ru\\\/product\\\/250-ml-vinaigre-de-pommes-%d8%ae%d9%84-%d8%a7%d9%84%d8%aa%d9%81%d8%a7%d8%ad\\\/#primaryimage\"},\"thumbnailUrl\":\"https:\\\/\\\/beldify.shop\\\/wp-content\\\/uploads\\\/2020\\\/12\\\/kk-scaled.jpg\",\"datePublished\":\"2020-12-02T09:49:08+00:00\",\"dateModified\":\"2026-01-13T22:47:03+00:00\",\"breadcrumb\":{\"@id\":\"https:\\\/\\\/beldify.shop\\\/ru\\\/product\\\/250-ml-vinaigre-de-pommes-%d8%ae%d9%84-%d8%a7%d9%84%d8%aa%d9%81%d8%a7%d8%ad\\\/#breadcrumb\"},\"inLanguage\":\"en-US\",\"potentialAction\":[{\"@type\":\"ReadAction\",\"target\":[\"https:\\\/\\\/beldify.shop\\\/ru\\\/product\\\/250-ml-vinaigre-de-pommes-%d8%ae%d9%84-%d8%a7%d9%84%d8%aa%d9%81%d8%a7%d8%ad\\\/\"]}]},{\"@type\":\"ImageObject\",\"inLanguage\":\"en-US\",\"@id\":\"https:\\\/\\\/beldify.shop\\\/ru\\\/product\\\/250-ml-vinaigre-de-pommes-%d8%ae%d9%84-%d8%a7%d9%84%d8%aa%d9%81%d8%a7%d8%ad\\\/#primaryimage\",\"url\":\"https:\\\/\\\/beldify.shop\\\/wp-content\\\/uploads\\\/2020\\\/12\\\/kk-scaled.jpg\",\"contentUrl\":\"https:\\\/\\\/beldify.shop\\\/wp-content\\\/uploads\\\/2020\\\/12\\\/kk-scaled.jpg\",\"width\":2050,\"height\":2560},{\"@type\":\"BreadcrumbList\",\"@id\":\"https:\\\/\\\/beldify.shop\\\/ru\\\/product\\\/250-ml-vinaigre-de-pommes-%d8%ae%d9%84-%d8%a7%d9%84%d8%aa%d9%81%d8%a7%d8%ad\\\/#breadcrumb\",\"itemListElement\":[{\"@type\":\"ListItem\",\"position\":1,\"name\":\"Accueil\",\"item\":\"https:\\\/\\\/beldify.shop\\\/\"},{\"@type\":\"ListItem\",\"position\":2,\"name\":\"Boutique\",\"item\":\"https:\\\/\\\/beldify.shop\\\/boutique\\\/\"},{\"@type\":\"ListItem\",\"position\":3,\"name\":\"250 ml Vinaigre de pommes \u062e\u0644 \u0627\u0644\u062a\u0641\u0627\u062d\"}]},{\"@type\":\"WebSite\",\"@id\":\"https:\\\/\\\/beldify.shop\\\/#website\",\"url\":\"https:\\\/\\\/beldify.shop\\\/\",\"name\":\"Beldify.shop - Organic Life Style\",\"description\":\"Moroccan Natural Products\",\"potentialAction\":[{\"@type\":\"SearchAction\",\"target\":{\"@type\":\"EntryPoint\",\"urlTemplate\":\"https:\\\/\\\/beldify.shop\\\/?s={search_term_string}\"},\"query-input\":{\"@type\":\"PropertyValueSpecification\",\"valueRequired\":true,\"valueName\":\"search_term_string\"}}],\"inLanguage\":\"en-US\"}]}<\/script>\n<!-- \/ Yoast SEO plugin. -->","yoast_head_json":{"title":"250 ml Vinaigre de pommes \u062e\u0644 \u0627\u0644\u062a\u0641\u0627\u062d - Beldify.shop - Organic Life Style","robots":{"index":"index","follow":"follow","max-snippet":"max-snippet:-1","max-image-preview":"max-image-preview:large","max-video-preview":"max-video-preview:-1"},"canonical":"https:\/\/beldify.shop\/en\/product\/250-ml-vinaigre-de-pommes-\u062e\u0644-\u0627\u0644\u062a\u0641\u0627\u062d\/","og_locale":"en_US","og_type":"article","og_title":"250 ml Vinaigre de pommes \u062e\u0644 \u0627\u0644\u062a\u0641\u0627\u062d - Beldify.shop - Organic Life Style","og_description":"Le vinaigre de cidre de pomme est naturel, biologique, non pasteuris\u00e9, non distill\u00e9, sans conservateurs et pr\u00e9sente plusieurs avantages. .\u062e\u0644 \u0627\u0644\u062a\u0641\u0627\u062d \u0637\u0628\u064a\u0639\u064a \u0639\u0636\u0648\u064a \u063a\u064a\u0631 \u0645\u0628\u0633\u062a\u0631 \u0648 \u063a\u064a\u0631 \u0645\u0642\u0637\u0631 \u0648\u0628\u062f\u0648\u0646 \u0645\u0648\u0627\u062f \u062d\u0627\u0641\u0638\u0629 \u0648 \u0644\u0647 \u0639\u062f\u0629 \u0641\u0648\u0627\u0626\u062f PRODUIT NATUREL\u00a0 100%","og_url":"https:\/\/beldify.shop\/en\/product\/250-ml-vinaigre-de-pommes-\u062e\u0644-\u0627\u0644\u062a\u0641\u0627\u062d\/","og_site_name":"Beldify.shop - Organic Life Style","article_publisher":"https:\/\/www.facebook.com\/beldify.shop","article_modified_time":"2026-01-13T22:47:03+00:00","og_image":[{"width":2050,"height":2560,"url":"https:\/\/beldify.shop\/wp-content\/uploads\/2020\/12\/kk-scaled.jpg","type":"image\/jpeg"}],"twitter_card":"summary_large_image","twitter_misc":{"Est. reading time":"1 minute"},"schema":{"@context":"https:\/\/schema.org","@graph":[{"@type":"WebPage","@id":"https:\/\/beldify.shop\/ru\/product\/250-ml-vinaigre-de-pommes-%d8%ae%d9%84-%d8%a7%d9%84%d8%aa%d9%81%d8%a7%d8%ad\/","url":"https:\/\/beldify.shop\/ru\/product\/250-ml-vinaigre-de-pommes-%d8%ae%d9%84-%d8%a7%d9%84%d8%aa%d9%81%d8%a7%d8%ad\/","name":"250 ml Vinaigre de pommes \u062e\u0644 \u0627\u0644\u062a\u0641\u0627\u062d - Beldify.shop - Organic Life Style","isPartOf":{"@id":"https:\/\/beldify.shop\/#website"},"primaryImageOfPage":{"@id":"https:\/\/beldify.shop\/ru\/product\/250-ml-vinaigre-de-pommes-%d8%ae%d9%84-%d8%a7%d9%84%d8%aa%d9%81%d8%a7%d8%ad\/#primaryimage"},"image":{"@id":"https:\/\/beldify.shop\/ru\/product\/250-ml-vinaigre-de-pommes-%d8%ae%d9%84-%d8%a7%d9%84%d8%aa%d9%81%d8%a7%d8%ad\/#primaryimage"},"thumbnailUrl":"https:\/\/beldify.shop\/wp-content\/uploads\/2020\/12\/kk-scaled.jpg","datePublished":"2020-12-02T09:49:08+00:00","dateModified":"2026-01-13T22:47:03+00:00","breadcrumb":{"@id":"https:\/\/beldify.shop\/ru\/product\/250-ml-vinaigre-de-pommes-%d8%ae%d9%84-%d8%a7%d9%84%d8%aa%d9%81%d8%a7%d8%ad\/#breadcrumb"},"inLanguage":"en-US","potentialAction":[{"@type":"ReadAction","target":["https:\/\/beldify.shop\/ru\/product\/250-ml-vinaigre-de-pommes-%d8%ae%d9%84-%d8%a7%d9%84%d8%aa%d9%81%d8%a7%d8%ad\/"]}]},{"@type":"ImageObject","inLanguage":"en-US","@id":"https:\/\/beldify.shop\/ru\/product\/250-ml-vinaigre-de-pommes-%d8%ae%d9%84-%d8%a7%d9%84%d8%aa%d9%81%d8%a7%d8%ad\/#primaryimage","url":"https:\/\/beldify.shop\/wp-content\/uploads\/2020\/12\/kk-scaled.jpg","contentUrl":"https:\/\/beldify.shop\/wp-content\/uploads\/2020\/12\/kk-scaled.jpg","width":2050,"height":2560},{"@type":"BreadcrumbList","@id":"https:\/\/beldify.shop\/ru\/product\/250-ml-vinaigre-de-pommes-%d8%ae%d9%84-%d8%a7%d9%84%d8%aa%d9%81%d8%a7%d8%ad\/#breadcrumb","itemListElement":[{"@type":"ListItem","position":1,"name":"Accueil","item":"https:\/\/beldify.shop\/"},{"@type":"ListItem","position":2,"name":"Boutique","item":"https:\/\/beldify.shop\/boutique\/"},{"@type":"ListItem","position":3,"name":"250 ml Vinaigre de pommes \u062e\u0644 \u0627\u0644\u062a\u0641\u0627\u062d"}]},{"@type":"WebSite","@id":"https:\/\/beldify.shop\/#website","url":"https:\/\/beldify.shop\/","name":"Beldify.shop - Organic Life Style","description":"Moroccan Natural Products","potentialAction":[{"@type":"SearchAction","target":{"@type":"EntryPoint","urlTemplate":"https:\/\/beldify.shop\/?s={search_term_string}"},"query-input":{"@type":"PropertyValueSpecification","valueRequired":true,"valueName":"search_term_string"}}],"inLanguage":"en-US"}]}},"jetpack_publicize_connections":[],"jetpack_likes_enabled":true,"jetpack_sharing_enabled":true,"jetpack-related-posts":[],"_links":{"self":[{"href":"https:\/\/beldify.shop\/en\/wp-json\/wp\/v2\/product\/3199","targetHints":{"allow":["GET"]}}],"collection":[{"href":"https:\/\/beldify.shop\/en\/wp-json\/wp\/v2\/product"}],"about":[{"href":"https:\/\/beldify.shop\/en\/wp-json\/wp\/v2\/types\/product"}],"replies":[{"embeddable":true,"href":"https:\/\/beldify.shop\/en\/wp-json\/wp\/v2\/comments?post=3199"}],"wp:featuredmedia":[{"embeddable":true,"href":"https:\/\/beldify.shop\/en\/wp-json\/wp\/v2\/media\/3357"}],"wp:attachment":[{"href":"https:\/\/beldify.shop\/en\/wp-json\/wp\/v2\/media?parent=3199"}],"wp:term":[{"taxonomy":"product_brand","embeddable":true,"href":"https:\/\/beldify.shop\/en\/wp-json\/wp\/v2\/product_brand?post=3199"},{"taxonomy":"product_cat","embeddable":true,"href":"https:\/\/beldify.shop\/en\/wp-json\/wp\/v2\/product_cat?post=3199"},{"taxonomy":"product_tag","embeddable":true,"href":"https:\/\/beldify.shop\/en\/wp-json\/wp\/v2\/product_tag?post=3199"}],"curies":[{"name":"wp","href":"https:\/\/api.w.org\/{rel}","templated":true}]}}