{"id":3054,"date":"2020-11-21T13:41:20","date_gmt":"2020-11-21T13:41:20","guid":{"rendered":"https:\/\/beldify.shop?post_type=product&#038;p=3054"},"modified":"2026-01-13T22:47:06","modified_gmt":"2026-01-13T22:47:06","slug":"1kg-couscous-illan-%d9%83%d8%b3%d9%83%d8%b3-%d8%a5%d9%8a%d9%84%d8%a7%d9%86","status":"publish","type":"product","link":"https:\/\/beldify.shop\/en\/product\/1kg-couscous-illan-%d9%83%d8%b3%d9%83%d8%b3-%d8%a5%d9%8a%d9%84%d8%a7%d9%86\/","title":{"rendered":"1kg Couscous illan \u0643\u0633\u0643\u0633 \u0625\u064a\u0644\u0627\u0646"},"content":{"rendered":"<div class=\"wpb-content-wrapper\"><div class=\"vc_row wpb_row vc_row-fluid vc_row-o-content-top vc_row-flex\"><div class=\"wpb_column vc_column_container vc_col-sm-6\"><div class=\"vc_column-inner\"><div class=\"wpb_wrapper\">\n\t<div class=\"wpb_text_column wpb_content_element\" >\n\t\t<div class=\"wpb_wrapper\">\n\t\t\t<p>Couscous with grains you love that give a delicious flavor to your meal, and above all, at reasonable prices \u2013 don&#039;t miss out! <span class=\"_47e3 _5mfr\" title=\"heart emoticon\"><img loading=\"lazy\" decoding=\"async\" class=\"img\" role=\"presentation\" src=\"https:\/\/static.xx.fbcdn.net\/images\/emoji.php\/v9\/t6c\/1\/16\/2764.png?_nc_eui2=AeHMEdDpZvC8Nt2-2p9Om9jGtje5zGZIwt62N7nMZkjC3nVNg58aAbokwyTRLlDhyks05jZCtm-v09melvvlk88H\" alt=\"\" width=\"16\" height=\"16\" \/><\/span><\/p>\n\n\t\t<\/div>\n\t<\/div>\n<\/div><\/div><\/div><\/div>\n<\/div>","protected":false},"excerpt":{"rendered":"<p>Ellan couscous contains phosphorus and magnesium, as it is rich in minerals, proteins and fibers, it reduces the risk of diabetes, and it is recommended for pregnant and lactating women as it helps increase breast milk.<\/p>\n<p style=\"text-align: right;\">\u064a\u062d\u062a\u0648\u064a \u0643\u0633\u0643\u0633 \u0625\u064a\u0644\u0627\u0646 \u0639\u0644\u0649 \u0627\u0644\u0641\u0633\u0641\u0648\u0631 \u0648 \u0627\u0644\u0645\u063a\u0646\u0632\u064a\u0648\u0645 \u0643\u0645\u0627 \u0623\u0646\u0647 \u063a\u0646\u064a \u0628\u0627\u0644\u0623\u0645\u0644\u0627\u062d \u0627\u0644\u0645\u0639\u062f\u0646\u064a\u0629 \u0648 \u0627\u0644\u0628\u0631\u0648\u062a\u064a\u0646\u0627\u062a \u0648 \u0627\u0644\u0623\u0644\u064a\u0627\u0641 \u060c\u0641\u0647\u0648 \u064a\u0642\u0644\u0644 \u0645\u0646 \u062e\u0637\u0631 \u0627\u0644\u0625\u0635\u0627\u0628\u0629 \u0628\u0627\u0644\u0633\u0643\u0631\u064a\u060c \u0648 \u064a\u0646\u0635\u062d \u0628\u0647 \u0644\u0644\u0646\u0633\u0627\u0621 \u0627\u0644\u062d\u0648\u0627\u0645\u0644 \u0648 \u0627\u0644\u0645\u0631\u0636\u0639\u0627\u062a \u0644\u0623\u0646\u0647 \u064a\u0633\u0627\u0639\u062f \u0639\u0644\u0649 \u0632\u064a\u0627\u062f\u0629 \u062d\u0644\u064a\u0628 \u0627\u0644\u062b\u062f\u064a<\/p>\n<p>Production 100% Handmade<\/p>","protected":false},"featured_media":3055,"comment_status":"open","ping_status":"closed","template":"","meta":{"_angie_page":false,"inline_featured_image":false,"jetpack_publicize_message":"","jetpack_publicize_feature_enabled":true,"jetpack_social_post_already_shared":false,"jetpack_social_options":{"image_generator_settings":{"template":"highway","default_image_id":0,"font":"","enabled":false},"version":2}},"product_brand":[],"product_cat":[37],"product_tag":[109,113,114],"class_list":{"0":"post-3054","1":"product","2":"type-product","3":"status-publish","4":"has-post-thumbnail","6":"product_cat-couscous-semoules","7":"product_tag-couscous","8":"product_tag-oum-el-kheir","9":"product_tag-114","11":"first","12":"instock","13":"taxable","14":"shipping-taxable","15":"purchasable","16":"product-type-simple"},"yoast_head":"<!-- This site is optimized with the Yoast SEO plugin v27.5 - https:\/\/yoast.com\/product\/yoast-seo-wordpress\/ -->\n<title>1kg Couscous illan \u0643\u0633\u0643\u0633 \u0625\u064a\u0644\u0627\u0646 - Beldify.shop - Organic Life Style<\/title>\n<meta name=\"robots\" content=\"index, follow, max-snippet:-1, max-image-preview:large, max-video-preview:-1\" \/>\n<link rel=\"canonical\" href=\"https:\/\/beldify.shop\/en\/product\/1kg-couscous-illan-\u0643\u0633\u0643\u0633-\u0625\u064a\u0644\u0627\u0646\/\" \/>\n<meta property=\"og:locale\" content=\"en_US\" \/>\n<meta property=\"og:type\" content=\"article\" \/>\n<meta property=\"og:title\" content=\"1kg Couscous illan \u0643\u0633\u0643\u0633 \u0625\u064a\u0644\u0627\u0646 - Beldify.shop - Organic Life Style\" \/>\n<meta property=\"og:description\" content=\"Le couscous Ellan contient du phosphore et du magn\u00e9sium, car il est riche en min\u00e9raux, prot\u00e9ines et fibres, il r\u00e9duit le risque de diab\u00e8te, et il est recommand\u00e9 aux femmes enceintes et allaitantes car il contribue \u00e0 augmenter le lait maternel. \u064a\u062d\u062a\u0648\u064a \u0643\u0633\u0643\u0633 \u0625\u064a\u0644\u0627\u0646 \u0639\u0644\u0649 \u0627\u0644\u0641\u0633\u0641\u0648\u0631 \u0648 \u0627\u0644\u0645\u063a\u0646\u0632\u064a\u0648\u0645 \u0643\u0645\u0627 \u0623\u0646\u0647 \u063a\u0646\u064a \u0628\u0627\u0644\u0623\u0645\u0644\u0627\u062d \u0627\u0644\u0645\u0639\u062f\u0646\u064a\u0629 \u0648 \u0627\u0644\u0628\u0631\u0648\u062a\u064a\u0646\u0627\u062a \u0648 \u0627\u0644\u0623\u0644\u064a\u0627\u0641 \u060c\u0641\u0647\u0648 \u064a\u0642\u0644\u0644 \u0645\u0646 \u062e\u0637\u0631 \u0627\u0644\u0625\u0635\u0627\u0628\u0629 \u0628\u0627\u0644\u0633\u0643\u0631\u064a\u060c \u0648 \u064a\u0646\u0635\u062d \u0628\u0647 \u0644\u0644\u0646\u0633\u0627\u0621 \u0627\u0644\u062d\u0648\u0627\u0645\u0644 \u0648 \u0627\u0644\u0645\u0631\u0636\u0639\u0627\u062a \u0644\u0623\u0646\u0647 \u064a\u0633\u0627\u0639\u062f \u0639\u0644\u0649 \u0632\u064a\u0627\u062f\u0629 \u062d\u0644\u064a\u0628 \u0627\u0644\u062b\u062f\u064a Production 100% Handmade\" \/>\n<meta property=\"og:url\" content=\"https:\/\/beldify.shop\/en\/product\/1kg-couscous-illan-\u0643\u0633\u0643\u0633-\u0625\u064a\u0644\u0627\u0646\/\" \/>\n<meta property=\"og:site_name\" content=\"Beldify.shop - Organic Life Style\" \/>\n<meta property=\"article:publisher\" content=\"https:\/\/www.facebook.com\/beldify.shop\" \/>\n<meta property=\"article:modified_time\" content=\"2026-01-13T22:47:06+00:00\" \/>\n<meta property=\"og:image\" content=\"https:\/\/beldify.shop\/wp-content\/uploads\/2020\/11\/illan-oum-elkheir-scaled.jpg\" \/>\n\t<meta property=\"og:image:width\" content=\"1920\" \/>\n\t<meta property=\"og:image:height\" content=\"2560\" \/>\n\t<meta property=\"og:image:type\" content=\"image\/jpeg\" \/>\n<meta name=\"twitter:card\" content=\"summary_large_image\" \/>\n<script type=\"application\/ld+json\" class=\"yoast-schema-graph\">{\"@context\":\"https:\\\/\\\/schema.org\",\"@graph\":[{\"@type\":\"WebPage\",\"@id\":\"https:\\\/\\\/beldify.shop\\\/produit\\\/1kg-couscous-illan-%d9%83%d8%b3%d9%83%d8%b3-%d8%a5%d9%8a%d9%84%d8%a7%d9%86\\\/\",\"url\":\"https:\\\/\\\/beldify.shop\\\/produit\\\/1kg-couscous-illan-%d9%83%d8%b3%d9%83%d8%b3-%d8%a5%d9%8a%d9%84%d8%a7%d9%86\\\/\",\"name\":\"1kg Couscous illan \u0643\u0633\u0643\u0633 \u0625\u064a\u0644\u0627\u0646 - Beldify.shop - Organic Life Style\",\"isPartOf\":{\"@id\":\"https:\\\/\\\/beldify.shop\\\/#website\"},\"primaryImageOfPage\":{\"@id\":\"https:\\\/\\\/beldify.shop\\\/produit\\\/1kg-couscous-illan-%d9%83%d8%b3%d9%83%d8%b3-%d8%a5%d9%8a%d9%84%d8%a7%d9%86\\\/#primaryimage\"},\"image\":{\"@id\":\"https:\\\/\\\/beldify.shop\\\/produit\\\/1kg-couscous-illan-%d9%83%d8%b3%d9%83%d8%b3-%d8%a5%d9%8a%d9%84%d8%a7%d9%86\\\/#primaryimage\"},\"thumbnailUrl\":\"https:\\\/\\\/beldify.shop\\\/wp-content\\\/uploads\\\/2020\\\/11\\\/illan-oum-elkheir-scaled.jpg\",\"datePublished\":\"2020-11-21T13:41:20+00:00\",\"dateModified\":\"2026-01-13T22:47:06+00:00\",\"breadcrumb\":{\"@id\":\"https:\\\/\\\/beldify.shop\\\/produit\\\/1kg-couscous-illan-%d9%83%d8%b3%d9%83%d8%b3-%d8%a5%d9%8a%d9%84%d8%a7%d9%86\\\/#breadcrumb\"},\"inLanguage\":\"en-US\",\"potentialAction\":[{\"@type\":\"ReadAction\",\"target\":[\"https:\\\/\\\/beldify.shop\\\/produit\\\/1kg-couscous-illan-%d9%83%d8%b3%d9%83%d8%b3-%d8%a5%d9%8a%d9%84%d8%a7%d9%86\\\/\"]}]},{\"@type\":\"ImageObject\",\"inLanguage\":\"en-US\",\"@id\":\"https:\\\/\\\/beldify.shop\\\/produit\\\/1kg-couscous-illan-%d9%83%d8%b3%d9%83%d8%b3-%d8%a5%d9%8a%d9%84%d8%a7%d9%86\\\/#primaryimage\",\"url\":\"https:\\\/\\\/beldify.shop\\\/wp-content\\\/uploads\\\/2020\\\/11\\\/illan-oum-elkheir-scaled.jpg\",\"contentUrl\":\"https:\\\/\\\/beldify.shop\\\/wp-content\\\/uploads\\\/2020\\\/11\\\/illan-oum-elkheir-scaled.jpg\",\"width\":1920,\"height\":2560},{\"@type\":\"BreadcrumbList\",\"@id\":\"https:\\\/\\\/beldify.shop\\\/produit\\\/1kg-couscous-illan-%d9%83%d8%b3%d9%83%d8%b3-%d8%a5%d9%8a%d9%84%d8%a7%d9%86\\\/#breadcrumb\",\"itemListElement\":[{\"@type\":\"ListItem\",\"position\":1,\"name\":\"Accueil\",\"item\":\"https:\\\/\\\/beldify.shop\\\/\"},{\"@type\":\"ListItem\",\"position\":2,\"name\":\"Boutique\",\"item\":\"https:\\\/\\\/beldify.shop\\\/boutique\\\/\"},{\"@type\":\"ListItem\",\"position\":3,\"name\":\"1kg Couscous illan \u0643\u0633\u0643\u0633 \u0625\u064a\u0644\u0627\u0646\"}]},{\"@type\":\"WebSite\",\"@id\":\"https:\\\/\\\/beldify.shop\\\/#website\",\"url\":\"https:\\\/\\\/beldify.shop\\\/\",\"name\":\"Beldify.shop - Organic Life Style\",\"description\":\"Moroccan Natural Products\",\"potentialAction\":[{\"@type\":\"SearchAction\",\"target\":{\"@type\":\"EntryPoint\",\"urlTemplate\":\"https:\\\/\\\/beldify.shop\\\/?s={search_term_string}\"},\"query-input\":{\"@type\":\"PropertyValueSpecification\",\"valueRequired\":true,\"valueName\":\"search_term_string\"}}],\"inLanguage\":\"en-US\"}]}<\/script>\n<!-- \/ Yoast SEO plugin. -->","yoast_head_json":{"title":"1kg Couscous illan \u0643\u0633\u0643\u0633 \u0625\u064a\u0644\u0627\u0646 - Beldify.shop - Organic Life Style","robots":{"index":"index","follow":"follow","max-snippet":"max-snippet:-1","max-image-preview":"max-image-preview:large","max-video-preview":"max-video-preview:-1"},"canonical":"https:\/\/beldify.shop\/en\/product\/1kg-couscous-illan-\u0643\u0633\u0643\u0633-\u0625\u064a\u0644\u0627\u0646\/","og_locale":"en_US","og_type":"article","og_title":"1kg Couscous illan \u0643\u0633\u0643\u0633 \u0625\u064a\u0644\u0627\u0646 - Beldify.shop - Organic Life Style","og_description":"Le couscous Ellan contient du phosphore et du magn\u00e9sium, car il est riche en min\u00e9raux, prot\u00e9ines et fibres, il r\u00e9duit le risque de diab\u00e8te, et il est recommand\u00e9 aux femmes enceintes et allaitantes car il contribue \u00e0 augmenter le lait maternel. \u064a\u062d\u062a\u0648\u064a \u0643\u0633\u0643\u0633 \u0625\u064a\u0644\u0627\u0646 \u0639\u0644\u0649 \u0627\u0644\u0641\u0633\u0641\u0648\u0631 \u0648 \u0627\u0644\u0645\u063a\u0646\u0632\u064a\u0648\u0645 \u0643\u0645\u0627 \u0623\u0646\u0647 \u063a\u0646\u064a \u0628\u0627\u0644\u0623\u0645\u0644\u0627\u062d \u0627\u0644\u0645\u0639\u062f\u0646\u064a\u0629 \u0648 \u0627\u0644\u0628\u0631\u0648\u062a\u064a\u0646\u0627\u062a \u0648 \u0627\u0644\u0623\u0644\u064a\u0627\u0641 \u060c\u0641\u0647\u0648 \u064a\u0642\u0644\u0644 \u0645\u0646 \u062e\u0637\u0631 \u0627\u0644\u0625\u0635\u0627\u0628\u0629 \u0628\u0627\u0644\u0633\u0643\u0631\u064a\u060c \u0648 \u064a\u0646\u0635\u062d \u0628\u0647 \u0644\u0644\u0646\u0633\u0627\u0621 \u0627\u0644\u062d\u0648\u0627\u0645\u0644 \u0648 \u0627\u0644\u0645\u0631\u0636\u0639\u0627\u062a \u0644\u0623\u0646\u0647 \u064a\u0633\u0627\u0639\u062f \u0639\u0644\u0649 \u0632\u064a\u0627\u062f\u0629 \u062d\u0644\u064a\u0628 \u0627\u0644\u062b\u062f\u064a Production 100% Handmade","og_url":"https:\/\/beldify.shop\/en\/product\/1kg-couscous-illan-\u0643\u0633\u0643\u0633-\u0625\u064a\u0644\u0627\u0646\/","og_site_name":"Beldify.shop - Organic Life Style","article_publisher":"https:\/\/www.facebook.com\/beldify.shop","article_modified_time":"2026-01-13T22:47:06+00:00","og_image":[{"width":1920,"height":2560,"url":"https:\/\/beldify.shop\/wp-content\/uploads\/2020\/11\/illan-oum-elkheir-scaled.jpg","type":"image\/jpeg"}],"twitter_card":"summary_large_image","schema":{"@context":"https:\/\/schema.org","@graph":[{"@type":"WebPage","@id":"https:\/\/beldify.shop\/produit\/1kg-couscous-illan-%d9%83%d8%b3%d9%83%d8%b3-%d8%a5%d9%8a%d9%84%d8%a7%d9%86\/","url":"https:\/\/beldify.shop\/produit\/1kg-couscous-illan-%d9%83%d8%b3%d9%83%d8%b3-%d8%a5%d9%8a%d9%84%d8%a7%d9%86\/","name":"1kg Couscous illan \u0643\u0633\u0643\u0633 \u0625\u064a\u0644\u0627\u0646 - Beldify.shop - Organic Life Style","isPartOf":{"@id":"https:\/\/beldify.shop\/#website"},"primaryImageOfPage":{"@id":"https:\/\/beldify.shop\/produit\/1kg-couscous-illan-%d9%83%d8%b3%d9%83%d8%b3-%d8%a5%d9%8a%d9%84%d8%a7%d9%86\/#primaryimage"},"image":{"@id":"https:\/\/beldify.shop\/produit\/1kg-couscous-illan-%d9%83%d8%b3%d9%83%d8%b3-%d8%a5%d9%8a%d9%84%d8%a7%d9%86\/#primaryimage"},"thumbnailUrl":"https:\/\/beldify.shop\/wp-content\/uploads\/2020\/11\/illan-oum-elkheir-scaled.jpg","datePublished":"2020-11-21T13:41:20+00:00","dateModified":"2026-01-13T22:47:06+00:00","breadcrumb":{"@id":"https:\/\/beldify.shop\/produit\/1kg-couscous-illan-%d9%83%d8%b3%d9%83%d8%b3-%d8%a5%d9%8a%d9%84%d8%a7%d9%86\/#breadcrumb"},"inLanguage":"en-US","potentialAction":[{"@type":"ReadAction","target":["https:\/\/beldify.shop\/produit\/1kg-couscous-illan-%d9%83%d8%b3%d9%83%d8%b3-%d8%a5%d9%8a%d9%84%d8%a7%d9%86\/"]}]},{"@type":"ImageObject","inLanguage":"en-US","@id":"https:\/\/beldify.shop\/produit\/1kg-couscous-illan-%d9%83%d8%b3%d9%83%d8%b3-%d8%a5%d9%8a%d9%84%d8%a7%d9%86\/#primaryimage","url":"https:\/\/beldify.shop\/wp-content\/uploads\/2020\/11\/illan-oum-elkheir-scaled.jpg","contentUrl":"https:\/\/beldify.shop\/wp-content\/uploads\/2020\/11\/illan-oum-elkheir-scaled.jpg","width":1920,"height":2560},{"@type":"BreadcrumbList","@id":"https:\/\/beldify.shop\/produit\/1kg-couscous-illan-%d9%83%d8%b3%d9%83%d8%b3-%d8%a5%d9%8a%d9%84%d8%a7%d9%86\/#breadcrumb","itemListElement":[{"@type":"ListItem","position":1,"name":"Accueil","item":"https:\/\/beldify.shop\/"},{"@type":"ListItem","position":2,"name":"Boutique","item":"https:\/\/beldify.shop\/boutique\/"},{"@type":"ListItem","position":3,"name":"1kg Couscous illan \u0643\u0633\u0643\u0633 \u0625\u064a\u0644\u0627\u0646"}]},{"@type":"WebSite","@id":"https:\/\/beldify.shop\/#website","url":"https:\/\/beldify.shop\/","name":"Beldify.shop - Organic Life Style","description":"Moroccan Natural Products","potentialAction":[{"@type":"SearchAction","target":{"@type":"EntryPoint","urlTemplate":"https:\/\/beldify.shop\/?s={search_term_string}"},"query-input":{"@type":"PropertyValueSpecification","valueRequired":true,"valueName":"search_term_string"}}],"inLanguage":"en-US"}]}},"jetpack_publicize_connections":[],"jetpack_likes_enabled":true,"jetpack_sharing_enabled":true,"jetpack-related-posts":[],"_links":{"self":[{"href":"https:\/\/beldify.shop\/en\/wp-json\/wp\/v2\/product\/3054","targetHints":{"allow":["GET"]}}],"collection":[{"href":"https:\/\/beldify.shop\/en\/wp-json\/wp\/v2\/product"}],"about":[{"href":"https:\/\/beldify.shop\/en\/wp-json\/wp\/v2\/types\/product"}],"replies":[{"embeddable":true,"href":"https:\/\/beldify.shop\/en\/wp-json\/wp\/v2\/comments?post=3054"}],"wp:featuredmedia":[{"embeddable":true,"href":"https:\/\/beldify.shop\/en\/wp-json\/wp\/v2\/media\/3055"}],"wp:attachment":[{"href":"https:\/\/beldify.shop\/en\/wp-json\/wp\/v2\/media?parent=3054"}],"wp:term":[{"taxonomy":"product_brand","embeddable":true,"href":"https:\/\/beldify.shop\/en\/wp-json\/wp\/v2\/product_brand?post=3054"},{"taxonomy":"product_cat","embeddable":true,"href":"https:\/\/beldify.shop\/en\/wp-json\/wp\/v2\/product_cat?post=3054"},{"taxonomy":"product_tag","embeddable":true,"href":"https:\/\/beldify.shop\/en\/wp-json\/wp\/v2\/product_tag?post=3054"}],"curies":[{"name":"wp","href":"https:\/\/api.w.org\/{rel}","templated":true}]}}