{"id":2828,"date":"2020-11-13T13:13:34","date_gmt":"2020-11-13T13:13:34","guid":{"rendered":"https:\/\/beldify.shop?post_type=product&#038;p=2828"},"modified":"2026-01-13T22:47:08","modified_gmt":"2026-01-13T22:47:08","slug":"100gepices-poulet-%d8%a8%d9%87%d8%a7%d8%b1%d8%a7%d8%aa-%d8%a7%d9%84%d8%af%d8%ac%d8%a7%d8%ac","status":"publish","type":"product","link":"https:\/\/beldify.shop\/en\/product\/100gepices-poulet-%d8%a8%d9%87%d8%a7%d8%b1%d8%a7%d8%aa-%d8%a7%d9%84%d8%af%d8%ac%d8%a7%d8%ac\/","title":{"rendered":"\u00ab 100g \u00bb Chicken spices \u0628\u0647\u0627\u0631\u0627\u062a \u0627\u0644\u062f\u062c\u0627\u062c"},"content":{"rendered":"","protected":false},"excerpt":{"rendered":"<p>is a blend of dried herbs and spices that adds a delicious touch to chicken dishes.<\/p>\n<p style=\"text-align: right;\">\u0645\u0632\u064a\u062c \u0645\u0646 \u0627\u0644\u0623\u0639\u0634\u0627\u0628 \u0648\u0627\u0644\u062a\u0648\u0627\u0628\u0644 \u0627\u0644\u0645\u062c\u0641\u0641\u0629 \u064a\u0636\u064a\u0641 \u0644\u0645\u0633\u0629 \u0644\u0630\u064a\u0630\u0629 \u0644\u0644\u0623\u0637\u0628\u0627\u0642 \u0645\u0646 \u0627\u0644\u062f\u062c\u0627\u062c<\/p>\n<p>&nbsp;<\/p>","protected":false},"featured_media":2963,"comment_status":"open","ping_status":"closed","template":"","meta":{"_angie_page":false,"inline_featured_image":false,"jetpack_publicize_message":"","jetpack_publicize_feature_enabled":true,"jetpack_social_post_already_shared":false,"jetpack_social_options":{"image_generator_settings":{"template":"highway","default_image_id":0,"font":"","enabled":false},"version":2}},"product_brand":[],"product_cat":[40],"product_tag":[106,108,107],"class_list":{"0":"post-2828","1":"product","2":"type-product","3":"status-publish","4":"has-post-thumbnail","6":"product_cat-epices","7":"product_tag-cooperative-hajja-fatiha","8":"product_tag-108","9":"product_tag-107","11":"first","12":"instock","13":"shipping-taxable","14":"purchasable","15":"product-type-simple"},"yoast_head":"<!-- This site is optimized with the Yoast SEO plugin v27.5 - https:\/\/yoast.com\/product\/yoast-seo-wordpress\/ -->\n<title>&quot;100g&quot;\u00c9pices poulet \u0628\u0647\u0627\u0631\u0627\u062a \u0627\u0644\u062f\u062c\u0627\u062c - Beldify.shop - Organic Life Style<\/title>\n<meta name=\"robots\" content=\"index, follow, max-snippet:-1, max-image-preview:large, max-video-preview:-1\" \/>\n<link rel=\"canonical\" href=\"https:\/\/beldify.shop\/en\/product\/100gepices-poulet-\u0628\u0647\u0627\u0631\u0627\u062a-\u0627\u0644\u062f\u062c\u0627\u062c\/\" \/>\n<meta property=\"og:locale\" content=\"en_US\" \/>\n<meta property=\"og:type\" content=\"article\" \/>\n<meta property=\"og:title\" content=\"&quot;100g&quot;\u00c9pices poulet \u0628\u0647\u0627\u0631\u0627\u062a \u0627\u0644\u062f\u062c\u0627\u062c - Beldify.shop - Organic Life Style\" \/>\n<meta property=\"og:description\" content=\"est un m\u00e9lange d&#039;herbes s\u00e9ch\u00e9es et d&#039;\u00e9pices ajoute une touche d\u00e9licieuse aux plats de poulet. \u0645\u0632\u064a\u062c \u0645\u0646 \u0627\u0644\u0623\u0639\u0634\u0627\u0628 \u0648\u0627\u0644\u062a\u0648\u0627\u0628\u0644 \u0627\u0644\u0645\u062c\u0641\u0641\u0629 \u064a\u0636\u064a\u0641 \u0644\u0645\u0633\u0629 \u0644\u0630\u064a\u0630\u0629 \u0644\u0644\u0623\u0637\u0628\u0627\u0642 \u0645\u0646 \u0627\u0644\u062f\u062c\u0627\u062c &nbsp;\" \/>\n<meta property=\"og:url\" content=\"https:\/\/beldify.shop\/en\/product\/100gepices-poulet-\u0628\u0647\u0627\u0631\u0627\u062a-\u0627\u0644\u062f\u062c\u0627\u062c\/\" \/>\n<meta property=\"og:site_name\" content=\"Beldify.shop - Organic Life Style\" \/>\n<meta property=\"article:publisher\" content=\"https:\/\/www.facebook.com\/beldify.shop\" \/>\n<meta property=\"article:modified_time\" content=\"2026-01-13T22:47:08+00:00\" \/>\n<meta property=\"og:image\" content=\"https:\/\/beldify.shop\/wp-content\/uploads\/2020\/11\/epices-poulet-scaled-e1605658390769-768x1024.jpg\" \/>\n\t<meta property=\"og:image:width\" content=\"768\" \/>\n\t<meta property=\"og:image:height\" content=\"1024\" \/>\n\t<meta property=\"og:image:type\" content=\"image\/jpeg\" \/>\n<meta name=\"twitter:card\" content=\"summary_large_image\" \/>\n<script type=\"application\/ld+json\" class=\"yoast-schema-graph\">{\"@context\":\"https:\\\/\\\/schema.org\",\"@graph\":[{\"@type\":\"WebPage\",\"@id\":\"https:\\\/\\\/beldify.shop\\\/ru\\\/product\\\/100gepices-poulet-%d8%a8%d9%87%d8%a7%d8%b1%d8%a7%d8%aa-%d8%a7%d9%84%d8%af%d8%ac%d8%a7%d8%ac\\\/\",\"url\":\"https:\\\/\\\/beldify.shop\\\/ru\\\/product\\\/100gepices-poulet-%d8%a8%d9%87%d8%a7%d8%b1%d8%a7%d8%aa-%d8%a7%d9%84%d8%af%d8%ac%d8%a7%d8%ac\\\/\",\"name\":\"\\\"100g\\\"\u00c9pices poulet \u0628\u0647\u0627\u0631\u0627\u062a \u0627\u0644\u062f\u062c\u0627\u062c - Beldify.shop - Organic Life Style\",\"isPartOf\":{\"@id\":\"https:\\\/\\\/beldify.shop\\\/#website\"},\"primaryImageOfPage\":{\"@id\":\"https:\\\/\\\/beldify.shop\\\/ru\\\/product\\\/100gepices-poulet-%d8%a8%d9%87%d8%a7%d8%b1%d8%a7%d8%aa-%d8%a7%d9%84%d8%af%d8%ac%d8%a7%d8%ac\\\/#primaryimage\"},\"image\":{\"@id\":\"https:\\\/\\\/beldify.shop\\\/ru\\\/product\\\/100gepices-poulet-%d8%a8%d9%87%d8%a7%d8%b1%d8%a7%d8%aa-%d8%a7%d9%84%d8%af%d8%ac%d8%a7%d8%ac\\\/#primaryimage\"},\"thumbnailUrl\":\"https:\\\/\\\/beldify.shop\\\/wp-content\\\/uploads\\\/2020\\\/11\\\/epices-poulet-scaled-e1605658390769.jpg\",\"datePublished\":\"2020-11-13T13:13:34+00:00\",\"dateModified\":\"2026-01-13T22:47:08+00:00\",\"breadcrumb\":{\"@id\":\"https:\\\/\\\/beldify.shop\\\/ru\\\/product\\\/100gepices-poulet-%d8%a8%d9%87%d8%a7%d8%b1%d8%a7%d8%aa-%d8%a7%d9%84%d8%af%d8%ac%d8%a7%d8%ac\\\/#breadcrumb\"},\"inLanguage\":\"en-US\",\"potentialAction\":[{\"@type\":\"ReadAction\",\"target\":[\"https:\\\/\\\/beldify.shop\\\/ru\\\/product\\\/100gepices-poulet-%d8%a8%d9%87%d8%a7%d8%b1%d8%a7%d8%aa-%d8%a7%d9%84%d8%af%d8%ac%d8%a7%d8%ac\\\/\"]}]},{\"@type\":\"ImageObject\",\"inLanguage\":\"en-US\",\"@id\":\"https:\\\/\\\/beldify.shop\\\/ru\\\/product\\\/100gepices-poulet-%d8%a8%d9%87%d8%a7%d8%b1%d8%a7%d8%aa-%d8%a7%d9%84%d8%af%d8%ac%d8%a7%d8%ac\\\/#primaryimage\",\"url\":\"https:\\\/\\\/beldify.shop\\\/wp-content\\\/uploads\\\/2020\\\/11\\\/epices-poulet-scaled-e1605658390769.jpg\",\"contentUrl\":\"https:\\\/\\\/beldify.shop\\\/wp-content\\\/uploads\\\/2020\\\/11\\\/epices-poulet-scaled-e1605658390769.jpg\",\"width\":1920,\"height\":2560},{\"@type\":\"BreadcrumbList\",\"@id\":\"https:\\\/\\\/beldify.shop\\\/ru\\\/product\\\/100gepices-poulet-%d8%a8%d9%87%d8%a7%d8%b1%d8%a7%d8%aa-%d8%a7%d9%84%d8%af%d8%ac%d8%a7%d8%ac\\\/#breadcrumb\",\"itemListElement\":[{\"@type\":\"ListItem\",\"position\":1,\"name\":\"Accueil\",\"item\":\"https:\\\/\\\/beldify.shop\\\/\"},{\"@type\":\"ListItem\",\"position\":2,\"name\":\"Boutique\",\"item\":\"https:\\\/\\\/beldify.shop\\\/boutique\\\/\"},{\"@type\":\"ListItem\",\"position\":3,\"name\":\"\u00ab\u00a0100g\u00a0\u00bb\u00c9pices poulet \u0628\u0647\u0627\u0631\u0627\u062a \u0627\u0644\u062f\u062c\u0627\u062c\"}]},{\"@type\":\"WebSite\",\"@id\":\"https:\\\/\\\/beldify.shop\\\/#website\",\"url\":\"https:\\\/\\\/beldify.shop\\\/\",\"name\":\"Beldify.shop - Organic Life Style\",\"description\":\"Moroccan Natural Products\",\"potentialAction\":[{\"@type\":\"SearchAction\",\"target\":{\"@type\":\"EntryPoint\",\"urlTemplate\":\"https:\\\/\\\/beldify.shop\\\/?s={search_term_string}\"},\"query-input\":{\"@type\":\"PropertyValueSpecification\",\"valueRequired\":true,\"valueName\":\"search_term_string\"}}],\"inLanguage\":\"en-US\"}]}<\/script>\n<!-- \/ Yoast SEO plugin. -->","yoast_head_json":{"title":"\"100g\"\u00c9pices poulet \u0628\u0647\u0627\u0631\u0627\u062a \u0627\u0644\u062f\u062c\u0627\u062c - Beldify.shop - Organic Life Style","robots":{"index":"index","follow":"follow","max-snippet":"max-snippet:-1","max-image-preview":"max-image-preview:large","max-video-preview":"max-video-preview:-1"},"canonical":"https:\/\/beldify.shop\/en\/product\/100gepices-poulet-\u0628\u0647\u0627\u0631\u0627\u062a-\u0627\u0644\u062f\u062c\u0627\u062c\/","og_locale":"en_US","og_type":"article","og_title":"\"100g\"\u00c9pices poulet \u0628\u0647\u0627\u0631\u0627\u062a \u0627\u0644\u062f\u062c\u0627\u062c - Beldify.shop - Organic Life Style","og_description":"est un m\u00e9lange d'herbes s\u00e9ch\u00e9es et d'\u00e9pices ajoute une touche d\u00e9licieuse aux plats de poulet. \u0645\u0632\u064a\u062c \u0645\u0646 \u0627\u0644\u0623\u0639\u0634\u0627\u0628 \u0648\u0627\u0644\u062a\u0648\u0627\u0628\u0644 \u0627\u0644\u0645\u062c\u0641\u0641\u0629 \u064a\u0636\u064a\u0641 \u0644\u0645\u0633\u0629 \u0644\u0630\u064a\u0630\u0629 \u0644\u0644\u0623\u0637\u0628\u0627\u0642 \u0645\u0646 \u0627\u0644\u062f\u062c\u0627\u062c &nbsp;","og_url":"https:\/\/beldify.shop\/en\/product\/100gepices-poulet-\u0628\u0647\u0627\u0631\u0627\u062a-\u0627\u0644\u062f\u062c\u0627\u062c\/","og_site_name":"Beldify.shop - Organic Life Style","article_publisher":"https:\/\/www.facebook.com\/beldify.shop","article_modified_time":"2026-01-13T22:47:08+00:00","og_image":[{"width":768,"height":1024,"url":"https:\/\/beldify.shop\/wp-content\/uploads\/2020\/11\/epices-poulet-scaled-e1605658390769-768x1024.jpg","type":"image\/jpeg"}],"twitter_card":"summary_large_image","schema":{"@context":"https:\/\/schema.org","@graph":[{"@type":"WebPage","@id":"https:\/\/beldify.shop\/ru\/product\/100gepices-poulet-%d8%a8%d9%87%d8%a7%d8%b1%d8%a7%d8%aa-%d8%a7%d9%84%d8%af%d8%ac%d8%a7%d8%ac\/","url":"https:\/\/beldify.shop\/ru\/product\/100gepices-poulet-%d8%a8%d9%87%d8%a7%d8%b1%d8%a7%d8%aa-%d8%a7%d9%84%d8%af%d8%ac%d8%a7%d8%ac\/","name":"\"100g\"\u00c9pices poulet \u0628\u0647\u0627\u0631\u0627\u062a \u0627\u0644\u062f\u062c\u0627\u062c - Beldify.shop - Organic Life Style","isPartOf":{"@id":"https:\/\/beldify.shop\/#website"},"primaryImageOfPage":{"@id":"https:\/\/beldify.shop\/ru\/product\/100gepices-poulet-%d8%a8%d9%87%d8%a7%d8%b1%d8%a7%d8%aa-%d8%a7%d9%84%d8%af%d8%ac%d8%a7%d8%ac\/#primaryimage"},"image":{"@id":"https:\/\/beldify.shop\/ru\/product\/100gepices-poulet-%d8%a8%d9%87%d8%a7%d8%b1%d8%a7%d8%aa-%d8%a7%d9%84%d8%af%d8%ac%d8%a7%d8%ac\/#primaryimage"},"thumbnailUrl":"https:\/\/beldify.shop\/wp-content\/uploads\/2020\/11\/epices-poulet-scaled-e1605658390769.jpg","datePublished":"2020-11-13T13:13:34+00:00","dateModified":"2026-01-13T22:47:08+00:00","breadcrumb":{"@id":"https:\/\/beldify.shop\/ru\/product\/100gepices-poulet-%d8%a8%d9%87%d8%a7%d8%b1%d8%a7%d8%aa-%d8%a7%d9%84%d8%af%d8%ac%d8%a7%d8%ac\/#breadcrumb"},"inLanguage":"en-US","potentialAction":[{"@type":"ReadAction","target":["https:\/\/beldify.shop\/ru\/product\/100gepices-poulet-%d8%a8%d9%87%d8%a7%d8%b1%d8%a7%d8%aa-%d8%a7%d9%84%d8%af%d8%ac%d8%a7%d8%ac\/"]}]},{"@type":"ImageObject","inLanguage":"en-US","@id":"https:\/\/beldify.shop\/ru\/product\/100gepices-poulet-%d8%a8%d9%87%d8%a7%d8%b1%d8%a7%d8%aa-%d8%a7%d9%84%d8%af%d8%ac%d8%a7%d8%ac\/#primaryimage","url":"https:\/\/beldify.shop\/wp-content\/uploads\/2020\/11\/epices-poulet-scaled-e1605658390769.jpg","contentUrl":"https:\/\/beldify.shop\/wp-content\/uploads\/2020\/11\/epices-poulet-scaled-e1605658390769.jpg","width":1920,"height":2560},{"@type":"BreadcrumbList","@id":"https:\/\/beldify.shop\/ru\/product\/100gepices-poulet-%d8%a8%d9%87%d8%a7%d8%b1%d8%a7%d8%aa-%d8%a7%d9%84%d8%af%d8%ac%d8%a7%d8%ac\/#breadcrumb","itemListElement":[{"@type":"ListItem","position":1,"name":"Accueil","item":"https:\/\/beldify.shop\/"},{"@type":"ListItem","position":2,"name":"Boutique","item":"https:\/\/beldify.shop\/boutique\/"},{"@type":"ListItem","position":3,"name":"\u00ab\u00a0100g\u00a0\u00bb\u00c9pices poulet \u0628\u0647\u0627\u0631\u0627\u062a \u0627\u0644\u062f\u062c\u0627\u062c"}]},{"@type":"WebSite","@id":"https:\/\/beldify.shop\/#website","url":"https:\/\/beldify.shop\/","name":"Beldify.shop - Organic Life Style","description":"Moroccan Natural Products","potentialAction":[{"@type":"SearchAction","target":{"@type":"EntryPoint","urlTemplate":"https:\/\/beldify.shop\/?s={search_term_string}"},"query-input":{"@type":"PropertyValueSpecification","valueRequired":true,"valueName":"search_term_string"}}],"inLanguage":"en-US"}]}},"jetpack_publicize_connections":[],"jetpack_likes_enabled":true,"jetpack_sharing_enabled":true,"jetpack-related-posts":[],"_links":{"self":[{"href":"https:\/\/beldify.shop\/en\/wp-json\/wp\/v2\/product\/2828","targetHints":{"allow":["GET"]}}],"collection":[{"href":"https:\/\/beldify.shop\/en\/wp-json\/wp\/v2\/product"}],"about":[{"href":"https:\/\/beldify.shop\/en\/wp-json\/wp\/v2\/types\/product"}],"replies":[{"embeddable":true,"href":"https:\/\/beldify.shop\/en\/wp-json\/wp\/v2\/comments?post=2828"}],"wp:featuredmedia":[{"embeddable":true,"href":"https:\/\/beldify.shop\/en\/wp-json\/wp\/v2\/media\/2963"}],"wp:attachment":[{"href":"https:\/\/beldify.shop\/en\/wp-json\/wp\/v2\/media?parent=2828"}],"wp:term":[{"taxonomy":"product_brand","embeddable":true,"href":"https:\/\/beldify.shop\/en\/wp-json\/wp\/v2\/product_brand?post=2828"},{"taxonomy":"product_cat","embeddable":true,"href":"https:\/\/beldify.shop\/en\/wp-json\/wp\/v2\/product_cat?post=2828"},{"taxonomy":"product_tag","embeddable":true,"href":"https:\/\/beldify.shop\/en\/wp-json\/wp\/v2\/product_tag?post=2828"}],"curies":[{"name":"wp","href":"https:\/\/api.w.org\/{rel}","templated":true}]}}