{"id":2810,"date":"2020-11-12T15:45:01","date_gmt":"2020-11-12T15:45:01","guid":{"rendered":"https:\/\/organify.digitencia.comproduit\/piment-forte-%d9%81%d9%84%d9%81%d9%84-%d8%ad%d8%a7%d8%b1-copy\/"},"modified":"2026-01-13T22:47:09","modified_gmt":"2026-01-13T22:47:09","slug":"250gpaprika-%d8%aa%d8%ad%d9%85%d9%8a%d8%b1%d8%a9","status":"publish","type":"product","link":"https:\/\/beldify.shop\/en\/product\/250gpaprika-%d8%aa%d8%ad%d9%85%d9%8a%d8%b1%d8%a9\/","title":{"rendered":"\u201c250g\u201d Paprika \u062a\u062d\u0645\u064a\u0631\u0629"},"content":{"rendered":"","protected":false},"excerpt":{"rendered":"<p>Paprika is among the popular spices in Morocco, in Arabic &quot;tahmira&quot;. Rich in vitamin C, it has a slightly spicy and slightly sweet taste.<\/p>\n<p style=\"text-align: right;\">.\u0627\u0644\u0641\u0644\u0641\u0644 \u0627\u0644\u062d\u0644\u0648 \u0645\u0646 \u0628\u064a\u0646 \u0627\u0644\u0628\u0647\u0627\u0631\u0627\u062a \u0627\u0644\u0634\u0639\u0628\u064a\u0629 \u0641\u064a \u0627\u0644\u0645\u063a\u0631\u0628 \u060c \u0628\u0627\u0644\u0639\u0631\u0628\u064a\u0629 \u00ab \u0627\u0644\u062a\u062d\u0645\u064a\u0631\u0629\u201d. \u063a\u0646\u064a \u0628\u0641\u064a\u062a\u0627\u0645\u064a\u0646 \u0633 \u060c \u0644\u0647 \u0637\u0639\u0645 \u062d\u0627\u0631 \u0642\u0644\u064a\u0644\u0627\u064b \u0648\u062d\u0644\u0648 \u0625\u0644\u0649 \u062d\u062f \u0645\u0627<\/p>\n<p>&nbsp;<\/p>","protected":false},"featured_media":2960,"comment_status":"open","ping_status":"closed","template":"","meta":{"_angie_page":false,"inline_featured_image":false,"jetpack_publicize_message":"","jetpack_publicize_feature_enabled":true,"jetpack_social_post_already_shared":false,"jetpack_social_options":{"image_generator_settings":{"template":"highway","default_image_id":0,"font":"","enabled":false},"version":2}},"product_brand":[],"product_cat":[40],"product_tag":[106,108,107],"class_list":{"0":"post-2810","1":"product","2":"type-product","3":"status-publish","4":"has-post-thumbnail","6":"product_cat-epices","7":"product_tag-cooperative-hajja-fatiha","8":"product_tag-108","9":"product_tag-107","11":"first","12":"instock","13":"shipping-taxable","14":"purchasable","15":"product-type-simple"},"yoast_head":"<!-- This site is optimized with the Yoast SEO plugin v27.5 - https:\/\/yoast.com\/product\/yoast-seo-wordpress\/ -->\n<title>&quot;250g&quot;Paprika \u062a\u062d\u0645\u064a\u0631\u0629 - Beldify.shop - Organic Life Style<\/title>\n<meta name=\"robots\" content=\"index, follow, max-snippet:-1, max-image-preview:large, max-video-preview:-1\" \/>\n<link rel=\"canonical\" href=\"https:\/\/beldify.shop\/en\/product\/250gpaprika-\u062a\u062d\u0645\u064a\u0631\u0629\/\" \/>\n<meta property=\"og:locale\" content=\"en_US\" \/>\n<meta property=\"og:type\" content=\"article\" \/>\n<meta property=\"og:title\" content=\"&quot;250g&quot;Paprika \u062a\u062d\u0645\u064a\u0631\u0629 - Beldify.shop - Organic Life Style\" \/>\n<meta property=\"og:description\" content=\"Paprika et parmi les \u00e9pices populaire au Maroc, en arabe &quot;tahmira&quot;. Riche en vitamine C, il poss\u00e9 d&#039;un go\u00fbt l\u00e9g\u00e8rement piquant et un peu sucr\u00e9. .\u0627\u0644\u0641\u0644\u0641\u0644 \u0627\u0644\u062d\u0644\u0648 \u0645\u0646 \u0628\u064a\u0646 \u0627\u0644\u0628\u0647\u0627\u0631\u0627\u062a \u0627\u0644\u0634\u0639\u0628\u064a\u0629 \u0641\u064a \u0627\u0644\u0645\u063a\u0631\u0628 \u060c \u0628\u0627\u0644\u0639\u0631\u0628\u064a\u0629 &quot;\u0627\u0644\u062a\u062d\u0645\u064a\u0631\u0629&quot;. \u063a\u0646\u064a \u0628\u0641\u064a\u062a\u0627\u0645\u064a\u0646 \u0633 \u060c \u0644\u0647 \u0637\u0639\u0645 \u062d\u0627\u0631 \u0642\u0644\u064a\u0644\u0627\u064b \u0648\u062d\u0644\u0648 \u0625\u0644\u0649 \u062d\u062f \u0645\u0627 &nbsp;\" \/>\n<meta property=\"og:url\" content=\"https:\/\/beldify.shop\/en\/product\/250gpaprika-\u062a\u062d\u0645\u064a\u0631\u0629\/\" \/>\n<meta property=\"og:site_name\" content=\"Beldify.shop - Organic Life Style\" \/>\n<meta property=\"article:publisher\" content=\"https:\/\/www.facebook.com\/beldify.shop\" \/>\n<meta property=\"article:modified_time\" content=\"2026-01-13T22:47:09+00:00\" \/>\n<meta property=\"og:image\" content=\"https:\/\/beldify.shop\/wp-content\/uploads\/2020\/11\/paprika-250g-768x1024.jpg\" \/>\n\t<meta property=\"og:image:width\" content=\"768\" \/>\n\t<meta property=\"og:image:height\" content=\"1024\" \/>\n\t<meta property=\"og:image:type\" content=\"image\/jpeg\" \/>\n<meta name=\"twitter:card\" content=\"summary_large_image\" \/>\n<script type=\"application\/ld+json\" class=\"yoast-schema-graph\">{\"@context\":\"https:\\\/\\\/schema.org\",\"@graph\":[{\"@type\":\"WebPage\",\"@id\":\"https:\\\/\\\/beldify.shop\\\/produit\\\/250gpaprika-%d8%aa%d8%ad%d9%85%d9%8a%d8%b1%d8%a9\\\/\",\"url\":\"https:\\\/\\\/beldify.shop\\\/produit\\\/250gpaprika-%d8%aa%d8%ad%d9%85%d9%8a%d8%b1%d8%a9\\\/\",\"name\":\"\\\"250g\\\"Paprika \u062a\u062d\u0645\u064a\u0631\u0629 - Beldify.shop - Organic Life Style\",\"isPartOf\":{\"@id\":\"https:\\\/\\\/beldify.shop\\\/#website\"},\"primaryImageOfPage\":{\"@id\":\"https:\\\/\\\/beldify.shop\\\/produit\\\/250gpaprika-%d8%aa%d8%ad%d9%85%d9%8a%d8%b1%d8%a9\\\/#primaryimage\"},\"image\":{\"@id\":\"https:\\\/\\\/beldify.shop\\\/produit\\\/250gpaprika-%d8%aa%d8%ad%d9%85%d9%8a%d8%b1%d8%a9\\\/#primaryimage\"},\"thumbnailUrl\":\"https:\\\/\\\/beldify.shop\\\/wp-content\\\/uploads\\\/2020\\\/11\\\/paprika-250g-scaled.jpg\",\"datePublished\":\"2020-11-12T15:45:01+00:00\",\"dateModified\":\"2026-01-13T22:47:09+00:00\",\"breadcrumb\":{\"@id\":\"https:\\\/\\\/beldify.shop\\\/produit\\\/250gpaprika-%d8%aa%d8%ad%d9%85%d9%8a%d8%b1%d8%a9\\\/#breadcrumb\"},\"inLanguage\":\"en-US\",\"potentialAction\":[{\"@type\":\"ReadAction\",\"target\":[\"https:\\\/\\\/beldify.shop\\\/produit\\\/250gpaprika-%d8%aa%d8%ad%d9%85%d9%8a%d8%b1%d8%a9\\\/\"]}]},{\"@type\":\"ImageObject\",\"inLanguage\":\"en-US\",\"@id\":\"https:\\\/\\\/beldify.shop\\\/produit\\\/250gpaprika-%d8%aa%d8%ad%d9%85%d9%8a%d8%b1%d8%a9\\\/#primaryimage\",\"url\":\"https:\\\/\\\/beldify.shop\\\/wp-content\\\/uploads\\\/2020\\\/11\\\/paprika-250g-scaled.jpg\",\"contentUrl\":\"https:\\\/\\\/beldify.shop\\\/wp-content\\\/uploads\\\/2020\\\/11\\\/paprika-250g-scaled.jpg\",\"width\":1920,\"height\":2560},{\"@type\":\"BreadcrumbList\",\"@id\":\"https:\\\/\\\/beldify.shop\\\/produit\\\/250gpaprika-%d8%aa%d8%ad%d9%85%d9%8a%d8%b1%d8%a9\\\/#breadcrumb\",\"itemListElement\":[{\"@type\":\"ListItem\",\"position\":1,\"name\":\"Accueil\",\"item\":\"https:\\\/\\\/beldify.shop\\\/\"},{\"@type\":\"ListItem\",\"position\":2,\"name\":\"Boutique\",\"item\":\"https:\\\/\\\/beldify.shop\\\/boutique\\\/\"},{\"@type\":\"ListItem\",\"position\":3,\"name\":\"\u00ab\u00a0250g\u00a0\u00bbPaprika \u062a\u062d\u0645\u064a\u0631\u0629\"}]},{\"@type\":\"WebSite\",\"@id\":\"https:\\\/\\\/beldify.shop\\\/#website\",\"url\":\"https:\\\/\\\/beldify.shop\\\/\",\"name\":\"Beldify.shop - Organic Life Style\",\"description\":\"Moroccan Natural Products\",\"potentialAction\":[{\"@type\":\"SearchAction\",\"target\":{\"@type\":\"EntryPoint\",\"urlTemplate\":\"https:\\\/\\\/beldify.shop\\\/?s={search_term_string}\"},\"query-input\":{\"@type\":\"PropertyValueSpecification\",\"valueRequired\":true,\"valueName\":\"search_term_string\"}}],\"inLanguage\":\"en-US\"}]}<\/script>\n<!-- \/ Yoast SEO plugin. -->","yoast_head_json":{"title":"\"250g\"Paprika \u062a\u062d\u0645\u064a\u0631\u0629 - Beldify.shop - Organic Life Style","robots":{"index":"index","follow":"follow","max-snippet":"max-snippet:-1","max-image-preview":"max-image-preview:large","max-video-preview":"max-video-preview:-1"},"canonical":"https:\/\/beldify.shop\/en\/product\/250gpaprika-\u062a\u062d\u0645\u064a\u0631\u0629\/","og_locale":"en_US","og_type":"article","og_title":"\"250g\"Paprika \u062a\u062d\u0645\u064a\u0631\u0629 - Beldify.shop - Organic Life Style","og_description":"Paprika et parmi les \u00e9pices populaire au Maroc, en arabe \"tahmira\". Riche en vitamine C, il poss\u00e9 d'un go\u00fbt l\u00e9g\u00e8rement piquant et un peu sucr\u00e9. .\u0627\u0644\u0641\u0644\u0641\u0644 \u0627\u0644\u062d\u0644\u0648 \u0645\u0646 \u0628\u064a\u0646 \u0627\u0644\u0628\u0647\u0627\u0631\u0627\u062a \u0627\u0644\u0634\u0639\u0628\u064a\u0629 \u0641\u064a \u0627\u0644\u0645\u063a\u0631\u0628 \u060c \u0628\u0627\u0644\u0639\u0631\u0628\u064a\u0629 \"\u0627\u0644\u062a\u062d\u0645\u064a\u0631\u0629\". \u063a\u0646\u064a \u0628\u0641\u064a\u062a\u0627\u0645\u064a\u0646 \u0633 \u060c \u0644\u0647 \u0637\u0639\u0645 \u062d\u0627\u0631 \u0642\u0644\u064a\u0644\u0627\u064b \u0648\u062d\u0644\u0648 \u0625\u0644\u0649 \u062d\u062f \u0645\u0627 &nbsp;","og_url":"https:\/\/beldify.shop\/en\/product\/250gpaprika-\u062a\u062d\u0645\u064a\u0631\u0629\/","og_site_name":"Beldify.shop - Organic Life Style","article_publisher":"https:\/\/www.facebook.com\/beldify.shop","article_modified_time":"2026-01-13T22:47:09+00:00","og_image":[{"width":768,"height":1024,"url":"https:\/\/beldify.shop\/wp-content\/uploads\/2020\/11\/paprika-250g-768x1024.jpg","type":"image\/jpeg"}],"twitter_card":"summary_large_image","schema":{"@context":"https:\/\/schema.org","@graph":[{"@type":"WebPage","@id":"https:\/\/beldify.shop\/produit\/250gpaprika-%d8%aa%d8%ad%d9%85%d9%8a%d8%b1%d8%a9\/","url":"https:\/\/beldify.shop\/produit\/250gpaprika-%d8%aa%d8%ad%d9%85%d9%8a%d8%b1%d8%a9\/","name":"\"250g\"Paprika \u062a\u062d\u0645\u064a\u0631\u0629 - Beldify.shop - Organic Life Style","isPartOf":{"@id":"https:\/\/beldify.shop\/#website"},"primaryImageOfPage":{"@id":"https:\/\/beldify.shop\/produit\/250gpaprika-%d8%aa%d8%ad%d9%85%d9%8a%d8%b1%d8%a9\/#primaryimage"},"image":{"@id":"https:\/\/beldify.shop\/produit\/250gpaprika-%d8%aa%d8%ad%d9%85%d9%8a%d8%b1%d8%a9\/#primaryimage"},"thumbnailUrl":"https:\/\/beldify.shop\/wp-content\/uploads\/2020\/11\/paprika-250g-scaled.jpg","datePublished":"2020-11-12T15:45:01+00:00","dateModified":"2026-01-13T22:47:09+00:00","breadcrumb":{"@id":"https:\/\/beldify.shop\/produit\/250gpaprika-%d8%aa%d8%ad%d9%85%d9%8a%d8%b1%d8%a9\/#breadcrumb"},"inLanguage":"en-US","potentialAction":[{"@type":"ReadAction","target":["https:\/\/beldify.shop\/produit\/250gpaprika-%d8%aa%d8%ad%d9%85%d9%8a%d8%b1%d8%a9\/"]}]},{"@type":"ImageObject","inLanguage":"en-US","@id":"https:\/\/beldify.shop\/produit\/250gpaprika-%d8%aa%d8%ad%d9%85%d9%8a%d8%b1%d8%a9\/#primaryimage","url":"https:\/\/beldify.shop\/wp-content\/uploads\/2020\/11\/paprika-250g-scaled.jpg","contentUrl":"https:\/\/beldify.shop\/wp-content\/uploads\/2020\/11\/paprika-250g-scaled.jpg","width":1920,"height":2560},{"@type":"BreadcrumbList","@id":"https:\/\/beldify.shop\/produit\/250gpaprika-%d8%aa%d8%ad%d9%85%d9%8a%d8%b1%d8%a9\/#breadcrumb","itemListElement":[{"@type":"ListItem","position":1,"name":"Accueil","item":"https:\/\/beldify.shop\/"},{"@type":"ListItem","position":2,"name":"Boutique","item":"https:\/\/beldify.shop\/boutique\/"},{"@type":"ListItem","position":3,"name":"\u00ab\u00a0250g\u00a0\u00bbPaprika \u062a\u062d\u0645\u064a\u0631\u0629"}]},{"@type":"WebSite","@id":"https:\/\/beldify.shop\/#website","url":"https:\/\/beldify.shop\/","name":"Beldify.shop - Organic Life Style","description":"Moroccan Natural Products","potentialAction":[{"@type":"SearchAction","target":{"@type":"EntryPoint","urlTemplate":"https:\/\/beldify.shop\/?s={search_term_string}"},"query-input":{"@type":"PropertyValueSpecification","valueRequired":true,"valueName":"search_term_string"}}],"inLanguage":"en-US"}]}},"jetpack_publicize_connections":[],"jetpack_likes_enabled":true,"jetpack_sharing_enabled":true,"jetpack-related-posts":[],"_links":{"self":[{"href":"https:\/\/beldify.shop\/en\/wp-json\/wp\/v2\/product\/2810","targetHints":{"allow":["GET"]}}],"collection":[{"href":"https:\/\/beldify.shop\/en\/wp-json\/wp\/v2\/product"}],"about":[{"href":"https:\/\/beldify.shop\/en\/wp-json\/wp\/v2\/types\/product"}],"replies":[{"embeddable":true,"href":"https:\/\/beldify.shop\/en\/wp-json\/wp\/v2\/comments?post=2810"}],"wp:featuredmedia":[{"embeddable":true,"href":"https:\/\/beldify.shop\/en\/wp-json\/wp\/v2\/media\/2960"}],"wp:attachment":[{"href":"https:\/\/beldify.shop\/en\/wp-json\/wp\/v2\/media?parent=2810"}],"wp:term":[{"taxonomy":"product_brand","embeddable":true,"href":"https:\/\/beldify.shop\/en\/wp-json\/wp\/v2\/product_brand?post=2810"},{"taxonomy":"product_cat","embeddable":true,"href":"https:\/\/beldify.shop\/en\/wp-json\/wp\/v2\/product_cat?post=2810"},{"taxonomy":"product_tag","embeddable":true,"href":"https:\/\/beldify.shop\/en\/wp-json\/wp\/v2\/product_tag?post=2810"}],"curies":[{"name":"wp","href":"https:\/\/api.w.org\/{rel}","templated":true}]}}