{"id":2775,"date":"2020-11-11T13:31:47","date_gmt":"2020-11-11T13:31:47","guid":{"rendered":"https:\/\/organify.digitencia.comproduit\/couscous-de-mais-adoura-%d9%83%d8%b3%d9%83%d8%b3-%d8%a7%d9%84%d8%b0%d8%b1%d8%a9-copy\/"},"modified":"2026-01-13T22:47:09","modified_gmt":"2026-01-13T22:47:09","slug":"1kg-couscous-a-la-semoule-de-ble-%d9%83%d8%b3%d9%83%d8%b3-%d8%a8%d8%b3%d9%85%d9%8a%d8%af%d8%a9-%d8%a7%d9%84%d9%82%d9%85%d8%ad","status":"publish","type":"product","link":"https:\/\/beldify.shop\/en\/product\/1kg-couscous-a-la-semoule-de-ble-%d9%83%d8%b3%d9%83%d8%b3-%d8%a8%d8%b3%d9%85%d9%8a%d8%af%d8%a9-%d8%a7%d9%84%d9%82%d9%85%d8%ad\/","title":{"rendered":"1kg Couscous with wheat semolina \u0643\u0633\u0643\u0633 \u0628\u0633\u0645\u064a\u062f\u0629 \u0627\u0644\u0642\u0645\u062d"},"content":{"rendered":"<div class=\"wpb-content-wrapper\"><div class=\"vc_row wpb_row vc_row-fluid vc_row-o-content-top vc_row-flex\"><div class=\"wpb_column vc_column_container vc_col-sm-6\"><div class=\"vc_column-inner\"><div class=\"wpb_wrapper\">\n\t<div class=\"wpb_text_column wpb_content_element\" >\n\t\t<div class=\"wpb_wrapper\">\n\t\t\t<p>Couscous with grains you love that give a delicious flavor to your meal, and above all, at reasonable prices \u2013 don&#039;t miss out! <span class=\"_47e3 _5mfr\" title=\"heart emoticon\"><img loading=\"lazy\" decoding=\"async\" class=\"img\" role=\"presentation\" src=\"https:\/\/static.xx.fbcdn.net\/images\/emoji.php\/v9\/t6c\/1\/16\/2764.png?_nc_eui2=AeHMEdDpZvC8Nt2-2p9Om9jGtje5zGZIwt62N7nMZkjC3nVNg58aAbokwyTRLlDhyks05jZCtm-v09melvvlk88H\" alt=\"\" width=\"16\" height=\"16\" \/><\/span><\/p>\n\n\t\t<\/div>\n\t<\/div>\n<\/div><\/div><\/div><\/div>\n<\/div>","protected":false},"excerpt":{"rendered":"<p>Wholemeal couscous has a high fiber content and is distinguished by its flavor and light texture. It can also be used in any recipe as a substitute for durum wheat couscous. One of its benefits is maintaining a healthy digestive system, as it helps with constipation, stomach ulcers, and colic spasms, and it is also beneficial for diabetics.<\/p>\n<p style=\"text-align: right;\">\u064a\u062d\u062a\u0648\u064a \u0627\u0644\u0643\u0633\u0643\u0633 \u0627\u0644\u0643\u0627\u0645\u0644 \u0639\u0644\u0649 \u0645\u0633\u062a\u0648\u0649 \u0639\u0627\u0644\u064a \u0645\u0646 \u0627\u0644\u0627\u0644\u064a\u0627\u0641 \u0648 \u0647\u0648 \u064a\u062a\u0645\u064a\u0632 \u0628\u0646\u0643\u0647\u062a\u0647 \u0648 \u062e\u0641\u062a\u0647 \u0648 \u064a\u0645\u0643\u0646 \u0623\u064a\u0636\u0627 \u0625\u0633\u062a\u062e\u062f\u0627\u0645\u0647 \u0641\u064a \u0623\u064a \u0648\u0635\u0641\u0629 \u0628\u0627\u0633\u062a\u0628\u062f\u0627\u0644 \u0643\u0633\u0643\u0633 \u0627\u0644\u0642\u0645\u062d \u0627\u0644\u0635\u0644\u0628 \u060c\u0645\u0646 \u0641\u0648\u0626\u062f\u0647 \u0627\u0644\u062d\u0641\u0627\u0638 \u0639\u0644\u0649 \u0627\u0644\u062c\u0647\u0627\u0632 \u0627\u0644\u0647\u0636\u0645\u064a \u0641\u0647\u0648 \u064a\u0639\u0627\u0644\u062c \u062d\u0627\u0644\u0627\u062a \u0627\u0644\u0625\u0645\u0633\u0627\u0643 \u0648\u0642\u0631\u062d\u0629\u0627\u0644\u0645\u0639\u062f\u0629 \u0648 \u062a\u0634\u0646\u062c \u0627\u0644\u0642\u0648\u0644\u0648\u0646 \u060c\u0648 \u064a\u0641\u064a\u062f \u0645\u0631\u0636\u0649 \u0627\u0644\u0633\u0643\u0631\u064a<\/p>\n<p>Production 100% Handmade<\/p>","protected":false},"featured_media":2923,"comment_status":"open","ping_status":"closed","template":"","meta":{"_angie_page":false,"inline_featured_image":false,"jetpack_publicize_message":"","jetpack_publicize_feature_enabled":true,"jetpack_social_post_already_shared":false,"jetpack_social_options":{"image_generator_settings":{"template":"highway","default_image_id":0,"font":"","enabled":false},"version":2}},"product_brand":[],"product_cat":[37],"product_tag":[109,111,110],"class_list":{"0":"post-2775","1":"product","2":"type-product","3":"status-publish","4":"has-post-thumbnail","6":"product_cat-couscous-semoules","7":"product_tag-couscous","8":"product_tag-itran","9":"product_tag-110","11":"first","12":"instock","13":"taxable","14":"shipping-taxable","15":"purchasable","16":"product-type-simple"},"yoast_head":"<!-- This site is optimized with the Yoast SEO plugin v27.5 - https:\/\/yoast.com\/product\/yoast-seo-wordpress\/ -->\n<title>1kg Couscous \u00e0 la semoule de bl\u00e9 \u0643\u0633\u0643\u0633 \u0628\u0633\u0645\u064a\u062f\u0629 \u0627\u0644\u0642\u0645\u062d - Beldify.shop - Organic Life Style<\/title>\n<meta name=\"robots\" content=\"index, follow, max-snippet:-1, max-image-preview:large, max-video-preview:-1\" \/>\n<link rel=\"canonical\" href=\"https:\/\/beldify.shop\/en\/product\/1kg-couscous-a-la-semoule-de-ble-\u0643\u0633\u0643\u0633-\u0628\u0633\u0645\u064a\u062f\u0629-\u0627\u0644\u0642\u0645\u062d\/\" \/>\n<meta property=\"og:locale\" content=\"en_US\" \/>\n<meta property=\"og:type\" content=\"article\" \/>\n<meta property=\"og:title\" content=\"1kg Couscous \u00e0 la semoule de bl\u00e9 \u0643\u0633\u0643\u0633 \u0628\u0633\u0645\u064a\u062f\u0629 \u0627\u0644\u0642\u0645\u062d - Beldify.shop - Organic Life Style\" \/>\n<meta property=\"og:description\" content=\"Le couscous complet contient un taux \u00e9lev\u00e9 de fibres et se distingue par sa saveur et sa l\u00e9g\u00e8ret\u00e9. Il peut \u00e9galement \u00eatre utilis\u00e9 dans n&#039;importe quelle recette en rempla\u00e7ant le couscous de bl\u00e9 dur, l&#039;un de ses avantages est de maintenir le syst\u00e8me digestif, car il traite la constipation, les ulc\u00e8res d&#039;estomac et les spasmes coliques, et il profite aux diab\u00e9tiques. \u064a\u062d\u062a\u0648\u064a \u0627\u0644\u0643\u0633\u0643\u0633 \u0627\u0644\u0643\u0627\u0645\u0644 \u0639\u0644\u0649 \u0645\u0633\u062a\u0648\u0649 \u0639\u0627\u0644\u064a \u0645\u0646 \u0627\u0644\u0627\u0644\u064a\u0627\u0641 \u0648 \u0647\u0648 \u064a\u062a\u0645\u064a\u0632 \u0628\u0646\u0643\u0647\u062a\u0647 \u0648 \u062e\u0641\u062a\u0647 \u0648 \u064a\u0645\u0643\u0646 \u0623\u064a\u0636\u0627 \u0625\u0633\u062a\u062e\u062f\u0627\u0645\u0647 \u0641\u064a \u0623\u064a \u0648\u0635\u0641\u0629 \u0628\u0627\u0633\u062a\u0628\u062f\u0627\u0644 \u0643\u0633\u0643\u0633 \u0627\u0644\u0642\u0645\u062d \u0627\u0644\u0635\u0644\u0628 \u060c\u0645\u0646 \u0641\u0648\u0626\u062f\u0647 \u0627\u0644\u062d\u0641\u0627\u0638 \u0639\u0644\u0649 \u0627\u0644\u062c\u0647\u0627\u0632 \u0627\u0644\u0647\u0636\u0645\u064a \u0641\u0647\u0648 \u064a\u0639\u0627\u0644\u062c \u062d\u0627\u0644\u0627\u062a \u0627\u0644\u0625\u0645\u0633\u0627\u0643 \u0648\u0642\u0631\u062d\u0629\u0627\u0644\u0645\u0639\u062f\u0629 \u0648 \u062a\u0634\u0646\u062c \u0627\u0644\u0642\u0648\u0644\u0648\u0646 \u060c\u0648 \u064a\u0641\u064a\u062f \u0645\u0631\u0636\u0649 \u0627\u0644\u0633\u0643\u0631\u064a Production 100% Handmade\" \/>\n<meta property=\"og:url\" content=\"https:\/\/beldify.shop\/en\/product\/1kg-couscous-a-la-semoule-de-ble-\u0643\u0633\u0643\u0633-\u0628\u0633\u0645\u064a\u062f\u0629-\u0627\u0644\u0642\u0645\u062d\/\" \/>\n<meta property=\"og:site_name\" content=\"Beldify.shop - Organic Life Style\" \/>\n<meta property=\"article:publisher\" content=\"https:\/\/www.facebook.com\/beldify.shop\" \/>\n<meta property=\"article:modified_time\" content=\"2026-01-13T22:47:09+00:00\" \/>\n<meta property=\"og:image\" content=\"https:\/\/beldify.shop\/wp-content\/uploads\/2020\/11\/couscous-ble-complet-768x1024.jpg\" \/>\n\t<meta property=\"og:image:width\" content=\"768\" \/>\n\t<meta property=\"og:image:height\" content=\"1024\" \/>\n\t<meta property=\"og:image:type\" content=\"image\/jpeg\" \/>\n<meta name=\"twitter:card\" content=\"summary_large_image\" \/>\n<script type=\"application\/ld+json\" class=\"yoast-schema-graph\">{\"@context\":\"https:\\\/\\\/schema.org\",\"@graph\":[{\"@type\":\"WebPage\",\"@id\":\"https:\\\/\\\/beldify.shop\\\/produit\\\/1kg-couscous-a-la-semoule-de-ble-%d9%83%d8%b3%d9%83%d8%b3-%d8%a8%d8%b3%d9%85%d9%8a%d8%af%d8%a9-%d8%a7%d9%84%d9%82%d9%85%d8%ad\\\/\",\"url\":\"https:\\\/\\\/beldify.shop\\\/produit\\\/1kg-couscous-a-la-semoule-de-ble-%d9%83%d8%b3%d9%83%d8%b3-%d8%a8%d8%b3%d9%85%d9%8a%d8%af%d8%a9-%d8%a7%d9%84%d9%82%d9%85%d8%ad\\\/\",\"name\":\"1kg Couscous \u00e0 la semoule de bl\u00e9 \u0643\u0633\u0643\u0633 \u0628\u0633\u0645\u064a\u062f\u0629 \u0627\u0644\u0642\u0645\u062d - Beldify.shop - Organic Life Style\",\"isPartOf\":{\"@id\":\"https:\\\/\\\/beldify.shop\\\/#website\"},\"primaryImageOfPage\":{\"@id\":\"https:\\\/\\\/beldify.shop\\\/produit\\\/1kg-couscous-a-la-semoule-de-ble-%d9%83%d8%b3%d9%83%d8%b3-%d8%a8%d8%b3%d9%85%d9%8a%d8%af%d8%a9-%d8%a7%d9%84%d9%82%d9%85%d8%ad\\\/#primaryimage\"},\"image\":{\"@id\":\"https:\\\/\\\/beldify.shop\\\/produit\\\/1kg-couscous-a-la-semoule-de-ble-%d9%83%d8%b3%d9%83%d8%b3-%d8%a8%d8%b3%d9%85%d9%8a%d8%af%d8%a9-%d8%a7%d9%84%d9%82%d9%85%d8%ad\\\/#primaryimage\"},\"thumbnailUrl\":\"https:\\\/\\\/beldify.shop\\\/wp-content\\\/uploads\\\/2020\\\/11\\\/couscous-ble-complet-scaled.jpg\",\"datePublished\":\"2020-11-11T13:31:47+00:00\",\"dateModified\":\"2026-01-13T22:47:09+00:00\",\"breadcrumb\":{\"@id\":\"https:\\\/\\\/beldify.shop\\\/produit\\\/1kg-couscous-a-la-semoule-de-ble-%d9%83%d8%b3%d9%83%d8%b3-%d8%a8%d8%b3%d9%85%d9%8a%d8%af%d8%a9-%d8%a7%d9%84%d9%82%d9%85%d8%ad\\\/#breadcrumb\"},\"inLanguage\":\"en-US\",\"potentialAction\":[{\"@type\":\"ReadAction\",\"target\":[\"https:\\\/\\\/beldify.shop\\\/produit\\\/1kg-couscous-a-la-semoule-de-ble-%d9%83%d8%b3%d9%83%d8%b3-%d8%a8%d8%b3%d9%85%d9%8a%d8%af%d8%a9-%d8%a7%d9%84%d9%82%d9%85%d8%ad\\\/\"]}]},{\"@type\":\"ImageObject\",\"inLanguage\":\"en-US\",\"@id\":\"https:\\\/\\\/beldify.shop\\\/produit\\\/1kg-couscous-a-la-semoule-de-ble-%d9%83%d8%b3%d9%83%d8%b3-%d8%a8%d8%b3%d9%85%d9%8a%d8%af%d8%a9-%d8%a7%d9%84%d9%82%d9%85%d8%ad\\\/#primaryimage\",\"url\":\"https:\\\/\\\/beldify.shop\\\/wp-content\\\/uploads\\\/2020\\\/11\\\/couscous-ble-complet-scaled.jpg\",\"contentUrl\":\"https:\\\/\\\/beldify.shop\\\/wp-content\\\/uploads\\\/2020\\\/11\\\/couscous-ble-complet-scaled.jpg\",\"width\":1920,\"height\":2560},{\"@type\":\"BreadcrumbList\",\"@id\":\"https:\\\/\\\/beldify.shop\\\/produit\\\/1kg-couscous-a-la-semoule-de-ble-%d9%83%d8%b3%d9%83%d8%b3-%d8%a8%d8%b3%d9%85%d9%8a%d8%af%d8%a9-%d8%a7%d9%84%d9%82%d9%85%d8%ad\\\/#breadcrumb\",\"itemListElement\":[{\"@type\":\"ListItem\",\"position\":1,\"name\":\"Accueil\",\"item\":\"https:\\\/\\\/beldify.shop\\\/\"},{\"@type\":\"ListItem\",\"position\":2,\"name\":\"Boutique\",\"item\":\"https:\\\/\\\/beldify.shop\\\/boutique\\\/\"},{\"@type\":\"ListItem\",\"position\":3,\"name\":\"1kg Couscous \u00e0 la semoule de bl\u00e9 \u0643\u0633\u0643\u0633 \u0628\u0633\u0645\u064a\u062f\u0629 \u0627\u0644\u0642\u0645\u062d\"}]},{\"@type\":\"WebSite\",\"@id\":\"https:\\\/\\\/beldify.shop\\\/#website\",\"url\":\"https:\\\/\\\/beldify.shop\\\/\",\"name\":\"Beldify.shop - Organic Life Style\",\"description\":\"Moroccan Natural Products\",\"potentialAction\":[{\"@type\":\"SearchAction\",\"target\":{\"@type\":\"EntryPoint\",\"urlTemplate\":\"https:\\\/\\\/beldify.shop\\\/?s={search_term_string}\"},\"query-input\":{\"@type\":\"PropertyValueSpecification\",\"valueRequired\":true,\"valueName\":\"search_term_string\"}}],\"inLanguage\":\"en-US\"}]}<\/script>\n<!-- \/ Yoast SEO plugin. -->","yoast_head_json":{"title":"1kg Couscous \u00e0 la semoule de bl\u00e9 \u0643\u0633\u0643\u0633 \u0628\u0633\u0645\u064a\u062f\u0629 \u0627\u0644\u0642\u0645\u062d - Beldify.shop - Organic Life Style","robots":{"index":"index","follow":"follow","max-snippet":"max-snippet:-1","max-image-preview":"max-image-preview:large","max-video-preview":"max-video-preview:-1"},"canonical":"https:\/\/beldify.shop\/en\/product\/1kg-couscous-a-la-semoule-de-ble-\u0643\u0633\u0643\u0633-\u0628\u0633\u0645\u064a\u062f\u0629-\u0627\u0644\u0642\u0645\u062d\/","og_locale":"en_US","og_type":"article","og_title":"1kg Couscous \u00e0 la semoule de bl\u00e9 \u0643\u0633\u0643\u0633 \u0628\u0633\u0645\u064a\u062f\u0629 \u0627\u0644\u0642\u0645\u062d - Beldify.shop - Organic Life Style","og_description":"Le couscous complet contient un taux \u00e9lev\u00e9 de fibres et se distingue par sa saveur et sa l\u00e9g\u00e8ret\u00e9. Il peut \u00e9galement \u00eatre utilis\u00e9 dans n'importe quelle recette en rempla\u00e7ant le couscous de bl\u00e9 dur, l'un de ses avantages est de maintenir le syst\u00e8me digestif, car il traite la constipation, les ulc\u00e8res d'estomac et les spasmes coliques, et il profite aux diab\u00e9tiques. \u064a\u062d\u062a\u0648\u064a \u0627\u0644\u0643\u0633\u0643\u0633 \u0627\u0644\u0643\u0627\u0645\u0644 \u0639\u0644\u0649 \u0645\u0633\u062a\u0648\u0649 \u0639\u0627\u0644\u064a \u0645\u0646 \u0627\u0644\u0627\u0644\u064a\u0627\u0641 \u0648 \u0647\u0648 \u064a\u062a\u0645\u064a\u0632 \u0628\u0646\u0643\u0647\u062a\u0647 \u0648 \u062e\u0641\u062a\u0647 \u0648 \u064a\u0645\u0643\u0646 \u0623\u064a\u0636\u0627 \u0625\u0633\u062a\u062e\u062f\u0627\u0645\u0647 \u0641\u064a \u0623\u064a \u0648\u0635\u0641\u0629 \u0628\u0627\u0633\u062a\u0628\u062f\u0627\u0644 \u0643\u0633\u0643\u0633 \u0627\u0644\u0642\u0645\u062d \u0627\u0644\u0635\u0644\u0628 \u060c\u0645\u0646 \u0641\u0648\u0626\u062f\u0647 \u0627\u0644\u062d\u0641\u0627\u0638 \u0639\u0644\u0649 \u0627\u0644\u062c\u0647\u0627\u0632 \u0627\u0644\u0647\u0636\u0645\u064a \u0641\u0647\u0648 \u064a\u0639\u0627\u0644\u062c \u062d\u0627\u0644\u0627\u062a \u0627\u0644\u0625\u0645\u0633\u0627\u0643 \u0648\u0642\u0631\u062d\u0629\u0627\u0644\u0645\u0639\u062f\u0629 \u0648 \u062a\u0634\u0646\u062c \u0627\u0644\u0642\u0648\u0644\u0648\u0646 \u060c\u0648 \u064a\u0641\u064a\u062f \u0645\u0631\u0636\u0649 \u0627\u0644\u0633\u0643\u0631\u064a Production 100% Handmade","og_url":"https:\/\/beldify.shop\/en\/product\/1kg-couscous-a-la-semoule-de-ble-\u0643\u0633\u0643\u0633-\u0628\u0633\u0645\u064a\u062f\u0629-\u0627\u0644\u0642\u0645\u062d\/","og_site_name":"Beldify.shop - Organic Life Style","article_publisher":"https:\/\/www.facebook.com\/beldify.shop","article_modified_time":"2026-01-13T22:47:09+00:00","og_image":[{"width":768,"height":1024,"url":"https:\/\/beldify.shop\/wp-content\/uploads\/2020\/11\/couscous-ble-complet-768x1024.jpg","type":"image\/jpeg"}],"twitter_card":"summary_large_image","schema":{"@context":"https:\/\/schema.org","@graph":[{"@type":"WebPage","@id":"https:\/\/beldify.shop\/produit\/1kg-couscous-a-la-semoule-de-ble-%d9%83%d8%b3%d9%83%d8%b3-%d8%a8%d8%b3%d9%85%d9%8a%d8%af%d8%a9-%d8%a7%d9%84%d9%82%d9%85%d8%ad\/","url":"https:\/\/beldify.shop\/produit\/1kg-couscous-a-la-semoule-de-ble-%d9%83%d8%b3%d9%83%d8%b3-%d8%a8%d8%b3%d9%85%d9%8a%d8%af%d8%a9-%d8%a7%d9%84%d9%82%d9%85%d8%ad\/","name":"1kg Couscous \u00e0 la semoule de bl\u00e9 \u0643\u0633\u0643\u0633 \u0628\u0633\u0645\u064a\u062f\u0629 \u0627\u0644\u0642\u0645\u062d - Beldify.shop - Organic Life Style","isPartOf":{"@id":"https:\/\/beldify.shop\/#website"},"primaryImageOfPage":{"@id":"https:\/\/beldify.shop\/produit\/1kg-couscous-a-la-semoule-de-ble-%d9%83%d8%b3%d9%83%d8%b3-%d8%a8%d8%b3%d9%85%d9%8a%d8%af%d8%a9-%d8%a7%d9%84%d9%82%d9%85%d8%ad\/#primaryimage"},"image":{"@id":"https:\/\/beldify.shop\/produit\/1kg-couscous-a-la-semoule-de-ble-%d9%83%d8%b3%d9%83%d8%b3-%d8%a8%d8%b3%d9%85%d9%8a%d8%af%d8%a9-%d8%a7%d9%84%d9%82%d9%85%d8%ad\/#primaryimage"},"thumbnailUrl":"https:\/\/beldify.shop\/wp-content\/uploads\/2020\/11\/couscous-ble-complet-scaled.jpg","datePublished":"2020-11-11T13:31:47+00:00","dateModified":"2026-01-13T22:47:09+00:00","breadcrumb":{"@id":"https:\/\/beldify.shop\/produit\/1kg-couscous-a-la-semoule-de-ble-%d9%83%d8%b3%d9%83%d8%b3-%d8%a8%d8%b3%d9%85%d9%8a%d8%af%d8%a9-%d8%a7%d9%84%d9%82%d9%85%d8%ad\/#breadcrumb"},"inLanguage":"en-US","potentialAction":[{"@type":"ReadAction","target":["https:\/\/beldify.shop\/produit\/1kg-couscous-a-la-semoule-de-ble-%d9%83%d8%b3%d9%83%d8%b3-%d8%a8%d8%b3%d9%85%d9%8a%d8%af%d8%a9-%d8%a7%d9%84%d9%82%d9%85%d8%ad\/"]}]},{"@type":"ImageObject","inLanguage":"en-US","@id":"https:\/\/beldify.shop\/produit\/1kg-couscous-a-la-semoule-de-ble-%d9%83%d8%b3%d9%83%d8%b3-%d8%a8%d8%b3%d9%85%d9%8a%d8%af%d8%a9-%d8%a7%d9%84%d9%82%d9%85%d8%ad\/#primaryimage","url":"https:\/\/beldify.shop\/wp-content\/uploads\/2020\/11\/couscous-ble-complet-scaled.jpg","contentUrl":"https:\/\/beldify.shop\/wp-content\/uploads\/2020\/11\/couscous-ble-complet-scaled.jpg","width":1920,"height":2560},{"@type":"BreadcrumbList","@id":"https:\/\/beldify.shop\/produit\/1kg-couscous-a-la-semoule-de-ble-%d9%83%d8%b3%d9%83%d8%b3-%d8%a8%d8%b3%d9%85%d9%8a%d8%af%d8%a9-%d8%a7%d9%84%d9%82%d9%85%d8%ad\/#breadcrumb","itemListElement":[{"@type":"ListItem","position":1,"name":"Accueil","item":"https:\/\/beldify.shop\/"},{"@type":"ListItem","position":2,"name":"Boutique","item":"https:\/\/beldify.shop\/boutique\/"},{"@type":"ListItem","position":3,"name":"1kg Couscous \u00e0 la semoule de bl\u00e9 \u0643\u0633\u0643\u0633 \u0628\u0633\u0645\u064a\u062f\u0629 \u0627\u0644\u0642\u0645\u062d"}]},{"@type":"WebSite","@id":"https:\/\/beldify.shop\/#website","url":"https:\/\/beldify.shop\/","name":"Beldify.shop - Organic Life Style","description":"Moroccan Natural Products","potentialAction":[{"@type":"SearchAction","target":{"@type":"EntryPoint","urlTemplate":"https:\/\/beldify.shop\/?s={search_term_string}"},"query-input":{"@type":"PropertyValueSpecification","valueRequired":true,"valueName":"search_term_string"}}],"inLanguage":"en-US"}]}},"jetpack_publicize_connections":[],"jetpack_likes_enabled":true,"jetpack_sharing_enabled":true,"jetpack-related-posts":[],"_links":{"self":[{"href":"https:\/\/beldify.shop\/en\/wp-json\/wp\/v2\/product\/2775","targetHints":{"allow":["GET"]}}],"collection":[{"href":"https:\/\/beldify.shop\/en\/wp-json\/wp\/v2\/product"}],"about":[{"href":"https:\/\/beldify.shop\/en\/wp-json\/wp\/v2\/types\/product"}],"replies":[{"embeddable":true,"href":"https:\/\/beldify.shop\/en\/wp-json\/wp\/v2\/comments?post=2775"}],"wp:featuredmedia":[{"embeddable":true,"href":"https:\/\/beldify.shop\/en\/wp-json\/wp\/v2\/media\/2923"}],"wp:attachment":[{"href":"https:\/\/beldify.shop\/en\/wp-json\/wp\/v2\/media?parent=2775"}],"wp:term":[{"taxonomy":"product_brand","embeddable":true,"href":"https:\/\/beldify.shop\/en\/wp-json\/wp\/v2\/product_brand?post=2775"},{"taxonomy":"product_cat","embeddable":true,"href":"https:\/\/beldify.shop\/en\/wp-json\/wp\/v2\/product_cat?post=2775"},{"taxonomy":"product_tag","embeddable":true,"href":"https:\/\/beldify.shop\/en\/wp-json\/wp\/v2\/product_tag?post=2775"}],"curies":[{"name":"wp","href":"https:\/\/api.w.org\/{rel}","templated":true}]}}