{"id":2513,"date":"2020-07-08T05:52:31","date_gmt":"2020-07-08T05:52:31","guid":{"rendered":"https:\/\/beldify.shop?page_id=2513"},"modified":"2021-01-04T03:14:51","modified_gmt":"2021-01-04T03:14:51","slug":"charte-solidaire","status":"publish","type":"page","link":"https:\/\/beldify.shop\/en\/charte-solidaire\/","title":{"rendered":"Our solidarity charter"},"content":{"rendered":"<div class=\"wpb-content-wrapper\"><div data-vc-full-width=\"true\" data-vc-full-width-temp=\"true\" data-vc-full-width-init=\"false\" data-vc-parallax=\"1.5\" data-vc-parallax-image=\"https:\/\/beldify.shop\/wp-content\/uploads\/2020\/06\/menu.jpg\" class=\"vc_row wpb_row vc_row-fluid vc_custom_1593353024385 vc_row-has-fill vc_row-o-content-middle vc_row-flex vc_general vc_parallax vc_parallax-content-moving\"><div class=\"wpb_column vc_column_container vc_col-sm-12\"><div class=\"vc_column-inner vc_custom_1514281992991\"><div class=\"wpb_wrapper\">\n\t<div class=\"wpb_video_widget wpb_content_element vc_clearfix vc_video-aspect-ratio-169 vc_video-el-width-100 vc_video-align-center\" >\n\t\t<div class=\"wpb_wrapper\">\n\t\t\t\n\t\t\t<div class=\"wpb_video_wrapper\"><iframe loading=\"lazy\" title=\"What is the social economy?\" width=\"500\" height=\"281\" src=\"https:\/\/www.youtube.com\/embed\/k5nEI0bMMdc?feature=oembed\" frameborder=\"0\" allow=\"accelerometer; autoplay; clipboard-write; encrypted-media; gyroscope; picture-in-picture; web-share\" referrerpolicy=\"strict-origin-when-cross-origin\" allowfullscreen><\/iframe><\/div>\n\t\t<\/div>\n\t<\/div>\n\n\t\t<div id=\"wd-5f05515ad44f6\" class=\"title-wrapper wd-wpb wd-set-mb reset-last-child  wd-rs-5f05515ad44f6 wd-title-color-default wd-title-style-image text-center  wd-underline-colored\">\n\t\t\t\n\t\t\t<div class=\"liner-continer\">\n\t\t\t\t<h3 class=\"woodmart-title-container title  wd-font-weight-700 wd-fontsize-l\" >The solidarity charter<\/h3>\n\t\t\t\t\t\t\t\t\t<span class=\"img-wrapper\"><img decoding=\"async\" class=\"wd-lazy-fade\"  src=\"https:\/\/beldify.shop\/wp-content\/themes\/woodmart\/images\/lazy.svg\" data-src=\"https:\/\/beldify.shop\/wp-content\/uploads\/2017\/12\/organic-svg-title-img.svg\" title=\"organic-svg-title-img\" loading=\"lazy\" width=\"160\" height=\"36\"><\/span>\t\t\t\t\t\t\t<\/div>\n\t\t\t\n\t\t\t\t\t\t\t<div class=\"title-after_title reset-last-child  wd-fontsize-xs\">Eco Market Coop is a group of social and solidarity economy players associated with socially responsible SMEs in the B\u00e9ni Mellal Kh\u00e9nifra region, which implements a common and continuous strategy of cooperation and pooling in the service of innovative and sustainable cooperative projects.<\/div>\n\t\t\t\n\t\t\t\n\t\t<\/div>\n\t\t\n\t\t<\/div><\/div><\/div><div class=\"wpb_column vc_column_container vc_col-sm-12 vc_col-md-4\"><div class=\"vc_column-inner vc_custom_1514464518181\"><div class=\"wpb_wrapper\">\n\t\t<div id=\"wd-5f055a084e8ce\" class=\"title-wrapper wd-wpb wd-set-mb reset-last-child  wd-rs-5f055a084e8ce wd-title-color-default wd-title-style-default text-left  wd-underline-colored\">\n\t\t\t\n\t\t\t<div class=\"liner-continer\">\n\t\t\t\t<h4 class=\"woodmart-title-container title  wd-font-weight- wd-fontsize-l\" >Respect for the values of the social and solidarity economy<\/h4>\n\t\t\t\t\t\t\t<\/div>\n\t\t\t\n\t\t\t\n\t\t\t\n\t\t<\/div>\n\t\t\n\t\t\t\t\t<div class=\"info-box-wrapper\">\n\t\t\t\t<div id=\"wd-5f05586d45a54\" class=\"wd-rs-5f05586d45a54 wd-info-box wd-wpb text-left box-icon-align-right box-style- color-scheme- wd-bg-none wd-items-top vc_custom_1594185843109\">\n\t\t\t\t\t\t\t\t\t\t<div class=\"info-box-content\">\n\t\t\t\t\t\t\t\t\t\t\t\t<div class=\"info-box-inner reset-last-child\"><p>equality between all people without distinction of gender, social and cultural affiliations, emancipation through civic involvement, territorial anchoring, research and development, pooling and cooperation, ecological vigilance.<\/p>\n<\/div>\n\n\t\t\t\t\t\t\t\t\t\t\t<\/div>\n\n\t\t\t\t\t\n\t\t\t\t\t\t\t\t\t<\/div>\n\t\t\t<\/div>\n\t\t\n\t\t<div id=\"wd-5f0558825be82\" class=\"title-wrapper wd-wpb wd-set-mb reset-last-child  wd-rs-5f0558825be82 wd-title-color-default wd-title-style-default text-left  wd-underline-colored\">\n\t\t\t\n\t\t\t<div class=\"liner-continer\">\n\t\t\t\t<h4 class=\"woodmart-title-container title  wd-font-weight- wd-fontsize-l\" >Democratic management<\/h4>\n\t\t\t\t\t\t\t<\/div>\n\t\t\t\n\t\t\t\n\t\t\t\n\t\t<\/div>\n\t\t\n\t\t\t\t\t<div class=\"info-box-wrapper\">\n\t\t\t\t<div id=\"wd-5f0558884c8b1\" class=\"wd-rs-5f0558884c8b1 wd-info-box wd-wpb text-left box-icon-align-right box-style- color-scheme- wd-bg-none wd-items-top vc_custom_1594185871080\">\n\t\t\t\t\t\t\t\t\t\t<div class=\"info-box-content\">\n\t\t\t\t\t\t\t\t\t\t\t\t<div class=\"info-box-inner reset-last-child\"><p>Cooperation between all components, in order to promote collaborative functioning and shared and responsible governance, on the principle of 1 person = 1 vote and supported by a consensus decision-making method.<\/p>\n<\/div>\n\n\t\t\t\t\t\t\t\t\t\t\t<\/div>\n\n\t\t\t\t\t\n\t\t\t\t\t\t\t\t\t<\/div>\n\t\t\t<\/div>\n\t\t\n\t\t<div id=\"wd-5f0558923b351\" class=\"title-wrapper wd-wpb wd-set-mb reset-last-child  wd-rs-5f0558923b351 wd-title-color-default wd-title-style-default text-left  wd-underline-colored\">\n\t\t\t\n\t\t\t<div class=\"liner-continer\">\n\t\t\t\t<h4 class=\"woodmart-title-container title  wd-font-weight- wd-fontsize-l\" >Freedom of membership.<\/h4>\n\t\t\t\t\t\t\t<\/div>\n\t\t\t\n\t\t\t\n\t\t\t\n\t\t<\/div>\n\t\t\n\t\t\t\t\t<div class=\"info-box-wrapper\">\n\t\t\t\t<div id=\"wd-5f055898c281e\" class=\"wd-rs-5f055898c281e wd-info-box wd-wpb text-left box-icon-align-right box-style- color-scheme- wd-bg-none wd-items-top vc_custom_1594185887628\">\n\t\t\t\t\t\t\t\t\t\t<div class=\"info-box-content\">\n\t\t\t\t\t\t\t\t\t\t\t\t<div class=\"info-box-inner reset-last-child\"><p>Freedom of membership was particularly appreciated by the precursors of the cooperative movement, and according to this ancient principle the cooperative must always be open to new members,<\/p>\n<\/div>\n\n\t\t\t\t\t\t\t\t\t\t\t<\/div>\n\n\t\t\t\t\t\n\t\t\t\t\t\t\t\t\t<\/div>\n\t\t\t<\/div>\n\t\t<\/div><\/div><\/div><div class=\"wpb_column vc_column_container vc_col-sm-12 vc_col-md-4\"><div class=\"vc_column-inner vc_custom_1514464524130\"><div class=\"wpb_wrapper\"><\/div><\/div><\/div><div class=\"wpb_column vc_column_container vc_col-sm-12 vc_col-md-4\"><div class=\"vc_column-inner vc_custom_1514464530477\"><div class=\"wpb_wrapper\">\n\t\t<div id=\"wd-5f0558a4d6d06\" class=\"title-wrapper wd-wpb wd-set-mb reset-last-child  wd-rs-5f0558a4d6d06 wd-title-color-default wd-title-style-default text-left  wd-underline-colored\">\n\t\t\t\n\t\t\t<div class=\"liner-continer\">\n\t\t\t\t<h4 class=\"woodmart-title-container title  wd-font-weight- wd-fontsize-l\" >Limited Profitability<\/h4>\n\t\t\t\t\t\t\t<\/div>\n\t\t\t\n\t\t\t\n\t\t\t\n\t\t<\/div>\n\t\t\n\t\t\t\t\t<div class=\"info-box-wrapper\">\n\t\t\t\t<div id=\"wd-5f0558aae8a26\" class=\"wd-rs-5f0558aae8a26 wd-info-box wd-wpb text-left box-icon-align-left box-style- color-scheme- wd-bg-none wd-items-top vc_custom_1594185904768\">\n\t\t\t\t\t\t\t\t\t\t<div class=\"info-box-content\">\n\t\t\t\t\t\t\t\t\t\t\t\t<div class=\"info-box-inner reset-last-child\"><\/p>\n<div class=\"field field-name-field-summary field-type-text-long field-label-hidden\">\n<div class=\"field-items\">\n<div class=\"field-item even\">\n<p>The social and solidarity economy (SSE) aims to develop a sustainable economy that respects people and the environment. One of the fundamental principles for achieving this objective is limited profitability.<\/p>\n<\/div>\n<\/div>\n<\/div>\n<p>\n<\/div>\n\n\t\t\t\t\t\t\t\t\t\t\t<\/div>\n\n\t\t\t\t\t\n\t\t\t\t\t\t\t\t\t<\/div>\n\t\t\t<\/div>\n\t\t\n\t\t<div id=\"wd-5f0558bb71642\" class=\"title-wrapper wd-wpb wd-set-mb reset-last-child  wd-rs-5f0558bb71642 wd-title-color-default wd-title-style-default text-left  wd-underline-colored\">\n\t\t\t\n\t\t\t<div class=\"liner-continer\">\n\t\t\t\t<h4 class=\"woodmart-title-container title  wd-font-weight- wd-fontsize-l\" >The articulation and complementarity of resources<\/h4>\n\t\t\t\t\t\t\t<\/div>\n\t\t\t\n\t\t\t\n\t\t\t\n\t\t<\/div>\n\t\t\n\t\t\t\t\t<div class=\"info-box-wrapper\">\n\t\t\t\t<div id=\"wd-5f0558c19b87e\" class=\"wd-rs-5f0558c19b87e wd-info-box wd-wpb text-left box-icon-align-left box-style- color-scheme- wd-bg-none wd-items-top vc_custom_1594185928156\">\n\t\t\t\t\t\t\t\t\t\t<div class=\"info-box-content\">\n\t\t\t\t\t\t\t\t\t\t\t\t<div class=\"info-box-inner reset-last-child\"><p>The articulation and complementarity of resources (market economy, economy of reciprocity, economy of redistribution),<\/p>\n<\/div>\n\n\t\t\t\t\t\t\t\t\t\t\t<\/div>\n\n\t\t\t\t\t\n\t\t\t\t\t\t\t\t\t<\/div>\n\t\t\t<\/div>\n\t\t\n\t\t<div id=\"wd-5f05596a184ee\" class=\"title-wrapper wd-wpb wd-set-mb reset-last-child  wd-rs-5f05596a184ee wd-title-color-default wd-title-style-default text-left  wd-underline-colored\">\n\t\t\t\n\t\t\t<div class=\"liner-continer\">\n\t\t\t\t<h4 class=\"woodmart-title-container title  wd-font-weight- wd-fontsize-l\" >Openness and support<\/h4>\n\t\t\t\t\t\t\t<\/div>\n\t\t\t\n\t\t\t\n\t\t\t\n\t\t<\/div>\n\t\t\n\t\t\t\t\t<div class=\"info-box-wrapper\">\n\t\t\t\t<div id=\"wd-5f0558d2950f6\" class=\"wd-rs-5f0558d2950f6 wd-info-box wd-wpb text-left box-icon-align-left box-style- color-scheme- wd-bg-none wd-items-top vc_custom_1594185944209\">\n\t\t\t\t\t\t\t\t\t\t<div class=\"info-box-content\">\n\t\t\t\t\t\t\t\t\t\t\t\t<div class=\"info-box-inner reset-last-child\"><p>to people with new initiatives in the social and solidarity economy<\/p>\n<\/div>\n\n\t\t\t\t\t\t\t\t\t\t\t<\/div>\n\n\t\t\t\t\t\n\t\t\t\t\t\t\t\t\t<\/div>\n\t\t\t<\/div>\n\t\t<\/div><\/div><\/div><\/div><div class=\"vc_row-full-width vc_clearfix\"><\/div><div class=\"vc_row wpb_row vc_row-fluid vc_custom_1609733762947 vc_row-has-fill vc_row-o-equal-height vc_row-flex\"><div class=\"wpb_column vc_column_container vc_col-sm-6 vc_col-md-3 vc_col-has-fill color-scheme-dark\"><div class=\"vc_column-inner vc_custom_1593274447748\"><div class=\"wpb_wrapper\">\t\t\t<div id=\"wd-5f0538c318e6a\" class=\"wd-text-block-wrapper wd-wpb wd-rs-5f0538c318e6a color-scheme-custom text-left inline-element vc_custom_1594177751952\">\n\t\t\t\t<div class=\"woodmart-title-container woodmart-text-block reset-last-child font-primary wd-font-weight-600\">\n\t\t\t\t\t1.\t\t\t\t<\/div>\n\n\t\t\t\t\t\t\t<\/div>\n\t\t\t\t\t<div id=\"wd-5ef0d9a5a2525\" class=\"wd-text-block-wrapper wd-wpb wd-rs-5ef0d9a5a2525 color-scheme-custom text-left vc_custom_1592842722414\">\n\t\t\t\t<div class=\"woodmart-title-container woodmart-text-block reset-last-child font-primary wd-font-weight-600\">\n\t\t\t\t\tCarefully crafted products\t\t\t\t<\/div>\n\n\t\t\t\t\t\t\t<\/div>\n\t\t\t\t\t<div id=\"wd-5ef8b6fb561c5\" class=\"wd-text-block-wrapper wd-wpb wd-rs-5ef8b6fb561c5 color-scheme-custom text-left vc_custom_1593358080640\">\n\t\t\t\t<div class=\"woodmart-title-container woodmart-text-block reset-last-child font-text wd-font-weight-\">\n\t\t\t\t\tCarefully crafted products\t\t\t\t<\/div>\n\n\t\t\t\t\t\t\t<\/div>\n\t\t<\/div><\/div><\/div><div class=\"wpb_column vc_column_container vc_col-sm-6 vc_col-md-3 vc_col-has-fill color-scheme-light\"><div class=\"vc_column-inner vc_custom_1593274584882\"><div class=\"wpb_wrapper\">\t\t\t<div id=\"wd-69fbf6b47dc01\" class=\"wd-text-block-wrapper wd-wpb color-scheme-custom text-left vc_custom_1514292756665\">\n\t\t\t\t<div class=\"woodmart-title-container woodmart-text-block reset-last-child font-primary wd-font-weight-600\">\n\t\t\t\t\t2.\t\t\t\t<\/div>\n\n\t\t\t\t\t\t\t<\/div>\n\t\t\t\t\t<div id=\"wd-5ef8b7073a0d4\" class=\"wd-text-block-wrapper wd-wpb wd-rs-5ef8b7073a0d4 color-scheme-custom text-left vc_custom_1593358092304\">\n\t\t\t\t<div class=\"woodmart-title-container woodmart-text-block reset-last-child font-primary wd-font-weight-600\">\n\t\t\t\t\tFreshly prepared\t\t\t\t<\/div>\n\n\t\t\t\t\t\t\t<\/div>\n\t\t\t\t\t<div id=\"wd-5ef8b71146a47\" class=\"wd-text-block-wrapper wd-wpb wd-rs-5ef8b71146a47 color-scheme-custom text-left vc_custom_1593358101712\">\n\t\t\t\t<div class=\"woodmart-title-container woodmart-text-block reset-last-child font-text wd-font-weight-\">\n\t\t\t\t\tFreshly prepared\t\t\t\t<\/div>\n\n\t\t\t\t\t\t\t<\/div>\n\t\t<\/div><\/div><\/div><div class=\"wpb_column vc_column_container vc_col-sm-6 vc_col-md-3 vc_col-has-fill color-scheme-light\"><div class=\"vc_column-inner vc_custom_1593274611700\"><div class=\"wpb_wrapper\">\t\t\t<div id=\"wd-69fbf6b47ddd8\" class=\"wd-text-block-wrapper wd-wpb color-scheme-custom text-left vc_custom_1514292762585\">\n\t\t\t\t<div class=\"woodmart-title-container woodmart-text-block reset-last-child font-primary wd-font-weight-600\">\n\t\t\t\t\t3.\t\t\t\t<\/div>\n\n\t\t\t\t\t\t\t<\/div>\n\t\t\t\t\t<div id=\"wd-5ef8b69624af9\" class=\"wd-text-block-wrapper wd-wpb wd-rs-5ef8b69624af9 color-scheme-custom text-left vc_custom_1593357996712\">\n\t\t\t\t<div class=\"woodmart-title-container woodmart-text-block reset-last-child font-primary wd-font-weight-600\">\n\t\t\t\t\tWell packaged\t\t\t\t<\/div>\n\n\t\t\t\t\t\t\t<\/div>\n\t\t\t\t\t<div id=\"wd-5ef8b7347a3f5\" class=\"wd-text-block-wrapper wd-wpb wd-rs-5ef8b7347a3f5 color-scheme-custom text-left vc_custom_1593358137919\">\n\t\t\t\t<div class=\"woodmart-title-container woodmart-text-block reset-last-child font-text wd-font-weight-\">\n\t\t\t\t\tWell packaged\t\t\t\t<\/div>\n\n\t\t\t\t\t\t\t<\/div>\n\t\t<\/div><\/div><\/div><div class=\"wpb_column vc_column_container vc_col-sm-6 vc_col-md-3 vc_col-has-fill color-scheme-light\"><div class=\"vc_column-inner vc_custom_1593274638128\"><div class=\"wpb_wrapper\">\t\t\t<div id=\"wd-69fbf6b47dfa7\" class=\"wd-text-block-wrapper wd-wpb color-scheme-custom text-left vc_custom_1514292766976\">\n\t\t\t\t<div class=\"woodmart-title-container woodmart-text-block reset-last-child font-primary wd-font-weight-600\">\n\t\t\t\t\t4.\t\t\t\t<\/div>\n\n\t\t\t\t\t\t\t<\/div>\n\t\t\t\t\t<div id=\"wd-5ef8b6b29e4ec\" class=\"wd-text-block-wrapper wd-wpb wd-rs-5ef8b6b29e4ec color-scheme-custom text-left vc_custom_1593358028584\">\n\t\t\t\t<div class=\"woodmart-title-container woodmart-text-block reset-last-child font-primary wd-font-weight-600\">\n\t\t\t\t\tEfficiently delivered\t\t\t\t<\/div>\n\n\t\t\t\t\t\t\t<\/div>\n\t\t\t\t\t<div id=\"wd-5ef8b749b1564\" class=\"wd-text-block-wrapper wd-wpb wd-rs-5ef8b749b1564 color-scheme-custom text-left vc_custom_1593358158891\">\n\t\t\t\t<div class=\"woodmart-title-container woodmart-text-block reset-last-child font-text wd-font-weight-\">\n\t\t\t\t\tEfficiently delivered\t\t\t\t<\/div>\n\n\t\t\t\t\t\t\t<\/div>\n\t\t<\/div><\/div><\/div><\/div><div class=\"vc_row wpb_row vc_row-fluid vc_custom_1593906503849 vc_row-o-equal-height vc_row-flex\"><div class=\"wpb_column vc_column_container vc_col-sm-12\"><div class=\"vc_column-inner\"><div class=\"wpb_wrapper\"><div class=\"vc_empty_space\"   style=\"height: 32px\"><span class=\"vc_empty_space_inner\"><\/span><\/div><\/div><\/div><\/div><\/div>\n<\/div>","protected":false},"excerpt":{"rendered":"La charte solidaire Eco market Coop est un regroupement d'acteurs d'\u00e9conomie sociale et solidaire associ\u00e9 \u00e0 des PME socialement responsables","protected":false},"author":1,"featured_media":0,"parent":0,"menu_order":0,"comment_status":"closed","ping_status":"closed","template":"","meta":{"_angie_page":false,"inline_featured_image":false,"footnotes":""},"class_list":["post-2513","page","type-page","status-publish","hentry"],"yoast_head":"<!-- This site is optimized with the Yoast SEO plugin v27.5 - https:\/\/yoast.com\/product\/yoast-seo-wordpress\/ -->\n<title>Notre charte solidaire - Beldify.shop - Organic Life Style<\/title>\n<meta name=\"robots\" content=\"index, follow, max-snippet:-1, max-image-preview:large, max-video-preview:-1\" \/>\n<link rel=\"canonical\" href=\"https:\/\/beldify.shop\/en\/charte-solidaire\/\" \/>\n<meta property=\"og:locale\" content=\"en_US\" \/>\n<meta property=\"og:type\" content=\"article\" \/>\n<meta property=\"og:title\" content=\"Notre charte solidaire - Beldify.shop - Organic Life Style\" \/>\n<meta property=\"og:url\" content=\"https:\/\/beldify.shop\/en\/charte-solidaire\/\" \/>\n<meta property=\"og:site_name\" content=\"Beldify.shop - Organic Life Style\" \/>\n<meta property=\"article:publisher\" content=\"https:\/\/www.facebook.com\/beldify.shop\" \/>\n<meta property=\"article:modified_time\" content=\"2021-01-04T03:14:51+00:00\" \/>\n<meta name=\"twitter:card\" content=\"summary_large_image\" \/>\n<meta name=\"twitter:label1\" content=\"Est. reading time\" \/>\n\t<meta name=\"twitter:data1\" content=\"10 minutes\" \/>\n<script type=\"application\/ld+json\" class=\"yoast-schema-graph\">{\"@context\":\"https:\\\/\\\/schema.org\",\"@graph\":[{\"@type\":\"WebPage\",\"@id\":\"https:\\\/\\\/beldify.shop\\\/ar\\\/charte-solidaire\\\/\",\"url\":\"https:\\\/\\\/beldify.shop\\\/ar\\\/charte-solidaire\\\/\",\"name\":\"Notre charte solidaire - Beldify.shop - Organic Life Style\",\"isPartOf\":{\"@id\":\"https:\\\/\\\/beldify.shop\\\/#website\"},\"datePublished\":\"2020-07-08T05:52:31+00:00\",\"dateModified\":\"2021-01-04T03:14:51+00:00\",\"breadcrumb\":{\"@id\":\"https:\\\/\\\/beldify.shop\\\/ar\\\/charte-solidaire\\\/#breadcrumb\"},\"inLanguage\":\"en-US\",\"potentialAction\":[{\"@type\":\"ReadAction\",\"target\":[\"https:\\\/\\\/beldify.shop\\\/ar\\\/charte-solidaire\\\/\"]}]},{\"@type\":\"BreadcrumbList\",\"@id\":\"https:\\\/\\\/beldify.shop\\\/ar\\\/charte-solidaire\\\/#breadcrumb\",\"itemListElement\":[{\"@type\":\"ListItem\",\"position\":1,\"name\":\"Accueil\",\"item\":\"https:\\\/\\\/beldify.shop\\\/\"},{\"@type\":\"ListItem\",\"position\":2,\"name\":\"Notre charte solidaire\"}]},{\"@type\":\"WebSite\",\"@id\":\"https:\\\/\\\/beldify.shop\\\/#website\",\"url\":\"https:\\\/\\\/beldify.shop\\\/\",\"name\":\"Beldify.shop - Organic Life Style\",\"description\":\"Moroccan Natural Products\",\"potentialAction\":[{\"@type\":\"SearchAction\",\"target\":{\"@type\":\"EntryPoint\",\"urlTemplate\":\"https:\\\/\\\/beldify.shop\\\/?s={search_term_string}\"},\"query-input\":{\"@type\":\"PropertyValueSpecification\",\"valueRequired\":true,\"valueName\":\"search_term_string\"}}],\"inLanguage\":\"en-US\"}]}<\/script>\n<!-- \/ Yoast SEO plugin. -->","yoast_head_json":{"title":"Notre charte solidaire - Beldify.shop - Organic Life Style","robots":{"index":"index","follow":"follow","max-snippet":"max-snippet:-1","max-image-preview":"max-image-preview:large","max-video-preview":"max-video-preview:-1"},"canonical":"https:\/\/beldify.shop\/en\/charte-solidaire\/","og_locale":"en_US","og_type":"article","og_title":"Notre charte solidaire - Beldify.shop - Organic Life Style","og_url":"https:\/\/beldify.shop\/en\/charte-solidaire\/","og_site_name":"Beldify.shop - Organic Life Style","article_publisher":"https:\/\/www.facebook.com\/beldify.shop","article_modified_time":"2021-01-04T03:14:51+00:00","twitter_card":"summary_large_image","twitter_misc":{"Est. reading time":"10 minutes"},"schema":{"@context":"https:\/\/schema.org","@graph":[{"@type":"WebPage","@id":"https:\/\/beldify.shop\/ar\/charte-solidaire\/","url":"https:\/\/beldify.shop\/ar\/charte-solidaire\/","name":"Notre charte solidaire - Beldify.shop - Organic Life Style","isPartOf":{"@id":"https:\/\/beldify.shop\/#website"},"datePublished":"2020-07-08T05:52:31+00:00","dateModified":"2021-01-04T03:14:51+00:00","breadcrumb":{"@id":"https:\/\/beldify.shop\/ar\/charte-solidaire\/#breadcrumb"},"inLanguage":"en-US","potentialAction":[{"@type":"ReadAction","target":["https:\/\/beldify.shop\/ar\/charte-solidaire\/"]}]},{"@type":"BreadcrumbList","@id":"https:\/\/beldify.shop\/ar\/charte-solidaire\/#breadcrumb","itemListElement":[{"@type":"ListItem","position":1,"name":"Accueil","item":"https:\/\/beldify.shop\/"},{"@type":"ListItem","position":2,"name":"Notre charte solidaire"}]},{"@type":"WebSite","@id":"https:\/\/beldify.shop\/#website","url":"https:\/\/beldify.shop\/","name":"Beldify.shop - Organic Life Style","description":"Moroccan Natural Products","potentialAction":[{"@type":"SearchAction","target":{"@type":"EntryPoint","urlTemplate":"https:\/\/beldify.shop\/?s={search_term_string}"},"query-input":{"@type":"PropertyValueSpecification","valueRequired":true,"valueName":"search_term_string"}}],"inLanguage":"en-US"}]}},"jetpack_likes_enabled":true,"jetpack_sharing_enabled":true,"jetpack-related-posts":[],"jetpack_shortlink":"https:\/\/wp.me\/PdEHbW-Ex","_links":{"self":[{"href":"https:\/\/beldify.shop\/en\/wp-json\/wp\/v2\/pages\/2513","targetHints":{"allow":["GET"]}}],"collection":[{"href":"https:\/\/beldify.shop\/en\/wp-json\/wp\/v2\/pages"}],"about":[{"href":"https:\/\/beldify.shop\/en\/wp-json\/wp\/v2\/types\/page"}],"author":[{"embeddable":true,"href":"https:\/\/beldify.shop\/en\/wp-json\/wp\/v2\/users\/1"}],"replies":[{"embeddable":true,"href":"https:\/\/beldify.shop\/en\/wp-json\/wp\/v2\/comments?post=2513"}],"version-history":[{"count":0,"href":"https:\/\/beldify.shop\/en\/wp-json\/wp\/v2\/pages\/2513\/revisions"}],"wp:attachment":[{"href":"https:\/\/beldify.shop\/en\/wp-json\/wp\/v2\/media?parent=2513"}],"curies":[{"name":"wp","href":"https:\/\/api.w.org\/{rel}","templated":true}]}}