{"id":50,"date":"2017-06-14T08:50:29","date_gmt":"2017-06-14T08:50:29","guid":{"rendered":"http:\/\/dummy.xtemos.com\/woodmart\/?post_type=product&#038;p=50"},"modified":"2026-01-13T22:47:11","modified_gmt":"2026-01-13T22:47:11","slug":"bidon-huile-dolive-vierge-5l","status":"publish","type":"product","link":"https:\/\/beldify.shop\/ar\/product\/bidon-huile-dolive-vierge-5l\/","title":{"rendered":"\u0639\u0644\u0628\u0629 \u0632\u064a\u062a \u0632\u064a\u062a\u0648\u0646 \u0628\u0643\u0631 \u0633\u0639\u0629 5 \u0644\u062a\u0631"},"content":{"rendered":"<div class=\"wpb-content-wrapper\"><div class=\"vc_row wpb_row vc_row-fluid vc_row-o-equal-height vc_row-o-content-top vc_row-flex\"><div class=\"wpb_column vc_column_container vc_col-sm-4\"><div class=\"vc_column-inner vc_custom_1492614290511\"><div class=\"wpb_wrapper\">\t\t<div id=\"gallery_350\" class=\"wd-images-gallery wd-wpb photoswipe-images\" style=\"--wd-justify-content:center;--wd-align-items:center;\">\n\t\t\t\n\t\t\t<div class=\"wd-grid-g\" style=\"--wd-col-lg:1;--wd-col-md:1;--wd-col-sm:1;--wd-gap-lg:0px;\">\n\t\t\t\t\n\t\t\t\t\t\t\t\t\t\t\t\t\t\t\t<div class=\"wd-gallery-item wd-col\">\n\t\t\t\t\t\t\t\t\t\t\t\t\t\t<a href=\"https:\/\/beldify.shop\/wp-content\/uploads\/2020\/11\/1.png\" data-elementor-open-lightbox=\"no\" data-index=\"1\" data-width=\"357\" data-height=\"164\" \n\t\t\t\t\t\t\t\t\t\t\t\t >\n\t\t\t\t\t\t\t\t\n\t\t\t\t\t\t\t\t<img loading=\"lazy\" decoding=\"async\" width=\"357\" height=\"164\" src=\"https:\/\/beldify.shop\/wp-content\/uploads\/2020\/11\/1.png\" class=\"wd-gallery-image image-1\" alt=\"\" srcset=\"https:\/\/beldify.shop\/wp-content\/uploads\/2020\/11\/1.png 357w, https:\/\/beldify.shop\/wp-content\/uploads\/2020\/11\/1-150x69.png 150w, https:\/\/beldify.shop\/wp-content\/uploads\/2020\/11\/1-300x138.png 300w, https:\/\/beldify.shop\/wp-content\/uploads\/2020\/11\/1-350x161.png 350w\" sizes=\"auto, (max-width: 357px) 100vw, 357px\" \/>\n\t\t\t\t\t\t\t\t\t\t\t\t\t\t\t<\/a>\n\t\t\t\t\t\t\t\t\t\t\t\t<\/div>\n\t\t\t\t\t\t\t\t\t\n\t\t\t\t\t\t\t<\/div>\n\n\t\t\t\t\t<\/div>\n\t\t<\/div><\/div><\/div><div class=\"wpb_column vc_column_container vc_col-sm-4\"><div class=\"vc_column-inner\"><div class=\"wpb_wrapper\">\n\t\t<div id=\"wd-5fd739b845e46\" class=\"title-wrapper wd-wpb wd-set-mb reset-last-child  wd-rs-5fd739b845e46 wd-title-color-primary wd-title-style-underlined text-left  wd-underline-colored\">\n\t\t\t\n\t\t\t<div class=\"liner-continer\">\n\t\t\t\t<h4 class=\"woodmart-title-container title  wd-font-weight-600 wd-fontsize-l\" >\u0632\u064a\u062a \u0627\u0644\u0632\u064a\u062a\u0648\u0646 \u0627\u0644\u0628\u0643\u0631<\/h4>\n\t\t\t\t\t\t\t<\/div>\n\t\t\t\n\t\t\t\n\t\t\t\n\t\t<\/div>\n\t\t\n\t\t\n\t<div class=\"wpb_text_column wpb_content_element\" >\n\t\t<div class=\"wpb_wrapper\">\n\t\t\t<p>\u0632\u064a\u062a \u0632\u064a\u062a\u0648\u0646 \u0645\u0646 \u0645\u0646\u0637\u0642\u0629 \u0628\u0646\u064a \u0645\u0644\u0627\u0644-\u062e\u0646\u064a\u0641\u0631\u0629\u060c \u064a\u0645\u062b\u0644 \u062c\u0648\u062f\u0629 \u0627\u0644\u062a\u0631\u0628\u0629 \u0641\u064a \u0627\u0644\u0645\u0646\u0637\u0642\u0629.<\/p>\n<ul>\n<li>\u0623\u0648\u0644 \u0639\u0635\u0631\u0629 \u0644\u0632\u064a\u062a \u0627\u0644\u0632\u064a\u062a\u0648\u0646 \u0627\u0644\u0637\u0628\u064a\u0639\u064a \u0645\u0646 \u0628\u0646\u064a \u0645\u0644\u0627\u0644.<\/li>\n<\/ul>\n\n\t\t<\/div>\n\t<\/div>\n<\/div><\/div><\/div><div class=\"wpb_column vc_column_container vc_col-sm-4\"><div class=\"vc_column-inner\"><div class=\"wpb_wrapper\">\n\t\t<div id=\"wd-5fd73a0144a8c\" class=\"title-wrapper wd-wpb wd-set-mb reset-last-child  wd-rs-5fd73a0144a8c wd-title-color-default wd-title-style-underlined text-left  wd-underline-colored\">\n\t\t\t\n\t\t\t<div class=\"liner-continer\">\n\t\t\t\t<h4 class=\"woodmart-title-container title  wd-font-weight-600 wd-fontsize-l\" >\u0627\u0644\u0645\u0632\u0627\u064a\u0627<\/h4>\n\t\t\t\t\t\t\t<\/div>\n\t\t\t\n\t\t\t\n\t\t\t\n\t\t<\/div>\n\t\t\n\t\t\n\t<div class=\"wpb_text_column wpb_content_element\" >\n\t\t<div class=\"wpb_wrapper\">\n\t\t\t<ul>\n<li>\u062a\u0642\u0644\u064a\u0644 \u062e\u0637\u0631 \u0627\u0644\u0625\u0635\u0627\u0628\u0629 \u0628\u0627\u0644\u0633\u0643\u062a\u0629 \u0627\u0644\u062f\u0645\u0627\u063a\u064a\u0629.<\/li>\n<li>\u064a\u062d\u062f \u0645\u0646 \u0627\u0631\u062a\u0641\u0627\u0639 \u0645\u0633\u062a\u0648\u064a\u0627\u062a \u0627\u0644\u062c\u0644\u0648\u0643\u0648\u0632 \u0628\u0639\u062f \u0627\u0644\u0648\u062c\u0628\u0627\u062a.<\/li>\n<li>\u0632\u064a\u0627\u062f\u0629 \u062a\u0643\u0648\u064a\u0646 \u0627\u0644\u0645\u064a\u062a\u0648\u0643\u0648\u0646\u062f\u0631\u064a\u0627.<\/li>\n<li>\u0627\u0644\u0648\u0642\u0627\u064a\u0629 \u0645\u0646 \u0633\u0631\u0637\u0627\u0646 \u0627\u0644\u062b\u062f\u064a \u0648\u0633\u0631\u0637\u0627\u0646 \u0627\u0644\u062c\u0647\u0627\u0632 \u0627\u0644\u0647\u0636\u0645\u064a.<\/li>\n<li>\u0627\u0644\u0648\u0642\u0627\u064a\u0629 \u0645\u0646 \u062a\u0635\u0644\u0628 \u0627\u0644\u0634\u0631\u0627\u064a\u064a\u0646 \u0648\u062a\u0635\u0644\u0628\u0647\u0627.<\/li>\n<\/ul>\n\n\t\t<\/div>\n\t<\/div>\n<\/div><\/div><\/div><\/div>\n<\/div>","protected":false},"excerpt":{"rendered":"<p>\u0632\u064a\u062a \u0632\u064a\u062a\u0648\u0646 \u0645\u0646 \u0645\u0646\u0637\u0642\u0629 \u0628\u0646\u064a \u0645\u0644\u0627\u0644-\u062e\u0646\u064a\u0641\u0631\u0629\u060c \u064a\u0645\u062b\u0644 \u062c\u0648\u062f\u0629 \u0627\u0644\u062a\u0631\u0628\u0629 \u0641\u064a \u0627\u0644\u0645\u0646\u0637\u0642\u0629.<\/p>\n<ul>\n<li>\u0623\u0648\u0644 \u0639\u0635\u0631\u0629 \u0644\u0632\u064a\u062a \u0627\u0644\u0632\u064a\u062a\u0648\u0646 \u0627\u0644\u0637\u0628\u064a\u0639\u064a \u0645\u0646 \u0628\u0646\u064a \u0645\u0644\u0627\u0644.<\/li>\n<\/ul>","protected":false},"featured_media":1534,"comment_status":"open","ping_status":"closed","template":"","meta":{"_angie_page":false,"inline_featured_image":false,"jetpack_publicize_message":"","jetpack_publicize_feature_enabled":true,"jetpack_social_post_already_shared":false,"jetpack_social_options":{"image_generator_settings":{"template":"highway","default_image_id":0,"font":"","enabled":false},"version":2}},"product_brand":[],"product_cat":[36],"product_tag":[125,100,101,124],"class_list":{"0":"post-50","1":"product","2":"type-product","3":"status-publish","4":"has-post-thumbnail","6":"product_cat-huile-olive","7":"product_tag-chaud","8":"product_tag-mbm","9":"product_tag-101","10":"product_tag-124","12":"first","13":"instock","14":"featured","15":"taxable","16":"shipping-taxable","17":"purchasable","18":"product-type-simple"},"yoast_head":"<!-- This site is optimized with the Yoast SEO plugin v27.5 - https:\/\/yoast.com\/product\/yoast-seo-wordpress\/ -->\n<title>Bidon Huile d&#039;Olive Vierge 5L - Beldify.shop - Organic Life Style<\/title>\n<meta name=\"robots\" content=\"index, follow, max-snippet:-1, max-image-preview:large, max-video-preview:-1\" \/>\n<link rel=\"canonical\" href=\"https:\/\/beldify.shop\/ar\/product\/bidon-huile-dolive-vierge-5l\/\" \/>\n<meta property=\"og:locale\" content=\"ar_AR\" \/>\n<meta property=\"og:type\" content=\"article\" \/>\n<meta property=\"og:title\" content=\"Bidon Huile d&#039;Olive Vierge 5L - Beldify.shop - Organic Life Style\" \/>\n<meta property=\"og:description\" content=\"Huile d&#039;olive originaire de la r\u00e9gion de Beni mellal-khenifra , repr\u00e9sentante de la qualit\u00e9 du terroir de la r\u00e9gion.   Huile d\u2019olive naturelle premi\u00e8re pression en provenance de B\u00e9ni Mellal.\" \/>\n<meta property=\"og:url\" content=\"https:\/\/beldify.shop\/ar\/product\/bidon-huile-dolive-vierge-5l\/\" \/>\n<meta property=\"og:site_name\" content=\"Beldify.shop - Organic Life Style\" \/>\n<meta property=\"article:publisher\" content=\"https:\/\/www.facebook.com\/beldify.shop\" \/>\n<meta property=\"article:modified_time\" content=\"2026-01-13T22:47:11+00:00\" \/>\n<meta property=\"og:image\" content=\"https:\/\/beldify.shop\/wp-content\/uploads\/2020\/06\/84641290_2391082420996912_6723027525221482496_n-300x300-1.png\" \/>\n\t<meta property=\"og:image:width\" content=\"300\" \/>\n\t<meta property=\"og:image:height\" content=\"300\" \/>\n\t<meta property=\"og:image:type\" content=\"image\/png\" \/>\n<meta name=\"twitter:card\" content=\"summary_large_image\" \/>\n<meta name=\"twitter:label1\" content=\"Est. reading time\" \/>\n\t<meta name=\"twitter:data1\" content=\"1 minute\" \/>\n<script type=\"application\/ld+json\" class=\"yoast-schema-graph\">{\"@context\":\"https:\\\/\\\/schema.org\",\"@graph\":[{\"@type\":\"WebPage\",\"@id\":\"https:\\\/\\\/beldify.shop\\\/produit\\\/bidon-huile-dolive-vierge-5l\\\/\",\"url\":\"https:\\\/\\\/beldify.shop\\\/produit\\\/bidon-huile-dolive-vierge-5l\\\/\",\"name\":\"Bidon Huile d'Olive Vierge 5L - Beldify.shop - Organic Life Style\",\"isPartOf\":{\"@id\":\"https:\\\/\\\/beldify.shop\\\/#website\"},\"primaryImageOfPage\":{\"@id\":\"https:\\\/\\\/beldify.shop\\\/produit\\\/bidon-huile-dolive-vierge-5l\\\/#primaryimage\"},\"image\":{\"@id\":\"https:\\\/\\\/beldify.shop\\\/produit\\\/bidon-huile-dolive-vierge-5l\\\/#primaryimage\"},\"thumbnailUrl\":\"https:\\\/\\\/beldify.shop\\\/wp-content\\\/uploads\\\/2020\\\/06\\\/84641290_2391082420996912_6723027525221482496_n-300x300-1.png\",\"datePublished\":\"2017-06-14T08:50:29+00:00\",\"dateModified\":\"2026-01-13T22:47:11+00:00\",\"breadcrumb\":{\"@id\":\"https:\\\/\\\/beldify.shop\\\/produit\\\/bidon-huile-dolive-vierge-5l\\\/#breadcrumb\"},\"inLanguage\":\"ary\",\"potentialAction\":[{\"@type\":\"ReadAction\",\"target\":[\"https:\\\/\\\/beldify.shop\\\/produit\\\/bidon-huile-dolive-vierge-5l\\\/\"]}]},{\"@type\":\"ImageObject\",\"inLanguage\":\"ary\",\"@id\":\"https:\\\/\\\/beldify.shop\\\/produit\\\/bidon-huile-dolive-vierge-5l\\\/#primaryimage\",\"url\":\"https:\\\/\\\/beldify.shop\\\/wp-content\\\/uploads\\\/2020\\\/06\\\/84641290_2391082420996912_6723027525221482496_n-300x300-1.png\",\"contentUrl\":\"https:\\\/\\\/beldify.shop\\\/wp-content\\\/uploads\\\/2020\\\/06\\\/84641290_2391082420996912_6723027525221482496_n-300x300-1.png\",\"width\":300,\"height\":300},{\"@type\":\"BreadcrumbList\",\"@id\":\"https:\\\/\\\/beldify.shop\\\/produit\\\/bidon-huile-dolive-vierge-5l\\\/#breadcrumb\",\"itemListElement\":[{\"@type\":\"ListItem\",\"position\":1,\"name\":\"Accueil\",\"item\":\"https:\\\/\\\/beldify.shop\\\/\"},{\"@type\":\"ListItem\",\"position\":2,\"name\":\"Boutique\",\"item\":\"https:\\\/\\\/beldify.shop\\\/boutique\\\/\"},{\"@type\":\"ListItem\",\"position\":3,\"name\":\"Bidon Huile d&rsquo;Olive Vierge 5L\"}]},{\"@type\":\"WebSite\",\"@id\":\"https:\\\/\\\/beldify.shop\\\/#website\",\"url\":\"https:\\\/\\\/beldify.shop\\\/\",\"name\":\"Beldify.shop - Organic Life Style\",\"description\":\"Moroccan Natural Products\",\"potentialAction\":[{\"@type\":\"SearchAction\",\"target\":{\"@type\":\"EntryPoint\",\"urlTemplate\":\"https:\\\/\\\/beldify.shop\\\/?s={search_term_string}\"},\"query-input\":{\"@type\":\"PropertyValueSpecification\",\"valueRequired\":true,\"valueName\":\"search_term_string\"}}],\"inLanguage\":\"ary\"}]}<\/script>\n<!-- \/ Yoast SEO plugin. -->","yoast_head_json":{"title":"Bidon Huile d'Olive Vierge 5L - Beldify.shop - Organic Life Style","robots":{"index":"index","follow":"follow","max-snippet":"max-snippet:-1","max-image-preview":"max-image-preview:large","max-video-preview":"max-video-preview:-1"},"canonical":"https:\/\/beldify.shop\/ar\/product\/bidon-huile-dolive-vierge-5l\/","og_locale":"ar_AR","og_type":"article","og_title":"Bidon Huile d'Olive Vierge 5L - Beldify.shop - Organic Life Style","og_description":"Huile d'olive originaire de la r\u00e9gion de Beni mellal-khenifra , repr\u00e9sentante de la qualit\u00e9 du terroir de la r\u00e9gion.   Huile d\u2019olive naturelle premi\u00e8re pression en provenance de B\u00e9ni Mellal.","og_url":"https:\/\/beldify.shop\/ar\/product\/bidon-huile-dolive-vierge-5l\/","og_site_name":"Beldify.shop - Organic Life Style","article_publisher":"https:\/\/www.facebook.com\/beldify.shop","article_modified_time":"2026-01-13T22:47:11+00:00","og_image":[{"width":300,"height":300,"url":"https:\/\/beldify.shop\/wp-content\/uploads\/2020\/06\/84641290_2391082420996912_6723027525221482496_n-300x300-1.png","type":"image\/png"}],"twitter_card":"summary_large_image","twitter_misc":{"Est. reading time":"1 minute"},"schema":{"@context":"https:\/\/schema.org","@graph":[{"@type":"WebPage","@id":"https:\/\/beldify.shop\/produit\/bidon-huile-dolive-vierge-5l\/","url":"https:\/\/beldify.shop\/produit\/bidon-huile-dolive-vierge-5l\/","name":"Bidon Huile d'Olive Vierge 5L - Beldify.shop - Organic Life Style","isPartOf":{"@id":"https:\/\/beldify.shop\/#website"},"primaryImageOfPage":{"@id":"https:\/\/beldify.shop\/produit\/bidon-huile-dolive-vierge-5l\/#primaryimage"},"image":{"@id":"https:\/\/beldify.shop\/produit\/bidon-huile-dolive-vierge-5l\/#primaryimage"},"thumbnailUrl":"https:\/\/beldify.shop\/wp-content\/uploads\/2020\/06\/84641290_2391082420996912_6723027525221482496_n-300x300-1.png","datePublished":"2017-06-14T08:50:29+00:00","dateModified":"2026-01-13T22:47:11+00:00","breadcrumb":{"@id":"https:\/\/beldify.shop\/produit\/bidon-huile-dolive-vierge-5l\/#breadcrumb"},"inLanguage":"ary","potentialAction":[{"@type":"ReadAction","target":["https:\/\/beldify.shop\/produit\/bidon-huile-dolive-vierge-5l\/"]}]},{"@type":"ImageObject","inLanguage":"ary","@id":"https:\/\/beldify.shop\/produit\/bidon-huile-dolive-vierge-5l\/#primaryimage","url":"https:\/\/beldify.shop\/wp-content\/uploads\/2020\/06\/84641290_2391082420996912_6723027525221482496_n-300x300-1.png","contentUrl":"https:\/\/beldify.shop\/wp-content\/uploads\/2020\/06\/84641290_2391082420996912_6723027525221482496_n-300x300-1.png","width":300,"height":300},{"@type":"BreadcrumbList","@id":"https:\/\/beldify.shop\/produit\/bidon-huile-dolive-vierge-5l\/#breadcrumb","itemListElement":[{"@type":"ListItem","position":1,"name":"Accueil","item":"https:\/\/beldify.shop\/"},{"@type":"ListItem","position":2,"name":"Boutique","item":"https:\/\/beldify.shop\/boutique\/"},{"@type":"ListItem","position":3,"name":"Bidon Huile d&rsquo;Olive Vierge 5L"}]},{"@type":"WebSite","@id":"https:\/\/beldify.shop\/#website","url":"https:\/\/beldify.shop\/","name":"Beldify.shop - \u0646\u0645\u0637 \u062d\u064a\u0627\u0629 \u0639\u0636\u0648\u064a","description":"\u0645\u0646\u062a\u062c\u0627\u062a \u0645\u063a\u0631\u0628\u064a\u0629 \u0637\u0628\u064a\u0639\u064a\u0629","potentialAction":[{"@type":"SearchAction","target":{"@type":"EntryPoint","urlTemplate":"https:\/\/beldify.shop\/?s={search_term_string}"},"query-input":{"@type":"PropertyValueSpecification","valueRequired":true,"valueName":"search_term_string"}}],"inLanguage":"ary"}]}},"jetpack_publicize_connections":[],"jetpack_likes_enabled":true,"jetpack_sharing_enabled":true,"jetpack-related-posts":[],"_links":{"self":[{"href":"https:\/\/beldify.shop\/ar\/wp-json\/wp\/v2\/product\/50","targetHints":{"allow":["GET"]}}],"collection":[{"href":"https:\/\/beldify.shop\/ar\/wp-json\/wp\/v2\/product"}],"about":[{"href":"https:\/\/beldify.shop\/ar\/wp-json\/wp\/v2\/types\/product"}],"replies":[{"embeddable":true,"href":"https:\/\/beldify.shop\/ar\/wp-json\/wp\/v2\/comments?post=50"}],"wp:featuredmedia":[{"embeddable":true,"href":"https:\/\/beldify.shop\/ar\/wp-json\/wp\/v2\/media\/1534"}],"wp:attachment":[{"href":"https:\/\/beldify.shop\/ar\/wp-json\/wp\/v2\/media?parent=50"}],"wp:term":[{"taxonomy":"product_brand","embeddable":true,"href":"https:\/\/beldify.shop\/ar\/wp-json\/wp\/v2\/product_brand?post=50"},{"taxonomy":"product_cat","embeddable":true,"href":"https:\/\/beldify.shop\/ar\/wp-json\/wp\/v2\/product_cat?post=50"},{"taxonomy":"product_tag","embeddable":true,"href":"https:\/\/beldify.shop\/ar\/wp-json\/wp\/v2\/product_tag?post=50"}],"curies":[{"name":"wp","href":"https:\/\/api.w.org\/{rel}","templated":true}]}}