{"id":3019,"date":"2020-11-20T09:32:57","date_gmt":"2020-11-20T09:32:57","guid":{"rendered":"https:\/\/beldify.shop?post_type=product&#038;p=3019"},"modified":"2026-01-13T22:47:07","modified_gmt":"2026-01-13T22:47:07","slug":"200gpiment-forte-%d9%81%d9%84%d9%81%d9%84-%d8%ad%d8%a7%d8%b1","status":"publish","type":"product","link":"https:\/\/beldify.shop\/ar\/product\/200gpiment-forte-%d9%81%d9%84%d9%81%d9%84-%d8%ad%d8%a7%d8%b1\/","title":{"rendered":"&quot;200 \u062c\u0631\u0627\u0645&quot; \u0641\u0644\u0641\u0644 \u062d\u0627\u0631 \u0641\u064a \u0628\u0631\u0637\u0645\u0627\u0646"},"content":{"rendered":"","protected":false},"excerpt":{"rendered":"<p>\u0627\u0644\u0641\u0644\u0641\u0644 \u0627\u0644\u062d\u0627\u0631 \u0645\u0646 \u0645\u0646\u0637\u0642\u0629 \u0628\u0646\u064a \u0645\u0644\u0627\u0644-\u062e\u0646\u064a\u0641\u0631\u0629 \u0641\u064a \u0642\u0644\u0628 \u0627\u0644\u0645\u063a\u0631\u0628\u060c \u0648\u0647\u0648 \u0644\u0630\u064a\u0630 \u0648\u062d\u0627\u0631\u0642 \u0644\u0644\u063a\u0627\u064a\u0629 \u0628\u062c\u0648\u062f\u0629 \u0627\u0633\u062a\u062b\u0646\u0627\u0626\u064a\u0629.<\/p>\n<p style=\"text-align: right;\">\u0627\u0644\u0632\u0639\u064a\u0645 \u0627\u0644\u0645\u0633\u0644\u0645 \u0627\u0644\u0628\u0627\u0631\u0632 \u0641\u064a \u0627\u0644\u0639\u0627\u0644\u0645 \u0627\u0644\u0625\u0633\u0644\u0627\u0645\u064a \u0648\u0632\u0639\u064a\u0645 \u0627\u0644\u0639\u0627\u0644\u0645 \u0627\u0644\u0625\u0633\u0644\u0627\u0645\u064a \u0648\u0632\u0639\u064a\u0645 \u0627\u0644\u0639\u0627\u0644\u0645 \u0627\u0644\u0625\u0633\u0644\u0627\u0645\u064a<\/p>","protected":false},"featured_media":3459,"comment_status":"open","ping_status":"closed","template":"","meta":{"_angie_page":false,"inline_featured_image":false,"jetpack_publicize_message":"","jetpack_publicize_feature_enabled":true,"jetpack_social_post_already_shared":false,"jetpack_social_options":{"image_generator_settings":{"template":"highway","default_image_id":0,"font":"","enabled":false},"version":2}},"product_brand":[],"product_cat":[40],"product_tag":[106,108,141],"class_list":{"0":"post-3019","1":"product","2":"type-product","3":"status-publish","4":"has-post-thumbnail","6":"product_cat-epices","7":"product_tag-cooperative-hajja-fatiha","8":"product_tag-108","9":"product_tag-141","11":"first","12":"instock","13":"shipping-taxable","14":"purchasable","15":"product-type-simple"},"yoast_head":"<!-- This site is optimized with the Yoast SEO plugin v27.5 - https:\/\/yoast.com\/product\/yoast-seo-wordpress\/ -->\n<title>&quot;200g&quot;Piment forte \u0641\u0644\u0641\u0644 \u062d\u0627\u0631 - Beldify.shop - Organic Life Style<\/title>\n<meta name=\"robots\" content=\"index, follow, max-snippet:-1, max-image-preview:large, max-video-preview:-1\" \/>\n<link rel=\"canonical\" href=\"https:\/\/beldify.shop\/ar\/product\/200gpiment-forte-\u0641\u0644\u0641\u0644-\u062d\u0627\u0631\/\" \/>\n<meta property=\"og:locale\" content=\"ar_AR\" \/>\n<meta property=\"og:type\" content=\"article\" \/>\n<meta property=\"og:title\" content=\"&quot;200g&quot;Piment forte \u0641\u0644\u0641\u0644 \u062d\u0627\u0631 - Beldify.shop - Organic Life Style\" \/>\n<meta property=\"og:description\" content=\"piment forte de la r\u00e9gion de b\u00e9ni Mellal-khenifra au c\u0153ur du Maroc que\u00a0 l&#039;on produit, sa savoureux et fortement relev\u00e9 avec une qualit\u00e9 exceptionnelle. \u064a\u0646\u062a\u062c \u0627\u0644\u0641\u0644\u0641\u0644 \u0627\u0644\u062d\u0627\u0631 \u0641\u064a \u0645\u0646\u0637\u0642\u0629 \u0628\u0646\u064a \u0645\u0644\u0627\u0644 \u062e\u0646\u064a\u0641\u0631\u0629 \u0641\u064a \u0642\u0644\u0628 \u0627\u0644\u0645\u063a\u0631\u0628\u060c \u0644\u0630\u064a\u0630 \u0648\u0645\u062a\u0628\u0651\u0644 \u0628\u0642\u0648\u0629 \u0648 \u0628\u062c\u0648\u062f\u0629 \u0627\u0633\u062a\u062b\u0646\u0627\u0626\u064a\u0629\" \/>\n<meta property=\"og:url\" content=\"https:\/\/beldify.shop\/ar\/product\/200gpiment-forte-\u0641\u0644\u0641\u0644-\u062d\u0627\u0631\/\" \/>\n<meta property=\"og:site_name\" content=\"Beldify.shop - Organic Life Style\" \/>\n<meta property=\"article:publisher\" content=\"https:\/\/www.facebook.com\/beldify.shop\" \/>\n<meta property=\"article:modified_time\" content=\"2026-01-13T22:47:07+00:00\" \/>\n<meta property=\"og:image\" content=\"https:\/\/beldify.shop\/wp-content\/uploads\/2020\/12\/29-902x1024.png\" \/>\n\t<meta property=\"og:image:width\" content=\"902\" \/>\n\t<meta property=\"og:image:height\" content=\"1024\" \/>\n\t<meta property=\"og:image:type\" content=\"image\/png\" \/>\n<meta name=\"twitter:card\" content=\"summary_large_image\" \/>\n<script type=\"application\/ld+json\" class=\"yoast-schema-graph\">{\"@context\":\"https:\\\/\\\/schema.org\",\"@graph\":[{\"@type\":\"WebPage\",\"@id\":\"https:\\\/\\\/beldify.shop\\\/produit\\\/200gpiment-forte-%d9%81%d9%84%d9%81%d9%84-%d8%ad%d8%a7%d8%b1\\\/\",\"url\":\"https:\\\/\\\/beldify.shop\\\/produit\\\/200gpiment-forte-%d9%81%d9%84%d9%81%d9%84-%d8%ad%d8%a7%d8%b1\\\/\",\"name\":\"\\\"200g\\\"Piment forte \u0641\u0644\u0641\u0644 \u062d\u0627\u0631 - Beldify.shop - Organic Life Style\",\"isPartOf\":{\"@id\":\"https:\\\/\\\/beldify.shop\\\/#website\"},\"primaryImageOfPage\":{\"@id\":\"https:\\\/\\\/beldify.shop\\\/produit\\\/200gpiment-forte-%d9%81%d9%84%d9%81%d9%84-%d8%ad%d8%a7%d8%b1\\\/#primaryimage\"},\"image\":{\"@id\":\"https:\\\/\\\/beldify.shop\\\/produit\\\/200gpiment-forte-%d9%81%d9%84%d9%81%d9%84-%d8%ad%d8%a7%d8%b1\\\/#primaryimage\"},\"thumbnailUrl\":\"https:\\\/\\\/beldify.shop\\\/wp-content\\\/uploads\\\/2020\\\/12\\\/29-scaled.png\",\"datePublished\":\"2020-11-20T09:32:57+00:00\",\"dateModified\":\"2026-01-13T22:47:07+00:00\",\"breadcrumb\":{\"@id\":\"https:\\\/\\\/beldify.shop\\\/produit\\\/200gpiment-forte-%d9%81%d9%84%d9%81%d9%84-%d8%ad%d8%a7%d8%b1\\\/#breadcrumb\"},\"inLanguage\":\"ary\",\"potentialAction\":[{\"@type\":\"ReadAction\",\"target\":[\"https:\\\/\\\/beldify.shop\\\/produit\\\/200gpiment-forte-%d9%81%d9%84%d9%81%d9%84-%d8%ad%d8%a7%d8%b1\\\/\"]}]},{\"@type\":\"ImageObject\",\"inLanguage\":\"ary\",\"@id\":\"https:\\\/\\\/beldify.shop\\\/produit\\\/200gpiment-forte-%d9%81%d9%84%d9%81%d9%84-%d8%ad%d8%a7%d8%b1\\\/#primaryimage\",\"url\":\"https:\\\/\\\/beldify.shop\\\/wp-content\\\/uploads\\\/2020\\\/12\\\/29-scaled.png\",\"contentUrl\":\"https:\\\/\\\/beldify.shop\\\/wp-content\\\/uploads\\\/2020\\\/12\\\/29-scaled.png\",\"width\":2255,\"height\":2560},{\"@type\":\"BreadcrumbList\",\"@id\":\"https:\\\/\\\/beldify.shop\\\/produit\\\/200gpiment-forte-%d9%81%d9%84%d9%81%d9%84-%d8%ad%d8%a7%d8%b1\\\/#breadcrumb\",\"itemListElement\":[{\"@type\":\"ListItem\",\"position\":1,\"name\":\"Accueil\",\"item\":\"https:\\\/\\\/beldify.shop\\\/\"},{\"@type\":\"ListItem\",\"position\":2,\"name\":\"Boutique\",\"item\":\"https:\\\/\\\/beldify.shop\\\/boutique\\\/\"},{\"@type\":\"ListItem\",\"position\":3,\"name\":\"\u00ab\u00a0200g\u00a0\u00bbPiment forte \u0641\u0644\u0641\u0644 \u062d\u0627\u0631\"}]},{\"@type\":\"WebSite\",\"@id\":\"https:\\\/\\\/beldify.shop\\\/#website\",\"url\":\"https:\\\/\\\/beldify.shop\\\/\",\"name\":\"Beldify.shop - Organic Life Style\",\"description\":\"Moroccan Natural Products\",\"potentialAction\":[{\"@type\":\"SearchAction\",\"target\":{\"@type\":\"EntryPoint\",\"urlTemplate\":\"https:\\\/\\\/beldify.shop\\\/?s={search_term_string}\"},\"query-input\":{\"@type\":\"PropertyValueSpecification\",\"valueRequired\":true,\"valueName\":\"search_term_string\"}}],\"inLanguage\":\"ary\"}]}<\/script>\n<!-- \/ Yoast SEO plugin. -->","yoast_head_json":{"title":"\"200g\"Piment forte \u0641\u0644\u0641\u0644 \u062d\u0627\u0631 - Beldify.shop - Organic Life Style","robots":{"index":"index","follow":"follow","max-snippet":"max-snippet:-1","max-image-preview":"max-image-preview:large","max-video-preview":"max-video-preview:-1"},"canonical":"https:\/\/beldify.shop\/ar\/product\/200gpiment-forte-\u0641\u0644\u0641\u0644-\u062d\u0627\u0631\/","og_locale":"ar_AR","og_type":"article","og_title":"\"200g\"Piment forte \u0641\u0644\u0641\u0644 \u062d\u0627\u0631 - Beldify.shop - Organic Life Style","og_description":"piment forte de la r\u00e9gion de b\u00e9ni Mellal-khenifra au c\u0153ur du Maroc que\u00a0 l'on produit, sa savoureux et fortement relev\u00e9 avec une qualit\u00e9 exceptionnelle. \u064a\u0646\u062a\u062c \u0627\u0644\u0641\u0644\u0641\u0644 \u0627\u0644\u062d\u0627\u0631 \u0641\u064a \u0645\u0646\u0637\u0642\u0629 \u0628\u0646\u064a \u0645\u0644\u0627\u0644 \u062e\u0646\u064a\u0641\u0631\u0629 \u0641\u064a \u0642\u0644\u0628 \u0627\u0644\u0645\u063a\u0631\u0628\u060c \u0644\u0630\u064a\u0630 \u0648\u0645\u062a\u0628\u0651\u0644 \u0628\u0642\u0648\u0629 \u0648 \u0628\u062c\u0648\u062f\u0629 \u0627\u0633\u062a\u062b\u0646\u0627\u0626\u064a\u0629","og_url":"https:\/\/beldify.shop\/ar\/product\/200gpiment-forte-\u0641\u0644\u0641\u0644-\u062d\u0627\u0631\/","og_site_name":"Beldify.shop - Organic Life Style","article_publisher":"https:\/\/www.facebook.com\/beldify.shop","article_modified_time":"2026-01-13T22:47:07+00:00","og_image":[{"width":902,"height":1024,"url":"https:\/\/beldify.shop\/wp-content\/uploads\/2020\/12\/29-902x1024.png","type":"image\/png"}],"twitter_card":"summary_large_image","schema":{"@context":"https:\/\/schema.org","@graph":[{"@type":"WebPage","@id":"https:\/\/beldify.shop\/produit\/200gpiment-forte-%d9%81%d9%84%d9%81%d9%84-%d8%ad%d8%a7%d8%b1\/","url":"https:\/\/beldify.shop\/produit\/200gpiment-forte-%d9%81%d9%84%d9%81%d9%84-%d8%ad%d8%a7%d8%b1\/","name":"\"200g\"Piment forte \u0641\u0644\u0641\u0644 \u062d\u0627\u0631 - Beldify.shop - Organic Life Style","isPartOf":{"@id":"https:\/\/beldify.shop\/#website"},"primaryImageOfPage":{"@id":"https:\/\/beldify.shop\/produit\/200gpiment-forte-%d9%81%d9%84%d9%81%d9%84-%d8%ad%d8%a7%d8%b1\/#primaryimage"},"image":{"@id":"https:\/\/beldify.shop\/produit\/200gpiment-forte-%d9%81%d9%84%d9%81%d9%84-%d8%ad%d8%a7%d8%b1\/#primaryimage"},"thumbnailUrl":"https:\/\/beldify.shop\/wp-content\/uploads\/2020\/12\/29-scaled.png","datePublished":"2020-11-20T09:32:57+00:00","dateModified":"2026-01-13T22:47:07+00:00","breadcrumb":{"@id":"https:\/\/beldify.shop\/produit\/200gpiment-forte-%d9%81%d9%84%d9%81%d9%84-%d8%ad%d8%a7%d8%b1\/#breadcrumb"},"inLanguage":"ary","potentialAction":[{"@type":"ReadAction","target":["https:\/\/beldify.shop\/produit\/200gpiment-forte-%d9%81%d9%84%d9%81%d9%84-%d8%ad%d8%a7%d8%b1\/"]}]},{"@type":"ImageObject","inLanguage":"ary","@id":"https:\/\/beldify.shop\/produit\/200gpiment-forte-%d9%81%d9%84%d9%81%d9%84-%d8%ad%d8%a7%d8%b1\/#primaryimage","url":"https:\/\/beldify.shop\/wp-content\/uploads\/2020\/12\/29-scaled.png","contentUrl":"https:\/\/beldify.shop\/wp-content\/uploads\/2020\/12\/29-scaled.png","width":2255,"height":2560},{"@type":"BreadcrumbList","@id":"https:\/\/beldify.shop\/produit\/200gpiment-forte-%d9%81%d9%84%d9%81%d9%84-%d8%ad%d8%a7%d8%b1\/#breadcrumb","itemListElement":[{"@type":"ListItem","position":1,"name":"Accueil","item":"https:\/\/beldify.shop\/"},{"@type":"ListItem","position":2,"name":"Boutique","item":"https:\/\/beldify.shop\/boutique\/"},{"@type":"ListItem","position":3,"name":"\u00ab\u00a0200g\u00a0\u00bbPiment forte \u0641\u0644\u0641\u0644 \u062d\u0627\u0631"}]},{"@type":"WebSite","@id":"https:\/\/beldify.shop\/#website","url":"https:\/\/beldify.shop\/","name":"Beldify.shop - \u0646\u0645\u0637 \u062d\u064a\u0627\u0629 \u0639\u0636\u0648\u064a","description":"\u0645\u0646\u062a\u062c\u0627\u062a \u0645\u063a\u0631\u0628\u064a\u0629 \u0637\u0628\u064a\u0639\u064a\u0629","potentialAction":[{"@type":"SearchAction","target":{"@type":"EntryPoint","urlTemplate":"https:\/\/beldify.shop\/?s={search_term_string}"},"query-input":{"@type":"PropertyValueSpecification","valueRequired":true,"valueName":"search_term_string"}}],"inLanguage":"ary"}]}},"jetpack_publicize_connections":[],"jetpack_likes_enabled":true,"jetpack_sharing_enabled":true,"jetpack-related-posts":[],"_links":{"self":[{"href":"https:\/\/beldify.shop\/ar\/wp-json\/wp\/v2\/product\/3019","targetHints":{"allow":["GET"]}}],"collection":[{"href":"https:\/\/beldify.shop\/ar\/wp-json\/wp\/v2\/product"}],"about":[{"href":"https:\/\/beldify.shop\/ar\/wp-json\/wp\/v2\/types\/product"}],"replies":[{"embeddable":true,"href":"https:\/\/beldify.shop\/ar\/wp-json\/wp\/v2\/comments?post=3019"}],"wp:featuredmedia":[{"embeddable":true,"href":"https:\/\/beldify.shop\/ar\/wp-json\/wp\/v2\/media\/3459"}],"wp:attachment":[{"href":"https:\/\/beldify.shop\/ar\/wp-json\/wp\/v2\/media?parent=3019"}],"wp:term":[{"taxonomy":"product_brand","embeddable":true,"href":"https:\/\/beldify.shop\/ar\/wp-json\/wp\/v2\/product_brand?post=3019"},{"taxonomy":"product_cat","embeddable":true,"href":"https:\/\/beldify.shop\/ar\/wp-json\/wp\/v2\/product_cat?post=3019"},{"taxonomy":"product_tag","embeddable":true,"href":"https:\/\/beldify.shop\/ar\/wp-json\/wp\/v2\/product_tag?post=3019"}],"curies":[{"name":"wp","href":"https:\/\/api.w.org\/{rel}","templated":true}]}}